{"id":9073,"date":"2023-10-03T22:08:03","date_gmt":"2023-10-03T22:08:03","guid":{"rendered":"https:\/\/myreplicawatches.io\/product\/rolex-oyster-perpetual-41mm-azul\/"},"modified":"2025-09-20T14:39:23","modified_gmt":"2025-09-20T14:39:23","slug":"rolex-oyster-perpetual-41mm-azul","status":"publish","type":"product","link":"https:\/\/myreplicawatches.io\/es\/product\/rolex-oyster-perpetual-41mm-azul\/","title":{"rendered":"Rolex Oyster Perpetual 41mm Azul"},"content":{"rendered":"<p>&nbsp;<\/p>\n<table data-mce-fragment=\"1\">\n<tbody data-mce-fragment=\"1\">\n<tr data-mce-fragment=\"1\">\n<th data-mce-fragment=\"1\">MARCA<\/th>\n<td data-mce-fragment=\"1\">Rolex<\/td>\n<\/tr>\n<tr data-mce-fragment=\"1\">\n<th data-mce-fragment=\"1\">COLECCI\u00d3N<\/th>\n<td data-mce-fragment=\"1\">Dama Ostra Perpetua<\/td>\n<\/tr>\n<tr data-mce-fragment=\"1\">\n<th data-mce-fragment=\"1\">MODELO<\/th>\n<td data-mce-fragment=\"1\">124300<\/td>\n<\/tr>\n<tr data-mce-fragment=\"1\">\n<th data-mce-fragment=\"1\">G\u00c9NERO<\/th>\n<td data-mce-fragment=\"1\">Hombres<\/td>\n<\/tr>\n<tr data-mce-fragment=\"1\">\n<th data-mce-fragment=\"1\">MOVIMIENTO<\/th>\n<td data-mce-fragment=\"1\">Autom\u00e1tico<\/td>\n<\/tr>\n<tr data-mce-fragment=\"1\">\n<th data-mce-fragment=\"1\">TAMA\u00d1O DE LA CAJA<\/th>\n<td data-mce-fragment=\"1\">41 MM<\/td>\n<\/tr>\n<tr data-mce-fragment=\"1\">\n<th data-mce-fragment=\"1\">MATERIAL DE LA CAJA<\/th>\n<td data-mce-fragment=\"1\">Acero<\/td>\n<\/tr>\n<tr data-mce-fragment=\"1\">\n<th data-mce-fragment=\"1\">MATERIAL DE LA PULSERA<\/th>\n<td data-mce-fragment=\"1\">Acero (Ostra)<\/td>\n<\/tr>\n<tr data-mce-fragment=\"1\">\n<th data-mce-fragment=\"1\">TIPO DE DIAL<\/th>\n<td data-mce-fragment=\"1\">Azul<\/td>\n<\/tr>\n<tr data-mce-fragment=\"1\">\n<th data-mce-fragment=\"1\">RESISTENCIA AL AGUA<\/th>\n<td data-mce-fragment=\"1\">Resistente al agua<\/td>\n<\/tr>\n<\/tbody>\n<\/table>\n","protected":false},"excerpt":{"rendered":"<p>&nbsp; MARCA Rolex COLECCI\u00d3N Dama Ostra Perpetua MODELO 124300 G\u00c9NERO Hombres MOVIMIENTO Autom\u00e1tico TAMA\u00d1O DE LA CAJA 41 MM MATERIAL DE LA CAJA Acero MATERIAL DE LA PULSERA Acero (Ostra) TIPO DE DIAL Azul RESISTENCIA AL AGUA Resistente al agua<\/p>\n","protected":false},"featured_media":8072,"comment_status":"open","ping_status":"closed","template":"","meta":{"_uag_custom_page_level_css":"","site-sidebar-layout":"default","site-content-layout":"","ast-site-content-layout":"default","site-content-style":"default","site-sidebar-style":"default","ast-global-header-display":"","ast-banner-title-visibility":"","ast-main-header-display":"","ast-hfb-above-header-display":"","ast-hfb-below-header-display":"","ast-hfb-mobile-header-display":"","site-post-title":"","ast-breadcrumbs-content":"","ast-featured-img":"","footer-sml-layout":"","theme-transparent-header-meta":"default","adv-header-id-meta":"","stick-header-meta":"default","header-above-stick-meta":"","header-main-stick-meta":"","header-below-stick-meta":"","astra-migrate-meta-layouts":"set","ast-page-background-enabled":"default","ast-page-background-meta":{"desktop":{"background-color":"var(--ast-global-color-4)","background-image":"","background-repeat":"repeat","background-position":"center center","background-size":"auto","background-attachment":"scroll","background-type":"","background-media":"","overlay-type":"","overlay-color":"","overlay-opacity":"","overlay-gradient":""},"tablet":{"background-color":"","background-image":"","background-repeat":"repeat","background-position":"center center","background-size":"auto","background-attachment":"scroll","background-type":"","background-media":"","overlay-type":"","overlay-color":"","overlay-opacity":"","overlay-gradient":""},"mobile":{"background-color":"","background-image":"","background-repeat":"repeat","background-position":"center center","background-size":"auto","background-attachment":"scroll","background-type":"","background-media":"","overlay-type":"","overlay-color":"","overlay-opacity":"","overlay-gradient":""}},"ast-content-background-meta":{"desktop":{"background-color":"var(--ast-global-color-5)","background-image":"","background-repeat":"repeat","background-position":"center center","background-size":"auto","background-attachment":"scroll","background-type":"","background-media":"","overlay-type":"","overlay-color":"","overlay-opacity":"","overlay-gradient":""},"tablet":{"background-color":"var(--ast-global-color-5)","background-image":"","background-repeat":"repeat","background-position":"center center","background-size":"auto","background-attachment":"scroll","background-type":"","background-media":"","overlay-type":"","overlay-color":"","overlay-opacity":"","overlay-gradient":""},"mobile":{"background-color":"var(--ast-global-color-5)","background-image":"","background-repeat":"repeat","background-position":"center center","background-size":"auto","background-attachment":"scroll","background-type":"","background-media":"","overlay-type":"","overlay-color":"","overlay-opacity":"","overlay-gradient":""}}},"product_brand":[],"product_cat":[168,161,162,177,154],"product_tag":[980,938,648,559,565,440,474,2245,2960,465,187,2363,567,2712],"class_list":{"0":"post-9073","1":"product","2":"type-product","3":"status-publish","4":"has-post-thumbnail","6":"product_cat-productos-mas-nuevos","7":"product_cat-replica-date-just","8":"product_cat-replica-super-clon-rolex-aaa","9":"product_cat-submariner","10":"product_cat-replicas-de-relojes-mas-vendidas","11":"product_tag-41mm-es","12":"product_tag-classic-es","13":"product_tag-elegant-es","14":"product_tag-exclusive","15":"product_tag-high-quality-es","16":"product_tag-luxury-watch","17":"product_tag-mens-watch","18":"product_tag-oyster-perpetual-es","19":"product_tag-premium-edition","20":"product_tag-replica","21":"product_tag-rolex-es","22":"product_tag-sophisticated-es","23":"product_tag-stylish-es","24":"product_tag-timeless-design","25":"desktop-align-left","26":"tablet-align-left","27":"mobile-align-left","28":"ast-product-gallery-layout-vertical-slider","30":"first","31":"instock","32":"sale","33":"shipping-taxable","34":"purchasable","35":"product-type-simple"},"uagb_featured_image_src":{"full":["https:\/\/myreplicawatches.io\/wp-content\/uploads\/2023\/10\/Screenshot2023-08-28at11.38.38AM.png",1360,1362,false],"thumbnail":["https:\/\/myreplicawatches.io\/wp-content\/uploads\/2023\/10\/Screenshot2023-08-28at11.38.38AM-150x150.png",150,150,true],"medium":["https:\/\/myreplicawatches.io\/wp-content\/uploads\/2023\/10\/Screenshot2023-08-28at11.38.38AM-300x300.png",300,300,true],"medium_large":["https:\/\/myreplicawatches.io\/wp-content\/uploads\/2023\/10\/Screenshot2023-08-28at11.38.38AM-768x769.png",768,769,true],"large":["https:\/\/myreplicawatches.io\/wp-content\/uploads\/2023\/10\/Screenshot2023-08-28at11.38.38AM-1022x1024.png",1022,1024,true],"1536x1536":["https:\/\/myreplicawatches.io\/wp-content\/uploads\/2023\/10\/Screenshot2023-08-28at11.38.38AM.png",1360,1362,false],"2048x2048":["https:\/\/myreplicawatches.io\/wp-content\/uploads\/2023\/10\/Screenshot2023-08-28at11.38.38AM.png",1360,1362,false],"woocommerce_thumbnail":["https:\/\/myreplicawatches.io\/wp-content\/uploads\/2023\/10\/Screenshot2023-08-28at11.38.38AM-300x300.png",300,300,true],"woocommerce_single":["https:\/\/myreplicawatches.io\/wp-content\/uploads\/2023\/10\/Screenshot2023-08-28at11.38.38AM-600x601.png",600,601,true],"woocommerce_gallery_thumbnail":["https:\/\/myreplicawatches.io\/wp-content\/uploads\/2023\/10\/Screenshot2023-08-28at11.38.38AM-100x100.png",100,100,true],"variation_swatches_image_size":["https:\/\/myreplicawatches.io\/wp-content\/uploads\/2023\/10\/Screenshot2023-08-28at11.38.38AM.png",50,50,false],"variation_swatches_tooltip_size":["https:\/\/myreplicawatches.io\/wp-content\/uploads\/2023\/10\/Screenshot2023-08-28at11.38.38AM.png",100,100,false],"dgwt-wcas-product-suggestion":["https:\/\/myreplicawatches.io\/wp-content\/uploads\/2023\/10\/Screenshot2023-08-28at11.38.38AM-64x64.png",64,64,true]},"uagb_author_info":{"display_name":"admin","author_link":"https:\/\/myreplicawatches.io\/es\/author\/"},"uagb_comment_info":0,"uagb_excerpt":"&nbsp; MARCA Rolex COLECCI\u00d3N Dama Ostra Perpetua MODELO 124300 G\u00c9NERO Hombres MOVIMIENTO Autom\u00e1tico TAMA\u00d1O DE LA CAJA 41 MM MATERIAL DE LA CAJA Acero MATERIAL DE LA PULSERA Acero (Ostra) TIPO DE DIAL Azul RESISTENCIA AL AGUA Resistente al agua","jetpack_sharing_enabled":true,"_links":{"self":[{"href":"https:\/\/myreplicawatches.io\/es\/wp-json\/wp\/v2\/product\/9073","targetHints":{"allow":["GET"]}}],"collection":[{"href":"https:\/\/myreplicawatches.io\/es\/wp-json\/wp\/v2\/product"}],"about":[{"href":"https:\/\/myreplicawatches.io\/es\/wp-json\/wp\/v2\/types\/product"}],"replies":[{"embeddable":true,"href":"https:\/\/myreplicawatches.io\/es\/wp-json\/wp\/v2\/comments?post=9073"}],"wp:featuredmedia":[{"embeddable":true,"href":"https:\/\/myreplicawatches.io\/es\/wp-json\/wp\/v2\/media\/8072"}],"wp:attachment":[{"href":"https:\/\/myreplicawatches.io\/es\/wp-json\/wp\/v2\/media?parent=9073"}],"wp:term":[{"taxonomy":"product_brand","embeddable":true,"href":"https:\/\/myreplicawatches.io\/es\/wp-json\/wp\/v2\/product_brand?post=9073"},{"taxonomy":"product_cat","embeddable":true,"href":"https:\/\/myreplicawatches.io\/es\/wp-json\/wp\/v2\/product_cat?post=9073"},{"taxonomy":"product_tag","embeddable":true,"href":"https:\/\/myreplicawatches.io\/es\/wp-json\/wp\/v2\/product_tag?post=9073"}],"curies":[{"name":"wp","href":"https:\/\/api.w.org\/{rel}","templated":true}]}}