{"id":9070,"date":"2023-10-03T22:08:18","date_gmt":"2023-10-03T22:08:18","guid":{"rendered":"https:\/\/myreplicawatches.io\/product\/rolex-gmt-master-2-esfera-de-meteorito-replica\/"},"modified":"2026-01-11T00:27:59","modified_gmt":"2026-01-11T00:27:59","slug":"rolex-gmt-master-2-esfera-de-meteorito-replica","status":"publish","type":"product","link":"https:\/\/myreplicawatches.io\/es\/product\/rolex-gmt-master-2-esfera-de-meteorito-replica\/","title":{"rendered":"Rolex GMT Master 2 Esfera de meteorito R\u00e9plica"},"content":{"rendered":"<h4>Rolex GMT Master 2 Meteorito dial Replica &#8211; Mejor r\u00e9plica de reloj clon.<\/h4>\n<div class=\"product-info__text\">\n<div class=\"prose\">\n<h5>Ventajas de poseer la R\u00e9plica de esfera Rolex GMT Master 2 Meteorito:<\/h5>\n<ul>\n<li>Una r\u00e9plica puede comprarse a un precio mucho m\u00e1s barato que uno aut\u00e9ntico, sin embargo, un reloj r\u00e9plica parecer\u00e1 y se sentir\u00e1 igual que el original.<\/li>\n<li>Lo \u00faltimo que alguien quiere es gastarse una fortuna para conseguir un reloj de lujo que tiene peque\u00f1as diferencias con nuestras r\u00e9plicas de relojes.<\/li>\n<li>Muchos entusiastas de los relojes no quieren gastarse miles de d\u00f3lares en relojes y quieren tener esa gran sensaci\u00f3n de poseer un gran reloj de una marca de lujo. Aqu\u00ed es cuando entran en juego los relojes myreplicawatches.io y proporcionan esa sensaci\u00f3n a sus clientes.<\/li>\n<li>\u00bf Tienes ya un aut\u00e9ntico reloj de alta gama que no quieres llevar por motivos de seguridad o por razones de devaluaci\u00f3n en algunas ocasiones ?<br \/>\nLleva tu r\u00e9plica de reloj Rolex GMT Master 2 de alta calidad con esfera de meteorito y si\u00e9ntete m\u00e1s seguro, ten la misma confianza, protege tus objetos de valor<\/li>\n<\/ul>\n<\/div>\n<\/div>\n<div class=\"product-info__description\">\n<div class=\"prose\"><\/div>\n<\/div>\n<p><strong><img decoding=\"async\" class=\"aligncenter\" src=\"https:\/\/cdn.shopify.com\/s\/files\/1\/0027\/0748\/8883\/files\/checkout_icon_02b92492-cff8-4474-b98b-81bbaa03a415_large.png?v=1529695134\" alt=\"\" title=\"\"><\/strong><\/p>\n<p>&nbsp;<\/p>\n<h3><strong>Rolex GMT Master 2 Esfera de meteorito R\u00e9plica Descripci\u00f3n:<\/strong><\/h3>\n<ul>\n<li>Ref.126719BLRO | 126719<\/li>\n<li>Di\u00e1metro: 40 mm R\u00e9plica de reloj Rolex GMT Master II con esfera de meteorito para hombre<\/li>\n<li>Pulsera: Pulsera Oyster de acero inoxidable con cierre desplegable con el logotipo de Rolex grabado en Rolex<\/li>\n<li>Esfera del reloj: Esfera de meteorito gris<\/li>\n<li>Bisel del reloj: Bisel graduado giratorio de 24 horas. Bisel Pepsi rojo y azul de dos colores, n\u00fameros grabados y graduaciones.<\/li>\n<li>Movimiento: Movimiento autom\u00e1tico Ming Zhu asi\u00e1tico de alta calidad con segundero de barrido suave, tambi\u00e9n llamado ETA2813 \/DG2813. 21600 bph. 21 joyas para esta r\u00e9plica de reloj Rolex GMT Master II. GMT totalmente funcional (manecilla GMT ajustable independientemente)<\/li>\n<li>Caja del reloj: Caja y pulsera del reloj de acero inoxidable 316L de nuevo estilo.<\/li>\n<li>Impermeable<\/li>\n<\/ul>\n<h2>Garant\u00eda<\/h2>\n<p>100% de satisfacci\u00f3n garantizada Si no quedas satisfecho al 100% con tu primera myreplicawatches.io , nos comprometemos a arreglarlo todo.<\/p>\n<h2>Entrega<\/h2>\n<p>Env\u00edo DHL a todo el mundo &#8211; De 3 a 10 d\u00edas estimado de llegada<\/p>\n<p>Una vez realizado el pedido, el env\u00edo del producto tardar\u00e1 de 2 a 3 d\u00edas. Recibir\u00e1s tu n\u00famero de seguimiento inmediatamente despu\u00e9s de que enviemos tu producto.<\/p>\n<p><img decoding=\"async\" class=\"aligncenter\" src=\"https:\/\/cdn.shopify.com\/s\/files\/1\/0027\/0748\/8883\/files\/product_desc_below_large_large_a32e7262-b9bf-4a85-ac82-2638c1f67ae1_large.png?v=1529766426\" alt=\"\" title=\"\"><\/p>\n","protected":false},"excerpt":{"rendered":"<p>Rolex GMT Master 2 Meteorito dial Replica &#8211; Mejor r\u00e9plica de reloj clon. Ventajas de poseer la R\u00e9plica de esfera Rolex GMT Master 2 Meteorito: Una r\u00e9plica puede comprarse a un precio mucho m\u00e1s barato que uno aut\u00e9ntico, sin embargo, un reloj r\u00e9plica parecer\u00e1 y se sentir\u00e1 igual que el original. Lo \u00faltimo que alguien<\/p>\n","protected":false},"featured_media":8090,"comment_status":"open","ping_status":"closed","template":"","meta":{"_uag_custom_page_level_css":"","site-sidebar-layout":"default","site-content-layout":"","ast-site-content-layout":"default","site-content-style":"default","site-sidebar-style":"default","ast-global-header-display":"","ast-banner-title-visibility":"","ast-main-header-display":"","ast-hfb-above-header-display":"","ast-hfb-below-header-display":"","ast-hfb-mobile-header-display":"","site-post-title":"","ast-breadcrumbs-content":"","ast-featured-img":"","footer-sml-layout":"","theme-transparent-header-meta":"default","adv-header-id-meta":"","stick-header-meta":"default","header-above-stick-meta":"","header-main-stick-meta":"","header-below-stick-meta":"","astra-migrate-meta-layouts":"set","ast-page-background-enabled":"default","ast-page-background-meta":{"desktop":{"background-color":"var(--ast-global-color-4)","background-image":"","background-repeat":"repeat","background-position":"center center","background-size":"auto","background-attachment":"scroll","background-type":"","background-media":"","overlay-type":"","overlay-color":"","overlay-opacity":"","overlay-gradient":""},"tablet":{"background-color":"","background-image":"","background-repeat":"repeat","background-position":"center center","background-size":"auto","background-attachment":"scroll","background-type":"","background-media":"","overlay-type":"","overlay-color":"","overlay-opacity":"","overlay-gradient":""},"mobile":{"background-color":"","background-image":"","background-repeat":"repeat","background-position":"center center","background-size":"auto","background-attachment":"scroll","background-type":"","background-media":"","overlay-type":"","overlay-color":"","overlay-opacity":"","overlay-gradient":""}},"ast-content-background-meta":{"desktop":{"background-color":"var(--ast-global-color-5)","background-image":"","background-repeat":"repeat","background-position":"center center","background-size":"auto","background-attachment":"scroll","background-type":"","background-media":"","overlay-type":"","overlay-color":"","overlay-opacity":"","overlay-gradient":""},"tablet":{"background-color":"var(--ast-global-color-5)","background-image":"","background-repeat":"repeat","background-position":"center center","background-size":"auto","background-attachment":"scroll","background-type":"","background-media":"","overlay-type":"","overlay-color":"","overlay-opacity":"","overlay-gradient":""},"mobile":{"background-color":"var(--ast-global-color-5)","background-image":"","background-repeat":"repeat","background-position":"center center","background-size":"auto","background-attachment":"scroll","background-type":"","background-media":"","overlay-type":"","overlay-color":"","overlay-opacity":"","overlay-gradient":""}}},"product_brand":[],"product_cat":[168,162,154,174],"product_tag":[938,648,559,876,1661,565,440,474,875,2960,465,187,2363,882,1028,2712],"class_list":{"0":"post-9070","1":"product","2":"type-product","3":"status-publish","4":"has-post-thumbnail","6":"product_cat-productos-mas-nuevos","7":"product_cat-replica-super-clon-rolex-aaa","8":"product_cat-replicas-de-relojes-mas-vendidas","9":"product_cat-replica-de-rolex-gmt-master-aaa","10":"product_tag-classic-es","11":"product_tag-elegant-es","12":"product_tag-exclusive","13":"product_tag-gmt-master-es","14":"product_tag-gmt-master-2-es","15":"product_tag-high-quality-es","16":"product_tag-luxury-watch","17":"product_tag-mens-watch","18":"product_tag-meteorite-dial","19":"product_tag-premium-edition","20":"product_tag-replica","21":"product_tag-rolex-es","22":"product_tag-sophisticated-es","23":"product_tag-sporty-es","24":"product_tag-stainless-steel-es","25":"product_tag-timeless-design","26":"desktop-align-left","27":"tablet-align-left","28":"mobile-align-left","29":"ast-product-gallery-layout-vertical-slider","31":"first","32":"instock","33":"sale","34":"shipping-taxable","35":"purchasable","36":"product-type-simple"},"uagb_featured_image_src":{"full":["https:\/\/myreplicawatches.io\/wp-content\/uploads\/2023\/10\/rolex-replica-gmt-126719blro-0002-master-ii-meteorite-dial.jpg",994,1234,false],"thumbnail":["https:\/\/myreplicawatches.io\/wp-content\/uploads\/2023\/10\/rolex-replica-gmt-126719blro-0002-master-ii-meteorite-dial-150x150.jpg",150,150,true],"medium":["https:\/\/myreplicawatches.io\/wp-content\/uploads\/2023\/10\/rolex-replica-gmt-126719blro-0002-master-ii-meteorite-dial-242x300.jpg",242,300,true],"medium_large":["https:\/\/myreplicawatches.io\/wp-content\/uploads\/2023\/10\/rolex-replica-gmt-126719blro-0002-master-ii-meteorite-dial-768x953.jpg",768,953,true],"large":["https:\/\/myreplicawatches.io\/wp-content\/uploads\/2023\/10\/rolex-replica-gmt-126719blro-0002-master-ii-meteorite-dial-825x1024.jpg",825,1024,true],"1536x1536":["https:\/\/myreplicawatches.io\/wp-content\/uploads\/2023\/10\/rolex-replica-gmt-126719blro-0002-master-ii-meteorite-dial.jpg",994,1234,false],"2048x2048":["https:\/\/myreplicawatches.io\/wp-content\/uploads\/2023\/10\/rolex-replica-gmt-126719blro-0002-master-ii-meteorite-dial.jpg",994,1234,false],"woocommerce_thumbnail":["https:\/\/myreplicawatches.io\/wp-content\/uploads\/2023\/10\/rolex-replica-gmt-126719blro-0002-master-ii-meteorite-dial-300x300.jpg",300,300,true],"woocommerce_single":["https:\/\/myreplicawatches.io\/wp-content\/uploads\/2023\/10\/rolex-replica-gmt-126719blro-0002-master-ii-meteorite-dial-600x745.jpg",600,745,true],"woocommerce_gallery_thumbnail":["https:\/\/myreplicawatches.io\/wp-content\/uploads\/2023\/10\/rolex-replica-gmt-126719blro-0002-master-ii-meteorite-dial-100x100.jpg",100,100,true],"variation_swatches_image_size":["https:\/\/myreplicawatches.io\/wp-content\/uploads\/2023\/10\/rolex-replica-gmt-126719blro-0002-master-ii-meteorite-dial.jpg",40,50,false],"variation_swatches_tooltip_size":["https:\/\/myreplicawatches.io\/wp-content\/uploads\/2023\/10\/rolex-replica-gmt-126719blro-0002-master-ii-meteorite-dial.jpg",81,100,false],"dgwt-wcas-product-suggestion":["https:\/\/myreplicawatches.io\/wp-content\/uploads\/2023\/10\/rolex-replica-gmt-126719blro-0002-master-ii-meteorite-dial-64x79.jpg",64,79,true]},"uagb_author_info":{"display_name":"admin","author_link":"https:\/\/myreplicawatches.io\/es\/author\/"},"uagb_comment_info":0,"uagb_excerpt":"Rolex GMT Master 2 Meteorito dial Replica &#8211; Mejor r\u00e9plica de reloj clon. Ventajas de poseer la R\u00e9plica de esfera Rolex GMT Master 2 Meteorito: Una r\u00e9plica puede comprarse a un precio mucho m\u00e1s barato que uno aut\u00e9ntico, sin embargo, un reloj r\u00e9plica parecer\u00e1 y se sentir\u00e1 igual que el original. Lo \u00faltimo que alguien","jetpack_sharing_enabled":true,"_links":{"self":[{"href":"https:\/\/myreplicawatches.io\/es\/wp-json\/wp\/v2\/product\/9070","targetHints":{"allow":["GET"]}}],"collection":[{"href":"https:\/\/myreplicawatches.io\/es\/wp-json\/wp\/v2\/product"}],"about":[{"href":"https:\/\/myreplicawatches.io\/es\/wp-json\/wp\/v2\/types\/product"}],"replies":[{"embeddable":true,"href":"https:\/\/myreplicawatches.io\/es\/wp-json\/wp\/v2\/comments?post=9070"}],"wp:featuredmedia":[{"embeddable":true,"href":"https:\/\/myreplicawatches.io\/es\/wp-json\/wp\/v2\/media\/8090"}],"wp:attachment":[{"href":"https:\/\/myreplicawatches.io\/es\/wp-json\/wp\/v2\/media?parent=9070"}],"wp:term":[{"taxonomy":"product_brand","embeddable":true,"href":"https:\/\/myreplicawatches.io\/es\/wp-json\/wp\/v2\/product_brand?post=9070"},{"taxonomy":"product_cat","embeddable":true,"href":"https:\/\/myreplicawatches.io\/es\/wp-json\/wp\/v2\/product_cat?post=9070"},{"taxonomy":"product_tag","embeddable":true,"href":"https:\/\/myreplicawatches.io\/es\/wp-json\/wp\/v2\/product_tag?post=9070"}],"curies":[{"name":"wp","href":"https:\/\/api.w.org\/{rel}","templated":true}]}}