{"id":9063,"date":"2023-10-03T22:07:23","date_gmt":"2023-10-03T22:07:23","guid":{"rendered":"https:\/\/myreplicawatches.io\/product\/rolex-cosmograph-daytona-esfera-blanca-ss-clon-de-fabricacion-suiza\/"},"modified":"2025-07-30T22:28:19","modified_gmt":"2025-07-30T22:28:19","slug":"rolex-cosmograph-daytona-esfera-blanca-ss-clon-de-fabricacion-suiza","status":"publish","type":"product","link":"https:\/\/myreplicawatches.io\/es\/product\/rolex-cosmograph-daytona-esfera-blanca-ss-clon-de-fabricacion-suiza\/","title":{"rendered":"Rolex Cosmograph Daytona Esfera Blanca SS Clon de fabricaci\u00f3n suiza"},"content":{"rendered":"<p>&nbsp;<\/p>\n<table class=\"woocommerce-product-attributes shop_attributes\" data-mce-fragment=\"1\">\n<tbody data-mce-fragment=\"1\">\n<tr class=\"woocommerce-product-attributes-item woocommerce-product-attributes-item--attribute_movement\" data-mce-fragment=\"1\">\n<th class=\"woocommerce-product-attributes-item__label\" data-mce-fragment=\"1\">Movimiento<\/th>\n<td class=\"woocommerce-product-attributes-item__value\" data-mce-fragment=\"1\">\n<p data-mce-fragment=\"1\">Clon Rolex 4130 de fabricaci\u00f3n suiza, Perpetual, cron\u00f3grafo mec\u00e1nico, autom\u00e1tico bidireccional mediante rotor Perpetual. Cron\u00f3metro suizo certificado oficialmente (COSC)<\/p>\n<\/td>\n<\/tr>\n<tr class=\"woocommerce-product-attributes-item woocommerce-product-attributes-item--attribute_functions\" data-mce-fragment=\"1\">\n<th class=\"woocommerce-product-attributes-item__label\" data-mce-fragment=\"1\">Funciones<\/th>\n<td class=\"woocommerce-product-attributes-item__value\" data-mce-fragment=\"1\">\n<p data-mce-fragment=\"1\">Agujas de horas, minutos y segundos, peque\u00f1o segundero a las 6. Cron\u00f3grafo (aguja central) con una precisi\u00f3n de 1\/8 de segundo, contador de 30 minutos a las 3 y contador de 12 horas a las 9. Segundos de parada para ajustar la hora con precisi\u00f3n<\/p>\n<\/td>\n<\/tr>\n<tr class=\"woocommerce-product-attributes-item woocommerce-product-attributes-item--attribute_model-case\" data-mce-fragment=\"1\">\n<th class=\"woocommerce-product-attributes-item__label\" data-mce-fragment=\"1\">Modelo de malet\u00edn<\/th>\n<td class=\"woocommerce-product-attributes-item__value\" data-mce-fragment=\"1\">\n<p data-mce-fragment=\"1\">Caja central monobloque, fondo atornillado y corona de cuerda, 40 mm, acero 904L macizo con acabado ClearDLC\u2122 a prueba de ara\u00f1azos.<\/p>\n<\/td>\n<\/tr>\n<tr class=\"woocommerce-product-attributes-item woocommerce-product-attributes-item--attribute_bracelet\" data-mce-fragment=\"1\">\n<th class=\"woocommerce-product-attributes-item__label\" data-mce-fragment=\"1\">Pulsera<\/th>\n<td class=\"woocommerce-product-attributes-item__value\" data-mce-fragment=\"1\">\n<p data-mce-fragment=\"1\">Ostras, eslabones planos de tres piezas. Acero 904L macizo con acabado ClearDLC\u2122 a prueba de ara\u00f1azos.<\/p>\n<\/td>\n<\/tr>\n<tr class=\"woocommerce-product-attributes-item woocommerce-product-attributes-item--attribute_dial\" data-mce-fragment=\"1\">\n<th class=\"woocommerce-product-attributes-item__label\" data-mce-fragment=\"1\">Marca<\/th>\n<td class=\"woocommerce-product-attributes-item__value\" data-mce-fragment=\"1\">\n<p data-mce-fragment=\"1\">Peque\u00f1os contadores SuperLuminova\u2122 blancos caracolados.<\/p>\n<\/td>\n<\/tr>\n<tr class=\"woocommerce-product-attributes-item woocommerce-product-attributes-item--attribute_bezel\" data-mce-fragment=\"1\">\n<th class=\"woocommerce-product-attributes-item__label\" data-mce-fragment=\"1\">Bisel<\/th>\n<td class=\"woocommerce-product-attributes-item__value\" data-mce-fragment=\"1\">\n<p data-mce-fragment=\"1\">Fijo, con escala taquim\u00e9trica grabada, de acero 904L macizo<\/p>\n<\/td>\n<\/tr>\n<tr class=\"woocommerce-product-attributes-item woocommerce-product-attributes-item--attribute_water-resistance\" data-mce-fragment=\"1\">\n<th class=\"woocommerce-product-attributes-item__label\" data-mce-fragment=\"1\">Resistencia al agua<\/th>\n<td class=\"woocommerce-product-attributes-item__value\" data-mce-fragment=\"1\">\n<p data-mce-fragment=\"1\">Resistente al agua hasta 100 metros \/330 pies. Corona atornillada con juntas de goma<\/p>\n<\/td>\n<\/tr>\n<tr class=\"woocommerce-product-attributes-item woocommerce-product-attributes-item--attribute_watch-crystal\" data-mce-fragment=\"1\">\n<th class=\"woocommerce-product-attributes-item__label\" data-mce-fragment=\"1\">Ver Cristal<\/th>\n<td class=\"woocommerce-product-attributes-item__value\" data-mce-fragment=\"1\">\n<p data-mce-fragment=\"1\">Cristal de zafiro resistente a los ara\u00f1azos<\/p>\n<\/td>\n<\/tr>\n<tr class=\"woocommerce-product-attributes-item woocommerce-product-attributes-item--attribute_clasp\" data-mce-fragment=\"1\">\n<th class=\"woocommerce-product-attributes-item__label\" data-mce-fragment=\"1\">Cierre<\/th>\n<td class=\"woocommerce-product-attributes-item__value\" data-mce-fragment=\"1\">\n<p data-mce-fragment=\"1\">Cierre de seguridad plegable Oysterlock con eslab\u00f3n extensible de confort Easylink de 5 mm<\/p>\n<\/td>\n<\/tr>\n<\/tbody>\n<\/table>\n","protected":false},"excerpt":{"rendered":"<p>&nbsp; Movimiento Clon Rolex 4130 de fabricaci\u00f3n suiza, Perpetual, cron\u00f3grafo mec\u00e1nico, autom\u00e1tico bidireccional mediante rotor Perpetual. Cron\u00f3metro suizo certificado oficialmente (COSC) Funciones Agujas de horas, minutos y segundos, peque\u00f1o segundero a las 6. Cron\u00f3grafo (aguja central) con una precisi\u00f3n de 1\/8 de segundo, contador de 30 minutos a las 3 y contador de 12 horas<\/p>\n","protected":false},"featured_media":8018,"comment_status":"open","ping_status":"closed","template":"","meta":{"_uag_custom_page_level_css":"","site-sidebar-layout":"default","site-content-layout":"","ast-site-content-layout":"default","site-content-style":"default","site-sidebar-style":"default","ast-global-header-display":"","ast-banner-title-visibility":"","ast-main-header-display":"","ast-hfb-above-header-display":"","ast-hfb-below-header-display":"","ast-hfb-mobile-header-display":"","site-post-title":"","ast-breadcrumbs-content":"","ast-featured-img":"","footer-sml-layout":"","theme-transparent-header-meta":"default","adv-header-id-meta":"","stick-header-meta":"default","header-above-stick-meta":"","header-main-stick-meta":"","header-below-stick-meta":"","astra-migrate-meta-layouts":"set","ast-page-background-enabled":"default","ast-page-background-meta":{"desktop":{"background-color":"var(--ast-global-color-4)","background-image":"","background-repeat":"repeat","background-position":"center center","background-size":"auto","background-attachment":"scroll","background-type":"","background-media":"","overlay-type":"","overlay-color":"","overlay-opacity":"","overlay-gradient":""},"tablet":{"background-color":"","background-image":"","background-repeat":"repeat","background-position":"center center","background-size":"auto","background-attachment":"scroll","background-type":"","background-media":"","overlay-type":"","overlay-color":"","overlay-opacity":"","overlay-gradient":""},"mobile":{"background-color":"","background-image":"","background-repeat":"repeat","background-position":"center center","background-size":"auto","background-attachment":"scroll","background-type":"","background-media":"","overlay-type":"","overlay-color":"","overlay-opacity":"","overlay-gradient":""}},"ast-content-background-meta":{"desktop":{"background-color":"var(--ast-global-color-5)","background-image":"","background-repeat":"repeat","background-position":"center center","background-size":"auto","background-attachment":"scroll","background-type":"","background-media":"","overlay-type":"","overlay-color":"","overlay-opacity":"","overlay-gradient":""},"tablet":{"background-color":"var(--ast-global-color-5)","background-image":"","background-repeat":"repeat","background-position":"center center","background-size":"auto","background-attachment":"scroll","background-type":"","background-media":"","overlay-type":"","overlay-color":"","overlay-opacity":"","overlay-gradient":""},"mobile":{"background-color":"var(--ast-global-color-5)","background-image":"","background-repeat":"repeat","background-position":"center center","background-size":"auto","background-attachment":"scroll","background-type":"","background-media":"","overlay-type":"","overlay-color":"","overlay-opacity":"","overlay-gradient":""}}},"product_brand":[],"product_cat":[168,169,154,170,229,158],"product_tag":[938,2269,648,559,565,2960,937,187,173,2363,3572,1028,567,2712,836],"class_list":{"0":"post-9063","1":"product","2":"type-product","3":"status-publish","4":"has-post-thumbnail","6":"product_cat-productos-mas-nuevos","7":"product_cat-replica-daytona-rolex-envio","8":"product_cat-replicas-de-relojes-mas-vendidas","9":"product_cat-super-clon-rolex","10":"product_cat-super-clon-rolex-daytona","11":"product_cat-superclones","12":"product_tag-classic-es","13":"product_tag-cosmograph","14":"product_tag-elegant-es","15":"product_tag-exclusive","16":"product_tag-high-quality-es","17":"product_tag-premium-edition","18":"product_tag-prestigious-es","19":"product_tag-rolex-es","20":"product_tag-rolex-suizo","21":"product_tag-sophisticated-es","22":"product_tag-ss-es","23":"product_tag-stainless-steel-es","24":"product_tag-stylish-es","25":"product_tag-timeless-design","26":"product_tag-white-dial-es","27":"desktop-align-left","28":"tablet-align-left","29":"mobile-align-left","30":"ast-product-gallery-layout-vertical-slider","32":"first","33":"instock","34":"sale","35":"shipping-taxable","36":"purchasable","37":"product-type-simple"},"uagb_featured_image_src":{"full":["https:\/\/myreplicawatches.io\/wp-content\/uploads\/2023\/10\/IMG_72952.jpg",959,1050,false],"thumbnail":["https:\/\/myreplicawatches.io\/wp-content\/uploads\/2023\/10\/IMG_72952-150x150.jpg",150,150,true],"medium":["https:\/\/myreplicawatches.io\/wp-content\/uploads\/2023\/10\/IMG_72952-274x300.jpg",274,300,true],"medium_large":["https:\/\/myreplicawatches.io\/wp-content\/uploads\/2023\/10\/IMG_72952-768x841.jpg",768,841,true],"large":["https:\/\/myreplicawatches.io\/wp-content\/uploads\/2023\/10\/IMG_72952-935x1024.jpg",935,1024,true],"1536x1536":["https:\/\/myreplicawatches.io\/wp-content\/uploads\/2023\/10\/IMG_72952.jpg",959,1050,false],"2048x2048":["https:\/\/myreplicawatches.io\/wp-content\/uploads\/2023\/10\/IMG_72952.jpg",959,1050,false],"woocommerce_thumbnail":["https:\/\/myreplicawatches.io\/wp-content\/uploads\/2023\/10\/IMG_72952-300x300.jpg",300,300,true],"woocommerce_single":["https:\/\/myreplicawatches.io\/wp-content\/uploads\/2023\/10\/IMG_72952-600x657.jpg",600,657,true],"woocommerce_gallery_thumbnail":["https:\/\/myreplicawatches.io\/wp-content\/uploads\/2023\/10\/IMG_72952-100x100.jpg",100,100,true],"variation_swatches_image_size":["https:\/\/myreplicawatches.io\/wp-content\/uploads\/2023\/10\/IMG_72952.jpg",46,50,false],"variation_swatches_tooltip_size":["https:\/\/myreplicawatches.io\/wp-content\/uploads\/2023\/10\/IMG_72952.jpg",91,100,false],"dgwt-wcas-product-suggestion":["https:\/\/myreplicawatches.io\/wp-content\/uploads\/2023\/10\/IMG_72952-64x70.jpg",64,70,true]},"uagb_author_info":{"display_name":"admin","author_link":"https:\/\/myreplicawatches.io\/es\/author\/"},"uagb_comment_info":0,"uagb_excerpt":"&nbsp; Movimiento Clon Rolex 4130 de fabricaci\u00f3n suiza, Perpetual, cron\u00f3grafo mec\u00e1nico, autom\u00e1tico bidireccional mediante rotor Perpetual. Cron\u00f3metro suizo certificado oficialmente (COSC) Funciones Agujas de horas, minutos y segundos, peque\u00f1o segundero a las 6. Cron\u00f3grafo (aguja central) con una precisi\u00f3n de 1\/8 de segundo, contador de 30 minutos a las 3 y contador de 12 horas","jetpack_sharing_enabled":true,"_links":{"self":[{"href":"https:\/\/myreplicawatches.io\/es\/wp-json\/wp\/v2\/product\/9063","targetHints":{"allow":["GET"]}}],"collection":[{"href":"https:\/\/myreplicawatches.io\/es\/wp-json\/wp\/v2\/product"}],"about":[{"href":"https:\/\/myreplicawatches.io\/es\/wp-json\/wp\/v2\/types\/product"}],"replies":[{"embeddable":true,"href":"https:\/\/myreplicawatches.io\/es\/wp-json\/wp\/v2\/comments?post=9063"}],"wp:featuredmedia":[{"embeddable":true,"href":"https:\/\/myreplicawatches.io\/es\/wp-json\/wp\/v2\/media\/8018"}],"wp:attachment":[{"href":"https:\/\/myreplicawatches.io\/es\/wp-json\/wp\/v2\/media?parent=9063"}],"wp:term":[{"taxonomy":"product_brand","embeddable":true,"href":"https:\/\/myreplicawatches.io\/es\/wp-json\/wp\/v2\/product_brand?post=9063"},{"taxonomy":"product_cat","embeddable":true,"href":"https:\/\/myreplicawatches.io\/es\/wp-json\/wp\/v2\/product_cat?post=9063"},{"taxonomy":"product_tag","embeddable":true,"href":"https:\/\/myreplicawatches.io\/es\/wp-json\/wp\/v2\/product_tag?post=9063"}],"curies":[{"name":"wp","href":"https:\/\/api.w.org\/{rel}","templated":true}]}}