{"id":9056,"date":"2023-10-03T22:06:15","date_gmt":"2023-10-03T22:06:15","guid":{"rendered":"https:\/\/myreplicawatches.io\/product\/reloj-replica-rolex-yacht-master-40-esfera-rodio-acero-platino-clon-calidad\/"},"modified":"2025-11-16T12:40:22","modified_gmt":"2025-11-16T12:40:22","slug":"reloj-replica-rolex-yacht-master-40-esfera-rodio-acero-platino-clon-calidad","status":"publish","type":"product","link":"https:\/\/myreplicawatches.io\/es\/product\/reloj-replica-rolex-yacht-master-40-esfera-rodio-acero-platino-clon-calidad\/","title":{"rendered":"Reloj Replica Rolex Yacht-Master 40 Esfera Rodio Acero \/ Platino Clon Calidad"},"content":{"rendered":"<h3><strong>R\u00e9plica de reloj Rolex Yacht-Master 40 Esfera de rodio &#8211; Clon de calidad AAAA+ <\/strong><\/h3>\n<table class=\"woocommerce-product-attributes shop_attributes\">\n<tbody>\n<tr class=\"woocommerce-product-attributes-item woocommerce-product-attributes-item--attribute_movement\">\n<th class=\"woocommerce-product-attributes-item__label\">Movimiento<\/th>\n<td class=\"woocommerce-product-attributes-item__value\">R\u00e9plica Rolex ETA, Perpetual, mec\u00e1nica, de cuerda autom\u00e1tica bidireccional mediante rotor Perpetual con nueva espiral Parachrom azul paramagn\u00e9tica. Cron\u00f3metro suizo certificado oficialmente (COSC).<\/td>\n<\/tr>\n<tr class=\"woocommerce-product-attributes-item woocommerce-product-attributes-item--attribute_functions\">\n<th class=\"woocommerce-product-attributes-item__label\">Funciones<\/th>\n<td class=\"woocommerce-product-attributes-item__value\">Agujas de horas, minutos y segundos. Fecha autom\u00e1tica con ajuste r\u00e1pido. Parada-segundos para ajustar la hora con precisi\u00f3n.<\/td>\n<\/tr>\n<tr class=\"woocommerce-product-attributes-item woocommerce-product-attributes-item--attribute_model-case\">\n<th class=\"woocommerce-product-attributes-item__label\">Modelo de malet\u00edn<\/th>\n<td class=\"woocommerce-product-attributes-item__value\">Caja central monobloque, fondo atornillado y corona de cuerda, n\u00fameros de serie correctos, 40 mm, acero 904L \/ envoltura gruesa de platino con acabado ClearDLC\u2122 a prueba de ara\u00f1azos.<\/td>\n<\/tr>\n<tr class=\"woocommerce-product-attributes-item woocommerce-product-attributes-item--attribute_bracelet\">\n<th class=\"woocommerce-product-attributes-item__label\">Pulsera<\/th>\n<td class=\"woocommerce-product-attributes-item__value\">Ostra, eslabones planos de tres piezas, acero 904L con acabado ClearDLC\u2122 resistente a los ara\u00f1azos.<\/td>\n<\/tr>\n<tr class=\"woocommerce-product-attributes-item woocommerce-product-attributes-item--attribute_dial\">\n<th class=\"woocommerce-product-attributes-item__label\">Marca<\/th>\n<td class=\"woocommerce-product-attributes-item__value\">Rodio oscuro, Pantalla Chromalight muy legible con luminiscencia azul de larga duraci\u00f3n<\/td>\n<\/tr>\n<tr class=\"woocommerce-product-attributes-item woocommerce-product-attributes-item--attribute_bezel\">\n<th class=\"woocommerce-product-attributes-item__label\">Bisel<\/th>\n<td class=\"woocommerce-product-attributes-item__value\">Graduado bidireccional giratorio de 60 minutos con n\u00fameros en relieve y graduaciones recubiertas de platino 950 (igual que el original)<\/td>\n<\/tr>\n<tr class=\"woocommerce-product-attributes-item woocommerce-product-attributes-item--attribute_water-resistance\">\n<th class=\"woocommerce-product-attributes-item__label\">Resistencia al agua<\/th>\n<td class=\"woocommerce-product-attributes-item__value\">Resistente al agua hasta 100 metros \/330 pies. Corona atornillada con juntas de goma<\/td>\n<\/tr>\n<tr class=\"woocommerce-product-attributes-item woocommerce-product-attributes-item--attribute_watch-crystal\">\n<th class=\"woocommerce-product-attributes-item__label\">Ver Cristal<\/th>\n<td class=\"woocommerce-product-attributes-item__value\">Zafiro resistente a los ara\u00f1azos, lente Cyclops (2,5x) sobre la fecha<\/td>\n<\/tr>\n<tr class=\"woocommerce-product-attributes-item woocommerce-product-attributes-item--attribute_clasp\">\n<th class=\"woocommerce-product-attributes-item__label\">Cierre<\/th>\n<td class=\"woocommerce-product-attributes-item__value\">Cierre de seguridad plegable Oysterlock con eslab\u00f3n extensible de confort Easylink de 5 mm<\/td>\n<\/tr>\n<\/tbody>\n<\/table>\n","protected":false},"excerpt":{"rendered":"<p>R\u00e9plica de reloj Rolex Yacht-Master 40 Esfera de rodio &#8211; Clon de calidad AAAA+ Movimiento R\u00e9plica Rolex ETA, Perpetual, mec\u00e1nica, de cuerda autom\u00e1tica bidireccional mediante rotor Perpetual con nueva espiral Parachrom azul paramagn\u00e9tica. Cron\u00f3metro suizo certificado oficialmente (COSC). Funciones Agujas de horas, minutos y segundos. Fecha autom\u00e1tica con ajuste r\u00e1pido. Parada-segundos para ajustar la hora<\/p>\n","protected":false},"featured_media":8489,"comment_status":"open","ping_status":"closed","template":"","meta":{"_uag_custom_page_level_css":"","site-sidebar-layout":"default","site-content-layout":"","ast-site-content-layout":"default","site-content-style":"default","site-sidebar-style":"default","ast-global-header-display":"","ast-banner-title-visibility":"","ast-main-header-display":"","ast-hfb-above-header-display":"","ast-hfb-below-header-display":"","ast-hfb-mobile-header-display":"","site-post-title":"","ast-breadcrumbs-content":"","ast-featured-img":"","footer-sml-layout":"","theme-transparent-header-meta":"default","adv-header-id-meta":"","stick-header-meta":"default","header-above-stick-meta":"","header-main-stick-meta":"","header-below-stick-meta":"","astra-migrate-meta-layouts":"set","ast-page-background-enabled":"default","ast-page-background-meta":{"desktop":{"background-color":"var(--ast-global-color-4)","background-image":"","background-repeat":"repeat","background-position":"center center","background-size":"auto","background-attachment":"scroll","background-type":"","background-media":"","overlay-type":"","overlay-color":"","overlay-opacity":"","overlay-gradient":""},"tablet":{"background-color":"","background-image":"","background-repeat":"repeat","background-position":"center center","background-size":"auto","background-attachment":"scroll","background-type":"","background-media":"","overlay-type":"","overlay-color":"","overlay-opacity":"","overlay-gradient":""},"mobile":{"background-color":"","background-image":"","background-repeat":"repeat","background-position":"center center","background-size":"auto","background-attachment":"scroll","background-type":"","background-media":"","overlay-type":"","overlay-color":"","overlay-opacity":"","overlay-gradient":""}},"ast-content-background-meta":{"desktop":{"background-color":"var(--ast-global-color-5)","background-image":"","background-repeat":"repeat","background-position":"center center","background-size":"auto","background-attachment":"scroll","background-type":"","background-media":"","overlay-type":"","overlay-color":"","overlay-opacity":"","overlay-gradient":""},"tablet":{"background-color":"var(--ast-global-color-5)","background-image":"","background-repeat":"repeat","background-position":"center center","background-size":"auto","background-attachment":"scroll","background-type":"","background-media":"","overlay-type":"","overlay-color":"","overlay-opacity":"","overlay-gradient":""},"mobile":{"background-color":"var(--ast-global-color-5)","background-image":"","background-repeat":"repeat","background-position":"center center","background-size":"auto","background-attachment":"scroll","background-type":"","background-media":"","overlay-type":"","overlay-color":"","overlay-opacity":"","overlay-gradient":""}}},"product_brand":[],"product_cat":[168,162,154,171],"product_tag":[1026,1585,623,666,4441,961,1159,4440,624,4265,793,1019,1016,1155,1158,465,187,1902,3608],"class_list":{"0":"post-9056","1":"product","2":"type-product","3":"status-publish","4":"has-post-thumbnail","6":"product_cat-productos-mas-nuevos","7":"product_cat-replica-super-clon-rolex-aaa","8":"product_cat-replicas-de-relojes-mas-vendidas","9":"product_cat-patron-de-yate-1","10":"product_tag-acero","11":"product_tag-acero-inoxidable-es","12":"product_tag-alta-calidad","13":"product_tag-automatico","14":"product_tag-calidad-es","15":"product_tag-clon-es","16":"product_tag-diseno-clasico","17":"product_tag-esfera-rodio-es","18":"product_tag-exclusivo","19":"product_tag-funcional-es","20":"product_tag-platino","21":"product_tag-prestigioso-es","22":"product_tag-reloj-es","23":"product_tag-reloj-de-lujo","24":"product_tag-reloj-para-hombre","25":"product_tag-replica","26":"product_tag-rolex-es","27":"product_tag-sofisticado-es","28":"product_tag-yacht-master-40-es","29":"desktop-align-left","30":"tablet-align-left","31":"mobile-align-left","32":"ast-product-gallery-layout-vertical-slider","34":"first","35":"instock","36":"sale","37":"shipping-taxable","38":"purchasable","39":"product-type-simple"},"uagb_featured_image_src":{"full":["https:\/\/myreplicawatches.io\/wp-content\/uploads\/2023\/10\/Replica-rolex-Sky-dweller-rose-gold-19.jpg",1080,1080,false],"thumbnail":["https:\/\/myreplicawatches.io\/wp-content\/uploads\/2023\/10\/Replica-rolex-Sky-dweller-rose-gold-19-150x150.jpg",150,150,true],"medium":["https:\/\/myreplicawatches.io\/wp-content\/uploads\/2023\/10\/Replica-rolex-Sky-dweller-rose-gold-19-300x300.jpg",300,300,true],"medium_large":["https:\/\/myreplicawatches.io\/wp-content\/uploads\/2023\/10\/Replica-rolex-Sky-dweller-rose-gold-19-768x768.jpg",768,768,true],"large":["https:\/\/myreplicawatches.io\/wp-content\/uploads\/2023\/10\/Replica-rolex-Sky-dweller-rose-gold-19-1024x1024.jpg",1024,1024,true],"1536x1536":["https:\/\/myreplicawatches.io\/wp-content\/uploads\/2023\/10\/Replica-rolex-Sky-dweller-rose-gold-19.jpg",1080,1080,false],"2048x2048":["https:\/\/myreplicawatches.io\/wp-content\/uploads\/2023\/10\/Replica-rolex-Sky-dweller-rose-gold-19.jpg",1080,1080,false],"woocommerce_thumbnail":["https:\/\/myreplicawatches.io\/wp-content\/uploads\/2023\/10\/Replica-rolex-Sky-dweller-rose-gold-19-300x300.jpg",300,300,true],"woocommerce_single":["https:\/\/myreplicawatches.io\/wp-content\/uploads\/2023\/10\/Replica-rolex-Sky-dweller-rose-gold-19-600x600.jpg",600,600,true],"woocommerce_gallery_thumbnail":["https:\/\/myreplicawatches.io\/wp-content\/uploads\/2023\/10\/Replica-rolex-Sky-dweller-rose-gold-19-100x100.jpg",100,100,true],"variation_swatches_image_size":["https:\/\/myreplicawatches.io\/wp-content\/uploads\/2023\/10\/Replica-rolex-Sky-dweller-rose-gold-19-50x50.jpg",50,50,true],"variation_swatches_tooltip_size":["https:\/\/myreplicawatches.io\/wp-content\/uploads\/2023\/10\/Replica-rolex-Sky-dweller-rose-gold-19-100x100.jpg",100,100,true],"dgwt-wcas-product-suggestion":["https:\/\/myreplicawatches.io\/wp-content\/uploads\/2023\/10\/Replica-rolex-Sky-dweller-rose-gold-19-64x64.jpg",64,64,true]},"uagb_author_info":{"display_name":"admin","author_link":"https:\/\/myreplicawatches.io\/es\/author\/"},"uagb_comment_info":0,"uagb_excerpt":"R\u00e9plica de reloj Rolex Yacht-Master 40 Esfera de rodio &#8211; Clon de calidad AAAA+ Movimiento R\u00e9plica Rolex ETA, Perpetual, mec\u00e1nica, de cuerda autom\u00e1tica bidireccional mediante rotor Perpetual con nueva espiral Parachrom azul paramagn\u00e9tica. Cron\u00f3metro suizo certificado oficialmente (COSC). Funciones Agujas de horas, minutos y segundos. Fecha autom\u00e1tica con ajuste r\u00e1pido. Parada-segundos para ajustar la hora","jetpack_sharing_enabled":true,"_links":{"self":[{"href":"https:\/\/myreplicawatches.io\/es\/wp-json\/wp\/v2\/product\/9056","targetHints":{"allow":["GET"]}}],"collection":[{"href":"https:\/\/myreplicawatches.io\/es\/wp-json\/wp\/v2\/product"}],"about":[{"href":"https:\/\/myreplicawatches.io\/es\/wp-json\/wp\/v2\/types\/product"}],"replies":[{"embeddable":true,"href":"https:\/\/myreplicawatches.io\/es\/wp-json\/wp\/v2\/comments?post=9056"}],"wp:featuredmedia":[{"embeddable":true,"href":"https:\/\/myreplicawatches.io\/es\/wp-json\/wp\/v2\/media\/8489"}],"wp:attachment":[{"href":"https:\/\/myreplicawatches.io\/es\/wp-json\/wp\/v2\/media?parent=9056"}],"wp:term":[{"taxonomy":"product_brand","embeddable":true,"href":"https:\/\/myreplicawatches.io\/es\/wp-json\/wp\/v2\/product_brand?post=9056"},{"taxonomy":"product_cat","embeddable":true,"href":"https:\/\/myreplicawatches.io\/es\/wp-json\/wp\/v2\/product_cat?post=9056"},{"taxonomy":"product_tag","embeddable":true,"href":"https:\/\/myreplicawatches.io\/es\/wp-json\/wp\/v2\/product_tag?post=9056"}],"curies":[{"name":"wp","href":"https:\/\/api.w.org\/{rel}","templated":true}]}}