{"id":9023,"date":"2023-10-03T22:03:07","date_gmt":"2023-10-03T22:03:07","guid":{"rendered":"https:\/\/myreplicawatches.io\/product\/replica-rolex-sprite-gmt-new-2022\/"},"modified":"2025-09-20T14:45:11","modified_gmt":"2025-09-20T14:45:11","slug":"replica-rolex-sprite-gmt-new-2022","status":"publish","type":"product","link":"https:\/\/myreplicawatches.io\/es\/product\/replica-rolex-sprite-gmt-new-2022\/","title":{"rendered":"R\u00e9plica Rolex Sprite GMT New 2022"},"content":{"rendered":"<h3>Rolex Sprite GMT Nuevo 2022<\/h3>\n<h3>Modelo de r\u00e9plica &#8211; Clon de calidad AAAA+<\/h3>\n<p>&nbsp;<\/p>\n<table class=\"woocommerce-product-attributes shop_attributes\" width=\"928\">\n<tbody>\n<tr class=\"woocommerce-product-attributes-item woocommerce-product-attributes-item--attribute_model\">\n<th class=\"woocommerce-product-attributes-item__label\">Modelo<\/th>\n<td class=\"woocommerce-product-attributes-item__value\">Rolex Sprite GMT Nueva R\u00e9plica Clon 2022 Ref.126720VTNR<\/td>\n<\/tr>\n<tr class=\"woocommerce-product-attributes-item woocommerce-product-attributes-item--attribute_case-diameter\">\n<th class=\"woocommerce-product-attributes-item__label\">Di\u00e1metro de la caja<\/th>\n<td class=\"woocommerce-product-attributes-item__value\">40 Mm Exactamente id\u00e9ntico al original<\/td>\n<\/tr>\n<tr class=\"woocommerce-product-attributes-item woocommerce-product-attributes-item--attribute_case-material\">\n<th class=\"woocommerce-product-attributes-item__label\">Material del malet\u00edn<\/th>\n<td class=\"woocommerce-product-attributes-item__value\">Acero Inoxidable Puro 904L Acero Ostra Que Le Da Brillo Y Aspecto Premium Como El Original<\/td>\n<\/tr>\n<tr class=\"woocommerce-product-attributes-item woocommerce-product-attributes-item--attribute_bezel\">\n<th class=\"woocommerce-product-attributes-item__label\">Bisel<\/th>\n<td class=\"woocommerce-product-attributes-item__value\">Bisel graduado bidireccional giratorio de 24 horas. Inserto de cer\u00e1mica bicolor verde y negro con n\u00fameros y graduaciones moldeados. A diferencia de las r\u00e9plicas baratas del GMT Master II Sprite, esta r\u00e9plica 1:1 del Rolex Sprite tiene un bisel de cer\u00e1mica de alta calidad con los n\u00fameros grabados en relieve y no s\u00f3lo impresos<\/td>\n<\/tr>\n<tr class=\"woocommerce-product-attributes-item woocommerce-product-attributes-item--attribute_structure\">\n<th class=\"woocommerce-product-attributes-item__label\">Estructura<\/th>\n<td class=\"woocommerce-product-attributes-item__value\">Caja central monobloque, fondo atornillado y corona de cuerda<\/td>\n<\/tr>\n<tr class=\"woocommerce-product-attributes-item woocommerce-product-attributes-item--attribute_front-crystal\">\n<th class=\"woocommerce-product-attributes-item__label\">Cristal frontal<\/th>\n<td class=\"woocommerce-product-attributes-item__value\">Fabricada en zafiro, lo que la convierte en la mejor r\u00e9plica Rolex GMT Sprite a prueba de ara\u00f1azos<\/td>\n<\/tr>\n<tr class=\"woocommerce-product-attributes-item woocommerce-product-attributes-item--attribute_winding-crown\">\n<th class=\"woocommerce-product-attributes-item__label\">Corona sinuosa<\/th>\n<td class=\"woocommerce-product-attributes-item__value\">Igual que el aut\u00e9ntico<\/td>\n<\/tr>\n<tr class=\"woocommerce-product-attributes-item woocommerce-product-attributes-item--attribute_cyclop\">\n<th class=\"woocommerce-product-attributes-item__label\">C\u00edclope<\/th>\n<td class=\"woocommerce-product-attributes-item__value\">S\u00ed, se presenta con un aumento de 2,5x<\/td>\n<\/tr>\n<tr class=\"woocommerce-product-attributes-item woocommerce-product-attributes-item--attribute_movementcalibre\">\n<th class=\"woocommerce-product-attributes-item__label\">Movimiento\/Calibre<\/th>\n<td class=\"woocommerce-product-attributes-item__value\">Esta r\u00e9plica 1:1 del Rolex GMT Master II Sprite est\u00e1 equipada con un movimiento suizo clonado Rolex 3285 perpetuo, mec\u00e1nico, autom\u00e1tico y con funci\u00f3n GMT<\/td>\n<\/tr>\n<tr class=\"woocommerce-product-attributes-item woocommerce-product-attributes-item--attribute_functions\">\n<th class=\"woocommerce-product-attributes-item__label\">Funciones<\/th>\n<td class=\"woocommerce-product-attributes-item__value\">Este modelo Replica Rolex Sprite GMT New 2022 Es Totalmente Funcional Realiza Funciones Como Manecillas Centrales De Horas, Minutos Y Segundos. Pantalla de 24 horas. Segundo huso horario con puesta en hora r\u00e1pida independiente de la aguja horaria. Fecha instant\u00e1nea. Segundos de parada para ajustar la hora con precisi\u00f3n.<\/td>\n<\/tr>\n<tr class=\"woocommerce-product-attributes-item woocommerce-product-attributes-item--attribute_power-reserve\">\n<th class=\"woocommerce-product-attributes-item__label\">Reserva de energ\u00eda<\/th>\n<td class=\"woocommerce-product-attributes-item__value\">\u00a1Al menos 48 horas aseguradas!<\/td>\n<\/tr>\n<tr class=\"woocommerce-product-attributes-item woocommerce-product-attributes-item--attribute_bracelet\">\n<th class=\"woocommerce-product-attributes-item__label\">Pulsera<\/th>\n<td class=\"woocommerce-product-attributes-item__value\">Pulsera Jubilee De Acero Inoxidable 904L ( Eslabones De Cinco Piezas )<\/td>\n<\/tr>\n<tr class=\"woocommerce-product-attributes-item woocommerce-product-attributes-item--attribute_clasp\">\n<th class=\"woocommerce-product-attributes-item__label\">Cierre<\/th>\n<td class=\"woocommerce-product-attributes-item__value\">Cierre plegable como se muestra en las fotos con marcas 1:1 perfectas.<\/td>\n<\/tr>\n<tr class=\"woocommerce-product-attributes-item woocommerce-product-attributes-item--attribute_waterproof\">\n<th class=\"woocommerce-product-attributes-item__label\">Impermeable<\/th>\n<td class=\"woocommerce-product-attributes-item__value\">100 metros<\/td>\n<\/tr>\n<\/tbody>\n<\/table>\n<p>&nbsp;<\/p>\n<p>Tenemos dos Cualidades de esta R\u00e9plica Espec\u00edfica Rolex Sprite GMT Nuevo Modelo 2022,<\/p>\n<p>Elige la calidad que deseas comprar.<\/p>\n<p>Puedes ver sus diferencias aqu\u00ed:<\/p>\n<p><ins>RELOJES Calidad AAAA<\/ins><\/p>\n<ul>\n<li>Resistente al agua pero no impermeable \u2714<\/li>\n<li>Cristal de zafiro antirrayado con revestimiento AR \u2714<\/li>\n<li>Relojes chapados en acero. \u2714<\/li>\n<li>Mismo peso que el original. \u2714<\/li>\n<li>Mismo Mecanismo que el Real \u2716 ( Mejor Movimiento Autom\u00e1tico Japon\u00e9s, peque\u00f1a diferencia detallada en el mecanismo )<\/li>\n<li>Movimiento Autom\u00e1tico \u2714 ( El segundero no hace tictac, se mueve suavemente como el original )<\/li>\n<\/ul>\n<p><ins>RELOJES SWISS MADE Clon 1:1<\/ins><\/p>\n<ul>\n<li>Se ve y se siente exactamente igual. \u2714<\/li>\n<li>No se puede diferenciar entre el verdadero \u2714<\/li>\n<li>Resistente al agua 300 m \u2714<\/li>\n<li>Cristal de zafiro antirrayado con revestimiento AR \u2714<\/li>\n<li>Relojes de acero 904L y oro aut\u00e9ntico. \u2714<\/li>\n<li>Mismo peso que el original. \u2714<\/li>\n<li>Mismo Mecanismo que el Real \u2714 ( MISMO Movimiento SUIZO, Exactamente igual que el real )<\/li>\n<li>Movimiento Autom\u00e1tico \u2714 ( El segundero no hace tictac, se mueve suavemente como el original )<\/li>\n<\/ul>\n<p>&nbsp;<\/p>\n","protected":false},"excerpt":{"rendered":"<p>Rolex Sprite GMT Nuevo 2022 Modelo de r\u00e9plica &#8211; Clon de calidad AAAA+ &nbsp; Modelo Rolex Sprite GMT Nueva R\u00e9plica Clon 2022 Ref.126720VTNR Di\u00e1metro de la caja 40 Mm Exactamente id\u00e9ntico al original Material del malet\u00edn Acero Inoxidable Puro 904L Acero Ostra Que Le Da Brillo Y Aspecto Premium Como El Original Bisel Bisel graduado<\/p>\n","protected":false},"featured_media":7743,"comment_status":"open","ping_status":"closed","template":"","meta":{"_uag_custom_page_level_css":"","site-sidebar-layout":"default","site-content-layout":"","ast-site-content-layout":"default","site-content-style":"default","site-sidebar-style":"default","ast-global-header-display":"","ast-banner-title-visibility":"","ast-main-header-display":"","ast-hfb-above-header-display":"","ast-hfb-below-header-display":"","ast-hfb-mobile-header-display":"","site-post-title":"","ast-breadcrumbs-content":"","ast-featured-img":"","footer-sml-layout":"","theme-transparent-header-meta":"default","adv-header-id-meta":"","stick-header-meta":"default","header-above-stick-meta":"","header-main-stick-meta":"","header-below-stick-meta":"","astra-migrate-meta-layouts":"set","ast-page-background-enabled":"default","ast-page-background-meta":{"desktop":{"background-color":"var(--ast-global-color-4)","background-image":"","background-repeat":"repeat","background-position":"center center","background-size":"auto","background-attachment":"scroll","background-type":"","background-media":"","overlay-type":"","overlay-color":"","overlay-opacity":"","overlay-gradient":""},"tablet":{"background-color":"","background-image":"","background-repeat":"repeat","background-position":"center center","background-size":"auto","background-attachment":"scroll","background-type":"","background-media":"","overlay-type":"","overlay-color":"","overlay-opacity":"","overlay-gradient":""},"mobile":{"background-color":"","background-image":"","background-repeat":"repeat","background-position":"center center","background-size":"auto","background-attachment":"scroll","background-type":"","background-media":"","overlay-type":"","overlay-color":"","overlay-opacity":"","overlay-gradient":""}},"ast-content-background-meta":{"desktop":{"background-color":"var(--ast-global-color-5)","background-image":"","background-repeat":"repeat","background-position":"center center","background-size":"auto","background-attachment":"scroll","background-type":"","background-media":"","overlay-type":"","overlay-color":"","overlay-opacity":"","overlay-gradient":""},"tablet":{"background-color":"var(--ast-global-color-5)","background-image":"","background-repeat":"repeat","background-position":"center center","background-size":"auto","background-attachment":"scroll","background-type":"","background-media":"","overlay-type":"","overlay-color":"","overlay-opacity":"","overlay-gradient":""},"mobile":{"background-color":"var(--ast-global-color-5)","background-image":"","background-repeat":"repeat","background-position":"center center","background-size":"auto","background-attachment":"scroll","background-type":"","background-media":"","overlay-type":"","overlay-color":"","overlay-opacity":"","overlay-gradient":""}}},"product_brand":[],"product_cat":[152,168,154,174,158],"product_tag":[458,1948,1471,2981,932,442,440,474,4881,465,1364,173,499,1028,441,4974],"class_list":{"0":"post-9023","1":"product","2":"type-product","3":"status-publish","4":"has-post-thumbnail","6":"product_cat-nueva-coleccion-2024","7":"product_cat-productos-mas-nuevos","8":"product_cat-replicas-de-relojes-mas-vendidas","9":"product_cat-replica-de-rolex-gmt-master-aaa","10":"product_cat-superclones","11":"product_tag-affordable-luxury","12":"product_tag-classic-design-es","13":"product_tag-fashion-watch","14":"product_tag-gmt-watch-es","15":"product_tag-green-dial-es","16":"product_tag-high-quality-replica","17":"product_tag-luxury-watch","18":"product_tag-mens-watch","19":"product_tag-new-2022-es","20":"product_tag-replica","21":"product_tag-replica-watch","22":"product_tag-rolex-suizo","23":"product_tag-sports-watch","24":"product_tag-stainless-steel-es","25":"product_tag-swiss-movement","26":"product_tag-travel-watch-es","27":"desktop-align-left","28":"tablet-align-left","29":"mobile-align-left","30":"ast-product-gallery-layout-vertical-slider","31":"ast-product-single-variable","33":"first","34":"instock","35":"sale","36":"shipping-taxable","37":"purchasable","38":"product-type-variable"},"uagb_featured_image_src":{"full":["https:\/\/myreplicawatches.io\/wp-content\/uploads\/2023\/10\/Screenshot2023-06-30at7.43.33PM.jpg",858,856,false],"thumbnail":["https:\/\/myreplicawatches.io\/wp-content\/uploads\/2023\/10\/Screenshot2023-06-30at7.43.33PM-150x150.png",150,150,true],"medium":["https:\/\/myreplicawatches.io\/wp-content\/uploads\/2023\/10\/Screenshot2023-06-30at7.43.33PM-300x300.png",300,300,true],"medium_large":["https:\/\/myreplicawatches.io\/wp-content\/uploads\/2023\/10\/Screenshot2023-06-30at7.43.33PM-768x766.png",768,766,true],"large":["https:\/\/myreplicawatches.io\/wp-content\/uploads\/2023\/10\/Screenshot2023-06-30at7.43.33PM.jpg",858,856,false],"1536x1536":["https:\/\/myreplicawatches.io\/wp-content\/uploads\/2023\/10\/Screenshot2023-06-30at7.43.33PM.jpg",858,856,false],"2048x2048":["https:\/\/myreplicawatches.io\/wp-content\/uploads\/2023\/10\/Screenshot2023-06-30at7.43.33PM.jpg",858,856,false],"woocommerce_thumbnail":["https:\/\/myreplicawatches.io\/wp-content\/uploads\/2023\/10\/Screenshot2023-06-30at7.43.33PM-300x300.jpg",300,300,true],"woocommerce_single":["https:\/\/myreplicawatches.io\/wp-content\/uploads\/2023\/10\/Screenshot2023-06-30at7.43.33PM-600x599.jpg",600,599,true],"woocommerce_gallery_thumbnail":["https:\/\/myreplicawatches.io\/wp-content\/uploads\/2023\/10\/Screenshot2023-06-30at7.43.33PM-100x100.jpg",100,100,true],"variation_swatches_image_size":["https:\/\/myreplicawatches.io\/wp-content\/uploads\/2023\/10\/Screenshot2023-06-30at7.43.33PM.jpg",50,50,false],"variation_swatches_tooltip_size":["https:\/\/myreplicawatches.io\/wp-content\/uploads\/2023\/10\/Screenshot2023-06-30at7.43.33PM.jpg",100,100,false],"dgwt-wcas-product-suggestion":["https:\/\/myreplicawatches.io\/wp-content\/uploads\/2023\/10\/Screenshot2023-06-30at7.43.33PM-64x64.jpg",64,64,true]},"uagb_author_info":{"display_name":"admin","author_link":"https:\/\/myreplicawatches.io\/es\/author\/"},"uagb_comment_info":0,"uagb_excerpt":"Rolex Sprite GMT Nuevo 2022 Modelo de r\u00e9plica &#8211; Clon de calidad AAAA+ &nbsp; Modelo Rolex Sprite GMT Nueva R\u00e9plica Clon 2022 Ref.126720VTNR Di\u00e1metro de la caja 40 Mm Exactamente id\u00e9ntico al original Material del malet\u00edn Acero Inoxidable Puro 904L Acero Ostra Que Le Da Brillo Y Aspecto Premium Como El Original Bisel Bisel graduado","jetpack_sharing_enabled":true,"_links":{"self":[{"href":"https:\/\/myreplicawatches.io\/es\/wp-json\/wp\/v2\/product\/9023","targetHints":{"allow":["GET"]}}],"collection":[{"href":"https:\/\/myreplicawatches.io\/es\/wp-json\/wp\/v2\/product"}],"about":[{"href":"https:\/\/myreplicawatches.io\/es\/wp-json\/wp\/v2\/types\/product"}],"replies":[{"embeddable":true,"href":"https:\/\/myreplicawatches.io\/es\/wp-json\/wp\/v2\/comments?post=9023"}],"wp:featuredmedia":[{"embeddable":true,"href":"https:\/\/myreplicawatches.io\/es\/wp-json\/wp\/v2\/media\/7743"}],"wp:attachment":[{"href":"https:\/\/myreplicawatches.io\/es\/wp-json\/wp\/v2\/media?parent=9023"}],"wp:term":[{"taxonomy":"product_brand","embeddable":true,"href":"https:\/\/myreplicawatches.io\/es\/wp-json\/wp\/v2\/product_brand?post=9023"},{"taxonomy":"product_cat","embeddable":true,"href":"https:\/\/myreplicawatches.io\/es\/wp-json\/wp\/v2\/product_cat?post=9023"},{"taxonomy":"product_tag","embeddable":true,"href":"https:\/\/myreplicawatches.io\/es\/wp-json\/wp\/v2\/product_tag?post=9023"}],"curies":[{"name":"wp","href":"https:\/\/api.w.org\/{rel}","templated":true}]}}