{"id":9014,"date":"2023-10-03T22:02:02","date_gmt":"2023-10-03T22:02:02","guid":{"rendered":"https:\/\/myreplicawatches.io\/product\/replica-super-clon-rolex-gmt-master-2-plata-negro\/"},"modified":"2025-07-30T23:04:46","modified_gmt":"2025-07-30T23:04:46","slug":"replica-super-clon-rolex-gmt-master-2-plata-negro","status":"publish","type":"product","link":"https:\/\/myreplicawatches.io\/es\/product\/replica-super-clon-rolex-gmt-master-2-plata-negro\/","title":{"rendered":"Replica Super Clon Rolex GMT Master 2 Plata Negro"},"content":{"rendered":"<h2 style=\"text-align: center;\">R\u00e9plica Super Clon Rolex GMT Master 2 Plata Negro &#8211; La mejor calidad R\u00e9plica Clon Versi\u00f3n Suiza<\/h2>\n<h5 style=\"text-align: center;\">Los pedidos mediante BitCoin y transferencias bancarias directas incluyen un gran descuento Contacta con nosotros para m\u00e1s informaci\u00f3n<\/h5>\n<p style=\"text-align: center;\"><span style=\"color: #000000; background-color: #ffffff; font-size: 18px; font-family: Futura, sans-serif;\"><strong>Caja del reloj con papeles y documentos incluidos.<\/strong><\/span><\/p>\n<p style=\"text-align: left;\"><span style=\"color: #212b36; background-color: #ffffff; font-size: 14px; font-family: -apple-system, system-ui,;\"><strong><ins>Los Pedidos por Transferencia Bancaria Directa incluyen un gran Descuento ( Contacta con nosotros para m\u00e1s informaci\u00f3n )<\/ins><\/strong><\/span><\/p>\n<p style=\"text-align: left;\"><span style=\"color: #212b36; background-color: #ffffff; font-size: 14px; font-family: -apple-system, system-ui,;\"><strong>Todos los relojes tienen 1 a\u00f1o de garant\u00eda <\/strong><\/span><\/p>\n<p style=\"text-align: left;\"><span style=\"color: #212b36; background-color: #ffffff; font-size: 14px; font-family: -apple-system, system-ui,;\"><strong>Todos los relojes vienen con cajas de reloj originales con papeles y documentaci\u00f3n.RELOJES HECHOS EN JAP\u00d3N Clon 1:1<\/strong><\/span><\/p>\n<p style=\"text-align: left;\"><span style=\"color: #212b36; background-color: #ffffff; font-size: 14px; font-family: -apple-system, system-ui,;\"><ins>RELOJES HECHOS EN JAP\u00d3N Clon 1:1 del Replica Super Clon Rolex GMT Master 2 Plata Negro<\/ins><\/span><\/p>\n<ul>\n<li><span style=\"color: #212b36; background-color: #ffffff; font-size: 14px; font-family: -apple-system, system-ui,;\">Se ve y se siente exactamente igual. \u2714<\/span><\/li>\n<li><span style=\"color: #212b36; background-color: #ffffff; font-size: 14px; font-family: -apple-system, system-ui,;\">No se puede diferenciar entre el verdadero \u2714<\/span><\/li>\n<li><span style=\"color: #212b36; background-color: #ffffff; font-size: 14px; font-family: -apple-system, system-ui,;\">Resistente al agua 100 m \u2714<\/span><\/li>\n<li><span style=\"color: #212b36; background-color: #ffffff; font-size: 14px; font-family: -apple-system, system-ui,;\">Cristal de zafiro antirrayado con revestimiento AR \u2714<\/span><\/li>\n<li><span style=\"color: #212b36; background-color: #ffffff; font-size: 14px; font-family: -apple-system, system-ui,;\">Relojes de acero 904L y chapados en oro aut\u00e9ntico. \u2714<\/span><\/li>\n<li><span style=\"color: #212b36; background-color: #ffffff; font-size: 14px; font-family: -apple-system, system-ui,;\">Mismo peso que el original. \u2714<\/span><\/li>\n<li><span style=\"color: #212b36; background-color: #ffffff; font-size: 14px; font-family: -apple-system, system-ui,;\">Mismo Mecanismo que el Real \u2716 ( Mejor Movimiento Autom\u00e1tico Japon\u00e9s, peque\u00f1a diferencia detallada en el mecanismo ) <\/span><\/li>\n<li><span style=\"color: #212b36; background-color: #ffffff; font-size: 14px; font-family: -apple-system, system-ui,;\">Movimiento Autom\u00e1tico \u2714 ( El segundero no hace tictac, se mueve suavemente como el original )<\/span><\/li>\n<\/ul>\n<p style=\"text-align: left;\"><span style=\"color: #212b36; background-color: #ffffff; font-size: 14px; font-family: -apple-system, system-ui,;\"><ins>RELOJES DE FABRICACI\u00d3N SUIZA Clon 1:1 de la R\u00e9plica Super Clon Rolex GMT Master 2 Plata Negro<\/ins><\/span><\/p>\n<ul>\n<li><span style=\"color: #212b36; background-color: #ffffff; font-size: 14px; font-family: -apple-system, system-ui,;\">Se ve y se siente exactamente igual. \u2714<\/span><\/li>\n<li><span style=\"color: #212b36; background-color: #ffffff; font-size: 14px; font-family: -apple-system, system-ui,;\">No se puede diferenciar entre el verdadero \u2714<\/span><\/li>\n<li><span style=\"color: #212b36; background-color: #ffffff; font-size: 14px; font-family: -apple-system, system-ui,;\">Resistente al agua 300 m \u2714<\/span><\/li>\n<li><span style=\"color: #212b36; background-color: #ffffff; font-size: 14px; font-family: -apple-system, system-ui,;\">Cristal de zafiro antirrayado con revestimiento AR \u2714<\/span><\/li>\n<li><span style=\"color: #212b36; background-color: #ffffff; font-size: 14px; font-family: -apple-system, system-ui,;\">Relojes de acero 904L y oro aut\u00e9ntico. \u2714<\/span><\/li>\n<li><span style=\"color: #212b36; background-color: #ffffff; font-size: 14px; font-family: -apple-system, system-ui,;\">Mismo peso que el original. \u2714<\/span><\/li>\n<li><span style=\"color: #212b36; background-color: #ffffff; font-size: 14px; font-family: -apple-system, system-ui,;\">Mismo Mecanismo que el Real \u2714 ( MISMO Movimiento SUIZO, Exactamente igual que el real ) <\/span><\/li>\n<li><span style=\"color: #212b36; background-color: #ffffff; font-size: 14px; font-family: -apple-system, system-ui,;\">Movimiento autom\u00e1tico \u2714 ( El segundero no hace tictac, se mueve suavemente como el original <\/span><\/li>\n<\/ul>\n<div><\/div>\n<p>&nbsp;<\/p>\n<h4><strong>Descripci\u00f3n de la R\u00e9plica Super Clon Rolex GMT Master 2 Plata Negro<\/strong><\/h4>\n<ul>\n<li>Sexo:Hombre<\/li>\n<li>Movimiento:Autom\u00e1tico<\/li>\n<li><strong>Tama\u00f1o:<\/strong>40 MM<\/li>\n<li><strong>Material de la pulsera:<\/strong>Acero inoxidable de grado 316<\/li>\n<li><strong>Tipo de esfera:<\/strong>Negra<\/li>\n<\/ul>\n<p>&nbsp;<\/p>\n<h2>Garant\u00eda<\/h2>\n<p>100% de satisfacci\u00f3n garantizada Si no est\u00e1s satisfecho al 100% con tu primer Reloj Hype de Lujo, nos comprometemos a arreglarlo todo.<\/p>\n<h4>Entrega<\/h4>\n<p>Env\u00edo DHL a todo el mundo &#8211; De 3 a 10 d\u00edas estimado de llegada<\/p>\n<p>Una vez realizado el pedido, el env\u00edo del producto tardar\u00e1 de 2 a 3 d\u00edas. Recibir\u00e1s tu n\u00famero de seguimiento inmediatamente despu\u00e9s del env\u00edo<\/p>\n","protected":false},"excerpt":{"rendered":"<p>R\u00e9plica Super Clon Rolex GMT Master 2 Plata Negro &#8211; La mejor calidad R\u00e9plica Clon Versi\u00f3n Suiza Los pedidos mediante BitCoin y transferencias bancarias directas incluyen un gran descuento Contacta con nosotros para m\u00e1s informaci\u00f3n Caja del reloj con papeles y documentos incluidos. Los Pedidos por Transferencia Bancaria Directa incluyen un gran Descuento ( Contacta<\/p>\n","protected":false},"featured_media":8656,"comment_status":"open","ping_status":"closed","template":"","meta":{"_uag_custom_page_level_css":"","site-sidebar-layout":"default","site-content-layout":"","ast-site-content-layout":"default","site-content-style":"default","site-sidebar-style":"default","ast-global-header-display":"","ast-banner-title-visibility":"","ast-main-header-display":"","ast-hfb-above-header-display":"","ast-hfb-below-header-display":"","ast-hfb-mobile-header-display":"","site-post-title":"","ast-breadcrumbs-content":"","ast-featured-img":"","footer-sml-layout":"","theme-transparent-header-meta":"default","adv-header-id-meta":"","stick-header-meta":"default","header-above-stick-meta":"","header-main-stick-meta":"","header-below-stick-meta":"","astra-migrate-meta-layouts":"set","ast-page-background-enabled":"default","ast-page-background-meta":{"desktop":{"background-color":"var(--ast-global-color-4)","background-image":"","background-repeat":"repeat","background-position":"center center","background-size":"auto","background-attachment":"scroll","background-type":"","background-media":"","overlay-type":"","overlay-color":"","overlay-opacity":"","overlay-gradient":""},"tablet":{"background-color":"","background-image":"","background-repeat":"repeat","background-position":"center center","background-size":"auto","background-attachment":"scroll","background-type":"","background-media":"","overlay-type":"","overlay-color":"","overlay-opacity":"","overlay-gradient":""},"mobile":{"background-color":"","background-image":"","background-repeat":"repeat","background-position":"center center","background-size":"auto","background-attachment":"scroll","background-type":"","background-media":"","overlay-type":"","overlay-color":"","overlay-opacity":"","overlay-gradient":""}},"ast-content-background-meta":{"desktop":{"background-color":"var(--ast-global-color-5)","background-image":"","background-repeat":"repeat","background-position":"center center","background-size":"auto","background-attachment":"scroll","background-type":"","background-media":"","overlay-type":"","overlay-color":"","overlay-opacity":"","overlay-gradient":""},"tablet":{"background-color":"var(--ast-global-color-5)","background-image":"","background-repeat":"repeat","background-position":"center center","background-size":"auto","background-attachment":"scroll","background-type":"","background-media":"","overlay-type":"","overlay-color":"","overlay-opacity":"","overlay-gradient":""},"mobile":{"background-color":"var(--ast-global-color-5)","background-image":"","background-repeat":"repeat","background-position":"center center","background-size":"auto","background-attachment":"scroll","background-type":"","background-media":"","overlay-type":"","overlay-color":"","overlay-opacity":"","overlay-gradient":""}}},"product_brand":[],"product_cat":[168,154,174,170,158],"product_tag":[458,1948,1471,1637,442,440,474,1364,4931,173,4973,499,1028,441,4974],"class_list":{"0":"post-9014","1":"product","2":"type-product","3":"status-publish","4":"has-post-thumbnail","6":"product_cat-productos-mas-nuevos","7":"product_cat-replicas-de-relojes-mas-vendidas","8":"product_cat-replica-de-rolex-gmt-master-aaa","9":"product_cat-super-clon-rolex","10":"product_cat-superclones","11":"product_tag-affordable-luxury","12":"product_tag-classic-design-es","13":"product_tag-fashion-watch","14":"product_tag-gmt-function","15":"product_tag-high-quality-replica","16":"product_tag-luxury-watch","17":"product_tag-mens-watch","18":"product_tag-replica-watch","19":"product_tag-rolex-gmt-master-2-es","20":"product_tag-rolex-suizo","21":"product_tag-rotating-bezel-es","22":"product_tag-sports-watch","23":"product_tag-stainless-steel-es","24":"product_tag-swiss-movement","25":"product_tag-travel-watch-es","26":"desktop-align-left","27":"tablet-align-left","28":"mobile-align-left","29":"ast-product-gallery-layout-vertical-slider","30":"ast-product-single-variable","32":"first","33":"instock","34":"shipping-taxable","35":"purchasable","36":"product-type-variable"},"uagb_featured_image_src":{"full":["https:\/\/myreplicawatches.io\/wp-content\/uploads\/2023\/10\/Replica-rolex-Sky-dweller-rose-gold-76-1.jpg",1080,1080,false],"thumbnail":["https:\/\/myreplicawatches.io\/wp-content\/uploads\/2023\/10\/Replica-rolex-Sky-dweller-rose-gold-76-1-150x150.jpg",150,150,true],"medium":["https:\/\/myreplicawatches.io\/wp-content\/uploads\/2023\/10\/Replica-rolex-Sky-dweller-rose-gold-76-1-300x300.jpg",300,300,true],"medium_large":["https:\/\/myreplicawatches.io\/wp-content\/uploads\/2023\/10\/Replica-rolex-Sky-dweller-rose-gold-76-1-768x768.jpg",768,768,true],"large":["https:\/\/myreplicawatches.io\/wp-content\/uploads\/2023\/10\/Replica-rolex-Sky-dweller-rose-gold-76-1-1024x1024.jpg",1024,1024,true],"1536x1536":["https:\/\/myreplicawatches.io\/wp-content\/uploads\/2023\/10\/Replica-rolex-Sky-dweller-rose-gold-76-1.jpg",1080,1080,false],"2048x2048":["https:\/\/myreplicawatches.io\/wp-content\/uploads\/2023\/10\/Replica-rolex-Sky-dweller-rose-gold-76-1.jpg",1080,1080,false],"woocommerce_thumbnail":["https:\/\/myreplicawatches.io\/wp-content\/uploads\/2023\/10\/Replica-rolex-Sky-dweller-rose-gold-76-1-300x300.jpg",300,300,true],"woocommerce_single":["https:\/\/myreplicawatches.io\/wp-content\/uploads\/2023\/10\/Replica-rolex-Sky-dweller-rose-gold-76-1-600x600.jpg",600,600,true],"woocommerce_gallery_thumbnail":["https:\/\/myreplicawatches.io\/wp-content\/uploads\/2023\/10\/Replica-rolex-Sky-dweller-rose-gold-76-1-100x100.jpg",100,100,true],"variation_swatches_image_size":["https:\/\/myreplicawatches.io\/wp-content\/uploads\/2023\/10\/Replica-rolex-Sky-dweller-rose-gold-76-1-50x50.jpg",50,50,true],"variation_swatches_tooltip_size":["https:\/\/myreplicawatches.io\/wp-content\/uploads\/2023\/10\/Replica-rolex-Sky-dweller-rose-gold-76-1-100x100.jpg",100,100,true],"dgwt-wcas-product-suggestion":["https:\/\/myreplicawatches.io\/wp-content\/uploads\/2023\/10\/Replica-rolex-Sky-dweller-rose-gold-76-1-64x64.jpg",64,64,true]},"uagb_author_info":{"display_name":"admin","author_link":"https:\/\/myreplicawatches.io\/es\/author\/"},"uagb_comment_info":0,"uagb_excerpt":"R\u00e9plica Super Clon Rolex GMT Master 2 Plata Negro &#8211; La mejor calidad R\u00e9plica Clon Versi\u00f3n Suiza Los pedidos mediante BitCoin y transferencias bancarias directas incluyen un gran descuento Contacta con nosotros para m\u00e1s informaci\u00f3n Caja del reloj con papeles y documentos incluidos. Los Pedidos por Transferencia Bancaria Directa incluyen un gran Descuento ( Contacta","jetpack_sharing_enabled":true,"_links":{"self":[{"href":"https:\/\/myreplicawatches.io\/es\/wp-json\/wp\/v2\/product\/9014","targetHints":{"allow":["GET"]}}],"collection":[{"href":"https:\/\/myreplicawatches.io\/es\/wp-json\/wp\/v2\/product"}],"about":[{"href":"https:\/\/myreplicawatches.io\/es\/wp-json\/wp\/v2\/types\/product"}],"replies":[{"embeddable":true,"href":"https:\/\/myreplicawatches.io\/es\/wp-json\/wp\/v2\/comments?post=9014"}],"wp:featuredmedia":[{"embeddable":true,"href":"https:\/\/myreplicawatches.io\/es\/wp-json\/wp\/v2\/media\/8656"}],"wp:attachment":[{"href":"https:\/\/myreplicawatches.io\/es\/wp-json\/wp\/v2\/media?parent=9014"}],"wp:term":[{"taxonomy":"product_brand","embeddable":true,"href":"https:\/\/myreplicawatches.io\/es\/wp-json\/wp\/v2\/product_brand?post=9014"},{"taxonomy":"product_cat","embeddable":true,"href":"https:\/\/myreplicawatches.io\/es\/wp-json\/wp\/v2\/product_cat?post=9014"},{"taxonomy":"product_tag","embeddable":true,"href":"https:\/\/myreplicawatches.io\/es\/wp-json\/wp\/v2\/product_tag?post=9014"}],"curies":[{"name":"wp","href":"https:\/\/api.w.org\/{rel}","templated":true}]}}