{"id":9002,"date":"2023-10-03T22:01:52","date_gmt":"2023-10-03T22:01:52","guid":{"rendered":"https:\/\/myreplicawatches.io\/product\/replica-rolex-gmt-master-2-oro-rosa-negro\/"},"modified":"2025-09-20T14:39:05","modified_gmt":"2025-09-20T14:39:05","slug":"replica-rolex-gmt-master-2-oro-rosa-negro","status":"publish","type":"product","link":"https:\/\/myreplicawatches.io\/es\/product\/replica-rolex-gmt-master-2-oro-rosa-negro\/","title":{"rendered":"R\u00e9plica Rolex GMT Master 2 &#8211; Oro rosa\/negro"},"content":{"rendered":"<h3>R\u00e9plica Rolex GMT Master 2 &#8211; Oro rosa\/negro &#8211; Clon de calidad AAAA+<\/h3>\n<p>&nbsp;<\/p>\n<div class=\"woocommerce-product-details__short-description\">\n<h2><b>Descripci\u00f3n<\/b><\/h2>\n<ul>\n<li><strong>Sexo:<\/strong>Hombres<\/li>\n<li>Movimiento:Autom\u00e1tico<\/li>\n<li><strong>Tama\u00f1o:<\/strong>40 MM<\/li>\n<li><strong>Material de la pulsera:<\/strong>Acero inoxidable de grado 316<\/li>\n<li><strong>Tipo de esfera:<\/strong>Negra<\/li>\n<\/ul>\n<p>&nbsp;<\/p>\n<h2>Garant\u00eda<\/h2>\n<p>100% de satisfacci\u00f3n garantizada Si no est\u00e1s satisfecho al 100% con tu primer Reloj Hype de Lujo, nos comprometemos a arreglarlo todo.<\/p>\n<h2>Entrega<\/h2>\n<p>Env\u00edo Fedex a todo el mundo &#8211; De 3 a 10 d\u00edas estimado de llegada<\/p>\n<p>Una vez realizado el pedido, el env\u00edo del producto tardar\u00e1 de 2 a 3 d\u00edas. Recibir\u00e1s tu n\u00famero de seguimiento inmediatamente despu\u00e9s del env\u00edo<\/p>\n<\/div>\n","protected":false},"excerpt":{"rendered":"<p>R\u00e9plica Rolex GMT Master 2 &#8211; Oro rosa\/negro &#8211; Clon de calidad AAAA+ &nbsp; Descripci\u00f3n Sexo:Hombres Movimiento:Autom\u00e1tico Tama\u00f1o:40 MM Material de la pulsera:Acero inoxidable de grado 316 Tipo de esfera:Negra &nbsp; Garant\u00eda 100% de satisfacci\u00f3n garantizada Si no est\u00e1s satisfecho al 100% con tu primer Reloj Hype de Lujo, nos comprometemos a arreglarlo todo. Entrega<\/p>\n","protected":false},"featured_media":7690,"comment_status":"open","ping_status":"closed","template":"","meta":{"_uag_custom_page_level_css":"","site-sidebar-layout":"default","site-content-layout":"","ast-site-content-layout":"default","site-content-style":"default","site-sidebar-style":"default","ast-global-header-display":"","ast-banner-title-visibility":"","ast-main-header-display":"","ast-hfb-above-header-display":"","ast-hfb-below-header-display":"","ast-hfb-mobile-header-display":"","site-post-title":"","ast-breadcrumbs-content":"","ast-featured-img":"","footer-sml-layout":"","theme-transparent-header-meta":"default","adv-header-id-meta":"","stick-header-meta":"default","header-above-stick-meta":"","header-main-stick-meta":"","header-below-stick-meta":"","astra-migrate-meta-layouts":"set","ast-page-background-enabled":"default","ast-page-background-meta":{"desktop":{"background-color":"var(--ast-global-color-4)","background-image":"","background-repeat":"repeat","background-position":"center center","background-size":"auto","background-attachment":"scroll","background-type":"","background-media":"","overlay-type":"","overlay-color":"","overlay-opacity":"","overlay-gradient":""},"tablet":{"background-color":"","background-image":"","background-repeat":"repeat","background-position":"center center","background-size":"auto","background-attachment":"scroll","background-type":"","background-media":"","overlay-type":"","overlay-color":"","overlay-opacity":"","overlay-gradient":""},"mobile":{"background-color":"","background-image":"","background-repeat":"repeat","background-position":"center center","background-size":"auto","background-attachment":"scroll","background-type":"","background-media":"","overlay-type":"","overlay-color":"","overlay-opacity":"","overlay-gradient":""}},"ast-content-background-meta":{"desktop":{"background-color":"var(--ast-global-color-5)","background-image":"","background-repeat":"repeat","background-position":"center center","background-size":"auto","background-attachment":"scroll","background-type":"","background-media":"","overlay-type":"","overlay-color":"","overlay-opacity":"","overlay-gradient":""},"tablet":{"background-color":"var(--ast-global-color-5)","background-image":"","background-repeat":"repeat","background-position":"center center","background-size":"auto","background-attachment":"scroll","background-type":"","background-media":"","overlay-type":"","overlay-color":"","overlay-opacity":"","overlay-gradient":""},"mobile":{"background-color":"var(--ast-global-color-5)","background-image":"","background-repeat":"repeat","background-position":"center center","background-size":"auto","background-attachment":"scroll","background-type":"","background-media":"","overlay-type":"","overlay-color":"","overlay-opacity":"","overlay-gradient":""}}},"product_brand":[],"product_cat":[168,162,154,174],"product_tag":[458,1948,1471,1637,1661,442,440,474,453,1364,187,668,4973,499,1028,441,4974],"class_list":{"0":"post-9002","1":"product","2":"type-product","3":"status-publish","4":"has-post-thumbnail","6":"product_cat-productos-mas-nuevos","7":"product_cat-replica-super-clon-rolex-aaa","8":"product_cat-replicas-de-relojes-mas-vendidas","9":"product_cat-replica-de-rolex-gmt-master-aaa","10":"product_tag-affordable-luxury","11":"product_tag-classic-design-es","12":"product_tag-fashion-watch","13":"product_tag-gmt-function","14":"product_tag-gmt-master-2-es","15":"product_tag-high-quality-replica","16":"product_tag-luxury-watch","17":"product_tag-mens-watch","18":"product_tag-replica-rolex","19":"product_tag-replica-watch","20":"product_tag-rolex-es","21":"product_tag-rose-gold-es","22":"product_tag-rotating-bezel-es","23":"product_tag-sports-watch","24":"product_tag-stainless-steel-es","25":"product_tag-swiss-movement","26":"product_tag-travel-watch-es","27":"desktop-align-left","28":"tablet-align-left","29":"mobile-align-left","30":"ast-product-gallery-layout-vertical-slider","32":"first","33":"instock","34":"shipping-taxable","35":"purchasable","36":"product-type-simple"},"uagb_featured_image_src":{"full":["https:\/\/myreplicawatches.io\/wp-content\/uploads\/2023\/10\/replica-rolex-gmt-master-2-rose-goldblack-2.jpg",670,994,false],"thumbnail":["https:\/\/myreplicawatches.io\/wp-content\/uploads\/2023\/10\/replica-rolex-gmt-master-2-rose-goldblack-2-150x150.png",150,150,true],"medium":["https:\/\/myreplicawatches.io\/wp-content\/uploads\/2023\/10\/replica-rolex-gmt-master-2-rose-goldblack-2-202x300.png",202,300,true],"medium_large":["https:\/\/myreplicawatches.io\/wp-content\/uploads\/2023\/10\/replica-rolex-gmt-master-2-rose-goldblack-2.jpg",670,994,false],"large":["https:\/\/myreplicawatches.io\/wp-content\/uploads\/2023\/10\/replica-rolex-gmt-master-2-rose-goldblack-2.jpg",670,994,false],"1536x1536":["https:\/\/myreplicawatches.io\/wp-content\/uploads\/2023\/10\/replica-rolex-gmt-master-2-rose-goldblack-2.jpg",670,994,false],"2048x2048":["https:\/\/myreplicawatches.io\/wp-content\/uploads\/2023\/10\/replica-rolex-gmt-master-2-rose-goldblack-2.jpg",670,994,false],"woocommerce_thumbnail":["https:\/\/myreplicawatches.io\/wp-content\/uploads\/2023\/10\/replica-rolex-gmt-master-2-rose-goldblack-2-300x300.jpg",300,300,true],"woocommerce_single":["https:\/\/myreplicawatches.io\/wp-content\/uploads\/2023\/10\/replica-rolex-gmt-master-2-rose-goldblack-2-600x890.jpg",600,890,true],"woocommerce_gallery_thumbnail":["https:\/\/myreplicawatches.io\/wp-content\/uploads\/2023\/10\/replica-rolex-gmt-master-2-rose-goldblack-2-100x100.jpg",100,100,true],"variation_swatches_image_size":["https:\/\/myreplicawatches.io\/wp-content\/uploads\/2023\/10\/replica-rolex-gmt-master-2-rose-goldblack-2.jpg",34,50,false],"variation_swatches_tooltip_size":["https:\/\/myreplicawatches.io\/wp-content\/uploads\/2023\/10\/replica-rolex-gmt-master-2-rose-goldblack-2.jpg",67,100,false],"dgwt-wcas-product-suggestion":["https:\/\/myreplicawatches.io\/wp-content\/uploads\/2023\/10\/replica-rolex-gmt-master-2-rose-goldblack-2-64x95.jpg",64,95,true]},"uagb_author_info":{"display_name":"admin","author_link":"https:\/\/myreplicawatches.io\/es\/author\/"},"uagb_comment_info":0,"uagb_excerpt":"R\u00e9plica Rolex GMT Master 2 &#8211; Oro rosa\/negro &#8211; Clon de calidad AAAA+ &nbsp; Descripci\u00f3n Sexo:Hombres Movimiento:Autom\u00e1tico Tama\u00f1o:40 MM Material de la pulsera:Acero inoxidable de grado 316 Tipo de esfera:Negra &nbsp; Garant\u00eda 100% de satisfacci\u00f3n garantizada Si no est\u00e1s satisfecho al 100% con tu primer Reloj Hype de Lujo, nos comprometemos a arreglarlo todo. Entrega","jetpack_sharing_enabled":true,"_links":{"self":[{"href":"https:\/\/myreplicawatches.io\/es\/wp-json\/wp\/v2\/product\/9002","targetHints":{"allow":["GET"]}}],"collection":[{"href":"https:\/\/myreplicawatches.io\/es\/wp-json\/wp\/v2\/product"}],"about":[{"href":"https:\/\/myreplicawatches.io\/es\/wp-json\/wp\/v2\/types\/product"}],"replies":[{"embeddable":true,"href":"https:\/\/myreplicawatches.io\/es\/wp-json\/wp\/v2\/comments?post=9002"}],"wp:featuredmedia":[{"embeddable":true,"href":"https:\/\/myreplicawatches.io\/es\/wp-json\/wp\/v2\/media\/7690"}],"wp:attachment":[{"href":"https:\/\/myreplicawatches.io\/es\/wp-json\/wp\/v2\/media?parent=9002"}],"wp:term":[{"taxonomy":"product_brand","embeddable":true,"href":"https:\/\/myreplicawatches.io\/es\/wp-json\/wp\/v2\/product_brand?post=9002"},{"taxonomy":"product_cat","embeddable":true,"href":"https:\/\/myreplicawatches.io\/es\/wp-json\/wp\/v2\/product_cat?post=9002"},{"taxonomy":"product_tag","embeddable":true,"href":"https:\/\/myreplicawatches.io\/es\/wp-json\/wp\/v2\/product_tag?post=9002"}],"curies":[{"name":"wp","href":"https:\/\/api.w.org\/{rel}","templated":true}]}}