{"id":8983,"date":"2023-10-03T22:03:03","date_gmt":"2023-10-03T22:03:03","guid":{"rendered":"https:\/\/myreplicawatches.io\/product\/replica-rolex-sky-dweller-correa-de-caucho-negra\/"},"modified":"2025-02-21T09:43:21","modified_gmt":"2025-02-21T09:43:21","slug":"replica-rolex-sky-dweller-correa-de-caucho-negra","status":"publish","type":"product","link":"https:\/\/myreplicawatches.io\/es\/product\/replica-rolex-sky-dweller-correa-de-caucho-negra\/","title":{"rendered":"R\u00e9plica Rolex Sky-Dweller Correa de caucho negra"},"content":{"rendered":"<h4>R\u00e9plica Rolex Sky-Dweller Correa de caucho negra &#8211; El mejor reloj clon de calidad AAAA+<\/h4>\n<p>&nbsp;<\/p>\n<h5>Ventajas de poseer la R\u00e9plica Rolex Sky-Dweller Correa de caucho negra<\/h5>\n<ul>\n<li>Una r\u00e9plica puede comprarse a un precio mucho m\u00e1s barato que uno aut\u00e9ntico, sin embargo, un reloj r\u00e9plica parecer\u00e1 y se sentir\u00e1 igual que el original.<\/li>\n<li>Lo \u00faltimo que alguien quiere es gastarse una fortuna para conseguir un reloj de lujo que tiene peque\u00f1as diferencias con nuestras r\u00e9plicas de relojes.<\/li>\n<li>Muchos entusiastas de los relojes no quieren gastarse miles de d\u00f3lares en relojes y quieren tener esa gran sensaci\u00f3n de poseer un gran reloj de una marca de lujo. Aqu\u00ed es cuando entran en juego los relojes myreplicawatches.io y proporcionan esa sensaci\u00f3n a sus clientes.<\/li>\n<li>\u00bf Tienes ya un aut\u00e9ntico reloj de alta gama que no quieres llevar por motivos de seguridad o por razones de devaluaci\u00f3n en algunas ocasiones ?<br \/>\nLleva tu r\u00e9plica de reloj Rolex Sky-Dweller de alta calidad con correa de caucho negra y si\u00e9ntete m\u00e1s seguro, ten la misma confianza, protege tus objetos de valor<\/li>\n<\/ul>\n<table>\n<tbody>\n<tr>\n<th>MARCA<\/th>\n<td>Rolex<\/td>\n<\/tr>\n<tr>\n<th>COLECCI\u00d3N<\/th>\n<td>Sky-Dweller<\/td>\n<\/tr>\n<tr>\n<th>MODELO<\/th>\n<td>326238<\/td>\n<\/tr>\n<tr>\n<th>G\u00c9NERO<\/th>\n<td>Hombres<\/td>\n<\/tr>\n<tr>\n<th>MOVIMIENTO<\/th>\n<td>Autom\u00e1tico<\/td>\n<\/tr>\n<tr>\n<th>TAMA\u00d1O DE LA CAJA<\/th>\n<td>42 MM<\/td>\n<\/tr>\n<tr>\n<th>MATERIAL DE LA CAJA<\/th>\n<td>Oro amarillo<\/td>\n<\/tr>\n<tr>\n<th>MATERIAL DE LA PULSERA<\/th>\n<td>Goma<\/td>\n<\/tr>\n<tr>\n<th>TIPO DE DIAL<\/th>\n<td>Negro<\/td>\n<\/tr>\n<tr>\n<th>RESISTENCIA AL AGUA<\/th>\n<td>Resistente al agua<\/td>\n<\/tr>\n<\/tbody>\n<\/table>\n<p>&nbsp;<\/p>\n<p>Elige arriba el color de esfera que prefieras.<\/p>\n<p>El color del cierre Rolex de la correa es siempre el mismo que el del bisel.<\/p>\n<p>Si tienes alguna duda, ponte en contacto con nosotros.<\/p>\n","protected":false},"excerpt":{"rendered":"<p>R\u00e9plica Rolex Sky-Dweller Correa de caucho negra &#8211; El mejor reloj clon de calidad AAAA+ &nbsp; Ventajas de poseer la R\u00e9plica Rolex Sky-Dweller Correa de caucho negra Una r\u00e9plica puede comprarse a un precio mucho m\u00e1s barato que uno aut\u00e9ntico, sin embargo, un reloj r\u00e9plica parecer\u00e1 y se sentir\u00e1 igual que el original. Lo \u00faltimo<\/p>\n","protected":false},"featured_media":7737,"comment_status":"open","ping_status":"closed","template":"","meta":{"_uag_custom_page_level_css":"","site-sidebar-layout":"default","site-content-layout":"","ast-site-content-layout":"default","site-content-style":"default","site-sidebar-style":"default","ast-global-header-display":"","ast-banner-title-visibility":"","ast-main-header-display":"","ast-hfb-above-header-display":"","ast-hfb-below-header-display":"","ast-hfb-mobile-header-display":"","site-post-title":"","ast-breadcrumbs-content":"","ast-featured-img":"","footer-sml-layout":"","theme-transparent-header-meta":"default","adv-header-id-meta":"","stick-header-meta":"default","header-above-stick-meta":"","header-main-stick-meta":"","header-below-stick-meta":"","astra-migrate-meta-layouts":"set","ast-page-background-enabled":"default","ast-page-background-meta":{"desktop":{"background-color":"var(--ast-global-color-4)","background-image":"","background-repeat":"repeat","background-position":"center center","background-size":"auto","background-attachment":"scroll","background-type":"","background-media":"","overlay-type":"","overlay-color":"","overlay-opacity":"","overlay-gradient":""},"tablet":{"background-color":"","background-image":"","background-repeat":"repeat","background-position":"center center","background-size":"auto","background-attachment":"scroll","background-type":"","background-media":"","overlay-type":"","overlay-color":"","overlay-opacity":"","overlay-gradient":""},"mobile":{"background-color":"","background-image":"","background-repeat":"repeat","background-position":"center center","background-size":"auto","background-attachment":"scroll","background-type":"","background-media":"","overlay-type":"","overlay-color":"","overlay-opacity":"","overlay-gradient":""}},"ast-content-background-meta":{"desktop":{"background-color":"var(--ast-global-color-5)","background-image":"","background-repeat":"repeat","background-position":"center center","background-size":"auto","background-attachment":"scroll","background-type":"","background-media":"","overlay-type":"","overlay-color":"","overlay-opacity":"","overlay-gradient":""},"tablet":{"background-color":"var(--ast-global-color-5)","background-image":"","background-repeat":"repeat","background-position":"center center","background-size":"auto","background-attachment":"scroll","background-type":"","background-media":"","overlay-type":"","overlay-color":"","overlay-opacity":"","overlay-gradient":""},"mobile":{"background-color":"var(--ast-global-color-5)","background-image":"","background-repeat":"repeat","background-position":"center center","background-size":"auto","background-attachment":"scroll","background-type":"","background-media":"","overlay-type":"","overlay-color":"","overlay-opacity":"","overlay-gradient":""}}},"product_brand":[],"product_cat":[152,168,162,154,179],"product_tag":[458,4893,4894,1948,446,1471,442,440,474,453,1364,2900,499,1028,441,4895],"class_list":{"0":"post-8983","1":"product","2":"type-product","3":"status-publish","4":"has-post-thumbnail","6":"product_cat-nueva-coleccion-2024","7":"product_cat-productos-mas-nuevos","8":"product_cat-replica-super-clon-rolex-aaa","9":"product_cat-replicas-de-relojes-mas-vendidas","10":"product_cat-habitante-del-cielo","11":"product_tag-affordable-luxury","12":"product_tag-black-rubber-strap","13":"product_tag-black-strap","14":"product_tag-classic-design-es","15":"product_tag-elegant-watch","16":"product_tag-fashion-watch","17":"product_tag-high-quality-replica","18":"product_tag-luxury-watch","19":"product_tag-mens-watch","20":"product_tag-replica-rolex","21":"product_tag-replica-watch","22":"product_tag-sky-dweller-es","23":"product_tag-sports-watch","24":"product_tag-stainless-steel-es","25":"product_tag-swiss-movement","26":"product_tag-travelers-watch","27":"desktop-align-left","28":"tablet-align-left","29":"mobile-align-left","30":"ast-product-gallery-layout-vertical-slider","31":"ast-product-single-variable","33":"first","34":"instock","35":"sale","36":"shipping-taxable","37":"purchasable","38":"product-type-variable"},"uagb_featured_image_src":{"full":["https:\/\/myreplicawatches.io\/wp-content\/uploads\/2023\/10\/image_5d06d21a-be90-48dc-8b7b-1c35f1ec43a5.jpg",867,1085,false],"thumbnail":["https:\/\/myreplicawatches.io\/wp-content\/uploads\/2023\/10\/image_5d06d21a-be90-48dc-8b7b-1c35f1ec43a5-150x150.jpg",150,150,true],"medium":["https:\/\/myreplicawatches.io\/wp-content\/uploads\/2023\/10\/image_5d06d21a-be90-48dc-8b7b-1c35f1ec43a5-240x300.jpg",240,300,true],"medium_large":["https:\/\/myreplicawatches.io\/wp-content\/uploads\/2023\/10\/image_5d06d21a-be90-48dc-8b7b-1c35f1ec43a5-768x961.jpg",768,961,true],"large":["https:\/\/myreplicawatches.io\/wp-content\/uploads\/2023\/10\/image_5d06d21a-be90-48dc-8b7b-1c35f1ec43a5-818x1024.jpg",818,1024,true],"1536x1536":["https:\/\/myreplicawatches.io\/wp-content\/uploads\/2023\/10\/image_5d06d21a-be90-48dc-8b7b-1c35f1ec43a5.jpg",867,1085,false],"2048x2048":["https:\/\/myreplicawatches.io\/wp-content\/uploads\/2023\/10\/image_5d06d21a-be90-48dc-8b7b-1c35f1ec43a5.jpg",867,1085,false],"woocommerce_thumbnail":["https:\/\/myreplicawatches.io\/wp-content\/uploads\/2023\/10\/image_5d06d21a-be90-48dc-8b7b-1c35f1ec43a5-300x300.jpg",300,300,true],"woocommerce_single":["https:\/\/myreplicawatches.io\/wp-content\/uploads\/2023\/10\/image_5d06d21a-be90-48dc-8b7b-1c35f1ec43a5-600x751.jpg",600,751,true],"woocommerce_gallery_thumbnail":["https:\/\/myreplicawatches.io\/wp-content\/uploads\/2023\/10\/image_5d06d21a-be90-48dc-8b7b-1c35f1ec43a5-100x100.jpg",100,100,true],"variation_swatches_image_size":["https:\/\/myreplicawatches.io\/wp-content\/uploads\/2023\/10\/image_5d06d21a-be90-48dc-8b7b-1c35f1ec43a5.jpg",40,50,false],"variation_swatches_tooltip_size":["https:\/\/myreplicawatches.io\/wp-content\/uploads\/2023\/10\/image_5d06d21a-be90-48dc-8b7b-1c35f1ec43a5.jpg",80,100,false],"dgwt-wcas-product-suggestion":["https:\/\/myreplicawatches.io\/wp-content\/uploads\/2023\/10\/image_5d06d21a-be90-48dc-8b7b-1c35f1ec43a5-64x80.jpg",64,80,true]},"uagb_author_info":{"display_name":"admin","author_link":"https:\/\/myreplicawatches.io\/es\/author\/"},"uagb_comment_info":0,"uagb_excerpt":"R\u00e9plica Rolex Sky-Dweller Correa de caucho negra &#8211; El mejor reloj clon de calidad AAAA+ &nbsp; Ventajas de poseer la R\u00e9plica Rolex Sky-Dweller Correa de caucho negra Una r\u00e9plica puede comprarse a un precio mucho m\u00e1s barato que uno aut\u00e9ntico, sin embargo, un reloj r\u00e9plica parecer\u00e1 y se sentir\u00e1 igual que el original. Lo \u00faltimo","jetpack_sharing_enabled":true,"_links":{"self":[{"href":"https:\/\/myreplicawatches.io\/es\/wp-json\/wp\/v2\/product\/8983","targetHints":{"allow":["GET"]}}],"collection":[{"href":"https:\/\/myreplicawatches.io\/es\/wp-json\/wp\/v2\/product"}],"about":[{"href":"https:\/\/myreplicawatches.io\/es\/wp-json\/wp\/v2\/types\/product"}],"replies":[{"embeddable":true,"href":"https:\/\/myreplicawatches.io\/es\/wp-json\/wp\/v2\/comments?post=8983"}],"wp:featuredmedia":[{"embeddable":true,"href":"https:\/\/myreplicawatches.io\/es\/wp-json\/wp\/v2\/media\/7737"}],"wp:attachment":[{"href":"https:\/\/myreplicawatches.io\/es\/wp-json\/wp\/v2\/media?parent=8983"}],"wp:term":[{"taxonomy":"product_brand","embeddable":true,"href":"https:\/\/myreplicawatches.io\/es\/wp-json\/wp\/v2\/product_brand?post=8983"},{"taxonomy":"product_cat","embeddable":true,"href":"https:\/\/myreplicawatches.io\/es\/wp-json\/wp\/v2\/product_cat?post=8983"},{"taxonomy":"product_tag","embeddable":true,"href":"https:\/\/myreplicawatches.io\/es\/wp-json\/wp\/v2\/product_tag?post=8983"}],"curies":[{"name":"wp","href":"https:\/\/api.w.org\/{rel}","templated":true}]}}