{"id":8982,"date":"2023-10-03T22:03:24","date_gmt":"2023-10-03T22:03:24","guid":{"rendered":"https:\/\/myreplicawatches.io\/product\/replica-rolex-submariner-plata-negro\/"},"modified":"2025-09-20T14:38:17","modified_gmt":"2025-09-20T14:38:17","slug":"replica-rolex-submariner-plata-negro","status":"publish","type":"product","link":"https:\/\/myreplicawatches.io\/es\/product\/replica-rolex-submariner-plata-negro\/","title":{"rendered":"R\u00e9plica Rolex Submariner &#8211; Plata\/Negro"},"content":{"rendered":"<p><strong><img decoding=\"async\" style=\"display: block; margin-left: auto; margin-right: auto;\" src=\"\/\/cdn.shopify.com\/s\/files\/1\/0027\/0748\/8883\/files\/checkout_icon_02b92492-cff8-4474-b98b-81bbaa03a415_large.png?v=1529695134\" alt=\"\" title=\"\"><\/strong><\/p>\n<div style=\"text-align: left;\"><\/div>\n<h5>Ventajas de poseer el Replica Rolex Submariner &#8211; Plata\/Negro:<\/h5>\n<ul>\n<li>Una r\u00e9plica puede comprarse a un precio mucho m\u00e1s barato que uno aut\u00e9ntico, sin embargo, un reloj r\u00e9plica parecer\u00e1 y se sentir\u00e1 igual que el original.<\/li>\n<li>Lo \u00faltimo que alguien quiere es gastarse una fortuna para conseguir un reloj de lujo que tiene peque\u00f1as diferencias con nuestras r\u00e9plicas de relojes.<\/li>\n<li style=\"list-style-type: none;\">\n<ul>\n<li>Muchos entusiastas de los relojes no quieren gastarse miles de d\u00f3lares en relojes y quieren tener esa gran sensaci\u00f3n de poseer un gran reloj de una marca de lujo. Es entonces cuando los relojes MYREPLICAWATCHES.IO entran en escena y proporcionan esa sensaci\u00f3n a sus clientes.<\/li>\n<li>\u00bf Tienes ya un aut\u00e9ntico reloj de alta gama que no quieres llevar por motivos de seguridad o por razones de devaluaci\u00f3n en algunas ocasiones ?<br \/>\nLleva tu R\u00e9plica de Reloj Rolex Submariner &#8211; Plata\/Negro de alta calidad y si\u00e9ntete m\u00e1s seguro, ten la misma confianza, protege tus objetos de valor<\/li>\n<\/ul>\n<\/li>\n<\/ul>\n<h3 style=\"text-align: left;\">Descripci\u00f3n<\/h3>\n<p>Bisel Bisel de acero inoxidable pulido con indicador de unidades por hora<\/p>\n<p>Movimiento Autom\u00e1tico<\/p>\n<p>R\u00e9plica Rolex Submariner &#8211; Plata\/Negro<\/p>\n<p><strong>Brazalete <\/strong>Brazalete de eslabones de acero inoxidable cepillado y pulido con cierre desplegable grabado<\/p>\n<p><strong>Tipo de correa <\/strong>Acero inoxidable<\/p>\n<p>Cierre de seguridad para reloj<\/p>\n<p><strong>Brilla en <\/strong>la oscuridad S\u00ed<\/p>\n<p><strong>Cristal <\/strong>de zafiro<\/p>\n<p>Color Plata<\/p>\n<p><strong>Color de la esfera <\/strong>Negro<\/p>\n<p><strong>Sexo <\/strong>Hombres<\/p>\n<p><strong>Di\u00e1metro <\/strong>47 x 40 mm<\/p>\n<p><strong>Longitud de la pulsera <\/strong>196 x 20 mm<\/p>\n<p><strong>Resistente al agua e impermeable<\/strong><\/p>\n<p><strong><a href=\"myreplicawatches.io\"><img fetchpriority=\"high\" decoding=\"async\" class=\"aligncenter\" style=\"display: block; margin-left: auto; margin-right: auto;\" src=\"https:\/\/cdn.shopify.com\/s\/files\/1\/0271\/1440\/5936\/files\/ezgif.com-video-to-gif_6_480x480.gif?v=1572901242\" alt=\"\" width=\"480\" height=\"294\" title=\"\"><\/a><\/strong><\/p>\n<h2>Garant\u00eda<\/h2>\n<p>100% de satisfacci\u00f3n garantizada Si no est\u00e1s satisfecho al 100% con tu primer Reloj MYREPLICAWATCHES.IO, nos comprometemos a arreglarlo todo.<\/p>\n<h2>Entrega<\/h2>\n<p>Env\u00edo DHL a todo el mundo &#8211; De 3 a 10 d\u00edas estimado de llegada<\/p>\n<p>Una vez realizado el pedido, el env\u00edo del producto tardar\u00e1 de 2 a 3 d\u00edas. Recibir\u00e1s tu n\u00famero de seguimiento inmediatamente despu\u00e9s de que enviemos tu producto.<\/p>\n<p><img decoding=\"async\" style=\"display: block; margin-left: auto; margin-right: auto;\" src=\"\/\/cdn.shopify.com\/s\/files\/1\/0027\/0748\/8883\/files\/product_desc_below_large_large_a32e7262-b9bf-4a85-ac82-2638c1f67ae1_large.png?v=1529766426\" alt=\"\" title=\"\"><\/p>\n","protected":false},"excerpt":{"rendered":"<p>Ventajas de poseer el Replica Rolex Submariner &#8211; Plata\/Negro: Una r\u00e9plica puede comprarse a un precio mucho m\u00e1s barato que uno aut\u00e9ntico, sin embargo, un reloj r\u00e9plica parecer\u00e1 y se sentir\u00e1 igual que el original. Lo \u00faltimo que alguien quiere es gastarse una fortuna para conseguir un reloj de lujo que tiene peque\u00f1as diferencias con<\/p>\n","protected":false},"featured_media":7769,"comment_status":"open","ping_status":"closed","template":"","meta":{"_uag_custom_page_level_css":"","site-sidebar-layout":"default","site-content-layout":"","ast-site-content-layout":"default","site-content-style":"default","site-sidebar-style":"default","ast-global-header-display":"","ast-banner-title-visibility":"","ast-main-header-display":"","ast-hfb-above-header-display":"","ast-hfb-below-header-display":"","ast-hfb-mobile-header-display":"","site-post-title":"","ast-breadcrumbs-content":"","ast-featured-img":"","footer-sml-layout":"","theme-transparent-header-meta":"default","adv-header-id-meta":"","stick-header-meta":"default","header-above-stick-meta":"","header-main-stick-meta":"","header-below-stick-meta":"","astra-migrate-meta-layouts":"set","ast-page-background-enabled":"default","ast-page-background-meta":{"desktop":{"background-color":"var(--ast-global-color-4)","background-image":"","background-repeat":"repeat","background-position":"center center","background-size":"auto","background-attachment":"scroll","background-type":"","background-media":"","overlay-type":"","overlay-color":"","overlay-opacity":"","overlay-gradient":""},"tablet":{"background-color":"","background-image":"","background-repeat":"repeat","background-position":"center center","background-size":"auto","background-attachment":"scroll","background-type":"","background-media":"","overlay-type":"","overlay-color":"","overlay-opacity":"","overlay-gradient":""},"mobile":{"background-color":"","background-image":"","background-repeat":"repeat","background-position":"center center","background-size":"auto","background-attachment":"scroll","background-type":"","background-media":"","overlay-type":"","overlay-color":"","overlay-opacity":"","overlay-gradient":""}},"ast-content-background-meta":{"desktop":{"background-color":"var(--ast-global-color-5)","background-image":"","background-repeat":"repeat","background-position":"center center","background-size":"auto","background-attachment":"scroll","background-type":"","background-media":"","overlay-type":"","overlay-color":"","overlay-opacity":"","overlay-gradient":""},"tablet":{"background-color":"var(--ast-global-color-5)","background-image":"","background-repeat":"repeat","background-position":"center center","background-size":"auto","background-attachment":"scroll","background-type":"","background-media":"","overlay-type":"","overlay-color":"","overlay-opacity":"","overlay-gradient":""},"mobile":{"background-color":"var(--ast-global-color-5)","background-image":"","background-repeat":"repeat","background-position":"center center","background-size":"auto","background-attachment":"scroll","background-type":"","background-media":"","overlay-type":"","overlay-color":"","overlay-opacity":"","overlay-gradient":""}}},"product_brand":[],"product_cat":[168,162,177,154],"product_tag":[458,4822,786,1948,1471,442,440,474,453,1364,187,499,1028,185,441],"class_list":{"0":"post-8982","1":"product","2":"type-product","3":"status-publish","4":"has-post-thumbnail","6":"product_cat-productos-mas-nuevos","7":"product_cat-replica-super-clon-rolex-aaa","8":"product_cat-submariner","9":"product_cat-replicas-de-relojes-mas-vendidas","10":"product_tag-affordable-luxury","11":"product_tag-black-accents","12":"product_tag-black-dial-es","13":"product_tag-classic-design-es","14":"product_tag-fashion-watch","15":"product_tag-high-quality-replica","16":"product_tag-luxury-watch","17":"product_tag-mens-watch","18":"product_tag-replica-rolex","19":"product_tag-replica-watch","20":"product_tag-rolex-es","21":"product_tag-sports-watch","22":"product_tag-stainless-steel-es","23":"product_tag-submariner-es","24":"product_tag-swiss-movement","25":"desktop-align-left","26":"tablet-align-left","27":"mobile-align-left","28":"ast-product-gallery-layout-vertical-slider","30":"first","31":"instock","32":"sale","33":"shipping-taxable","34":"purchasable","35":"product-type-simple"},"uagb_featured_image_src":{"full":["https:\/\/myreplicawatches.io\/wp-content\/uploads\/2023\/10\/replica-rolex-submariner-silverblack.jpg",1024,1024,false],"thumbnail":["https:\/\/myreplicawatches.io\/wp-content\/uploads\/2023\/10\/replica-rolex-submariner-silverblack-150x150.jpg",150,150,true],"medium":["https:\/\/myreplicawatches.io\/wp-content\/uploads\/2023\/10\/replica-rolex-submariner-silverblack-300x300.jpg",300,300,true],"medium_large":["https:\/\/myreplicawatches.io\/wp-content\/uploads\/2023\/10\/replica-rolex-submariner-silverblack-768x768.jpg",768,768,true],"large":["https:\/\/myreplicawatches.io\/wp-content\/uploads\/2023\/10\/replica-rolex-submariner-silverblack.jpg",1024,1024,false],"1536x1536":["https:\/\/myreplicawatches.io\/wp-content\/uploads\/2023\/10\/replica-rolex-submariner-silverblack.jpg",1024,1024,false],"2048x2048":["https:\/\/myreplicawatches.io\/wp-content\/uploads\/2023\/10\/replica-rolex-submariner-silverblack.jpg",1024,1024,false],"woocommerce_thumbnail":["https:\/\/myreplicawatches.io\/wp-content\/uploads\/2023\/10\/replica-rolex-submariner-silverblack-300x300.jpg",300,300,true],"woocommerce_single":["https:\/\/myreplicawatches.io\/wp-content\/uploads\/2023\/10\/replica-rolex-submariner-silverblack-600x600.jpg",600,600,true],"woocommerce_gallery_thumbnail":["https:\/\/myreplicawatches.io\/wp-content\/uploads\/2023\/10\/replica-rolex-submariner-silverblack-100x100.jpg",100,100,true],"variation_swatches_image_size":["https:\/\/myreplicawatches.io\/wp-content\/uploads\/2023\/10\/replica-rolex-submariner-silverblack.jpg",50,50,false],"variation_swatches_tooltip_size":["https:\/\/myreplicawatches.io\/wp-content\/uploads\/2023\/10\/replica-rolex-submariner-silverblack.jpg",100,100,false],"dgwt-wcas-product-suggestion":["https:\/\/myreplicawatches.io\/wp-content\/uploads\/2023\/10\/replica-rolex-submariner-silverblack-64x64.jpg",64,64,true]},"uagb_author_info":{"display_name":"admin","author_link":"https:\/\/myreplicawatches.io\/es\/author\/"},"uagb_comment_info":0,"uagb_excerpt":"Ventajas de poseer el Replica Rolex Submariner &#8211; Plata\/Negro: Una r\u00e9plica puede comprarse a un precio mucho m\u00e1s barato que uno aut\u00e9ntico, sin embargo, un reloj r\u00e9plica parecer\u00e1 y se sentir\u00e1 igual que el original. Lo \u00faltimo que alguien quiere es gastarse una fortuna para conseguir un reloj de lujo que tiene peque\u00f1as diferencias con","jetpack_sharing_enabled":true,"_links":{"self":[{"href":"https:\/\/myreplicawatches.io\/es\/wp-json\/wp\/v2\/product\/8982","targetHints":{"allow":["GET"]}}],"collection":[{"href":"https:\/\/myreplicawatches.io\/es\/wp-json\/wp\/v2\/product"}],"about":[{"href":"https:\/\/myreplicawatches.io\/es\/wp-json\/wp\/v2\/types\/product"}],"replies":[{"embeddable":true,"href":"https:\/\/myreplicawatches.io\/es\/wp-json\/wp\/v2\/comments?post=8982"}],"wp:featuredmedia":[{"embeddable":true,"href":"https:\/\/myreplicawatches.io\/es\/wp-json\/wp\/v2\/media\/7769"}],"wp:attachment":[{"href":"https:\/\/myreplicawatches.io\/es\/wp-json\/wp\/v2\/media?parent=8982"}],"wp:term":[{"taxonomy":"product_brand","embeddable":true,"href":"https:\/\/myreplicawatches.io\/es\/wp-json\/wp\/v2\/product_brand?post=8982"},{"taxonomy":"product_cat","embeddable":true,"href":"https:\/\/myreplicawatches.io\/es\/wp-json\/wp\/v2\/product_cat?post=8982"},{"taxonomy":"product_tag","embeddable":true,"href":"https:\/\/myreplicawatches.io\/es\/wp-json\/wp\/v2\/product_tag?post=8982"}],"curies":[{"name":"wp","href":"https:\/\/api.w.org\/{rel}","templated":true}]}}