{"id":8975,"date":"2023-10-03T22:04:31","date_gmt":"2023-10-03T22:04:31","guid":{"rendered":"https:\/\/myreplicawatches.io\/product\/replica-de-reloj-rolex-caja-con-papeles\/"},"modified":"2026-03-29T16:21:18","modified_gmt":"2026-03-29T16:21:18","slug":"replica-de-reloj-rolex-caja-con-papeles","status":"publish","type":"product","link":"https:\/\/myreplicawatches.io\/es\/product\/replica-de-reloj-rolex-caja-con-papeles\/","title":{"rendered":"R\u00e9plica de reloj Rolex Caja con papeles"},"content":{"rendered":"<dl>\n<dt>Caja para r\u00e9plica de reloj Rolex con papeles &#8211; Caja para r\u00e9plica de reloj Rolex de la mejor calidad.<\/dt>\n<dt><\/dt>\n<dt><strong>Categor\u00eda<\/strong><\/dt>\n<\/dl>\n<dl>\n<dd>Cajas y estuches para relojes, se incluyen todos los papeles y documentos<\/dd>\n<dd><strong style=\"font-size: 16px;\">Tama\u00f1o del envase<\/strong><\/dd>\n<\/dl>\n<dl>\n<dd>20,0*20,0*10,0(cm)<\/dd>\n<\/dl>\n<dl>\n<dt><strong>Peso bruto\/paquete<\/strong><\/dt>\n<dd>1(kg)<\/dd>\n<\/dl>\n<dl>\n<dt><strong>Material para cajas y estuches<\/strong><\/dt>\n<dd>Madera<\/dd>\n<\/dl>\n<dl>\n<dt><strong>Color<\/strong><\/dt>\n<dd>Verde<\/dd>\n<\/dl>\n<dl>\n<dt><strong>Estilo<\/strong><\/dt>\n<dd>Lujo<\/dd>\n<\/dl>\n<dl>\n<dt><strong>Vieja y nueva situaci\u00f3n<\/strong><\/dt>\n<dd>Nuevo con etiquetas<\/dd>\n<\/dl>\n<dl>\n<dt><strong>Forma de la caja<\/strong><\/dt>\n<dd>Cuadrado<\/dd>\n<\/dl>\n","protected":false},"excerpt":{"rendered":"<p>Caja para r\u00e9plica de reloj Rolex con papeles &#8211; Caja para r\u00e9plica de reloj Rolex de la mejor calidad. Categor\u00eda Cajas y estuches para relojes, se incluyen todos los papeles y documentos Tama\u00f1o del envase 20,0*20,0*10,0(cm) Peso bruto\/paquete 1(kg) Material para cajas y estuches Madera Color Verde Estilo Lujo Vieja y nueva situaci\u00f3n Nuevo con<\/p>\n","protected":false},"featured_media":30361,"comment_status":"open","ping_status":"closed","template":"","meta":{"_uag_custom_page_level_css":"","site-sidebar-layout":"default","site-content-layout":"","ast-site-content-layout":"default","site-content-style":"default","site-sidebar-style":"default","ast-global-header-display":"","ast-banner-title-visibility":"","ast-main-header-display":"","ast-hfb-above-header-display":"","ast-hfb-below-header-display":"","ast-hfb-mobile-header-display":"","site-post-title":"","ast-breadcrumbs-content":"","ast-featured-img":"","footer-sml-layout":"","theme-transparent-header-meta":"default","adv-header-id-meta":"","stick-header-meta":"default","header-above-stick-meta":"","header-main-stick-meta":"","header-below-stick-meta":"","astra-migrate-meta-layouts":"set","ast-page-background-enabled":"default","ast-page-background-meta":{"desktop":{"background-color":"var(--ast-global-color-4)","background-image":"","background-repeat":"repeat","background-position":"center center","background-size":"auto","background-attachment":"scroll","background-type":"","background-media":"","overlay-type":"","overlay-color":"","overlay-opacity":"","overlay-gradient":""},"tablet":{"background-color":"","background-image":"","background-repeat":"repeat","background-position":"center center","background-size":"auto","background-attachment":"scroll","background-type":"","background-media":"","overlay-type":"","overlay-color":"","overlay-opacity":"","overlay-gradient":""},"mobile":{"background-color":"","background-image":"","background-repeat":"repeat","background-position":"center center","background-size":"auto","background-attachment":"scroll","background-type":"","background-media":"","overlay-type":"","overlay-color":"","overlay-opacity":"","overlay-gradient":""}},"ast-content-background-meta":{"desktop":{"background-color":"var(--ast-global-color-5)","background-image":"","background-repeat":"repeat","background-position":"center center","background-size":"auto","background-attachment":"scroll","background-type":"","background-media":"","overlay-type":"","overlay-color":"","overlay-opacity":"","overlay-gradient":""},"tablet":{"background-color":"var(--ast-global-color-5)","background-image":"","background-repeat":"repeat","background-position":"center center","background-size":"auto","background-attachment":"scroll","background-type":"","background-media":"","overlay-type":"","overlay-color":"","overlay-opacity":"","overlay-gradient":""},"mobile":{"background-color":"var(--ast-global-color-5)","background-image":"","background-repeat":"repeat","background-position":"center center","background-size":"auto","background-attachment":"scroll","background-type":"","background-media":"","overlay-type":"","overlay-color":"","overlay-opacity":"","overlay-gradient":""}}},"product_brand":[],"product_cat":[178,168,162,154],"product_tag":[],"class_list":{"0":"post-8975","1":"product","2":"type-product","3":"status-publish","4":"has-post-thumbnail","6":"product_cat-cajas-replica-de-relojes","7":"product_cat-productos-mas-nuevos","8":"product_cat-replica-super-clon-rolex-aaa","9":"product_cat-replicas-de-relojes-mas-vendidas","10":"desktop-align-left","11":"tablet-align-left","12":"mobile-align-left","13":"ast-product-gallery-layout-vertical-slider","14":"ast-product-single-variable","16":"first","17":"instock","18":"shipping-taxable","19":"purchasable","20":"product-type-variable"},"uagb_featured_image_src":{"full":["https:\/\/myreplicawatches.io\/wp-content\/uploads\/2023\/10\/9facdd10ea3400a98d2e439d515c7e3e-2.jpg",800,600,false],"thumbnail":["https:\/\/myreplicawatches.io\/wp-content\/uploads\/2023\/10\/9facdd10ea3400a98d2e439d515c7e3e-2-150x150.jpg",150,150,true],"medium":["https:\/\/myreplicawatches.io\/wp-content\/uploads\/2023\/10\/9facdd10ea3400a98d2e439d515c7e3e-2-300x225.jpg",300,225,true],"medium_large":["https:\/\/myreplicawatches.io\/wp-content\/uploads\/2023\/10\/9facdd10ea3400a98d2e439d515c7e3e-2-768x576.jpg",768,576,true],"large":["https:\/\/myreplicawatches.io\/wp-content\/uploads\/2023\/10\/9facdd10ea3400a98d2e439d515c7e3e-2.jpg",800,600,false],"1536x1536":["https:\/\/myreplicawatches.io\/wp-content\/uploads\/2023\/10\/9facdd10ea3400a98d2e439d515c7e3e-2.jpg",800,600,false],"2048x2048":["https:\/\/myreplicawatches.io\/wp-content\/uploads\/2023\/10\/9facdd10ea3400a98d2e439d515c7e3e-2.jpg",800,600,false],"woocommerce_thumbnail":["https:\/\/myreplicawatches.io\/wp-content\/uploads\/2023\/10\/9facdd10ea3400a98d2e439d515c7e3e-2-300x300.jpg",300,300,true],"woocommerce_single":["https:\/\/myreplicawatches.io\/wp-content\/uploads\/2023\/10\/9facdd10ea3400a98d2e439d515c7e3e-2-600x450.jpg",600,450,true],"woocommerce_gallery_thumbnail":["https:\/\/myreplicawatches.io\/wp-content\/uploads\/2023\/10\/9facdd10ea3400a98d2e439d515c7e3e-2-100x100.jpg",100,100,true],"variation_swatches_image_size":["https:\/\/myreplicawatches.io\/wp-content\/uploads\/2023\/10\/9facdd10ea3400a98d2e439d515c7e3e-2-50x50.jpg",50,50,true],"variation_swatches_tooltip_size":["https:\/\/myreplicawatches.io\/wp-content\/uploads\/2023\/10\/9facdd10ea3400a98d2e439d515c7e3e-2-100x100.jpg",100,100,true],"dgwt-wcas-product-suggestion":["https:\/\/myreplicawatches.io\/wp-content\/uploads\/2023\/10\/9facdd10ea3400a98d2e439d515c7e3e-2-64x48.jpg",64,48,true]},"uagb_author_info":{"display_name":"admin","author_link":"https:\/\/myreplicawatches.io\/es\/author\/"},"uagb_comment_info":0,"uagb_excerpt":"Caja para r\u00e9plica de reloj Rolex con papeles &#8211; Caja para r\u00e9plica de reloj Rolex de la mejor calidad. Categor\u00eda Cajas y estuches para relojes, se incluyen todos los papeles y documentos Tama\u00f1o del envase 20,0*20,0*10,0(cm) Peso bruto\/paquete 1(kg) Material para cajas y estuches Madera Color Verde Estilo Lujo Vieja y nueva situaci\u00f3n Nuevo con","jetpack_sharing_enabled":true,"_links":{"self":[{"href":"https:\/\/myreplicawatches.io\/es\/wp-json\/wp\/v2\/product\/8975","targetHints":{"allow":["GET"]}}],"collection":[{"href":"https:\/\/myreplicawatches.io\/es\/wp-json\/wp\/v2\/product"}],"about":[{"href":"https:\/\/myreplicawatches.io\/es\/wp-json\/wp\/v2\/types\/product"}],"replies":[{"embeddable":true,"href":"https:\/\/myreplicawatches.io\/es\/wp-json\/wp\/v2\/comments?post=8975"}],"wp:featuredmedia":[{"embeddable":true,"href":"https:\/\/myreplicawatches.io\/es\/wp-json\/wp\/v2\/media\/30361"}],"wp:attachment":[{"href":"https:\/\/myreplicawatches.io\/es\/wp-json\/wp\/v2\/media?parent=8975"}],"wp:term":[{"taxonomy":"product_brand","embeddable":true,"href":"https:\/\/myreplicawatches.io\/es\/wp-json\/wp\/v2\/product_brand?post=8975"},{"taxonomy":"product_cat","embeddable":true,"href":"https:\/\/myreplicawatches.io\/es\/wp-json\/wp\/v2\/product_cat?post=8975"},{"taxonomy":"product_tag","embeddable":true,"href":"https:\/\/myreplicawatches.io\/es\/wp-json\/wp\/v2\/product_tag?post=8975"}],"curies":[{"name":"wp","href":"https:\/\/api.w.org\/{rel}","templated":true}]}}