{"id":8967,"date":"2023-10-03T22:04:23","date_gmt":"2023-10-03T22:04:23","guid":{"rendered":"https:\/\/myreplicawatches.io\/product\/top-replica-rolex-submariner-two-tone-116613lb\/"},"modified":"2025-09-20T14:38:42","modified_gmt":"2025-09-20T14:38:42","slug":"top-replica-rolex-submariner-two-tone-116613lb","status":"publish","type":"product","link":"https:\/\/myreplicawatches.io\/es\/product\/top-replica-rolex-submariner-two-tone-116613lb\/","title":{"rendered":"Top R\u00e9plica Rolex Submariner Two Tone 116613LB"},"content":{"rendered":"<h4>Replica Rolex Submariner Two Tone 116613LB &#8211; AAAA+ Calidad Reloj Replica<\/h4>\n<p>&nbsp;<\/p>\n<div class=\"elementor-element elementor-element-aff3ff4 elementor-widget elementor-widget-heading\" data-id=\"aff3ff4\" data-element_type=\"widget\" data-widget_type=\"heading.default\">\n<div class=\"elementor-widget-container\">\n<h5 class=\"elementor-heading-title elementor-size-default\">Ventajas de poseer la r\u00e9plica Rolex Submariner Two Tone<\/h5>\n<\/div>\n<\/div>\n<div class=\"elementor-element elementor-element-817382f elementor-widget elementor-widget-text-editor\" data-id=\"817382f\" data-element_type=\"widget\" data-widget_type=\"text-editor.default\">\n<div class=\"elementor-widget-container\">\n<ul>\n<li>Una r\u00e9plica puede comprarse a un precio mucho m\u00e1s barato que uno aut\u00e9ntico, sin embargo, un reloj r\u00e9plica parecer\u00e1 y se sentir\u00e1 igual que el original.<\/li>\n<li>Lo \u00faltimo que alguien quiere es gastarse una fortuna para conseguir un reloj de lujo que tiene peque\u00f1as diferencias con nuestras r\u00e9plicas de relojes.<\/li>\n<li>Muchos entusiastas de los relojes no quieren gastarse miles de d\u00f3lares en relojes y quieren tener esa gran sensaci\u00f3n de poseer un gran reloj de una marca de lujo. Es entonces cuando www.myreplicawatches.io entra en escena y proporciona esa sensaci\u00f3n a sus clientes.<\/li>\n<li>\u00bf Tienes ya un aut\u00e9ntico reloj de alta gama que no quieres llevar por motivos de seguridad o por razones de devaluaci\u00f3n en algunas ocasiones ?<br \/>\nLleva tu Reloj Replica Rolex Submariner Two Tone de alta calidad y si\u00e9ntete m\u00e1s seguro, ten la misma confianza, protege tus objetos de valor<\/li>\n<\/ul>\n<\/div>\n<\/div>\n<p>&nbsp;<\/p>\n<p>Informaci\u00f3n adicional<\/p>\n<p>Gama de productos : Replica Rolex Submariner Two Tone<\/p>\n<p>modelo : 116613LB<\/p>\n<p>Material de la pulsera : Acero inoxidable de grado 316 (Oyster)<\/p>\n<p>Marca : Rolex<\/p>\n<p>Material de la caja : Acero inoxidable de grado 316<\/p>\n<p>Tama\u00f1o de la caja : 40 MM<\/p>\n<p>Sexo : Hombres<\/p>\n<p>Modelo : 116613LB<\/p>\n<p>Movimiento : Autom\u00e1tico<\/p>\n<p>Gama : Submariner<\/p>\n<p>Resistente al agua : S\u00ed<\/p>\n<p>Material de la pulsera : Acero<\/p>\n","protected":false},"excerpt":{"rendered":"<p>Replica Rolex Submariner Two Tone 116613LB &#8211; AAAA+ Calidad Reloj Replica &nbsp; Ventajas de poseer la r\u00e9plica Rolex Submariner Two Tone Una r\u00e9plica puede comprarse a un precio mucho m\u00e1s barato que uno aut\u00e9ntico, sin embargo, un reloj r\u00e9plica parecer\u00e1 y se sentir\u00e1 igual que el original. Lo \u00faltimo que alguien quiere es gastarse una<\/p>\n","protected":false},"featured_media":42240,"comment_status":"open","ping_status":"closed","template":"","meta":{"_uag_custom_page_level_css":"","site-sidebar-layout":"default","site-content-layout":"","ast-site-content-layout":"default","site-content-style":"default","site-sidebar-style":"default","ast-global-header-display":"","ast-banner-title-visibility":"","ast-main-header-display":"","ast-hfb-above-header-display":"","ast-hfb-below-header-display":"","ast-hfb-mobile-header-display":"","site-post-title":"","ast-breadcrumbs-content":"","ast-featured-img":"","footer-sml-layout":"","theme-transparent-header-meta":"default","adv-header-id-meta":"","stick-header-meta":"default","header-above-stick-meta":"","header-main-stick-meta":"","header-below-stick-meta":"","astra-migrate-meta-layouts":"set","ast-page-background-enabled":"default","ast-page-background-meta":{"desktop":{"background-color":"var(--ast-global-color-4)","background-image":"","background-repeat":"repeat","background-position":"center center","background-size":"auto","background-attachment":"scroll","background-type":"","background-media":"","overlay-type":"","overlay-color":"","overlay-opacity":"","overlay-gradient":""},"tablet":{"background-color":"","background-image":"","background-repeat":"repeat","background-position":"center center","background-size":"auto","background-attachment":"scroll","background-type":"","background-media":"","overlay-type":"","overlay-color":"","overlay-opacity":"","overlay-gradient":""},"mobile":{"background-color":"","background-image":"","background-repeat":"repeat","background-position":"center center","background-size":"auto","background-attachment":"scroll","background-type":"","background-media":"","overlay-type":"","overlay-color":"","overlay-opacity":"","overlay-gradient":""}},"ast-content-background-meta":{"desktop":{"background-color":"var(--ast-global-color-5)","background-image":"","background-repeat":"repeat","background-position":"center center","background-size":"auto","background-attachment":"scroll","background-type":"","background-media":"","overlay-type":"","overlay-color":"","overlay-opacity":"","overlay-gradient":""},"tablet":{"background-color":"var(--ast-global-color-5)","background-image":"","background-repeat":"repeat","background-position":"center center","background-size":"auto","background-attachment":"scroll","background-type":"","background-media":"","overlay-type":"","overlay-color":"","overlay-opacity":"","overlay-gradient":""},"mobile":{"background-color":"var(--ast-global-color-5)","background-image":"","background-repeat":"repeat","background-position":"center center","background-size":"auto","background-attachment":"scroll","background-type":"","background-media":"","overlay-type":"","overlay-color":"","overlay-opacity":"","overlay-gradient":""}}},"product_brand":[],"product_cat":[168,162,177,154],"product_tag":[1873,2401,2039,2725,474,3467,187,499,185,1937,552,963],"class_list":{"0":"post-8967","1":"product","2":"type-product","3":"status-publish","4":"has-post-thumbnail","6":"product_cat-productos-mas-nuevos","7":"product_cat-replica-super-clon-rolex-aaa","8":"product_cat-submariner","9":"product_cat-replicas-de-relojes-mas-vendidas","10":"product_tag-automatic-movement","11":"product_tag-collectors-watch","12":"product_tag-exclusive-watch","13":"product_tag-imitation-watch","14":"product_tag-mens-watch","15":"product_tag-premium-replica-es","16":"product_tag-rolex-es","17":"product_tag-sports-watch","18":"product_tag-submariner-es","19":"product_tag-swiss-watch-es","20":"product_tag-top-replica","21":"product_tag-two-tone-es","22":"desktop-align-left","23":"tablet-align-left","24":"mobile-align-left","25":"ast-product-gallery-layout-vertical-slider","27":"first","28":"instock","29":"sale","30":"shipping-taxable","31":"purchasable","32":"product-type-simple"},"uagb_featured_image_src":{"full":["https:\/\/myreplicawatches.io\/wp-content\/uploads\/2023\/10\/img_7410.jpeg",1267,1581,false],"thumbnail":["https:\/\/myreplicawatches.io\/wp-content\/uploads\/2023\/10\/img_7410-150x150.jpeg",150,150,true],"medium":["https:\/\/myreplicawatches.io\/wp-content\/uploads\/2023\/10\/img_7410-240x300.jpeg",240,300,true],"medium_large":["https:\/\/myreplicawatches.io\/wp-content\/uploads\/2023\/10\/img_7410-768x958.jpeg",768,958,true],"large":["https:\/\/myreplicawatches.io\/wp-content\/uploads\/2023\/10\/img_7410-821x1024.jpeg",821,1024,true],"1536x1536":["https:\/\/myreplicawatches.io\/wp-content\/uploads\/2023\/10\/img_7410-1231x1536.jpeg",1231,1536,true],"2048x2048":["https:\/\/myreplicawatches.io\/wp-content\/uploads\/2023\/10\/img_7410.jpeg",1267,1581,false],"woocommerce_thumbnail":["https:\/\/myreplicawatches.io\/wp-content\/uploads\/2023\/10\/img_7410-300x300.jpeg",300,300,true],"woocommerce_single":["https:\/\/myreplicawatches.io\/wp-content\/uploads\/2023\/10\/img_7410-600x749.jpeg",600,749,true],"woocommerce_gallery_thumbnail":["https:\/\/myreplicawatches.io\/wp-content\/uploads\/2023\/10\/img_7410-100x100.jpeg",100,100,true],"variation_swatches_image_size":["https:\/\/myreplicawatches.io\/wp-content\/uploads\/2023\/10\/img_7410-50x50.jpeg",50,50,true],"variation_swatches_tooltip_size":["https:\/\/myreplicawatches.io\/wp-content\/uploads\/2023\/10\/img_7410-100x100.jpeg",100,100,true],"dgwt-wcas-product-suggestion":["https:\/\/myreplicawatches.io\/wp-content\/uploads\/2023\/10\/img_7410-64x80.jpeg",64,80,true]},"uagb_author_info":{"display_name":"admin","author_link":"https:\/\/myreplicawatches.io\/es\/author\/"},"uagb_comment_info":0,"uagb_excerpt":"Replica Rolex Submariner Two Tone 116613LB &#8211; AAAA+ Calidad Reloj Replica &nbsp; Ventajas de poseer la r\u00e9plica Rolex Submariner Two Tone Una r\u00e9plica puede comprarse a un precio mucho m\u00e1s barato que uno aut\u00e9ntico, sin embargo, un reloj r\u00e9plica parecer\u00e1 y se sentir\u00e1 igual que el original. Lo \u00faltimo que alguien quiere es gastarse una","jetpack_sharing_enabled":true,"_links":{"self":[{"href":"https:\/\/myreplicawatches.io\/es\/wp-json\/wp\/v2\/product\/8967","targetHints":{"allow":["GET"]}}],"collection":[{"href":"https:\/\/myreplicawatches.io\/es\/wp-json\/wp\/v2\/product"}],"about":[{"href":"https:\/\/myreplicawatches.io\/es\/wp-json\/wp\/v2\/types\/product"}],"replies":[{"embeddable":true,"href":"https:\/\/myreplicawatches.io\/es\/wp-json\/wp\/v2\/comments?post=8967"}],"wp:featuredmedia":[{"embeddable":true,"href":"https:\/\/myreplicawatches.io\/es\/wp-json\/wp\/v2\/media\/42240"}],"wp:attachment":[{"href":"https:\/\/myreplicawatches.io\/es\/wp-json\/wp\/v2\/media?parent=8967"}],"wp:term":[{"taxonomy":"product_brand","embeddable":true,"href":"https:\/\/myreplicawatches.io\/es\/wp-json\/wp\/v2\/product_brand?post=8967"},{"taxonomy":"product_cat","embeddable":true,"href":"https:\/\/myreplicawatches.io\/es\/wp-json\/wp\/v2\/product_cat?post=8967"},{"taxonomy":"product_tag","embeddable":true,"href":"https:\/\/myreplicawatches.io\/es\/wp-json\/wp\/v2\/product_tag?post=8967"}],"curies":[{"name":"wp","href":"https:\/\/api.w.org\/{rel}","templated":true}]}}