{"id":8966,"date":"2023-10-03T22:04:53","date_gmt":"2023-10-03T22:04:53","guid":{"rendered":"https:\/\/myreplicawatches.io\/product\/rlx-titanio-replica-clon-rolex-yacht-master-modelo-2023\/"},"modified":"2026-02-28T13:16:40","modified_gmt":"2026-02-28T13:16:40","slug":"rlx-titanio-replica-clon-rolex-yacht-master-modelo-2023","status":"publish","type":"product","link":"https:\/\/myreplicawatches.io\/es\/product\/rlx-titanio-replica-clon-rolex-yacht-master-modelo-2023\/","title":{"rendered":"RLX Titanio R\u00e9plica Clon Rolex Yacht Master &#8211; Modelo 2023"},"content":{"rendered":"<h2>RLX R\u00e9plica de titanio Yacht Master &#8211; Reloj clon de calidad AAAA+<\/h2>\n<h3>Ventajas de poseer RLX Titanio R\u00e9plica Yacht Master:<\/h3>\n<p>&nbsp;<\/p>\n<ul>\n<li>Una r\u00e9plica puede comprarse a un precio mucho m\u00e1s barato que uno aut\u00e9ntico, sin embargo, un reloj r\u00e9plica parecer\u00e1 y se sentir\u00e1 igual que el original.<\/li>\n<li>Lo \u00faltimo que alguien quiere es gastarse una fortuna para conseguir un reloj de lujo que tiene peque\u00f1as diferencias con nuestras r\u00e9plicas de relojes.<\/li>\n<li>Muchos entusiastas de los relojes no quieren gastarse miles de d\u00f3lares en relojes y quieren tener esa gran sensaci\u00f3n de poseer un gran reloj de una marca de lujo. Es entonces cuando myreplicawatches entra en escena y proporciona esa sensaci\u00f3n a sus clientes.<\/li>\n<li>\u00bf Tienes ya un aut\u00e9ntico reloj de alta gama que no quieres llevar por motivos de seguridad o por razones de devaluaci\u00f3n en algunas ocasiones ?<br \/>\nLleva tu Reloj RLX Titanio R\u00e9plica Yacht Master de alta calidad y si\u00e9ntete m\u00e1s seguro, ten la misma confianza, protege tus objetos de valor<\/li>\n<\/ul>\n<p>&nbsp;<\/p>\n<p>En Myreplicawatches somos la primera empresa de r\u00e9plicas de relojes en fabricar la r\u00e9plica Yacht Master RLX Titanio &#8211; Rolex Yacht-Master 42 RLX Titanio 226627. Nuevo modelo R\u00e9plica 2023<\/p>\n<p>El nuevo Yacht-Master se presenta en una caja de 42 mm fabricada con una aleaci\u00f3n de titanio patentada denominada RLX Titanium, de calidad AAAA+ tiene un 904L y de calidad suiza tiene un brazalete de titanio aut\u00e9ntico. con superficies pulidas, de alto brillo y de satinado t\u00e9cnico. Incorpora un caracter\u00edstico bisel giratorio bidireccional con una inserci\u00f3n de Cerachrom negro mate con n\u00fameros e \u00edndices en relieve para que los marineros puedan cronometrar con precisi\u00f3n sus maniobras.<\/p>\n<p>Caja: 42mm &#8211;<\/p>\n<p>Aleaci\u00f3n de titanio RLX &#8211; caja central monobloque, fondo atornillado &#8211; corona de cuerda Triplock &#8211; bisel graduado bidireccional giratorio de 60 minutos con inserto Cerachrom negro mate de cer\u00e1mica, n\u00fameros en relieve pulidos y graduaciones &#8211; cristal de zafiro y lente Cyclops sobre la ventana de fecha &#8211; hermeticidad de 100 m<\/p>\n<p>Esfera: lacada en negro &#8211; \u00edndices y agujas tratados con Chromalight luminiscente azul &#8211; ventana de fecha a las 3<\/p>\n<p>Movimiento: Calibre Rolex 3235, autom\u00e1tico de la casa &#8211; certificado como Cron\u00f3metro Superlativo &#8211; frecuencia de 28.800 Vph &#8211; reserva de marcha de 48 h &#8211; agujas centrales de horas, minutos y segundos &#8211; fecha instant\u00e1nea con ajuste r\u00e1pido &#8211; parada de segundos para un ajuste preciso de la hora<\/p>\n<p>Brazalete: RLX de titanio &#8211; eslabones macizos de tres piezas &#8211; cierre de seguridad Oysterlock desplegable con eslab\u00f3n extensible de confort Easylink de 5 mm<\/p>\n","protected":false},"excerpt":{"rendered":"<p>RLX R\u00e9plica de titanio Yacht Master &#8211; Reloj clon de calidad AAAA+ Ventajas de poseer RLX Titanio R\u00e9plica Yacht Master: &nbsp; Una r\u00e9plica puede comprarse a un precio mucho m\u00e1s barato que uno aut\u00e9ntico, sin embargo, un reloj r\u00e9plica parecer\u00e1 y se sentir\u00e1 igual que el original. Lo \u00faltimo que alguien quiere es gastarse una<\/p>\n","protected":false},"featured_media":9979,"comment_status":"open","ping_status":"closed","template":"","meta":{"_uag_custom_page_level_css":"","site-sidebar-layout":"default","site-content-layout":"","ast-site-content-layout":"default","site-content-style":"default","site-sidebar-style":"default","ast-global-header-display":"","ast-banner-title-visibility":"","ast-main-header-display":"","ast-hfb-above-header-display":"","ast-hfb-below-header-display":"","ast-hfb-mobile-header-display":"","site-post-title":"","ast-breadcrumbs-content":"","ast-featured-img":"","footer-sml-layout":"","theme-transparent-header-meta":"default","adv-header-id-meta":"","stick-header-meta":"default","header-above-stick-meta":"","header-main-stick-meta":"","header-below-stick-meta":"","astra-migrate-meta-layouts":"set","ast-page-background-enabled":"default","ast-page-background-meta":{"desktop":{"background-color":"var(--ast-global-color-4)","background-image":"","background-repeat":"repeat","background-position":"center center","background-size":"auto","background-attachment":"scroll","background-type":"","background-media":"","overlay-type":"","overlay-color":"","overlay-opacity":"","overlay-gradient":""},"tablet":{"background-color":"","background-image":"","background-repeat":"repeat","background-position":"center center","background-size":"auto","background-attachment":"scroll","background-type":"","background-media":"","overlay-type":"","overlay-color":"","overlay-opacity":"","overlay-gradient":""},"mobile":{"background-color":"","background-image":"","background-repeat":"repeat","background-position":"center center","background-size":"auto","background-attachment":"scroll","background-type":"","background-media":"","overlay-type":"","overlay-color":"","overlay-opacity":"","overlay-gradient":""}},"ast-content-background-meta":{"desktop":{"background-color":"var(--ast-global-color-5)","background-image":"","background-repeat":"repeat","background-position":"center center","background-size":"auto","background-attachment":"scroll","background-type":"","background-media":"","overlay-type":"","overlay-color":"","overlay-opacity":"","overlay-gradient":""},"tablet":{"background-color":"var(--ast-global-color-5)","background-image":"","background-repeat":"repeat","background-position":"center center","background-size":"auto","background-attachment":"scroll","background-type":"","background-media":"","overlay-type":"","overlay-color":"","overlay-opacity":"","overlay-gradient":""},"mobile":{"background-color":"var(--ast-global-color-5)","background-image":"","background-repeat":"repeat","background-position":"center center","background-size":"auto","background-attachment":"scroll","background-type":"","background-media":"","overlay-type":"","overlay-color":"","overlay-opacity":"","overlay-gradient":""}}},"product_brand":[],"product_cat":[152,168,162,154,170,171],"product_tag":[],"class_list":{"0":"post-8966","1":"product","2":"type-product","3":"status-publish","4":"has-post-thumbnail","6":"product_cat-nueva-coleccion-2024","7":"product_cat-productos-mas-nuevos","8":"product_cat-replica-super-clon-rolex-aaa","9":"product_cat-replicas-de-relojes-mas-vendidas","10":"product_cat-super-clon-rolex","11":"product_cat-patron-de-yate-1","12":"desktop-align-left","13":"tablet-align-left","14":"mobile-align-left","15":"ast-product-gallery-layout-vertical-slider","16":"ast-product-single-variable","18":"first","19":"instock","20":"sale","21":"shipping-taxable","22":"purchasable","23":"product-type-variable"},"uagb_featured_image_src":{"full":["https:\/\/myreplicawatches.io\/wp-content\/uploads\/2023\/10\/rlx-replica-titanium-yacht-master.jpg",770,766,false],"thumbnail":["https:\/\/myreplicawatches.io\/wp-content\/uploads\/2023\/10\/rlx-replica-titanium-yacht-master-150x150.png",150,150,true],"medium":["https:\/\/myreplicawatches.io\/wp-content\/uploads\/2023\/10\/rlx-replica-titanium-yacht-master-300x298.png",300,298,true],"medium_large":["https:\/\/myreplicawatches.io\/wp-content\/uploads\/2023\/10\/rlx-replica-titanium-yacht-master-768x764.png",768,764,true],"large":["https:\/\/myreplicawatches.io\/wp-content\/uploads\/2023\/10\/rlx-replica-titanium-yacht-master.jpg",770,766,false],"1536x1536":["https:\/\/myreplicawatches.io\/wp-content\/uploads\/2023\/10\/rlx-replica-titanium-yacht-master.jpg",770,766,false],"2048x2048":["https:\/\/myreplicawatches.io\/wp-content\/uploads\/2023\/10\/rlx-replica-titanium-yacht-master.jpg",770,766,false],"woocommerce_thumbnail":["https:\/\/myreplicawatches.io\/wp-content\/uploads\/2023\/10\/rlx-replica-titanium-yacht-master-300x300.jpg",300,300,true],"woocommerce_single":["https:\/\/myreplicawatches.io\/wp-content\/uploads\/2023\/10\/rlx-replica-titanium-yacht-master-600x597.jpg",600,597,true],"woocommerce_gallery_thumbnail":["https:\/\/myreplicawatches.io\/wp-content\/uploads\/2023\/10\/rlx-replica-titanium-yacht-master-100x100.jpg",100,100,true],"variation_swatches_image_size":["https:\/\/myreplicawatches.io\/wp-content\/uploads\/2023\/10\/rlx-replica-titanium-yacht-master-50x50.png",50,50,true],"variation_swatches_tooltip_size":["https:\/\/myreplicawatches.io\/wp-content\/uploads\/2023\/10\/rlx-replica-titanium-yacht-master-100x100.png",100,100,true],"dgwt-wcas-product-suggestion":["https:\/\/myreplicawatches.io\/wp-content\/uploads\/2023\/10\/rlx-replica-titanium-yacht-master-64x64.jpg",64,64,true]},"uagb_author_info":{"display_name":"admin","author_link":"https:\/\/myreplicawatches.io\/es\/author\/"},"uagb_comment_info":0,"uagb_excerpt":"RLX R\u00e9plica de titanio Yacht Master &#8211; Reloj clon de calidad AAAA+ Ventajas de poseer RLX Titanio R\u00e9plica Yacht Master: &nbsp; Una r\u00e9plica puede comprarse a un precio mucho m\u00e1s barato que uno aut\u00e9ntico, sin embargo, un reloj r\u00e9plica parecer\u00e1 y se sentir\u00e1 igual que el original. Lo \u00faltimo que alguien quiere es gastarse una","jetpack_sharing_enabled":true,"_links":{"self":[{"href":"https:\/\/myreplicawatches.io\/es\/wp-json\/wp\/v2\/product\/8966","targetHints":{"allow":["GET"]}}],"collection":[{"href":"https:\/\/myreplicawatches.io\/es\/wp-json\/wp\/v2\/product"}],"about":[{"href":"https:\/\/myreplicawatches.io\/es\/wp-json\/wp\/v2\/types\/product"}],"replies":[{"embeddable":true,"href":"https:\/\/myreplicawatches.io\/es\/wp-json\/wp\/v2\/comments?post=8966"}],"wp:featuredmedia":[{"embeddable":true,"href":"https:\/\/myreplicawatches.io\/es\/wp-json\/wp\/v2\/media\/9979"}],"wp:attachment":[{"href":"https:\/\/myreplicawatches.io\/es\/wp-json\/wp\/v2\/media?parent=8966"}],"wp:term":[{"taxonomy":"product_brand","embeddable":true,"href":"https:\/\/myreplicawatches.io\/es\/wp-json\/wp\/v2\/product_brand?post=8966"},{"taxonomy":"product_cat","embeddable":true,"href":"https:\/\/myreplicawatches.io\/es\/wp-json\/wp\/v2\/product_cat?post=8966"},{"taxonomy":"product_tag","embeddable":true,"href":"https:\/\/myreplicawatches.io\/es\/wp-json\/wp\/v2\/product_tag?post=8966"}],"curies":[{"name":"wp","href":"https:\/\/api.w.org\/{rel}","templated":true}]}}