{"id":8961,"date":"2023-10-03T22:04:32","date_gmt":"2023-10-03T22:04:32","guid":{"rendered":"https:\/\/myreplicawatches.io\/product\/super-clon-replica-de-reloj-rolex-caja-con-papeles\/"},"modified":"2025-02-21T07:18:17","modified_gmt":"2025-02-21T07:18:17","slug":"super-clon-replica-de-reloj-rolex-caja-con-papeles","status":"publish","type":"product","link":"https:\/\/myreplicawatches.io\/es\/product\/super-clon-replica-de-reloj-rolex-caja-con-papeles\/","title":{"rendered":"Super Clon R\u00e9plica de Reloj Rolex Caja con papeles"},"content":{"rendered":"<dl><\/dl>\n<dl>\n<dd>\n<h2>Super Clon R\u00e9plica Rolex Caja de Reloj con Papeles &#8211; Mejor Clon Suizo R\u00e9plica Rolex Versi\u00f3n Caja de Reloj<\/h2>\n<\/dd>\n<\/dl>\n<p>Esta calidad espec\u00edfica de caja para relojes Rolex se compra a propietarios de aut\u00e9nticos relojes Rolex que necesitan espacio adicional para sus relojes Rolex.<\/p>\n<dl>\n<dt><strong>Material para cajas y estuches<\/strong><\/dt>\n<dd>Madera<\/dd>\n<\/dl>\n<dl>\n<dt><strong>Color<\/strong><\/dt>\n<dd>Verde<\/dd>\n<\/dl>\n<dl>\n<dt><strong>Estilo<\/strong><\/dt>\n<dd>Lujo<\/dd>\n<\/dl>\n<dl>\n<dt><strong>Vieja y nueva situaci\u00f3n<\/strong><\/dt>\n<dd>Nuevo con etiquetas<\/dd>\n<\/dl>\n<dl>\n<dt><strong>Forma de la caja<\/strong><\/dt>\n<dd>Cuadrado<\/dd>\n<dd><\/dd>\n<\/dl>\n<div class=\"product-info__text\">\n<div class=\"prose\">\n<h3>Ventajas de poseer r\u00e9plicas de relojes:<\/h3>\n<ul>\n<li>Una r\u00e9plica puede comprarse a un precio mucho m\u00e1s barato que uno aut\u00e9ntico, sin embargo, un reloj r\u00e9plica parecer\u00e1 y se sentir\u00e1 igual que el original.<\/li>\n<\/ul>\n<p>&nbsp;<\/p>\n<ul>\n<li>Lo \u00faltimo que alguien quiere es gastarse una fortuna para conseguir un reloj de lujo que tiene peque\u00f1as diferencias con nuestras r\u00e9plicas de relojes.<\/li>\n<\/ul>\n<p>&nbsp;<\/p>\n<ul>\n<li>Muchos entusiastas de los relojes no quieren gastarse miles de d\u00f3lares en relojes y quieren tener esa gran sensaci\u00f3n de poseer un gran reloj de una marca de lujo. Es entonces cuando entran en juego los relojes IP y proporcionan esa sensaci\u00f3n a sus clientes.<\/li>\n<li>\u00bf Tienes ya un aut\u00e9ntico reloj de alta gama que no quieres llevar por motivos de seguridad o por razones de devaluaci\u00f3n en algunas ocasiones ?<br \/>\nLleva tu R\u00e9plica de Reloj de Alta Calidad y si\u00e9ntete m\u00e1s seguro, ten la misma confianza, protege tus objetos de valor<\/li>\n<\/ul>\n<\/div>\n<\/div>\n<div class=\"product-info__description\">\n<div class=\"prose\"><\/div>\n<\/div>\n","protected":false},"excerpt":{"rendered":"<p>Super Clon R\u00e9plica Rolex Caja de Reloj con Papeles &#8211; Mejor Clon Suizo R\u00e9plica Rolex Versi\u00f3n Caja de Reloj Esta calidad espec\u00edfica de caja para relojes Rolex se compra a propietarios de aut\u00e9nticos relojes Rolex que necesitan espacio adicional para sus relojes Rolex. Material para cajas y estuches Madera Color Verde Estilo Lujo Vieja y<\/p>\n","protected":false},"featured_media":30312,"comment_status":"open","ping_status":"closed","template":"","meta":{"_uag_custom_page_level_css":"","site-sidebar-layout":"default","site-content-layout":"","ast-site-content-layout":"default","site-content-style":"default","site-sidebar-style":"default","ast-global-header-display":"","ast-banner-title-visibility":"","ast-main-header-display":"","ast-hfb-above-header-display":"","ast-hfb-below-header-display":"","ast-hfb-mobile-header-display":"","site-post-title":"","ast-breadcrumbs-content":"","ast-featured-img":"","footer-sml-layout":"","theme-transparent-header-meta":"default","adv-header-id-meta":"","stick-header-meta":"default","header-above-stick-meta":"","header-main-stick-meta":"","header-below-stick-meta":"","astra-migrate-meta-layouts":"set","ast-page-background-enabled":"default","ast-page-background-meta":{"desktop":{"background-color":"var(--ast-global-color-4)","background-image":"","background-repeat":"repeat","background-position":"center center","background-size":"auto","background-attachment":"scroll","background-type":"","background-media":"","overlay-type":"","overlay-color":"","overlay-opacity":"","overlay-gradient":""},"tablet":{"background-color":"","background-image":"","background-repeat":"repeat","background-position":"center center","background-size":"auto","background-attachment":"scroll","background-type":"","background-media":"","overlay-type":"","overlay-color":"","overlay-opacity":"","overlay-gradient":""},"mobile":{"background-color":"","background-image":"","background-repeat":"repeat","background-position":"center center","background-size":"auto","background-attachment":"scroll","background-type":"","background-media":"","overlay-type":"","overlay-color":"","overlay-opacity":"","overlay-gradient":""}},"ast-content-background-meta":{"desktop":{"background-color":"var(--ast-global-color-5)","background-image":"","background-repeat":"repeat","background-position":"center center","background-size":"auto","background-attachment":"scroll","background-type":"","background-media":"","overlay-type":"","overlay-color":"","overlay-opacity":"","overlay-gradient":""},"tablet":{"background-color":"var(--ast-global-color-5)","background-image":"","background-repeat":"repeat","background-position":"center center","background-size":"auto","background-attachment":"scroll","background-type":"","background-media":"","overlay-type":"","overlay-color":"","overlay-opacity":"","overlay-gradient":""},"mobile":{"background-color":"var(--ast-global-color-5)","background-image":"","background-repeat":"repeat","background-position":"center center","background-size":"auto","background-attachment":"scroll","background-type":"","background-media":"","overlay-type":"","overlay-color":"","overlay-opacity":"","overlay-gradient":""}}},"product_brand":[],"product_cat":[178,168,154,170,158],"product_tag":[],"class_list":{"0":"post-8961","1":"product","2":"type-product","3":"status-publish","4":"has-post-thumbnail","6":"product_cat-cajas-replica-de-relojes","7":"product_cat-productos-mas-nuevos","8":"product_cat-replicas-de-relojes-mas-vendidas","9":"product_cat-super-clon-rolex","10":"product_cat-superclones","11":"desktop-align-left","12":"tablet-align-left","13":"mobile-align-left","14":"ast-product-gallery-layout-vertical-slider","16":"first","17":"instock","18":"sale","19":"shipping-taxable","20":"purchasable","21":"product-type-simple"},"uagb_featured_image_src":{"full":["https:\/\/myreplicawatches.io\/wp-content\/uploads\/2023\/10\/0d01d5940e7faa8c938a879a44030ad3-1.jpeg",1440,1080,false],"thumbnail":["https:\/\/myreplicawatches.io\/wp-content\/uploads\/2023\/10\/0d01d5940e7faa8c938a879a44030ad3-1-150x150.jpeg",150,150,true],"medium":["https:\/\/myreplicawatches.io\/wp-content\/uploads\/2023\/10\/0d01d5940e7faa8c938a879a44030ad3-1-300x225.jpeg",300,225,true],"medium_large":["https:\/\/myreplicawatches.io\/wp-content\/uploads\/2023\/10\/0d01d5940e7faa8c938a879a44030ad3-1-768x576.jpeg",768,576,true],"large":["https:\/\/myreplicawatches.io\/wp-content\/uploads\/2023\/10\/0d01d5940e7faa8c938a879a44030ad3-1-1024x768.jpeg",1024,768,true],"1536x1536":["https:\/\/myreplicawatches.io\/wp-content\/uploads\/2023\/10\/0d01d5940e7faa8c938a879a44030ad3-1.jpeg",1440,1080,false],"2048x2048":["https:\/\/myreplicawatches.io\/wp-content\/uploads\/2023\/10\/0d01d5940e7faa8c938a879a44030ad3-1.jpeg",1440,1080,false],"woocommerce_thumbnail":["https:\/\/myreplicawatches.io\/wp-content\/uploads\/2023\/10\/0d01d5940e7faa8c938a879a44030ad3-1-300x300.jpeg",300,300,true],"woocommerce_single":["https:\/\/myreplicawatches.io\/wp-content\/uploads\/2023\/10\/0d01d5940e7faa8c938a879a44030ad3-1-600x450.jpeg",600,450,true],"woocommerce_gallery_thumbnail":["https:\/\/myreplicawatches.io\/wp-content\/uploads\/2023\/10\/0d01d5940e7faa8c938a879a44030ad3-1-100x100.jpeg",100,100,true],"variation_swatches_image_size":["https:\/\/myreplicawatches.io\/wp-content\/uploads\/2023\/10\/0d01d5940e7faa8c938a879a44030ad3-1-50x50.jpeg",50,50,true],"variation_swatches_tooltip_size":["https:\/\/myreplicawatches.io\/wp-content\/uploads\/2023\/10\/0d01d5940e7faa8c938a879a44030ad3-1-100x100.jpeg",100,100,true],"dgwt-wcas-product-suggestion":["https:\/\/myreplicawatches.io\/wp-content\/uploads\/2023\/10\/0d01d5940e7faa8c938a879a44030ad3-1-64x48.jpeg",64,48,true]},"uagb_author_info":{"display_name":"admin","author_link":"https:\/\/myreplicawatches.io\/es\/author\/"},"uagb_comment_info":0,"uagb_excerpt":"Super Clon R\u00e9plica Rolex Caja de Reloj con Papeles &#8211; Mejor Clon Suizo R\u00e9plica Rolex Versi\u00f3n Caja de Reloj Esta calidad espec\u00edfica de caja para relojes Rolex se compra a propietarios de aut\u00e9nticos relojes Rolex que necesitan espacio adicional para sus relojes Rolex. Material para cajas y estuches Madera Color Verde Estilo Lujo Vieja y","jetpack_sharing_enabled":true,"_links":{"self":[{"href":"https:\/\/myreplicawatches.io\/es\/wp-json\/wp\/v2\/product\/8961","targetHints":{"allow":["GET"]}}],"collection":[{"href":"https:\/\/myreplicawatches.io\/es\/wp-json\/wp\/v2\/product"}],"about":[{"href":"https:\/\/myreplicawatches.io\/es\/wp-json\/wp\/v2\/types\/product"}],"replies":[{"embeddable":true,"href":"https:\/\/myreplicawatches.io\/es\/wp-json\/wp\/v2\/comments?post=8961"}],"wp:featuredmedia":[{"embeddable":true,"href":"https:\/\/myreplicawatches.io\/es\/wp-json\/wp\/v2\/media\/30312"}],"wp:attachment":[{"href":"https:\/\/myreplicawatches.io\/es\/wp-json\/wp\/v2\/media?parent=8961"}],"wp:term":[{"taxonomy":"product_brand","embeddable":true,"href":"https:\/\/myreplicawatches.io\/es\/wp-json\/wp\/v2\/product_brand?post=8961"},{"taxonomy":"product_cat","embeddable":true,"href":"https:\/\/myreplicawatches.io\/es\/wp-json\/wp\/v2\/product_cat?post=8961"},{"taxonomy":"product_tag","embeddable":true,"href":"https:\/\/myreplicawatches.io\/es\/wp-json\/wp\/v2\/product_tag?post=8961"}],"curies":[{"name":"wp","href":"https:\/\/api.w.org\/{rel}","templated":true}]}}