{"id":8957,"date":"2023-10-03T22:07:58","date_gmt":"2023-10-03T22:07:58","guid":{"rendered":"https:\/\/myreplicawatches.io\/product\/rolex-milgauss-replica-116400-gv\/"},"modified":"2025-02-21T04:50:46","modified_gmt":"2025-02-21T04:50:46","slug":"rolex-milgauss-replica-116400-gv","status":"publish","type":"product","link":"https:\/\/myreplicawatches.io\/es\/product\/rolex-milgauss-replica-116400-gv\/","title":{"rendered":"Rolex Milgauss R\u00e9plica 116400 GV"},"content":{"rendered":"<h3>Rolex Milgauss R\u00e9plica &#8211; R\u00e9plica de reloj AAAA+ de la mejor calidad<\/h3>\n<p>&nbsp;<\/p>\n<h3>Ventajas de poseer una r\u00e9plica del Rolex Milgauss<\/h3>\n<ul>\n<li>Una r\u00e9plica puede comprarse a un precio mucho m\u00e1s barato que uno aut\u00e9ntico, sin embargo, un reloj r\u00e9plica parecer\u00e1 y se sentir\u00e1 igual que el original.<\/li>\n<li>Lo \u00faltimo que alguien quiere es gastarse una fortuna para conseguir un reloj de lujo que tiene peque\u00f1as diferencias con nuestras r\u00e9plicas de relojes.<\/li>\n<li>Muchos entusiastas de los relojes no quieren gastarse miles de d\u00f3lares en relojes y quieren tener esa gran sensaci\u00f3n de poseer un gran reloj de una marca de lujo. Es entonces cuando myreplicawatches.io entra en escena y proporciona esa sensaci\u00f3n a sus clientes.<\/li>\n<li>\u00bf Tienes ya un aut\u00e9ntico reloj de alta gama que no quieres llevar por motivos de seguridad o por razones de devaluaci\u00f3n en algunas ocasiones ?<br \/>\nLleva tu r\u00e9plica de reloj Rolex Milgauss de alta calidad y si\u00e9ntete m\u00e1s seguro, ten la misma confianza, protege tus objetos de valor<\/li>\n<\/ul>\n<table>\n<tbody>\n<tr>\n<th>MARCA<\/th>\n<td>Rolex<\/td>\n<\/tr>\n<tr>\n<th>COLECCI\u00d3N<\/th>\n<td>Milgauss<\/td>\n<\/tr>\n<tr>\n<th>MODELO<\/th>\n<td>116400 GV<\/td>\n<\/tr>\n<tr>\n<th>G\u00c9NERO<\/th>\n<td>Mens<\/td>\n<\/tr>\n<tr>\n<th>MOVIMIENTO<\/th>\n<td>Autom\u00e1tico<\/td>\n<\/tr>\n<tr>\n<th>TAMA\u00d1O DE LA CAJA<\/th>\n<td>40 MM<\/td>\n<\/tr>\n<tr>\n<th>MATERIAL DE LA CAJA<\/th>\n<td>Acero<\/td>\n<\/tr>\n<tr>\n<th>MATERIAL DE LA PULSERA<\/th>\n<td>Acero (Ostra)<\/td>\n<\/tr>\n<tr>\n<th>TIPO DE DIAL<\/th>\n<td>Bast\u00f3n negro<\/td>\n<\/tr>\n<tr>\n<th>RESISTENCIA AL AGUA<\/th>\n<td>Resistente al agua<\/td>\n<\/tr>\n<\/tbody>\n<\/table>\n","protected":false},"excerpt":{"rendered":"<p>Rolex Milgauss R\u00e9plica &#8211; R\u00e9plica de reloj AAAA+ de la mejor calidad &nbsp; Ventajas de poseer una r\u00e9plica del Rolex Milgauss Una r\u00e9plica puede comprarse a un precio mucho m\u00e1s barato que uno aut\u00e9ntico, sin embargo, un reloj r\u00e9plica parecer\u00e1 y se sentir\u00e1 igual que el original. Lo \u00faltimo que alguien quiere es gastarse una<\/p>\n","protected":false},"featured_media":8543,"comment_status":"open","ping_status":"closed","template":"","meta":{"_uag_custom_page_level_css":"","site-sidebar-layout":"default","site-content-layout":"","ast-site-content-layout":"default","site-content-style":"default","site-sidebar-style":"default","ast-global-header-display":"","ast-banner-title-visibility":"","ast-main-header-display":"","ast-hfb-above-header-display":"","ast-hfb-below-header-display":"","ast-hfb-mobile-header-display":"","site-post-title":"","ast-breadcrumbs-content":"","ast-featured-img":"","footer-sml-layout":"","theme-transparent-header-meta":"default","adv-header-id-meta":"","stick-header-meta":"default","header-above-stick-meta":"","header-main-stick-meta":"","header-below-stick-meta":"","astra-migrate-meta-layouts":"set","ast-page-background-enabled":"default","ast-page-background-meta":{"desktop":{"background-color":"var(--ast-global-color-4)","background-image":"","background-repeat":"repeat","background-position":"center center","background-size":"auto","background-attachment":"scroll","background-type":"","background-media":"","overlay-type":"","overlay-color":"","overlay-opacity":"","overlay-gradient":""},"tablet":{"background-color":"","background-image":"","background-repeat":"repeat","background-position":"center center","background-size":"auto","background-attachment":"scroll","background-type":"","background-media":"","overlay-type":"","overlay-color":"","overlay-opacity":"","overlay-gradient":""},"mobile":{"background-color":"","background-image":"","background-repeat":"repeat","background-position":"center center","background-size":"auto","background-attachment":"scroll","background-type":"","background-media":"","overlay-type":"","overlay-color":"","overlay-opacity":"","overlay-gradient":""}},"ast-content-background-meta":{"desktop":{"background-color":"var(--ast-global-color-5)","background-image":"","background-repeat":"repeat","background-position":"center center","background-size":"auto","background-attachment":"scroll","background-type":"","background-media":"","overlay-type":"","overlay-color":"","overlay-opacity":"","overlay-gradient":""},"tablet":{"background-color":"var(--ast-global-color-5)","background-image":"","background-repeat":"repeat","background-position":"center center","background-size":"auto","background-attachment":"scroll","background-type":"","background-media":"","overlay-type":"","overlay-color":"","overlay-opacity":"","overlay-gradient":""},"mobile":{"background-color":"var(--ast-global-color-5)","background-image":"","background-repeat":"repeat","background-position":"center center","background-size":"auto","background-attachment":"scroll","background-type":"","background-media":"","overlay-type":"","overlay-color":"","overlay-opacity":"","overlay-gradient":""}}},"product_brand":[],"product_cat":[168,183,162,154],"product_tag":[3389,938,648,559,565,440,474,1671,2960,465,187,2363,567,2712],"class_list":{"0":"post-8957","1":"product","2":"type-product","3":"status-publish","4":"has-post-thumbnail","6":"product_cat-productos-mas-nuevos","7":"product_cat-replica-rolex-milgaus-clon-aaaa","8":"product_cat-replica-super-clon-rolex-aaa","9":"product_cat-replicas-de-relojes-mas-vendidas","10":"product_tag-antimagnetic","11":"product_tag-classic-es","12":"product_tag-elegant-es","13":"product_tag-exclusive","14":"product_tag-high-quality-es","15":"product_tag-luxury-watch","16":"product_tag-mens-watch","17":"product_tag-milgauss-es","18":"product_tag-premium-edition","19":"product_tag-replica","20":"product_tag-rolex-es","21":"product_tag-sophisticated-es","22":"product_tag-stylish-es","23":"product_tag-timeless-design","24":"desktop-align-left","25":"tablet-align-left","26":"mobile-align-left","27":"ast-product-gallery-layout-vertical-slider","29":"first","30":"instock","31":"sale","32":"shipping-taxable","33":"purchasable","34":"product-type-simple"},"uagb_featured_image_src":{"full":["https:\/\/myreplicawatches.io\/wp-content\/uploads\/2023\/10\/Replica-rolex-Sky-dweller-rose-gold-56.jpg",1080,1080,false],"thumbnail":["https:\/\/myreplicawatches.io\/wp-content\/uploads\/2023\/10\/Replica-rolex-Sky-dweller-rose-gold-56-150x150.jpg",150,150,true],"medium":["https:\/\/myreplicawatches.io\/wp-content\/uploads\/2023\/10\/Replica-rolex-Sky-dweller-rose-gold-56-300x300.jpg",300,300,true],"medium_large":["https:\/\/myreplicawatches.io\/wp-content\/uploads\/2023\/10\/Replica-rolex-Sky-dweller-rose-gold-56-768x768.jpg",768,768,true],"large":["https:\/\/myreplicawatches.io\/wp-content\/uploads\/2023\/10\/Replica-rolex-Sky-dweller-rose-gold-56-1024x1024.jpg",1024,1024,true],"1536x1536":["https:\/\/myreplicawatches.io\/wp-content\/uploads\/2023\/10\/Replica-rolex-Sky-dweller-rose-gold-56.jpg",1080,1080,false],"2048x2048":["https:\/\/myreplicawatches.io\/wp-content\/uploads\/2023\/10\/Replica-rolex-Sky-dweller-rose-gold-56.jpg",1080,1080,false],"woocommerce_thumbnail":["https:\/\/myreplicawatches.io\/wp-content\/uploads\/2023\/10\/Replica-rolex-Sky-dweller-rose-gold-56-300x300.jpg",300,300,true],"woocommerce_single":["https:\/\/myreplicawatches.io\/wp-content\/uploads\/2023\/10\/Replica-rolex-Sky-dweller-rose-gold-56-600x600.jpg",600,600,true],"woocommerce_gallery_thumbnail":["https:\/\/myreplicawatches.io\/wp-content\/uploads\/2023\/10\/Replica-rolex-Sky-dweller-rose-gold-56-100x100.jpg",100,100,true],"variation_swatches_image_size":["https:\/\/myreplicawatches.io\/wp-content\/uploads\/2023\/10\/Replica-rolex-Sky-dweller-rose-gold-56-50x50.jpg",50,50,true],"variation_swatches_tooltip_size":["https:\/\/myreplicawatches.io\/wp-content\/uploads\/2023\/10\/Replica-rolex-Sky-dweller-rose-gold-56-100x100.jpg",100,100,true],"dgwt-wcas-product-suggestion":["https:\/\/myreplicawatches.io\/wp-content\/uploads\/2023\/10\/Replica-rolex-Sky-dweller-rose-gold-56-64x64.jpg",64,64,true]},"uagb_author_info":{"display_name":"admin","author_link":"https:\/\/myreplicawatches.io\/es\/author\/"},"uagb_comment_info":0,"uagb_excerpt":"Rolex Milgauss R\u00e9plica &#8211; R\u00e9plica de reloj AAAA+ de la mejor calidad &nbsp; Ventajas de poseer una r\u00e9plica del Rolex Milgauss Una r\u00e9plica puede comprarse a un precio mucho m\u00e1s barato que uno aut\u00e9ntico, sin embargo, un reloj r\u00e9plica parecer\u00e1 y se sentir\u00e1 igual que el original. Lo \u00faltimo que alguien quiere es gastarse una","jetpack_sharing_enabled":true,"_links":{"self":[{"href":"https:\/\/myreplicawatches.io\/es\/wp-json\/wp\/v2\/product\/8957","targetHints":{"allow":["GET"]}}],"collection":[{"href":"https:\/\/myreplicawatches.io\/es\/wp-json\/wp\/v2\/product"}],"about":[{"href":"https:\/\/myreplicawatches.io\/es\/wp-json\/wp\/v2\/types\/product"}],"replies":[{"embeddable":true,"href":"https:\/\/myreplicawatches.io\/es\/wp-json\/wp\/v2\/comments?post=8957"}],"wp:featuredmedia":[{"embeddable":true,"href":"https:\/\/myreplicawatches.io\/es\/wp-json\/wp\/v2\/media\/8543"}],"wp:attachment":[{"href":"https:\/\/myreplicawatches.io\/es\/wp-json\/wp\/v2\/media?parent=8957"}],"wp:term":[{"taxonomy":"product_brand","embeddable":true,"href":"https:\/\/myreplicawatches.io\/es\/wp-json\/wp\/v2\/product_brand?post=8957"},{"taxonomy":"product_cat","embeddable":true,"href":"https:\/\/myreplicawatches.io\/es\/wp-json\/wp\/v2\/product_cat?post=8957"},{"taxonomy":"product_tag","embeddable":true,"href":"https:\/\/myreplicawatches.io\/es\/wp-json\/wp\/v2\/product_tag?post=8957"}],"curies":[{"name":"wp","href":"https:\/\/api.w.org\/{rel}","templated":true}]}}