{"id":8956,"date":"2023-10-03T22:07:43","date_gmt":"2023-10-03T22:07:43","guid":{"rendered":"https:\/\/myreplicawatches.io\/product\/replica-rolex-day-date-platino-diamante\/"},"modified":"2025-11-06T19:05:18","modified_gmt":"2025-11-06T19:05:18","slug":"replica-rolex-day-date-platino-diamante","status":"publish","type":"product","link":"https:\/\/myreplicawatches.io\/es\/product\/replica-rolex-day-date-platino-diamante\/","title":{"rendered":"R\u00e9plica Rolex Day-Date Platino Diamante"},"content":{"rendered":"<h4>R\u00e9plica Rolex Day-Date Platino Diamante &#8211; R\u00e9plica de la mejor calidad AAAA+ Copia<\/h4>\n<p>&nbsp;<\/p>\n<h5>Ventajas de poseer la R\u00e9plica Rolex Day-Date Platino Diamante:<\/h5>\n<ul>\n<li>Una r\u00e9plica puede comprarse a un precio mucho m\u00e1s barato que uno aut\u00e9ntico, sin embargo, un reloj r\u00e9plica parecer\u00e1 y se sentir\u00e1 igual que el original.<\/li>\n<li>Lo \u00faltimo que alguien quiere es gastarse una fortuna para conseguir un reloj de lujo que tiene peque\u00f1as diferencias con nuestras r\u00e9plicas de relojes.<\/li>\n<li>Muchos entusiastas de los relojes no quieren gastarse miles de d\u00f3lares en relojes y quieren tener esa gran sensaci\u00f3n de poseer un gran reloj de una marca de lujo. Es entonces cuando entran en juego los relojes IP y proporcionan esa sensaci\u00f3n a sus clientes.<\/li>\n<li>\u00bf Tienes ya un aut\u00e9ntico reloj de alta gama que no quieres llevar por motivos de seguridad o por razones de devaluaci\u00f3n en algunas ocasiones ?<br \/>\nLleva tu r\u00e9plica de reloj Rolex Day-Date Platino Diamante de alta calidad y si\u00e9ntete m\u00e1s seguro, ten la misma confianza, protege tus objetos de valor<\/li>\n<\/ul>\n<table>\n<tbody>\n<tr>\n<th>MARCA<\/th>\n<td>Rolex<\/td>\n<\/tr>\n<tr>\n<th>COLECCI\u00d3N<\/th>\n<td>R\u00e9plica Rolex Day-Date Platino Diamante<\/td>\n<\/tr>\n<tr>\n<th>MODELO<\/th>\n<td>118346<\/td>\n<\/tr>\n<tr>\n<th>G\u00c9NERO<\/th>\n<td>Mens<\/td>\n<\/tr>\n<tr>\n<th>MOVIMIENTO<\/th>\n<td>Autom\u00e1tico<\/td>\n<\/tr>\n<tr>\n<th>TAMA\u00d1O DE LA CAJA<\/th>\n<td>36 MM<\/td>\n<\/tr>\n<tr>\n<th>MATERIAL DE LA CAJA<\/th>\n<td>Acero inoxidable de grado 316<\/td>\n<\/tr>\n<tr>\n<th>MATERIAL DE LA PULSERA<\/th>\n<td>Acero inoxidable de grado 316 (Presidente)<\/td>\n<\/tr>\n<tr>\n<th>TIPO DE DIAL<\/th>\n<td>Diamante de plata<\/td>\n<\/tr>\n<\/tbody>\n<\/table>\n","protected":false},"excerpt":{"rendered":"<p>R\u00e9plica Rolex Day-Date Platino Diamante &#8211; R\u00e9plica de la mejor calidad AAAA+ Copia &nbsp; Ventajas de poseer la R\u00e9plica Rolex Day-Date Platino Diamante: Una r\u00e9plica puede comprarse a un precio mucho m\u00e1s barato que uno aut\u00e9ntico, sin embargo, un reloj r\u00e9plica parecer\u00e1 y se sentir\u00e1 igual que el original. Lo \u00faltimo que alguien quiere es<\/p>\n","protected":false},"featured_media":8049,"comment_status":"open","ping_status":"closed","template":"","meta":{"_uag_custom_page_level_css":"","site-sidebar-layout":"default","site-content-layout":"","ast-site-content-layout":"default","site-content-style":"default","site-sidebar-style":"default","ast-global-header-display":"","ast-banner-title-visibility":"","ast-main-header-display":"","ast-hfb-above-header-display":"","ast-hfb-below-header-display":"","ast-hfb-mobile-header-display":"","site-post-title":"","ast-breadcrumbs-content":"","ast-featured-img":"","footer-sml-layout":"","theme-transparent-header-meta":"default","adv-header-id-meta":"","stick-header-meta":"default","header-above-stick-meta":"","header-main-stick-meta":"","header-below-stick-meta":"","astra-migrate-meta-layouts":"default","ast-page-background-enabled":"default","ast-page-background-meta":{"desktop":{"background-color":"var(--ast-global-color-4)","background-image":"","background-repeat":"repeat","background-position":"center center","background-size":"auto","background-attachment":"scroll","background-type":"","background-media":"","overlay-type":"","overlay-color":"","overlay-opacity":"","overlay-gradient":""},"tablet":{"background-color":"","background-image":"","background-repeat":"repeat","background-position":"center center","background-size":"auto","background-attachment":"scroll","background-type":"","background-media":"","overlay-type":"","overlay-color":"","overlay-opacity":"","overlay-gradient":""},"mobile":{"background-color":"","background-image":"","background-repeat":"repeat","background-position":"center center","background-size":"auto","background-attachment":"scroll","background-type":"","background-media":"","overlay-type":"","overlay-color":"","overlay-opacity":"","overlay-gradient":""}},"ast-content-background-meta":{"desktop":{"background-color":"var(--ast-global-color-5)","background-image":"","background-repeat":"repeat","background-position":"center center","background-size":"auto","background-attachment":"scroll","background-type":"","background-media":"","overlay-type":"","overlay-color":"","overlay-opacity":"","overlay-gradient":""},"tablet":{"background-color":"var(--ast-global-color-5)","background-image":"","background-repeat":"repeat","background-position":"center center","background-size":"auto","background-attachment":"scroll","background-type":"","background-media":"","overlay-type":"","overlay-color":"","overlay-opacity":"","overlay-gradient":""},"mobile":{"background-color":"var(--ast-global-color-5)","background-image":"","background-repeat":"repeat","background-position":"center center","background-size":"auto","background-attachment":"scroll","background-type":"","background-media":"","overlay-type":"","overlay-color":"","overlay-opacity":"","overlay-gradient":""}}},"product_brand":[],"product_cat":[181,168,162,154],"product_tag":[938,795,648,559,565,440,474,2960,937,465,187,2363,567,2712],"class_list":{"0":"post-8956","1":"product","2":"type-product","3":"status-publish","4":"has-post-thumbnail","6":"product_cat-day-date-replica-relojo-rolex","7":"product_cat-productos-mas-nuevos","8":"product_cat-replica-super-clon-rolex-aaa","9":"product_cat-replicas-de-relojes-mas-vendidas","10":"product_tag-classic-es","11":"product_tag-day-date-es","12":"product_tag-elegant-es","13":"product_tag-exclusive","14":"product_tag-high-quality-es","15":"product_tag-luxury-watch","16":"product_tag-mens-watch","17":"product_tag-premium-edition","18":"product_tag-prestigious-es","19":"product_tag-replica","20":"product_tag-rolex-es","21":"product_tag-sophisticated-es","22":"product_tag-stylish-es","23":"product_tag-timeless-design","24":"desktop-align-left","25":"tablet-align-left","26":"mobile-align-left","27":"ast-product-gallery-layout-vertical-slider","29":"first","30":"instock","31":"sale","32":"shipping-taxable","33":"purchasable","34":"product-type-simple"},"uagb_featured_image_src":{"full":["https:\/\/myreplicawatches.io\/wp-content\/uploads\/2023\/10\/Screenshot2023-08-28at11.27.18AM.png",960,948,false],"thumbnail":["https:\/\/myreplicawatches.io\/wp-content\/uploads\/2023\/10\/Screenshot2023-08-28at11.27.18AM-150x150.png",150,150,true],"medium":["https:\/\/myreplicawatches.io\/wp-content\/uploads\/2023\/10\/Screenshot2023-08-28at11.27.18AM-300x296.png",300,296,true],"medium_large":["https:\/\/myreplicawatches.io\/wp-content\/uploads\/2023\/10\/Screenshot2023-08-28at11.27.18AM-768x758.png",768,758,true],"large":["https:\/\/myreplicawatches.io\/wp-content\/uploads\/2023\/10\/Screenshot2023-08-28at11.27.18AM.png",960,948,false],"1536x1536":["https:\/\/myreplicawatches.io\/wp-content\/uploads\/2023\/10\/Screenshot2023-08-28at11.27.18AM.png",960,948,false],"2048x2048":["https:\/\/myreplicawatches.io\/wp-content\/uploads\/2023\/10\/Screenshot2023-08-28at11.27.18AM.png",960,948,false],"woocommerce_thumbnail":["https:\/\/myreplicawatches.io\/wp-content\/uploads\/2023\/10\/Screenshot2023-08-28at11.27.18AM-300x300.png",300,300,true],"woocommerce_single":["https:\/\/myreplicawatches.io\/wp-content\/uploads\/2023\/10\/Screenshot2023-08-28at11.27.18AM-600x593.png",600,593,true],"woocommerce_gallery_thumbnail":["https:\/\/myreplicawatches.io\/wp-content\/uploads\/2023\/10\/Screenshot2023-08-28at11.27.18AM-100x100.png",100,100,true],"variation_swatches_image_size":["https:\/\/myreplicawatches.io\/wp-content\/uploads\/2023\/10\/Screenshot2023-08-28at11.27.18AM.png",50,50,false],"variation_swatches_tooltip_size":["https:\/\/myreplicawatches.io\/wp-content\/uploads\/2023\/10\/Screenshot2023-08-28at11.27.18AM.png",100,100,false],"dgwt-wcas-product-suggestion":["https:\/\/myreplicawatches.io\/wp-content\/uploads\/2023\/10\/Screenshot2023-08-28at11.27.18AM-64x63.png",64,63,true]},"uagb_author_info":{"display_name":"admin","author_link":"https:\/\/myreplicawatches.io\/es\/author\/"},"uagb_comment_info":0,"uagb_excerpt":"R\u00e9plica Rolex Day-Date Platino Diamante &#8211; R\u00e9plica de la mejor calidad AAAA+ Copia &nbsp; Ventajas de poseer la R\u00e9plica Rolex Day-Date Platino Diamante: Una r\u00e9plica puede comprarse a un precio mucho m\u00e1s barato que uno aut\u00e9ntico, sin embargo, un reloj r\u00e9plica parecer\u00e1 y se sentir\u00e1 igual que el original. Lo \u00faltimo que alguien quiere es","jetpack_sharing_enabled":true,"_links":{"self":[{"href":"https:\/\/myreplicawatches.io\/es\/wp-json\/wp\/v2\/product\/8956","targetHints":{"allow":["GET"]}}],"collection":[{"href":"https:\/\/myreplicawatches.io\/es\/wp-json\/wp\/v2\/product"}],"about":[{"href":"https:\/\/myreplicawatches.io\/es\/wp-json\/wp\/v2\/types\/product"}],"replies":[{"embeddable":true,"href":"https:\/\/myreplicawatches.io\/es\/wp-json\/wp\/v2\/comments?post=8956"}],"wp:featuredmedia":[{"embeddable":true,"href":"https:\/\/myreplicawatches.io\/es\/wp-json\/wp\/v2\/media\/8049"}],"wp:attachment":[{"href":"https:\/\/myreplicawatches.io\/es\/wp-json\/wp\/v2\/media?parent=8956"}],"wp:term":[{"taxonomy":"product_brand","embeddable":true,"href":"https:\/\/myreplicawatches.io\/es\/wp-json\/wp\/v2\/product_brand?post=8956"},{"taxonomy":"product_cat","embeddable":true,"href":"https:\/\/myreplicawatches.io\/es\/wp-json\/wp\/v2\/product_cat?post=8956"},{"taxonomy":"product_tag","embeddable":true,"href":"https:\/\/myreplicawatches.io\/es\/wp-json\/wp\/v2\/product_tag?post=8956"}],"curies":[{"name":"wp","href":"https:\/\/api.w.org\/{rel}","templated":true}]}}