{"id":8955,"date":"2023-10-03T22:07:53","date_gmt":"2023-10-03T22:07:53","guid":{"rendered":"https:\/\/myreplicawatches.io\/product\/rolex-gmt-master-ii-reloj-de-pared-estilo-pepsi-rojo-y-azul\/"},"modified":"2025-07-30T22:28:09","modified_gmt":"2025-07-30T22:28:09","slug":"rolex-gmt-master-ii-reloj-de-pared-estilo-pepsi-rojo-y-azul","status":"publish","type":"product","link":"https:\/\/myreplicawatches.io\/es\/product\/rolex-gmt-master-ii-reloj-de-pared-estilo-pepsi-rojo-y-azul\/","title":{"rendered":"Rolex GMT-Master II Reloj de Pared Estilo Pepsi | Rojo y Azul"},"content":{"rendered":"<p>&nbsp;<\/p>\n<h2 style=\"text-align: center;\" data-mce-fragment=\"1\"><span style=\"color: #00aaff;\" data-mce-fragment=\"1\"><strong data-mce-fragment=\"1\">Imagina este precioso reloj de pared Rolex a tu<\/strong><\/span><\/h2>\n<h2 style=\"text-align: center;\" data-mce-fragment=\"1\"><span style=\"color: #00aaff;\" data-mce-fragment=\"1\"><strong data-mce-fragment=\"1\">Despacho, Sal\u00f3n o Dormitorio <\/strong><\/span><\/h2>\n<p data-mce-fragment=\"1\">Lujoso reloj de pared con caja de acero inoxidable, basado en el Daytona de acero con el emblem\u00e1tico bisel estriado.<\/p>\n<p data-mce-fragment=\"1\">Se trata de una versi\u00f3n de alta calidad con m\u00faltiples mejoras realizadas sobre el acabado y la construcci\u00f3n de versiones anteriores.<\/p>\n<p data-mce-fragment=\"1\">Elecci\u00f3n de marcadores con o sin tiras de lume Movimiento de cuarzo de barrido alimentado por una sola pila AA.<\/p>\n<p data-mce-fragment=\"1\">Las dimensiones del reloj miden aproximadamente 34 cm por 5 cm.<\/p>\n<p data-mce-fragment=\"1\"><br data-mce-fragment=\"1\" \/>Marcas luminosas reactivas a los rayos UV<\/p>\n<p data-mce-fragment=\"1\"><br data-mce-fragment=\"1\" \/>Movimiento: Segundero de barrido y silencioso. El reloj no hace tictac, pero se desliza exactamente igual que el original<\/p>\n","protected":false},"excerpt":{"rendered":"<p>&nbsp; Imagina este precioso reloj de pared Rolex a tu Despacho, Sal\u00f3n o Dormitorio Lujoso reloj de pared con caja de acero inoxidable, basado en el Daytona de acero con el emblem\u00e1tico bisel estriado. Se trata de una versi\u00f3n de alta calidad con m\u00faltiples mejoras realizadas sobre el acabado y la construcci\u00f3n de versiones anteriores.<\/p>\n","protected":false},"featured_media":8062,"comment_status":"open","ping_status":"closed","template":"","meta":{"_uag_custom_page_level_css":"","site-sidebar-layout":"default","site-content-layout":"","ast-site-content-layout":"default","site-content-style":"default","site-sidebar-style":"default","ast-global-header-display":"","ast-banner-title-visibility":"","ast-main-header-display":"","ast-hfb-above-header-display":"","ast-hfb-below-header-display":"","ast-hfb-mobile-header-display":"","site-post-title":"","ast-breadcrumbs-content":"","ast-featured-img":"","footer-sml-layout":"","theme-transparent-header-meta":"default","adv-header-id-meta":"","stick-header-meta":"default","header-above-stick-meta":"","header-main-stick-meta":"","header-below-stick-meta":"","astra-migrate-meta-layouts":"set","ast-page-background-enabled":"default","ast-page-background-meta":{"desktop":{"background-color":"var(--ast-global-color-4)","background-image":"","background-repeat":"repeat","background-position":"center center","background-size":"auto","background-attachment":"scroll","background-type":"","background-media":"","overlay-type":"","overlay-color":"","overlay-opacity":"","overlay-gradient":""},"tablet":{"background-color":"","background-image":"","background-repeat":"repeat","background-position":"center center","background-size":"auto","background-attachment":"scroll","background-type":"","background-media":"","overlay-type":"","overlay-color":"","overlay-opacity":"","overlay-gradient":""},"mobile":{"background-color":"","background-image":"","background-repeat":"repeat","background-position":"center center","background-size":"auto","background-attachment":"scroll","background-type":"","background-media":"","overlay-type":"","overlay-color":"","overlay-opacity":"","overlay-gradient":""}},"ast-content-background-meta":{"desktop":{"background-color":"var(--ast-global-color-5)","background-image":"","background-repeat":"repeat","background-position":"center center","background-size":"auto","background-attachment":"scroll","background-type":"","background-media":"","overlay-type":"","overlay-color":"","overlay-opacity":"","overlay-gradient":""},"tablet":{"background-color":"var(--ast-global-color-5)","background-image":"","background-repeat":"repeat","background-position":"center center","background-size":"auto","background-attachment":"scroll","background-type":"","background-media":"","overlay-type":"","overlay-color":"","overlay-opacity":"","overlay-gradient":""},"mobile":{"background-color":"var(--ast-global-color-5)","background-image":"","background-repeat":"repeat","background-position":"center center","background-size":"auto","background-attachment":"scroll","background-type":"","background-media":"","overlay-type":"","overlay-color":"","overlay-opacity":"","overlay-gradient":""}}},"product_brand":[],"product_cat":[168,169,154],"product_tag":[938,561,648,1815,3418,565,1427,563,3086,1428,3419,560,3420,187,567,1423],"class_list":{"0":"post-8955","1":"product","2":"type-product","3":"status-publish","4":"has-post-thumbnail","6":"product_cat-productos-mas-nuevos","7":"product_cat-replica-daytona-rolex-envio","8":"product_cat-replicas-de-relojes-mas-vendidas","9":"product_tag-classic-es","10":"product_tag-collectible","11":"product_tag-elegant-es","12":"product_tag-exclusive-design","13":"product_tag-gmt-master-ii","14":"product_tag-high-quality-es","15":"product_tag-home-decor","16":"product_tag-luxury-es","17":"product_tag-nautical-theme","18":"product_tag-office-decor","19":"product_tag-pepsi","20":"product_tag-premium","21":"product_tag-red-blue","22":"product_tag-rolex-es","23":"product_tag-stylish-es","24":"product_tag-wall-clock","25":"desktop-align-left","26":"tablet-align-left","27":"mobile-align-left","28":"ast-product-gallery-layout-vertical-slider","30":"first","31":"instock","32":"sale","33":"shipping-taxable","34":"purchasable","35":"product-type-simple"},"uagb_featured_image_src":{"full":["https:\/\/myreplicawatches.io\/wp-content\/uploads\/2023\/10\/Screenshot2022-10-13at11.08.39AM.png",1170,1188,false],"thumbnail":["https:\/\/myreplicawatches.io\/wp-content\/uploads\/2023\/10\/Screenshot2022-10-13at11.08.39AM-150x150.png",150,150,true],"medium":["https:\/\/myreplicawatches.io\/wp-content\/uploads\/2023\/10\/Screenshot2022-10-13at11.08.39AM-295x300.png",295,300,true],"medium_large":["https:\/\/myreplicawatches.io\/wp-content\/uploads\/2023\/10\/Screenshot2022-10-13at11.08.39AM-768x780.png",768,780,true],"large":["https:\/\/myreplicawatches.io\/wp-content\/uploads\/2023\/10\/Screenshot2022-10-13at11.08.39AM-1008x1024.png",1008,1024,true],"1536x1536":["https:\/\/myreplicawatches.io\/wp-content\/uploads\/2023\/10\/Screenshot2022-10-13at11.08.39AM.png",1170,1188,false],"2048x2048":["https:\/\/myreplicawatches.io\/wp-content\/uploads\/2023\/10\/Screenshot2022-10-13at11.08.39AM.png",1170,1188,false],"woocommerce_thumbnail":["https:\/\/myreplicawatches.io\/wp-content\/uploads\/2023\/10\/Screenshot2022-10-13at11.08.39AM-300x300.png",300,300,true],"woocommerce_single":["https:\/\/myreplicawatches.io\/wp-content\/uploads\/2023\/10\/Screenshot2022-10-13at11.08.39AM-600x609.png",600,609,true],"woocommerce_gallery_thumbnail":["https:\/\/myreplicawatches.io\/wp-content\/uploads\/2023\/10\/Screenshot2022-10-13at11.08.39AM-100x100.png",100,100,true],"variation_swatches_image_size":["https:\/\/myreplicawatches.io\/wp-content\/uploads\/2023\/10\/Screenshot2022-10-13at11.08.39AM.png",50,50,false],"variation_swatches_tooltip_size":["https:\/\/myreplicawatches.io\/wp-content\/uploads\/2023\/10\/Screenshot2022-10-13at11.08.39AM.png",98,100,false],"dgwt-wcas-product-suggestion":["https:\/\/myreplicawatches.io\/wp-content\/uploads\/2023\/10\/Screenshot2022-10-13at11.08.39AM-64x65.png",64,65,true]},"uagb_author_info":{"display_name":"admin","author_link":"https:\/\/myreplicawatches.io\/es\/author\/"},"uagb_comment_info":0,"uagb_excerpt":"&nbsp; Imagina este precioso reloj de pared Rolex a tu Despacho, Sal\u00f3n o Dormitorio Lujoso reloj de pared con caja de acero inoxidable, basado en el Daytona de acero con el emblem\u00e1tico bisel estriado. Se trata de una versi\u00f3n de alta calidad con m\u00faltiples mejoras realizadas sobre el acabado y la construcci\u00f3n de versiones anteriores.","jetpack_sharing_enabled":true,"_links":{"self":[{"href":"https:\/\/myreplicawatches.io\/es\/wp-json\/wp\/v2\/product\/8955","targetHints":{"allow":["GET"]}}],"collection":[{"href":"https:\/\/myreplicawatches.io\/es\/wp-json\/wp\/v2\/product"}],"about":[{"href":"https:\/\/myreplicawatches.io\/es\/wp-json\/wp\/v2\/types\/product"}],"replies":[{"embeddable":true,"href":"https:\/\/myreplicawatches.io\/es\/wp-json\/wp\/v2\/comments?post=8955"}],"wp:featuredmedia":[{"embeddable":true,"href":"https:\/\/myreplicawatches.io\/es\/wp-json\/wp\/v2\/media\/8062"}],"wp:attachment":[{"href":"https:\/\/myreplicawatches.io\/es\/wp-json\/wp\/v2\/media?parent=8955"}],"wp:term":[{"taxonomy":"product_brand","embeddable":true,"href":"https:\/\/myreplicawatches.io\/es\/wp-json\/wp\/v2\/product_brand?post=8955"},{"taxonomy":"product_cat","embeddable":true,"href":"https:\/\/myreplicawatches.io\/es\/wp-json\/wp\/v2\/product_cat?post=8955"},{"taxonomy":"product_tag","embeddable":true,"href":"https:\/\/myreplicawatches.io\/es\/wp-json\/wp\/v2\/product_tag?post=8955"}],"curies":[{"name":"wp","href":"https:\/\/api.w.org\/{rel}","templated":true}]}}