{"id":8938,"date":"2023-10-03T22:08:47","date_gmt":"2023-10-03T22:08:47","guid":{"rendered":"https:\/\/myreplicawatches.io\/product\/rolex-sky-dweller-replica-de-oro-rosa-con-esfera-de-rodio-2024-brazalete-jubilee\/"},"modified":"2025-09-20T14:45:25","modified_gmt":"2025-09-20T14:45:25","slug":"rolex-sky-dweller-replica-de-oro-rosa-con-esfera-de-rodio-2024-brazalete-jubilee","status":"publish","type":"product","link":"https:\/\/myreplicawatches.io\/es\/product\/rolex-sky-dweller-replica-de-oro-rosa-con-esfera-de-rodio-2024-brazalete-jubilee\/","title":{"rendered":"Rolex Sky-Dweller R\u00e9plica de oro rosa con esfera de rodio 2024 &#8211; Brazalete Jubilee"},"content":{"rendered":"<h5>Rolex Sky-Dweller Esfera de rodio R\u00e9plica de oro rosa 2024 &#8211; Clon de calidad AAAA+<\/h5>\n<p>&nbsp;<\/p>\n<h5>Ventajas de poseer el Rolex Sky-Dweller R\u00e9plica de oro rosa con esfera de rodio 2024<\/h5>\n<ul>\n<li>Una r\u00e9plica puede comprarse a un precio mucho m\u00e1s barato que uno aut\u00e9ntico, sin embargo, un reloj r\u00e9plica parecer\u00e1 y se sentir\u00e1 igual que el original.<\/li>\n<li>Lo \u00faltimo que alguien quiere es gastarse una fortuna para conseguir un reloj de lujo que tiene peque\u00f1as diferencias con nuestras r\u00e9plicas de relojes.<\/li>\n<li>Muchos entusiastas de los relojes no quieren gastarse miles de d\u00f3lares en relojes y quieren tener esa gran sensaci\u00f3n de poseer un gran reloj de una marca de lujo. Es entonces cuando entran en juego los relojes https:\/\/myreplicawatches.io y proporcionan esa sensaci\u00f3n a sus clientes.<\/li>\n<li>\u00bf Tienes ya un aut\u00e9ntico reloj de alta gama que no quieres llevar por motivos de seguridad o por razones de devaluaci\u00f3n en algunas ocasiones ?<br \/>\nLleva tu r\u00e9plica de reloj Rolex Sky-Dweller de alta calidad con esfera de rodio y oro rosa 2024 y si\u00e9ntete m\u00e1s seguro, ten la misma confianza, protege tus objetos de valor<\/li>\n<\/ul>\n<p>&nbsp;<\/p>\n<p>Descripci\u00f3n de Rolex Sky-Dweller R\u00e9plica de oro rosa con esfera de rodio 2024<\/p>\n<p>42mm N\u00famero de referencia : 326935 C<\/p>\n<div class=\"product-single__description rte\">\n<p>Rolex Sky-Dweller Esfera de rodio R\u00e9plica de oro rosa 2024<\/p>\n<p>N\u00famero de referencia : 326935<\/p>\n<p>Material de la caja : Oro rosa Acero<\/p>\n<p>Material de la pulsera : Oro rosa Acero<\/p>\n<p>Di\u00e1metro de la caja : 42mm<\/p>\n<p>&nbsp;<\/p>\n<\/div>\n<div class=\"social-sharing inline-list mb-0\"><\/div>\n","protected":false},"excerpt":{"rendered":"<p>Rolex Sky-Dweller Esfera de rodio R\u00e9plica de oro rosa 2024 &#8211; Clon de calidad AAAA+ &nbsp; Ventajas de poseer el Rolex Sky-Dweller R\u00e9plica de oro rosa con esfera de rodio 2024 Una r\u00e9plica puede comprarse a un precio mucho m\u00e1s barato que uno aut\u00e9ntico, sin embargo, un reloj r\u00e9plica parecer\u00e1 y se sentir\u00e1 igual que<\/p>\n","protected":false},"featured_media":8456,"comment_status":"open","ping_status":"closed","template":"","meta":{"_uag_custom_page_level_css":"","site-sidebar-layout":"default","site-content-layout":"","ast-site-content-layout":"default","site-content-style":"default","site-sidebar-style":"default","ast-global-header-display":"","ast-banner-title-visibility":"","ast-main-header-display":"","ast-hfb-above-header-display":"","ast-hfb-below-header-display":"","ast-hfb-mobile-header-display":"","site-post-title":"","ast-breadcrumbs-content":"","ast-featured-img":"","footer-sml-layout":"","theme-transparent-header-meta":"default","adv-header-id-meta":"","stick-header-meta":"default","header-above-stick-meta":"","header-main-stick-meta":"","header-below-stick-meta":"","astra-migrate-meta-layouts":"set","ast-page-background-enabled":"default","ast-page-background-meta":{"desktop":{"background-color":"var(--ast-global-color-4)","background-image":"","background-repeat":"repeat","background-position":"center center","background-size":"auto","background-attachment":"scroll","background-type":"","background-media":"","overlay-type":"","overlay-color":"","overlay-opacity":"","overlay-gradient":""},"tablet":{"background-color":"","background-image":"","background-repeat":"repeat","background-position":"center center","background-size":"auto","background-attachment":"scroll","background-type":"","background-media":"","overlay-type":"","overlay-color":"","overlay-opacity":"","overlay-gradient":""},"mobile":{"background-color":"","background-image":"","background-repeat":"repeat","background-position":"center center","background-size":"auto","background-attachment":"scroll","background-type":"","background-media":"","overlay-type":"","overlay-color":"","overlay-opacity":"","overlay-gradient":""}},"ast-content-background-meta":{"desktop":{"background-color":"var(--ast-global-color-5)","background-image":"","background-repeat":"repeat","background-position":"center center","background-size":"auto","background-attachment":"scroll","background-type":"","background-media":"","overlay-type":"","overlay-color":"","overlay-opacity":"","overlay-gradient":""},"tablet":{"background-color":"var(--ast-global-color-5)","background-image":"","background-repeat":"repeat","background-position":"center center","background-size":"auto","background-attachment":"scroll","background-type":"","background-media":"","overlay-type":"","overlay-color":"","overlay-opacity":"","overlay-gradient":""},"mobile":{"background-color":"var(--ast-global-color-5)","background-image":"","background-repeat":"repeat","background-position":"center center","background-size":"auto","background-attachment":"scroll","background-type":"","background-media":"","overlay-type":"","overlay-color":"","overlay-opacity":"","overlay-gradient":""}}},"product_brand":[],"product_cat":[152,168,162,154,179],"product_tag":[469,605,938,648,595,559,565,548,440,474,2960,465,2957,187,44,668,590,2363,710,1028,574],"class_list":{"0":"post-8938","1":"product","2":"type-product","3":"status-publish","4":"has-post-thumbnail","6":"product_cat-nueva-coleccion-2024","7":"product_cat-productos-mas-nuevos","8":"product_cat-replica-super-clon-rolex-aaa","9":"product_cat-replicas-de-relojes-mas-vendidas","10":"product_cat-habitante-del-cielo","11":"product_tag-469","12":"product_tag-classic","13":"product_tag-classic-es","14":"product_tag-elegant-es","15":"product_tag-elegant","16":"product_tag-exclusive","17":"product_tag-high-quality-es","18":"product_tag-high-quality","19":"product_tag-luxury-watch","20":"product_tag-mens-watch","21":"product_tag-premium-edition","22":"product_tag-replica","23":"product_tag-rhodium-dial","24":"product_tag-rolex-es","25":"product_tag-rolex","26":"product_tag-rose-gold-es","27":"product_tag-rose-gold","28":"product_tag-sophisticated-es","29":"product_tag-sophisticated","30":"product_tag-stainless-steel-es","31":"product_tag-stainless-steel","32":"desktop-align-left","33":"tablet-align-left","34":"mobile-align-left","35":"ast-product-gallery-layout-vertical-slider","36":"ast-product-single-variable","38":"first","39":"instock","40":"sale","41":"shipping-taxable","42":"purchasable","43":"product-type-variable"},"uagb_featured_image_src":{"full":["https:\/\/myreplicawatches.io\/wp-content\/uploads\/2023\/10\/Replica-rolex-Sky-dweller-rose-gold-.jpg",540,540,false],"thumbnail":["https:\/\/myreplicawatches.io\/wp-content\/uploads\/2023\/10\/Replica-rolex-Sky-dweller-rose-gold--150x150.jpg",150,150,true],"medium":["https:\/\/myreplicawatches.io\/wp-content\/uploads\/2023\/10\/Replica-rolex-Sky-dweller-rose-gold--300x300.jpg",300,300,true],"medium_large":["https:\/\/myreplicawatches.io\/wp-content\/uploads\/2023\/10\/Replica-rolex-Sky-dweller-rose-gold-.jpg",540,540,false],"large":["https:\/\/myreplicawatches.io\/wp-content\/uploads\/2023\/10\/Replica-rolex-Sky-dweller-rose-gold-.jpg",540,540,false],"1536x1536":["https:\/\/myreplicawatches.io\/wp-content\/uploads\/2023\/10\/Replica-rolex-Sky-dweller-rose-gold-.jpg",540,540,false],"2048x2048":["https:\/\/myreplicawatches.io\/wp-content\/uploads\/2023\/10\/Replica-rolex-Sky-dweller-rose-gold-.jpg",540,540,false],"woocommerce_thumbnail":["https:\/\/myreplicawatches.io\/wp-content\/uploads\/2023\/10\/Replica-rolex-Sky-dweller-rose-gold--300x300.jpg",300,300,true],"woocommerce_single":["https:\/\/myreplicawatches.io\/wp-content\/uploads\/2023\/10\/Replica-rolex-Sky-dweller-rose-gold-.jpg",540,540,false],"woocommerce_gallery_thumbnail":["https:\/\/myreplicawatches.io\/wp-content\/uploads\/2023\/10\/Replica-rolex-Sky-dweller-rose-gold--100x100.jpg",100,100,true],"variation_swatches_image_size":["https:\/\/myreplicawatches.io\/wp-content\/uploads\/2023\/10\/Replica-rolex-Sky-dweller-rose-gold--50x50.jpg",50,50,true],"variation_swatches_tooltip_size":["https:\/\/myreplicawatches.io\/wp-content\/uploads\/2023\/10\/Replica-rolex-Sky-dweller-rose-gold--100x100.jpg",100,100,true],"dgwt-wcas-product-suggestion":["https:\/\/myreplicawatches.io\/wp-content\/uploads\/2023\/10\/Replica-rolex-Sky-dweller-rose-gold--64x64.jpg",64,64,true]},"uagb_author_info":{"display_name":"admin","author_link":"https:\/\/myreplicawatches.io\/es\/author\/"},"uagb_comment_info":0,"uagb_excerpt":"Rolex Sky-Dweller Esfera de rodio R\u00e9plica de oro rosa 2024 &#8211; Clon de calidad AAAA+ &nbsp; Ventajas de poseer el Rolex Sky-Dweller R\u00e9plica de oro rosa con esfera de rodio 2024 Una r\u00e9plica puede comprarse a un precio mucho m\u00e1s barato que uno aut\u00e9ntico, sin embargo, un reloj r\u00e9plica parecer\u00e1 y se sentir\u00e1 igual que","jetpack_sharing_enabled":true,"_links":{"self":[{"href":"https:\/\/myreplicawatches.io\/es\/wp-json\/wp\/v2\/product\/8938","targetHints":{"allow":["GET"]}}],"collection":[{"href":"https:\/\/myreplicawatches.io\/es\/wp-json\/wp\/v2\/product"}],"about":[{"href":"https:\/\/myreplicawatches.io\/es\/wp-json\/wp\/v2\/types\/product"}],"replies":[{"embeddable":true,"href":"https:\/\/myreplicawatches.io\/es\/wp-json\/wp\/v2\/comments?post=8938"}],"wp:featuredmedia":[{"embeddable":true,"href":"https:\/\/myreplicawatches.io\/es\/wp-json\/wp\/v2\/media\/8456"}],"wp:attachment":[{"href":"https:\/\/myreplicawatches.io\/es\/wp-json\/wp\/v2\/media?parent=8938"}],"wp:term":[{"taxonomy":"product_brand","embeddable":true,"href":"https:\/\/myreplicawatches.io\/es\/wp-json\/wp\/v2\/product_brand?post=8938"},{"taxonomy":"product_cat","embeddable":true,"href":"https:\/\/myreplicawatches.io\/es\/wp-json\/wp\/v2\/product_cat?post=8938"},{"taxonomy":"product_tag","embeddable":true,"href":"https:\/\/myreplicawatches.io\/es\/wp-json\/wp\/v2\/product_tag?post=8938"}],"curies":[{"name":"wp","href":"https:\/\/api.w.org\/{rel}","templated":true}]}}