{"id":8917,"date":"2023-10-03T22:08:35","date_gmt":"2023-10-03T22:08:35","guid":{"rendered":"https:\/\/myreplicawatches.io\/product\/reloj-de-pared-rolex-submariner%ef%bd%9cestilo-negro\/"},"modified":"2025-11-16T12:40:04","modified_gmt":"2025-11-16T12:40:04","slug":"reloj-de-pared-rolex-submariner%ef%bd%9cestilo-negro","status":"publish","type":"product","link":"https:\/\/myreplicawatches.io\/es\/product\/reloj-de-pared-rolex-submariner%ef%bd%9cestilo-negro\/","title":{"rendered":"Reloj de pared Rolex Submariner\uff5cEstilo negro"},"content":{"rendered":"<p>&nbsp;<\/p>\n<h2 style=\"text-align: center;\" data-mce-fragment=\"1\"><span style=\"color: #00aaff;\" data-mce-fragment=\"1\"><strong data-mce-fragment=\"1\">Imagina este precioso reloj de pared Rolex a tu<\/strong><\/span><\/h2>\n<h2 style=\"text-align: center;\" data-mce-fragment=\"1\"><span style=\"color: #00aaff;\" data-mce-fragment=\"1\"><strong data-mce-fragment=\"1\">Despacho, sala de estar o dormitorio <\/strong><\/span><\/h2>\n<p data-mce-fragment=\"1\">Lujoso reloj de pared con caja de acero inoxidable, basado en el Daytona de acero con el emblem\u00e1tico bisel estriado.<\/p>\n<p data-mce-fragment=\"1\">Se trata de una versi\u00f3n de alta calidad con m\u00faltiples mejoras realizadas sobre el acabado y la construcci\u00f3n de versiones anteriores.<\/p>\n<p data-mce-fragment=\"1\">Elecci\u00f3n de marcadores con o sin tiras de lume Movimiento de cuarzo de barrido alimentado por una sola pila AA.<\/p>\n<p data-mce-fragment=\"1\">Las dimensiones del reloj miden aproximadamente 34 cm por 5 cm.<\/p>\n<p data-mce-fragment=\"1\"><br data-mce-fragment=\"1\" \/>Marcas luminosas reactivas a los rayos UV<\/p>\n<p data-mce-fragment=\"1\"><br data-mce-fragment=\"1\" \/>Movimiento: Segundero de barrido y silencioso. El reloj no hace tictac, pero se desliza exactamente igual que el original<\/p>\n","protected":false},"excerpt":{"rendered":"<p>&nbsp; Imagina este precioso reloj de pared Rolex a tu Despacho, sala de estar o dormitorio Lujoso reloj de pared con caja de acero inoxidable, basado en el Daytona de acero con el emblem\u00e1tico bisel estriado. Se trata de una versi\u00f3n de alta calidad con m\u00faltiples mejoras realizadas sobre el acabado y la construcci\u00f3n de<\/p>\n","protected":false},"featured_media":8108,"comment_status":"open","ping_status":"closed","template":"","meta":{"_uag_custom_page_level_css":"","site-sidebar-layout":"default","site-content-layout":"","ast-site-content-layout":"default","site-content-style":"default","site-sidebar-style":"default","ast-global-header-display":"","ast-banner-title-visibility":"","ast-main-header-display":"","ast-hfb-above-header-display":"","ast-hfb-below-header-display":"","ast-hfb-mobile-header-display":"","site-post-title":"","ast-breadcrumbs-content":"","ast-featured-img":"","footer-sml-layout":"","theme-transparent-header-meta":"default","adv-header-id-meta":"","stick-header-meta":"default","header-above-stick-meta":"","header-main-stick-meta":"","header-below-stick-meta":"","astra-migrate-meta-layouts":"set","ast-page-background-enabled":"default","ast-page-background-meta":{"desktop":{"background-color":"var(--ast-global-color-4)","background-image":"","background-repeat":"repeat","background-position":"center center","background-size":"auto","background-attachment":"scroll","background-type":"","background-media":"","overlay-type":"","overlay-color":"","overlay-opacity":"","overlay-gradient":""},"tablet":{"background-color":"","background-image":"","background-repeat":"repeat","background-position":"center center","background-size":"auto","background-attachment":"scroll","background-type":"","background-media":"","overlay-type":"","overlay-color":"","overlay-opacity":"","overlay-gradient":""},"mobile":{"background-color":"","background-image":"","background-repeat":"repeat","background-position":"center center","background-size":"auto","background-attachment":"scroll","background-type":"","background-media":"","overlay-type":"","overlay-color":"","overlay-opacity":"","overlay-gradient":""}},"ast-content-background-meta":{"desktop":{"background-color":"var(--ast-global-color-5)","background-image":"","background-repeat":"repeat","background-position":"center center","background-size":"auto","background-attachment":"scroll","background-type":"","background-media":"","overlay-type":"","overlay-color":"","overlay-opacity":"","overlay-gradient":""},"tablet":{"background-color":"var(--ast-global-color-5)","background-image":"","background-repeat":"repeat","background-position":"center center","background-size":"auto","background-attachment":"scroll","background-type":"","background-media":"","overlay-type":"","overlay-color":"","overlay-opacity":"","overlay-gradient":""},"mobile":{"background-color":"var(--ast-global-color-5)","background-image":"","background-repeat":"repeat","background-position":"center center","background-size":"auto","background-attachment":"scroll","background-type":"","background-media":"","overlay-type":"","overlay-color":"","overlay-opacity":"","overlay-gradient":""}}},"product_brand":[],"product_cat":[168,177,154],"product_tag":[3084,938,561,648,1815,565,1427,563,3086,1428,560,187,567,185,1423],"class_list":{"0":"post-8917","1":"product","2":"type-product","3":"status-publish","4":"has-post-thumbnail","6":"product_cat-productos-mas-nuevos","7":"product_cat-submariner","8":"product_cat-replicas-de-relojes-mas-vendidas","9":"product_tag-black-style","10":"product_tag-classic-es","11":"product_tag-collectible","12":"product_tag-elegant-es","13":"product_tag-exclusive-design","14":"product_tag-high-quality-es","15":"product_tag-home-decor","16":"product_tag-luxury-es","17":"product_tag-nautical-theme","18":"product_tag-office-decor","19":"product_tag-premium","20":"product_tag-rolex-es","21":"product_tag-stylish-es","22":"product_tag-submariner-es","23":"product_tag-wall-clock","24":"desktop-align-left","25":"tablet-align-left","26":"mobile-align-left","27":"ast-product-gallery-layout-vertical-slider","29":"first","30":"instock","31":"shipping-taxable","32":"purchasable","33":"product-type-simple"},"uagb_featured_image_src":{"full":["https:\/\/myreplicawatches.io\/wp-content\/uploads\/2023\/10\/Screenshot2022-10-13at11.01.11AM.png",924,944,false],"thumbnail":["https:\/\/myreplicawatches.io\/wp-content\/uploads\/2023\/10\/Screenshot2022-10-13at11.01.11AM-150x150.png",150,150,true],"medium":["https:\/\/myreplicawatches.io\/wp-content\/uploads\/2023\/10\/Screenshot2022-10-13at11.01.11AM-294x300.png",294,300,true],"medium_large":["https:\/\/myreplicawatches.io\/wp-content\/uploads\/2023\/10\/Screenshot2022-10-13at11.01.11AM-768x785.png",768,785,true],"large":["https:\/\/myreplicawatches.io\/wp-content\/uploads\/2023\/10\/Screenshot2022-10-13at11.01.11AM.png",924,944,false],"1536x1536":["https:\/\/myreplicawatches.io\/wp-content\/uploads\/2023\/10\/Screenshot2022-10-13at11.01.11AM.png",924,944,false],"2048x2048":["https:\/\/myreplicawatches.io\/wp-content\/uploads\/2023\/10\/Screenshot2022-10-13at11.01.11AM.png",924,944,false],"woocommerce_thumbnail":["https:\/\/myreplicawatches.io\/wp-content\/uploads\/2023\/10\/Screenshot2022-10-13at11.01.11AM-300x300.png",300,300,true],"woocommerce_single":["https:\/\/myreplicawatches.io\/wp-content\/uploads\/2023\/10\/Screenshot2022-10-13at11.01.11AM-600x613.png",600,613,true],"woocommerce_gallery_thumbnail":["https:\/\/myreplicawatches.io\/wp-content\/uploads\/2023\/10\/Screenshot2022-10-13at11.01.11AM-100x100.png",100,100,true],"variation_swatches_image_size":["https:\/\/myreplicawatches.io\/wp-content\/uploads\/2023\/10\/Screenshot2022-10-13at11.01.11AM.png",50,50,false],"variation_swatches_tooltip_size":["https:\/\/myreplicawatches.io\/wp-content\/uploads\/2023\/10\/Screenshot2022-10-13at11.01.11AM.png",98,100,false],"dgwt-wcas-product-suggestion":["https:\/\/myreplicawatches.io\/wp-content\/uploads\/2023\/10\/Screenshot2022-10-13at11.01.11AM-64x65.png",64,65,true]},"uagb_author_info":{"display_name":"admin","author_link":"https:\/\/myreplicawatches.io\/es\/author\/"},"uagb_comment_info":0,"uagb_excerpt":"&nbsp; Imagina este precioso reloj de pared Rolex a tu Despacho, sala de estar o dormitorio Lujoso reloj de pared con caja de acero inoxidable, basado en el Daytona de acero con el emblem\u00e1tico bisel estriado. Se trata de una versi\u00f3n de alta calidad con m\u00faltiples mejoras realizadas sobre el acabado y la construcci\u00f3n de","jetpack_sharing_enabled":true,"_links":{"self":[{"href":"https:\/\/myreplicawatches.io\/es\/wp-json\/wp\/v2\/product\/8917","targetHints":{"allow":["GET"]}}],"collection":[{"href":"https:\/\/myreplicawatches.io\/es\/wp-json\/wp\/v2\/product"}],"about":[{"href":"https:\/\/myreplicawatches.io\/es\/wp-json\/wp\/v2\/types\/product"}],"replies":[{"embeddable":true,"href":"https:\/\/myreplicawatches.io\/es\/wp-json\/wp\/v2\/comments?post=8917"}],"wp:featuredmedia":[{"embeddable":true,"href":"https:\/\/myreplicawatches.io\/es\/wp-json\/wp\/v2\/media\/8108"}],"wp:attachment":[{"href":"https:\/\/myreplicawatches.io\/es\/wp-json\/wp\/v2\/media?parent=8917"}],"wp:term":[{"taxonomy":"product_brand","embeddable":true,"href":"https:\/\/myreplicawatches.io\/es\/wp-json\/wp\/v2\/product_brand?post=8917"},{"taxonomy":"product_cat","embeddable":true,"href":"https:\/\/myreplicawatches.io\/es\/wp-json\/wp\/v2\/product_cat?post=8917"},{"taxonomy":"product_tag","embeddable":true,"href":"https:\/\/myreplicawatches.io\/es\/wp-json\/wp\/v2\/product_tag?post=8917"}],"curies":[{"name":"wp","href":"https:\/\/api.w.org\/{rel}","templated":true}]}}