{"id":8903,"date":"2023-10-03T22:17:05","date_gmt":"2023-10-03T22:17:05","guid":{"rendered":"https:\/\/myreplicawatches.io\/product\/replica-de-reloj-yacht-master-1-clon-de-oro-rosa-de-fabricacion-suiza\/"},"modified":"2026-01-11T00:27:09","modified_gmt":"2026-01-11T00:27:09","slug":"replica-de-reloj-yacht-master-1-clon-de-oro-rosa-de-fabricacion-suiza","status":"publish","type":"product","link":"https:\/\/myreplicawatches.io\/es\/product\/replica-de-reloj-yacht-master-1-clon-de-oro-rosa-de-fabricacion-suiza\/","title":{"rendered":"R\u00e9plica de Reloj Yacht master 1 &#8211; Clon de oro rosa de fabricaci\u00f3n suiza"},"content":{"rendered":"<p>R\u00e9plica de reloj Yacht Master, EN STOCK AHORA<\/p>\n<div class=\"product-img-box span6\">\n<div class=\"thumbbox\">\n<h2>Los pedidos mediante BitCoin y transferencias bancarias directas incluyen un gran descuento Contacta con nosotros para m\u00e1s informaci\u00f3n<\/h2>\n<p><strong>Caja del reloj con papeles y documentos incluidos.<\/strong><\/p>\n<p><ins><b>Los Pedidos por Transferencia Bancaria Directa incluyen un gran Descuento ( Contacta con nosotros para m\u00e1s informaci\u00f3n )<\/b><\/ins><\/p>\n<p><strong>Todos los relojes tienen 1 a\u00f1o de garant\u00eda<\/strong><\/p>\n<p><ins>RELOJES SWISS MADE 1:1 Clon Versi\u00f3n 1<\/ins><\/p>\n<ul>\n<li>Se ve y se siente exactamente igual. \u2714<\/li>\n<li>No se puede diferenciar entre el verdadero \u2714<\/li>\n<li>Resistente al agua 100 m \u2714<\/li>\n<li>Cristal de zafiro antirrayado con revestimiento AR \u2714<\/li>\n<li>Relojes de acero 904L y chapados en oro aut\u00e9ntico. \u2714<\/li>\n<li>Mismo peso que el original. \u2714<\/li>\n<li>Mismo Mecanismo que el Real \u2716 ( Mejor Movimiento Autom\u00e1tico Suizo, peque\u00f1a diferencia detallada en el mecanismo )<\/li>\n<li>Movimiento Autom\u00e1tico \u2714 ( El segundero no hace tictac, se mueve suavemente como el original )<\/li>\n<\/ul>\n<p><ins>RELOJES SWISS MADE 1:1 Clon Versi\u00f3n 2<\/ins><\/p>\n<ul>\n<li>Se ve y se siente exactamente igual. \u2714<\/li>\n<li>No se puede diferenciar entre el verdadero \u2714<\/li>\n<li>Resistente al agua 300 m \u2714<\/li>\n<li>Cristal de zafiro antirrayado con revestimiento AR \u2714<\/li>\n<li>Relojes de acero 904L y oro aut\u00e9ntico. \u2714<\/li>\n<li>Mismo peso que el original. \u2714<\/li>\n<li>Mismo Mecanismo que el Real \u2714 ( MISMO Movimiento SUIZO, Exactamente igual que el real )<\/li>\n<li>Movimiento Autom\u00e1tico \u2714 ( El segundero no hace tictac, se mueve suavemente como el original )<\/li>\n<\/ul>\n<p>&nbsp;<\/p>\n<p>R\u00e9plica de reloj Yacht Master, EN STOCK AHORA<\/p>\n<p class=\"more-views\">Movimiento autom\u00e1tico<\/p>\n<p class=\"more-views\">Caja de acero inoxidable<\/p>\n<p>Marcadores de bisel de cer\u00e1mica real 3D revisados<\/p>\n<p>Cristal de zafiro a prueba de ara\u00f1azos con revestimiento antirreflejos de doble cara<\/p>\n<p>Correa de caucho negro con cierre desplegable de oro rosa, El cierre ha sido revisado y reelaborado para mejorar los grabados.<\/p>\n<p>40 mm de ancho x 12,40 mm de grosor<\/p>\n<p>Resistente al agua e impermeable<\/p>\n<\/div>\n<\/div>\n<div class=\"productDetailBox span6\">\n<form id=\"product_addtocart_form\" action=\"https:\/\/www.allswisswatch.eu\/checkout\/cart\/add\/uenc\/aHR0cHM6Ly93d3cuYWxsc3dpc3N3YXRjaC5ldS9zd2lzcy1yb2xleC95YWNodG1hc3Rlci9yb2xleC15YWNodG1hc3Rlci0xMTY2NTUtZXZlcm9zZS1nb2xkLWNlcmFtaWMtMS0xLXVsdGltYXRlLW1pcnJvci1yZXBsaWNhLXdhdGNoLmh0bWw,\/product\/10748\/form_key\/WmMegzUUQtn1Pxhh\/\" method=\"post\">\n<div class=\"product-shop\">\n<div class=\"product_left f-fix\">\n<div class=\"short-description\"><\/div>\n<\/div>\n<\/div>\n<\/form>\n<\/div>\n<h4><\/h4>\n<h2>Garant\u00eda<\/h2>\n<p>100% de satisfacci\u00f3n garantizada Si no est\u00e1s satisfecho al 100% con tu primer Reloj Hype de Lujo, nos comprometemos a arreglarlo todo.<\/p>\n<p>&nbsp;<\/p>\n","protected":false},"excerpt":{"rendered":"<p>R\u00e9plica de reloj Yacht Master, EN STOCK AHORA Los pedidos mediante BitCoin y transferencias bancarias directas incluyen un gran descuento Contacta con nosotros para m\u00e1s informaci\u00f3n Caja del reloj con papeles y documentos incluidos. Los Pedidos por Transferencia Bancaria Directa incluyen un gran Descuento ( Contacta con nosotros para m\u00e1s informaci\u00f3n ) Todos los relojes<\/p>\n","protected":false},"featured_media":8374,"comment_status":"open","ping_status":"closed","template":"","meta":{"_uag_custom_page_level_css":"","site-sidebar-layout":"default","site-content-layout":"","ast-site-content-layout":"default","site-content-style":"default","site-sidebar-style":"default","ast-global-header-display":"","ast-banner-title-visibility":"","ast-main-header-display":"","ast-hfb-above-header-display":"","ast-hfb-below-header-display":"","ast-hfb-mobile-header-display":"","site-post-title":"","ast-breadcrumbs-content":"","ast-featured-img":"","footer-sml-layout":"","theme-transparent-header-meta":"default","adv-header-id-meta":"","stick-header-meta":"default","header-above-stick-meta":"","header-main-stick-meta":"","header-below-stick-meta":"","astra-migrate-meta-layouts":"set","ast-page-background-enabled":"default","ast-page-background-meta":{"desktop":{"background-color":"var(--ast-global-color-4)","background-image":"","background-repeat":"repeat","background-position":"center center","background-size":"auto","background-attachment":"scroll","background-type":"","background-media":"","overlay-type":"","overlay-color":"","overlay-opacity":"","overlay-gradient":""},"tablet":{"background-color":"","background-image":"","background-repeat":"repeat","background-position":"center center","background-size":"auto","background-attachment":"scroll","background-type":"","background-media":"","overlay-type":"","overlay-color":"","overlay-opacity":"","overlay-gradient":""},"mobile":{"background-color":"","background-image":"","background-repeat":"repeat","background-position":"center center","background-size":"auto","background-attachment":"scroll","background-type":"","background-media":"","overlay-type":"","overlay-color":"","overlay-opacity":"","overlay-gradient":""}},"ast-content-background-meta":{"desktop":{"background-color":"var(--ast-global-color-5)","background-image":"","background-repeat":"repeat","background-position":"center center","background-size":"auto","background-attachment":"scroll","background-type":"","background-media":"","overlay-type":"","overlay-color":"","overlay-opacity":"","overlay-gradient":""},"tablet":{"background-color":"var(--ast-global-color-5)","background-image":"","background-repeat":"repeat","background-position":"center center","background-size":"auto","background-attachment":"scroll","background-type":"","background-media":"","overlay-type":"","overlay-color":"","overlay-opacity":"","overlay-gradient":""},"mobile":{"background-color":"var(--ast-global-color-5)","background-image":"","background-repeat":"repeat","background-position":"center center","background-size":"auto","background-attachment":"scroll","background-type":"","background-media":"","overlay-type":"","overlay-color":"","overlay-opacity":"","overlay-gradient":""}}},"product_brand":[],"product_cat":[152,168,171],"product_tag":[],"class_list":{"0":"post-8903","1":"product","2":"type-product","3":"status-publish","4":"has-post-thumbnail","6":"product_cat-nueva-coleccion-2024","7":"product_cat-productos-mas-nuevos","8":"product_cat-patron-de-yate-1","9":"desktop-align-left","10":"tablet-align-left","11":"mobile-align-left","12":"ast-product-gallery-layout-vertical-slider","13":"ast-product-single-variable","15":"first","16":"instock","17":"shipping-taxable","18":"purchasable","19":"product-type-variable"},"uagb_featured_image_src":{"full":["https:\/\/myreplicawatches.io\/wp-content\/uploads\/2023\/10\/yachtmaster-1-rose-gold_1024x1024_2x_ebdf616b-4889-4c24-8924-8b9b8a4562c7.png",826,1150,false],"thumbnail":["https:\/\/myreplicawatches.io\/wp-content\/uploads\/2023\/10\/yachtmaster-1-rose-gold_1024x1024_2x_ebdf616b-4889-4c24-8924-8b9b8a4562c7-150x150.png",150,150,true],"medium":["https:\/\/myreplicawatches.io\/wp-content\/uploads\/2023\/10\/yachtmaster-1-rose-gold_1024x1024_2x_ebdf616b-4889-4c24-8924-8b9b8a4562c7-215x300.png",215,300,true],"medium_large":["https:\/\/myreplicawatches.io\/wp-content\/uploads\/2023\/10\/yachtmaster-1-rose-gold_1024x1024_2x_ebdf616b-4889-4c24-8924-8b9b8a4562c7-768x1069.png",768,1069,true],"large":["https:\/\/myreplicawatches.io\/wp-content\/uploads\/2023\/10\/yachtmaster-1-rose-gold_1024x1024_2x_ebdf616b-4889-4c24-8924-8b9b8a4562c7-735x1024.png",735,1024,true],"1536x1536":["https:\/\/myreplicawatches.io\/wp-content\/uploads\/2023\/10\/yachtmaster-1-rose-gold_1024x1024_2x_ebdf616b-4889-4c24-8924-8b9b8a4562c7.png",826,1150,false],"2048x2048":["https:\/\/myreplicawatches.io\/wp-content\/uploads\/2023\/10\/yachtmaster-1-rose-gold_1024x1024_2x_ebdf616b-4889-4c24-8924-8b9b8a4562c7.png",826,1150,false],"woocommerce_thumbnail":["https:\/\/myreplicawatches.io\/wp-content\/uploads\/2023\/10\/yachtmaster-1-rose-gold_1024x1024_2x_ebdf616b-4889-4c24-8924-8b9b8a4562c7-300x300.png",300,300,true],"woocommerce_single":["https:\/\/myreplicawatches.io\/wp-content\/uploads\/2023\/10\/yachtmaster-1-rose-gold_1024x1024_2x_ebdf616b-4889-4c24-8924-8b9b8a4562c7-600x835.png",600,835,true],"woocommerce_gallery_thumbnail":["https:\/\/myreplicawatches.io\/wp-content\/uploads\/2023\/10\/yachtmaster-1-rose-gold_1024x1024_2x_ebdf616b-4889-4c24-8924-8b9b8a4562c7-100x100.png",100,100,true],"variation_swatches_image_size":["https:\/\/myreplicawatches.io\/wp-content\/uploads\/2023\/10\/yachtmaster-1-rose-gold_1024x1024_2x_ebdf616b-4889-4c24-8924-8b9b8a4562c7.png",36,50,false],"variation_swatches_tooltip_size":["https:\/\/myreplicawatches.io\/wp-content\/uploads\/2023\/10\/yachtmaster-1-rose-gold_1024x1024_2x_ebdf616b-4889-4c24-8924-8b9b8a4562c7.png",72,100,false],"dgwt-wcas-product-suggestion":["https:\/\/myreplicawatches.io\/wp-content\/uploads\/2023\/10\/yachtmaster-1-rose-gold_1024x1024_2x_ebdf616b-4889-4c24-8924-8b9b8a4562c7-64x89.png",64,89,true]},"uagb_author_info":{"display_name":"admin","author_link":"https:\/\/myreplicawatches.io\/es\/author\/"},"uagb_comment_info":0,"uagb_excerpt":"R\u00e9plica de reloj Yacht Master, EN STOCK AHORA Los pedidos mediante BitCoin y transferencias bancarias directas incluyen un gran descuento Contacta con nosotros para m\u00e1s informaci\u00f3n Caja del reloj con papeles y documentos incluidos. Los Pedidos por Transferencia Bancaria Directa incluyen un gran Descuento ( Contacta con nosotros para m\u00e1s informaci\u00f3n ) Todos los relojes","jetpack_sharing_enabled":true,"_links":{"self":[{"href":"https:\/\/myreplicawatches.io\/es\/wp-json\/wp\/v2\/product\/8903","targetHints":{"allow":["GET"]}}],"collection":[{"href":"https:\/\/myreplicawatches.io\/es\/wp-json\/wp\/v2\/product"}],"about":[{"href":"https:\/\/myreplicawatches.io\/es\/wp-json\/wp\/v2\/types\/product"}],"replies":[{"embeddable":true,"href":"https:\/\/myreplicawatches.io\/es\/wp-json\/wp\/v2\/comments?post=8903"}],"wp:featuredmedia":[{"embeddable":true,"href":"https:\/\/myreplicawatches.io\/es\/wp-json\/wp\/v2\/media\/8374"}],"wp:attachment":[{"href":"https:\/\/myreplicawatches.io\/es\/wp-json\/wp\/v2\/media?parent=8903"}],"wp:term":[{"taxonomy":"product_brand","embeddable":true,"href":"https:\/\/myreplicawatches.io\/es\/wp-json\/wp\/v2\/product_brand?post=8903"},{"taxonomy":"product_cat","embeddable":true,"href":"https:\/\/myreplicawatches.io\/es\/wp-json\/wp\/v2\/product_cat?post=8903"},{"taxonomy":"product_tag","embeddable":true,"href":"https:\/\/myreplicawatches.io\/es\/wp-json\/wp\/v2\/product_tag?post=8903"}],"curies":[{"name":"wp","href":"https:\/\/api.w.org\/{rel}","templated":true}]}}