{"id":8901,"date":"2023-10-03T22:17:01","date_gmt":"2023-10-03T22:17:01","guid":{"rendered":"https:\/\/myreplicawatches.io\/product\/reloj-replica-yacht-master-1-oro-rosa\/"},"modified":"2025-11-16T12:40:22","modified_gmt":"2025-11-16T12:40:22","slug":"reloj-replica-yacht-master-1-oro-rosa","status":"publish","type":"product","link":"https:\/\/myreplicawatches.io\/es\/product\/reloj-replica-yacht-master-1-oro-rosa\/","title":{"rendered":"Reloj Replica Yacht-master 1 &#8211; Oro rosa"},"content":{"rendered":"<div class=\"serp-preview\">\n<div class=\"serp-preview-wrapper\">\n<div class=\"serp-preview-body\" tabindex=\"0\" role=\"button\">\n<div class=\"group\">\n<div class=\"serp-description\"><mark>R\u00e9plica<\/mark> de reloj Yacht-master <mark>1 de oro<\/mark> rosa, calidad aaaa+ en stock hoy, R\u00e9plica de reloj Yacht-master de oro rosa disponible. Calidad AAAA+ ya a la venta.<\/div>\n<\/div>\n<\/div>\n<\/div>\n<\/div>\n<h3><\/h3>\n<p>&nbsp;<\/p>\n<div class=\"product-img-box span6 \">\n<div class=\"thumbbox\">\n<h2 class=\"more-views\" style=\"text-align: center;\"><img decoding=\"async\" src=\"\/\/cdn.shopify.com\/s\/files\/1\/0074\/6776\/1723\/files\/checkout_icon_large_fecc2362-cb72-4383-8b11-dacacb537b17_large.png?v=1535323326\" alt=\"\" title=\"\"><\/h2>\n<p>&nbsp;<\/p>\n<h2 style=\"text-align: center;\"><\/h2>\n<div class=\"more-views\"><\/div>\n<p class=\"more-views\"><strong> Descripci\u00f3n Reloj Replica Yacht-master 1 &#8211; Oro rosa<\/strong><\/p>\n<p>Movimiento autom\u00e1tico<\/p>\n<p class=\"more-views\">Caja de acero inoxidable<\/p>\n<p>Marcadores de bisel de cer\u00e1mica real 3D revisados<\/p>\n<p>Cristal de zafiro a prueba de ara\u00f1azos con revestimiento antirreflejos de doble cara<\/p>\n<p>Correa de caucho negro con cierre desplegable de oro rosa, El cierre ha sido revisado y reelaborado para mejorar los grabados.<\/p>\n<p>40 mm de ancho x 12,40 mm de grosor<\/p>\n<p>Resistente al agua y al agua ( no te recomendamos que lo uses mucho en el agua ya que puede reducir su valor.<\/p>\n<\/div>\n<\/div>\n<div class=\"productDetailBox span6\">\n<form id=\"product_addtocart_form\" action=\"https:\/\/www.allswisswatch.eu\/checkout\/cart\/add\/uenc\/aHR0cHM6Ly93d3cuYWxsc3dpc3N3YXRjaC5ldS9zd2lzcy1yb2xleC95YWNodG1hc3Rlci9yb2xleC15YWNodG1hc3Rlci0xMTY2NTUtZXZlcm9zZS1nb2xkLWNlcmFtaWMtMS0xLXVsdGltYXRlLW1pcnJvci1yZXBsaWNhLXdhdGNoLmh0bWw,\/product\/10748\/form_key\/WmMegzUUQtn1Pxhh\/\" method=\"post\">\n<div class=\"product-shop\">\n<div class=\"product_left f-fix\">\n<div class=\"short-description\"><\/div>\n<\/div>\n<\/div>\n<\/form>\n<\/div>\n<h4><\/h4>\n<h2>Garant\u00eda<\/h2>\n<p>100% de satisfacci\u00f3n garantizada Si no est\u00e1s satisfecho al 100% con tu primer Reloj Hype de Lujo, nos comprometemos a arreglarlo todo.<\/p>\n<p>&nbsp;<\/p>\n<h2>Entrega<\/h2>\n<p>Env\u00edo Fedex a todo el mundo &#8211; 3 &#8211; 10 d\u00edas estimaci\u00f3n de llegada (cargo adicional).<\/p>\n<p>Una vez realizado el pedido, el env\u00edo del producto tardar\u00e1 de 2 a 3 d\u00edas. Recibir\u00e1s tu n\u00famero de seguimiento inmediatamente despu\u00e9s de que enviemos tu producto.<\/p>\n<p>( r\u00e9plica rolex yachtmaster de gama alta, <mark>r\u00e9plica <\/mark>rolex yachtmaster <mark>1 oro rosa <\/mark>, marcadores r\u00e9plica rolex de gama alta, rolex yachtmaster autom\u00e1tico, r\u00e9plica rolex yachtmaster hombre )<\/p>\n<p><img decoding=\"async\" style=\"display: block; margin-left: auto; margin-right: auto;\" src=\"\/\/cdn.shopify.com\/s\/files\/1\/0074\/6776\/1723\/files\/product_desc_below_large_large_large_173315f6-c349-4dce-bfd4-47908e5d079e_large.png?v=1535323244\" alt=\"\" title=\"\"><\/p>\n","protected":false},"excerpt":{"rendered":"<div class=\"serp-preview\">\n<div class=\"serp-preview-wrapper\">\n<div class=\"serp-preview-body\" tabindex=\"0\" role=\"button\">\n<div class=\"group\">\n<div class=\"serp-description\"><mark>R\u00e9plica<\/mark> de reloj Yacht-master <mark>1 de oro<\/mark> rosa, calidad aaaa+ en stock hoy, R\u00e9plica de reloj Yacht-master de oro rosa disponible. Calidad AAAA+ disponible ahora y en stock. El Reloj Replica Yacht-master 1 &#8211; Oro rosa ya est\u00e1 disponible para su compra.<\/div>\n<\/div>\n<\/div>\n<\/div>\n<\/div>\n","protected":false},"featured_media":8370,"comment_status":"open","ping_status":"closed","template":"","meta":{"_uag_custom_page_level_css":"","site-sidebar-layout":"default","site-content-layout":"","ast-site-content-layout":"default","site-content-style":"default","site-sidebar-style":"default","ast-global-header-display":"","ast-banner-title-visibility":"","ast-main-header-display":"","ast-hfb-above-header-display":"","ast-hfb-below-header-display":"","ast-hfb-mobile-header-display":"","site-post-title":"","ast-breadcrumbs-content":"","ast-featured-img":"","footer-sml-layout":"","theme-transparent-header-meta":"default","adv-header-id-meta":"","stick-header-meta":"default","header-above-stick-meta":"","header-main-stick-meta":"","header-below-stick-meta":"","astra-migrate-meta-layouts":"set","ast-page-background-enabled":"default","ast-page-background-meta":{"desktop":{"background-color":"var(--ast-global-color-4)","background-image":"","background-repeat":"repeat","background-position":"center center","background-size":"auto","background-attachment":"scroll","background-type":"","background-media":"","overlay-type":"","overlay-color":"","overlay-opacity":"","overlay-gradient":""},"tablet":{"background-color":"","background-image":"","background-repeat":"repeat","background-position":"center center","background-size":"auto","background-attachment":"scroll","background-type":"","background-media":"","overlay-type":"","overlay-color":"","overlay-opacity":"","overlay-gradient":""},"mobile":{"background-color":"","background-image":"","background-repeat":"repeat","background-position":"center center","background-size":"auto","background-attachment":"scroll","background-type":"","background-media":"","overlay-type":"","overlay-color":"","overlay-opacity":"","overlay-gradient":""}},"ast-content-background-meta":{"desktop":{"background-color":"var(--ast-global-color-5)","background-image":"","background-repeat":"repeat","background-position":"center center","background-size":"auto","background-attachment":"scroll","background-type":"","background-media":"","overlay-type":"","overlay-color":"","overlay-opacity":"","overlay-gradient":""},"tablet":{"background-color":"var(--ast-global-color-5)","background-image":"","background-repeat":"repeat","background-position":"center center","background-size":"auto","background-attachment":"scroll","background-type":"","background-media":"","overlay-type":"","overlay-color":"","overlay-opacity":"","overlay-gradient":""},"mobile":{"background-color":"var(--ast-global-color-5)","background-image":"","background-repeat":"repeat","background-position":"center center","background-size":"auto","background-attachment":"scroll","background-type":"","background-media":"","overlay-type":"","overlay-color":"","overlay-opacity":"","overlay-gradient":""}}},"product_brand":[],"product_cat":[152,168,154,171],"product_tag":[494,938,648,559,564,1848,563,474,172,465,668,882,567,600,933,1864],"class_list":{"0":"post-8901","1":"product","2":"type-product","3":"status-publish","4":"has-post-thumbnail","6":"product_cat-nueva-coleccion-2024","7":"product_cat-productos-mas-nuevos","8":"product_cat-replicas-de-relojes-mas-vendidas","9":"product_cat-patron-de-yate-1","10":"product_tag-chronograph","11":"product_tag-classic-es","12":"product_tag-elegant-es","13":"product_tag-exclusive","14":"product_tag-fashion-es","15":"product_tag-high-end","16":"product_tag-luxury-es","17":"product_tag-mens-watch","18":"product_tag-patron-de-yate-1","19":"product_tag-replica","20":"product_tag-rose-gold-es","21":"product_tag-sporty-es","22":"product_tag-stylish-es","23":"product_tag-swiss-made","24":"product_tag-watch-es","25":"product_tag-yacht-master-es","26":"desktop-align-left","27":"tablet-align-left","28":"mobile-align-left","29":"ast-product-gallery-layout-vertical-slider","31":"first","32":"instock","33":"sale","34":"shipping-taxable","35":"purchasable","36":"product-type-simple"},"uagb_featured_image_src":{"full":["https:\/\/myreplicawatches.io\/wp-content\/uploads\/2023\/10\/yachtmaster-1-rose-gold.png",826,1150,false],"thumbnail":["https:\/\/myreplicawatches.io\/wp-content\/uploads\/2023\/10\/yachtmaster-1-rose-gold-150x150.png",150,150,true],"medium":["https:\/\/myreplicawatches.io\/wp-content\/uploads\/2023\/10\/yachtmaster-1-rose-gold-215x300.png",215,300,true],"medium_large":["https:\/\/myreplicawatches.io\/wp-content\/uploads\/2023\/10\/yachtmaster-1-rose-gold-768x1069.png",768,1069,true],"large":["https:\/\/myreplicawatches.io\/wp-content\/uploads\/2023\/10\/yachtmaster-1-rose-gold-735x1024.png",735,1024,true],"1536x1536":["https:\/\/myreplicawatches.io\/wp-content\/uploads\/2023\/10\/yachtmaster-1-rose-gold.png",826,1150,false],"2048x2048":["https:\/\/myreplicawatches.io\/wp-content\/uploads\/2023\/10\/yachtmaster-1-rose-gold.png",826,1150,false],"woocommerce_thumbnail":["https:\/\/myreplicawatches.io\/wp-content\/uploads\/2023\/10\/yachtmaster-1-rose-gold-300x300.png",300,300,true],"woocommerce_single":["https:\/\/myreplicawatches.io\/wp-content\/uploads\/2023\/10\/yachtmaster-1-rose-gold-600x835.png",600,835,true],"woocommerce_gallery_thumbnail":["https:\/\/myreplicawatches.io\/wp-content\/uploads\/2023\/10\/yachtmaster-1-rose-gold-100x100.png",100,100,true],"variation_swatches_image_size":["https:\/\/myreplicawatches.io\/wp-content\/uploads\/2023\/10\/yachtmaster-1-rose-gold.png",36,50,false],"variation_swatches_tooltip_size":["https:\/\/myreplicawatches.io\/wp-content\/uploads\/2023\/10\/yachtmaster-1-rose-gold.png",72,100,false],"dgwt-wcas-product-suggestion":["https:\/\/myreplicawatches.io\/wp-content\/uploads\/2023\/10\/yachtmaster-1-rose-gold-64x89.png",64,89,true]},"uagb_author_info":{"display_name":"admin","author_link":"https:\/\/myreplicawatches.io\/es\/author\/"},"uagb_comment_info":0,"uagb_excerpt":"R\u00e9plica de reloj Yacht-master 1 de oro rosa, calidad aaaa+ en stock hoy, R\u00e9plica de reloj Yacht-master de oro rosa disponible. Calidad AAAA+ disponible ahora y en stock. El Reloj Replica Yacht-master 1 - Oro rosa ya est\u00e1 disponible para su compra.","jetpack_sharing_enabled":true,"_links":{"self":[{"href":"https:\/\/myreplicawatches.io\/es\/wp-json\/wp\/v2\/product\/8901","targetHints":{"allow":["GET"]}}],"collection":[{"href":"https:\/\/myreplicawatches.io\/es\/wp-json\/wp\/v2\/product"}],"about":[{"href":"https:\/\/myreplicawatches.io\/es\/wp-json\/wp\/v2\/types\/product"}],"replies":[{"embeddable":true,"href":"https:\/\/myreplicawatches.io\/es\/wp-json\/wp\/v2\/comments?post=8901"}],"wp:featuredmedia":[{"embeddable":true,"href":"https:\/\/myreplicawatches.io\/es\/wp-json\/wp\/v2\/media\/8370"}],"wp:attachment":[{"href":"https:\/\/myreplicawatches.io\/es\/wp-json\/wp\/v2\/media?parent=8901"}],"wp:term":[{"taxonomy":"product_brand","embeddable":true,"href":"https:\/\/myreplicawatches.io\/es\/wp-json\/wp\/v2\/product_brand?post=8901"},{"taxonomy":"product_cat","embeddable":true,"href":"https:\/\/myreplicawatches.io\/es\/wp-json\/wp\/v2\/product_cat?post=8901"},{"taxonomy":"product_tag","embeddable":true,"href":"https:\/\/myreplicawatches.io\/es\/wp-json\/wp\/v2\/product_tag?post=8901"}],"curies":[{"name":"wp","href":"https:\/\/api.w.org\/{rel}","templated":true}]}}