{"id":8898,"date":"2023-10-03T22:16:53","date_gmt":"2023-10-03T22:16:53","guid":{"rendered":"https:\/\/myreplicawatches.io\/product\/tudor-heritage-black-bay-replica-bisel-rojo-m79230r-0012\/"},"modified":"2025-09-19T22:21:23","modified_gmt":"2025-09-19T22:21:23","slug":"tudor-heritage-black-bay-replica-bisel-rojo-m79230r-0012","status":"publish","type":"product","link":"https:\/\/myreplicawatches.io\/es\/product\/tudor-heritage-black-bay-replica-bisel-rojo-m79230r-0012\/","title":{"rendered":"Tudor Heritage Black Bay R\u00e9plica Bisel Rojo M79230R-0012"},"content":{"rendered":"<h3>Tudor Heritage Black Bay R\u00e9plica Bisel Rojo<\/h3>\n<h3>Ventajas de poseer Tudor Heritage Black Bay R\u00e9plica Bisel Rojo:<\/h3>\n<ul>\n<li>Una r\u00e9plica puede comprarse a un precio mucho m\u00e1s barato que uno aut\u00e9ntico, sin embargo, un reloj r\u00e9plica parecer\u00e1 y se sentir\u00e1 igual que el original.<\/li>\n<li>Lo \u00faltimo que alguien quiere es gastarse una fortuna para conseguir un reloj de lujo que tiene peque\u00f1as diferencias con nuestras r\u00e9plicas de relojes.<\/li>\n<li>Muchos entusiastas de los relojes no quieren gastarse miles de d\u00f3lares en relojes y quieren tener esa gran sensaci\u00f3n de poseer un gran reloj de una marca de lujo. Aqu\u00ed es cuando entran en juego los relojes myreplicawatches.io y proporcionan esa sensaci\u00f3n a sus clientes.<\/li>\n<li>\u00bf Tienes ya un aut\u00e9ntico reloj de alta gama que no quieres llevar por motivos de seguridad o por razones de devaluaci\u00f3n en algunas ocasiones ?<br \/>\nLleva tu Reloj Tudor Heritage Black Bay R\u00e9plica Bisel Rojo de alta calidad y si\u00e9ntete m\u00e1s seguro, ten la misma confianza, protege tus objetos de valor<\/li>\n<\/ul>\n<p>&nbsp;<\/p>\n<h3>Tudor Heritage Black Bay Replica Detalles del bisel rojo:<\/h3>\n<p>41mm = 1 5\/8\u2032 Caja, 7\u2032 Pulsera Ajustable<br \/>\nBisel giratorio unidireccional<br \/>\nAgujas e indicadores horarios luminiscentes<br \/>\nCorona atornillada<br \/>\nHebilla desplegable de acero inoxidable con cierre de seguridad<br \/>\nMovimiento:Autom\u00e1tico<br \/>\nEsfera negra<br \/>\nMarcadores horarios de puntos e \u00edndices de oro rosa<br \/>\nBisel de buceador de acero inoxidable cepillado con disco de aluminio burdeos mate<br \/>\nReserva de marcha de 70 horas<\/p>\n<p>&nbsp;<\/p>\n<section id=\"shopify-section-template--16312354373795__0dd03765-fc7e-484d-8828-8e538f69f391\" class=\"shopify-section shopify-section--impact-text\">\n<div class=\"section section-blends section-full\">\n<div>\n<div class=\"impact-text impact-text--center \">\n<div class=\"snap-center\">\n<div class=\"impact-text__content\">\n<div class=\"prose\">\n<h3 class=\"h4\">Garant\u00eda de satisfacci\u00f3n o devoluci\u00f3n del dinero<\/h3>\n<\/div>\n<\/div>\n<\/div>\n<\/div>\n<\/div>\n<\/div>\n<\/section>\n<section id=\"shopify-section-template--16312354373795__718d3483-8074-46ad-8835-d56c788fbfbc\" class=\"shopify-section shopify-section--accordion-content\">\n<div class=\"section section-blends section-full\">\n<div class=\"section-stack section-stack--horizontal \">\n<div class=\"section-stack__main\">\n<div class=\"accordion-box rounded bg-secondary\">\n<details class=\" accordion group\" aria-expanded=\"false\">\n<div class=\"accordion__toggle bold\">Plazo de env\u00edo<\/div>\n<div class=\"accordion__content\">\n<div class=\"prose\">\n<p>&nbsp;<\/p>\n<\/div>\n<\/div>\n<\/details>\n<details class=\" accordion group\" aria-expanded=\"false\">\n<div class=\"accordion__toggle bold\">Sin impuestos ni tasas aduaneras<\/div>\n<div class=\"accordion__content\">\n<div class=\"prose\">\n<p>&nbsp;<\/p>\n<\/div>\n<\/div>\n<\/details>\n<details class=\" accordion group\" aria-expanded=\"false\">\n<div class=\"accordion__toggle bold\">No satisfecho = Devoluci\u00f3n del dinero<\/div>\n<div class=\"accordion__content\">\n<div class=\"prose\">\n<p>&nbsp;<\/p>\n<\/div>\n<\/div>\n<\/details>\n<\/div>\n<\/div>\n<\/div>\n<\/div>\n<\/section>\n<section id=\"shopify-section-template--16312354373795__9e4a8c49-9afe-41eb-855d-643cc6e2cef3\" class=\"shopify-section shopify-section--media-with-text\">\n<div class=\"section section-blends section-full\">\n<div id=\"block-template--16312354373795__9e4a8c49-9afe-41eb-855d-643cc6e2cef3-template--16312354373795__9e4a8c49-9afe-41eb-855d-643cc6e2cef3-168902202397ddef58-0\" class=\"media-with-text__item\">\n<div class=\"media-with-text__media rounded\"><\/div>\n<\/div>\n<\/div>\n<\/section>\n","protected":false},"excerpt":{"rendered":"<p>Tudor Heritage Black Bay R\u00e9plica Bisel Rojo Ventajas de poseer Tudor Heritage Black Bay R\u00e9plica Bisel Rojo: Una r\u00e9plica puede comprarse a un precio mucho m\u00e1s barato que uno aut\u00e9ntico, sin embargo, un reloj r\u00e9plica parecer\u00e1 y se sentir\u00e1 igual que el original. Lo \u00faltimo que alguien quiere es gastarse una fortuna para conseguir un<\/p>\n","protected":false},"featured_media":8554,"comment_status":"open","ping_status":"closed","template":"","meta":{"_uag_custom_page_level_css":"","site-sidebar-layout":"default","site-content-layout":"","ast-site-content-layout":"default","site-content-style":"default","site-sidebar-style":"default","ast-global-header-display":"","ast-banner-title-visibility":"","ast-main-header-display":"","ast-hfb-above-header-display":"","ast-hfb-below-header-display":"","ast-hfb-mobile-header-display":"","site-post-title":"","ast-breadcrumbs-content":"","ast-featured-img":"","footer-sml-layout":"","theme-transparent-header-meta":"default","adv-header-id-meta":"","stick-header-meta":"default","header-above-stick-meta":"","header-main-stick-meta":"","header-below-stick-meta":"","astra-migrate-meta-layouts":"set","ast-page-background-enabled":"default","ast-page-background-meta":{"desktop":{"background-color":"var(--ast-global-color-4)","background-image":"","background-repeat":"repeat","background-position":"center center","background-size":"auto","background-attachment":"scroll","background-type":"","background-media":"","overlay-type":"","overlay-color":"","overlay-opacity":"","overlay-gradient":""},"tablet":{"background-color":"","background-image":"","background-repeat":"repeat","background-position":"center center","background-size":"auto","background-attachment":"scroll","background-type":"","background-media":"","overlay-type":"","overlay-color":"","overlay-opacity":"","overlay-gradient":""},"mobile":{"background-color":"","background-image":"","background-repeat":"repeat","background-position":"center center","background-size":"auto","background-attachment":"scroll","background-type":"","background-media":"","overlay-type":"","overlay-color":"","overlay-opacity":"","overlay-gradient":""}},"ast-content-background-meta":{"desktop":{"background-color":"var(--ast-global-color-5)","background-image":"","background-repeat":"repeat","background-position":"center center","background-size":"auto","background-attachment":"scroll","background-type":"","background-media":"","overlay-type":"","overlay-color":"","overlay-opacity":"","overlay-gradient":""},"tablet":{"background-color":"var(--ast-global-color-5)","background-image":"","background-repeat":"repeat","background-position":"center center","background-size":"auto","background-attachment":"scroll","background-type":"","background-media":"","overlay-type":"","overlay-color":"","overlay-opacity":"","overlay-gradient":""},"mobile":{"background-color":"var(--ast-global-color-5)","background-image":"","background-repeat":"repeat","background-position":"center center","background-size":"auto","background-attachment":"scroll","background-type":"","background-media":"","overlay-type":"","overlay-color":"","overlay-opacity":"","overlay-gradient":""}}},"product_brand":[],"product_cat":[167,152,168],"product_tag":[],"class_list":{"0":"post-8898","1":"product","2":"type-product","3":"status-publish","4":"has-post-thumbnail","6":"product_cat-replica-tudor","7":"product_cat-nueva-coleccion-2024","8":"product_cat-productos-mas-nuevos","9":"desktop-align-left","10":"tablet-align-left","11":"mobile-align-left","12":"ast-product-gallery-layout-vertical-slider","13":"ast-product-single-variable","15":"first","16":"instock","17":"shipping-taxable","18":"purchasable","19":"product-type-variable"},"uagb_featured_image_src":{"full":["https:\/\/myreplicawatches.io\/wp-content\/uploads\/2023\/10\/Replica-rolex-Sky-dweller-rose-gold-60.jpg",1080,1080,false],"thumbnail":["https:\/\/myreplicawatches.io\/wp-content\/uploads\/2023\/10\/Replica-rolex-Sky-dweller-rose-gold-60-150x150.jpg",150,150,true],"medium":["https:\/\/myreplicawatches.io\/wp-content\/uploads\/2023\/10\/Replica-rolex-Sky-dweller-rose-gold-60-300x300.jpg",300,300,true],"medium_large":["https:\/\/myreplicawatches.io\/wp-content\/uploads\/2023\/10\/Replica-rolex-Sky-dweller-rose-gold-60-768x768.jpg",768,768,true],"large":["https:\/\/myreplicawatches.io\/wp-content\/uploads\/2023\/10\/Replica-rolex-Sky-dweller-rose-gold-60-1024x1024.jpg",1024,1024,true],"1536x1536":["https:\/\/myreplicawatches.io\/wp-content\/uploads\/2023\/10\/Replica-rolex-Sky-dweller-rose-gold-60.jpg",1080,1080,false],"2048x2048":["https:\/\/myreplicawatches.io\/wp-content\/uploads\/2023\/10\/Replica-rolex-Sky-dweller-rose-gold-60.jpg",1080,1080,false],"woocommerce_thumbnail":["https:\/\/myreplicawatches.io\/wp-content\/uploads\/2023\/10\/Replica-rolex-Sky-dweller-rose-gold-60-300x300.jpg",300,300,true],"woocommerce_single":["https:\/\/myreplicawatches.io\/wp-content\/uploads\/2023\/10\/Replica-rolex-Sky-dweller-rose-gold-60-600x600.jpg",600,600,true],"woocommerce_gallery_thumbnail":["https:\/\/myreplicawatches.io\/wp-content\/uploads\/2023\/10\/Replica-rolex-Sky-dweller-rose-gold-60-100x100.jpg",100,100,true],"variation_swatches_image_size":["https:\/\/myreplicawatches.io\/wp-content\/uploads\/2023\/10\/Replica-rolex-Sky-dweller-rose-gold-60-50x50.jpg",50,50,true],"variation_swatches_tooltip_size":["https:\/\/myreplicawatches.io\/wp-content\/uploads\/2023\/10\/Replica-rolex-Sky-dweller-rose-gold-60-100x100.jpg",100,100,true],"dgwt-wcas-product-suggestion":["https:\/\/myreplicawatches.io\/wp-content\/uploads\/2023\/10\/Replica-rolex-Sky-dweller-rose-gold-60-64x64.jpg",64,64,true]},"uagb_author_info":{"display_name":"admin","author_link":"https:\/\/myreplicawatches.io\/es\/author\/"},"uagb_comment_info":0,"uagb_excerpt":"Tudor Heritage Black Bay R\u00e9plica Bisel Rojo Ventajas de poseer Tudor Heritage Black Bay R\u00e9plica Bisel Rojo: Una r\u00e9plica puede comprarse a un precio mucho m\u00e1s barato que uno aut\u00e9ntico, sin embargo, un reloj r\u00e9plica parecer\u00e1 y se sentir\u00e1 igual que el original. Lo \u00faltimo que alguien quiere es gastarse una fortuna para conseguir un","jetpack_sharing_enabled":true,"_links":{"self":[{"href":"https:\/\/myreplicawatches.io\/es\/wp-json\/wp\/v2\/product\/8898","targetHints":{"allow":["GET"]}}],"collection":[{"href":"https:\/\/myreplicawatches.io\/es\/wp-json\/wp\/v2\/product"}],"about":[{"href":"https:\/\/myreplicawatches.io\/es\/wp-json\/wp\/v2\/types\/product"}],"replies":[{"embeddable":true,"href":"https:\/\/myreplicawatches.io\/es\/wp-json\/wp\/v2\/comments?post=8898"}],"wp:featuredmedia":[{"embeddable":true,"href":"https:\/\/myreplicawatches.io\/es\/wp-json\/wp\/v2\/media\/8554"}],"wp:attachment":[{"href":"https:\/\/myreplicawatches.io\/es\/wp-json\/wp\/v2\/media?parent=8898"}],"wp:term":[{"taxonomy":"product_brand","embeddable":true,"href":"https:\/\/myreplicawatches.io\/es\/wp-json\/wp\/v2\/product_brand?post=8898"},{"taxonomy":"product_cat","embeddable":true,"href":"https:\/\/myreplicawatches.io\/es\/wp-json\/wp\/v2\/product_cat?post=8898"},{"taxonomy":"product_tag","embeddable":true,"href":"https:\/\/myreplicawatches.io\/es\/wp-json\/wp\/v2\/product_tag?post=8898"}],"curies":[{"name":"wp","href":"https:\/\/api.w.org\/{rel}","templated":true}]}}