{"id":8893,"date":"2024-02-27T20:44:07","date_gmt":"2024-02-27T20:44:07","guid":{"rendered":"https:\/\/myreplicawatches.io\/product\/replica-super-clon-reloj-jacob-and-co-bugatti\/"},"modified":"2025-09-19T22:21:13","modified_gmt":"2025-09-19T22:21:13","slug":"replica-super-clon-reloj-jacob-and-co-bugatti","status":"publish","type":"product","link":"https:\/\/myreplicawatches.io\/es\/product\/replica-super-clon-reloj-jacob-and-co-bugatti\/","title":{"rendered":"R\u00e9plica Super Clon Reloj Jacob and Co Bugatti"},"content":{"rendered":"<div style=\"width: 886px;\" class=\"wp-video\"><video class=\"wp-video-shortcode\" id=\"video-8893-1\" width=\"886\" height=\"1102\" autoplay preload=\"metadata\" controls=\"controls\"><source type=\"video\/mp4\" src=\"https:\/\/myreplicawatches.io\/wp-content\/uploads\/2024\/02\/RPReplay_Final1709065837-1.mp4?_=1\" \/><a href=\"https:\/\/myreplicawatches.io\/wp-content\/uploads\/2024\/02\/RPReplay_Final1709065837-1.mp4\">https:\/\/myreplicawatches.io\/wp-content\/uploads\/2024\/02\/RPReplay_Final1709065837-1.mp4<\/a><\/video><\/div>\n<h2>R\u00e9plica Super Clon Reloj Jacob and Co Bugatti<\/h2>\n<h2><\/h2>\n<h5>&#8211; Esta es la R\u00e9plica de Jacob and Co Bugatti de mejor calidad que puedes encontrar en Internet.<\/h5>\n<p>La versi\u00f3n Espec\u00edfica es totalmente nueva y se fabric\u00f3 en 2024. La fecha de lanzamiento se anunciar\u00e1 en nuestro <a href=\"https:\/\/t.me\/ipwatchescommunity\">grupo de telegram <\/a><\/p>\n<h4>Descripci\u00f3n del Reloj Replica Super Clone Jacob and Co Bugatti:<\/h4>\n<p>FUNCIONES &#8211; HorasMinutosReserva de marchaTourbillon<br \/>\nMOVIMIENTO &#8211; Bobinado manual<br \/>\nFabricado &#8211; Swiss Made<\/p>\n<p>CASO<br \/>\nTonneau &#8211; 50.00&#215;44.00<br \/>\nZafiro &#8211; Pulido<br \/>\n20,00 mm &#8211; VIDRIO<br \/>\nZafiro &#8211; RESISTENCIA AL AGUA<br \/>\n3,00atm \/ 30,00m \/ 100,00ft<\/p>\n<p>HEBILLA<br \/>\nHebilla desplegable <span style=\"font-size: 16px;\">Titanio<\/span><\/p>\n<p>CORREA &#8211; Goma Blanca<\/p>\n<p>&nbsp;<\/p>\n<ul>\n<li>Se ve y se siente exactamente igual. \u2714<\/li>\n<li>No se puede diferenciar entre el verdadero \u2714<\/li>\n<li>Resistente al agua 300 m \u2714<\/li>\n<li>Cristal de zafiro antirrayado con revestimiento AR \u2714<\/li>\n<li>Relojes de acero 904L y oro aut\u00e9ntico. \u2714<\/li>\n<li>Mismo peso que el original. \u2714<\/li>\n<li>Mismo Mecanismo que el Real \u2714 ( MISMO Movimiento SUIZO, Exactamente igual que el real )<\/li>\n<li>Movimiento Autom\u00e1tico \u2714 ( El segundero no hace tictac, se mueve suavemente como el original )<\/li>\n<\/ul>\n","protected":false},"excerpt":{"rendered":"<p><a href=\"https:\/\/myreplicawatches.io\/wp-content\/uploads\/2024\/02\/RPReplay_Final1709065837.mov\">R\u00e9plica Super Clon Reloj Jacob and Co Bugatti<\/a><\/p>\n","protected":false},"featured_media":8690,"comment_status":"open","ping_status":"closed","template":"","meta":{"_uag_custom_page_level_css":"","site-sidebar-layout":"default","site-content-layout":"","ast-site-content-layout":"default","site-content-style":"default","site-sidebar-style":"default","ast-global-header-display":"","ast-banner-title-visibility":"","ast-main-header-display":"","ast-hfb-above-header-display":"","ast-hfb-below-header-display":"","ast-hfb-mobile-header-display":"","site-post-title":"","ast-breadcrumbs-content":"","ast-featured-img":"","footer-sml-layout":"","theme-transparent-header-meta":"default","adv-header-id-meta":"","stick-header-meta":"default","header-above-stick-meta":"","header-main-stick-meta":"","header-below-stick-meta":"","astra-migrate-meta-layouts":"set","ast-page-background-enabled":"default","ast-page-background-meta":{"desktop":{"background-color":"var(--ast-global-color-4)","background-image":"","background-repeat":"repeat","background-position":"center center","background-size":"auto","background-attachment":"scroll","background-type":"","background-media":"","overlay-type":"","overlay-color":"","overlay-opacity":"","overlay-gradient":""},"tablet":{"background-color":"","background-image":"","background-repeat":"repeat","background-position":"center center","background-size":"auto","background-attachment":"scroll","background-type":"","background-media":"","overlay-type":"","overlay-color":"","overlay-opacity":"","overlay-gradient":""},"mobile":{"background-color":"","background-image":"","background-repeat":"repeat","background-position":"center center","background-size":"auto","background-attachment":"scroll","background-type":"","background-media":"","overlay-type":"","overlay-color":"","overlay-opacity":"","overlay-gradient":""}},"ast-content-background-meta":{"desktop":{"background-color":"var(--ast-global-color-5)","background-image":"","background-repeat":"repeat","background-position":"center center","background-size":"auto","background-attachment":"scroll","background-type":"","background-media":"","overlay-type":"","overlay-color":"","overlay-opacity":"","overlay-gradient":""},"tablet":{"background-color":"var(--ast-global-color-5)","background-image":"","background-repeat":"repeat","background-position":"center center","background-size":"auto","background-attachment":"scroll","background-type":"","background-media":"","overlay-type":"","overlay-color":"","overlay-opacity":"","overlay-gradient":""},"mobile":{"background-color":"var(--ast-global-color-5)","background-image":"","background-repeat":"repeat","background-position":"center center","background-size":"auto","background-attachment":"scroll","background-type":"","background-media":"","overlay-type":"","overlay-color":"","overlay-opacity":"","overlay-gradient":""}}},"product_brand":[],"product_cat":[152,168,151,158],"product_tag":[1846,494,461,648,559,1471,1848,1844,555,563,474,465,567,464,441,472,933],"class_list":{"0":"post-8893","1":"product","2":"type-product","3":"status-publish","4":"has-post-thumbnail","6":"product_cat-nueva-coleccion-2024","7":"product_cat-productos-mas-nuevos","8":"product_cat-sin-categoria","9":"product_cat-superclones","10":"product_tag-bugatti","11":"product_tag-chronograph","12":"product_tag-collectors-item","13":"product_tag-elegant-es","14":"product_tag-exclusive","15":"product_tag-fashion-watch","16":"product_tag-high-end","17":"product_tag-jacob-and-co","18":"product_tag-limited-edition","19":"product_tag-luxury-es","20":"product_tag-mens-watch","21":"product_tag-replica","22":"product_tag-stylish-es","23":"product_tag-super-clone","24":"product_tag-swiss-movement","25":"product_tag-timepiece","26":"product_tag-watch-es","27":"desktop-align-left","28":"tablet-align-left","29":"mobile-align-left","30":"ast-product-gallery-layout-vertical-slider","32":"first","33":"outofstock","34":"shipping-taxable","35":"purchasable","36":"product-type-simple"},"uagb_featured_image_src":{"full":["https:\/\/myreplicawatches.io\/wp-content\/uploads\/2024\/02\/Replica-rolex-Sky-dweller-rose-gold-3.jpg",1080,1080,false],"thumbnail":["https:\/\/myreplicawatches.io\/wp-content\/uploads\/2024\/02\/Replica-rolex-Sky-dweller-rose-gold-3-150x150.jpg",150,150,true],"medium":["https:\/\/myreplicawatches.io\/wp-content\/uploads\/2024\/02\/Replica-rolex-Sky-dweller-rose-gold-3-300x300.jpg",300,300,true],"medium_large":["https:\/\/myreplicawatches.io\/wp-content\/uploads\/2024\/02\/Replica-rolex-Sky-dweller-rose-gold-3-768x768.jpg",768,768,true],"large":["https:\/\/myreplicawatches.io\/wp-content\/uploads\/2024\/02\/Replica-rolex-Sky-dweller-rose-gold-3-1024x1024.jpg",1024,1024,true],"1536x1536":["https:\/\/myreplicawatches.io\/wp-content\/uploads\/2024\/02\/Replica-rolex-Sky-dweller-rose-gold-3.jpg",1080,1080,false],"2048x2048":["https:\/\/myreplicawatches.io\/wp-content\/uploads\/2024\/02\/Replica-rolex-Sky-dweller-rose-gold-3.jpg",1080,1080,false],"woocommerce_thumbnail":["https:\/\/myreplicawatches.io\/wp-content\/uploads\/2024\/02\/Replica-rolex-Sky-dweller-rose-gold-3-300x300.jpg",300,300,true],"woocommerce_single":["https:\/\/myreplicawatches.io\/wp-content\/uploads\/2024\/02\/Replica-rolex-Sky-dweller-rose-gold-3-600x600.jpg",600,600,true],"woocommerce_gallery_thumbnail":["https:\/\/myreplicawatches.io\/wp-content\/uploads\/2024\/02\/Replica-rolex-Sky-dweller-rose-gold-3-100x100.jpg",100,100,true],"variation_swatches_image_size":["https:\/\/myreplicawatches.io\/wp-content\/uploads\/2024\/02\/Replica-rolex-Sky-dweller-rose-gold-3-50x50.jpg",50,50,true],"variation_swatches_tooltip_size":["https:\/\/myreplicawatches.io\/wp-content\/uploads\/2024\/02\/Replica-rolex-Sky-dweller-rose-gold-3-100x100.jpg",100,100,true],"dgwt-wcas-product-suggestion":["https:\/\/myreplicawatches.io\/wp-content\/uploads\/2024\/02\/Replica-rolex-Sky-dweller-rose-gold-3-64x64.jpg",64,64,true]},"uagb_author_info":{"display_name":"admin","author_link":"https:\/\/myreplicawatches.io\/es\/author\/"},"uagb_comment_info":0,"uagb_excerpt":"R\u00e9plica Super Clon Reloj Jacob and Co Bugatti","jetpack_sharing_enabled":true,"_links":{"self":[{"href":"https:\/\/myreplicawatches.io\/es\/wp-json\/wp\/v2\/product\/8893","targetHints":{"allow":["GET"]}}],"collection":[{"href":"https:\/\/myreplicawatches.io\/es\/wp-json\/wp\/v2\/product"}],"about":[{"href":"https:\/\/myreplicawatches.io\/es\/wp-json\/wp\/v2\/types\/product"}],"replies":[{"embeddable":true,"href":"https:\/\/myreplicawatches.io\/es\/wp-json\/wp\/v2\/comments?post=8893"}],"wp:featuredmedia":[{"embeddable":true,"href":"https:\/\/myreplicawatches.io\/es\/wp-json\/wp\/v2\/media\/8690"}],"wp:attachment":[{"href":"https:\/\/myreplicawatches.io\/es\/wp-json\/wp\/v2\/media?parent=8893"}],"wp:term":[{"taxonomy":"product_brand","embeddable":true,"href":"https:\/\/myreplicawatches.io\/es\/wp-json\/wp\/v2\/product_brand?post=8893"},{"taxonomy":"product_cat","embeddable":true,"href":"https:\/\/myreplicawatches.io\/es\/wp-json\/wp\/v2\/product_cat?post=8893"},{"taxonomy":"product_tag","embeddable":true,"href":"https:\/\/myreplicawatches.io\/es\/wp-json\/wp\/v2\/product_tag?post=8893"}],"curies":[{"name":"wp","href":"https:\/\/api.w.org\/{rel}","templated":true}]}}