{"id":8887,"date":"2024-06-17T11:29:12","date_gmt":"2024-06-17T11:29:12","guid":{"rendered":"https:\/\/myreplicawatches.io\/product\/super-clon-omega-speedmaster-replica-snoopy\/"},"modified":"2025-09-20T14:48:03","modified_gmt":"2025-09-20T14:48:03","slug":"super-clon-omega-speedmaster-replica-snoopy","status":"publish","type":"product","link":"https:\/\/myreplicawatches.io\/es\/product\/super-clon-omega-speedmaster-replica-snoopy\/","title":{"rendered":"Super Clon Omega Speedmaster R\u00e9plica Snoopy"},"content":{"rendered":"<div class=\"product-info__text\">\n<div class=\"prose\">\n<h3>Super Clon Omega Speedmaster R\u00e9plica Snoopy &#8211; Clon de la mejor calidad<\/h3>\n<h3><\/h3>\n<h3>Ventajas de poseer el Super Clon Omega Speedmaster R\u00e9plica Snoopy<\/h3>\n<ul>\n<li>Una r\u00e9plica puede comprarse a un precio mucho m\u00e1s barato que uno aut\u00e9ntico, sin embargo, un reloj r\u00e9plica parecer\u00e1 y se sentir\u00e1 igual que el original.<\/li>\n<li>Lo \u00faltimo que alguien quiere es gastarse una fortuna para conseguir un reloj de lujo que tiene peque\u00f1as diferencias con nuestras r\u00e9plicas de relojes.<\/li>\n<li>Muchos entusiastas de los relojes no quieren gastarse miles de d\u00f3lares en relojes y quieren tener esa gran sensaci\u00f3n de poseer un gran reloj de una marca de lujo. Es entonces cuando myreplicawatches entra en escena y proporciona esa sensaci\u00f3n a sus clientes.<\/li>\n<li>\u00bf Tienes ya un aut\u00e9ntico reloj de alta gama que no quieres llevar por motivos de seguridad o por razones de devaluaci\u00f3n en algunas ocasiones ?<br \/>\nLleva tu Reloj Replica Omega Speedmaster Snoopy Super Clon de alta calidad y si\u00e9ntete m\u00e1s seguro, ten la misma confianza, protege tus objetos de valor<\/li>\n<\/ul>\n<\/div>\n<\/div>\n<div class=\"product-info__description\">\n<div class=\"prose\">\n<table id=\"tablepress-24\" class=\"tablepress tablepress-id-24\">\n<thead>\n<tr class=\"row-1 odd\">\n<th class=\"column-1\" colspan=\"2\">Super Clon Omega Speedmaster R\u00e9plica Snoopy<\/p>\n<p>ESPECIFICACI\u00d3N de Omega Speedmaster Snoopy 310.32.42.50.02.001 R\u00e9plica<\/th>\n<\/tr>\n<\/thead>\n<tbody class=\"row-hover\">\n<tr class=\"row-2 even\">\n<td class=\"column-1\"><b>MARCA<\/b><\/td>\n<td class=\"column-2\">Omega<\/td>\n<\/tr>\n<tr class=\"row-3 odd\">\n<td class=\"column-1\"><b>FAMILIA<\/b><\/td>\n<td class=\"column-2\">R\u00e9plica Speedmaster Snoopy<\/td>\n<\/tr>\n<tr class=\"row-4 even\">\n<td class=\"column-1\"><b>MODELO NO<\/b><\/td>\n<td class=\"column-2\">310.32.42.50.02.001<\/td>\n<\/tr>\n<tr class=\"row-5 odd\">\n<td class=\"column-1\" colspan=\"2\"><b>MECANISMO<\/b><\/td>\n<\/tr>\n<tr class=\"row-6 even\">\n<td class=\"column-1\">Movimiento<\/td>\n<td class=\"column-2\">Autom\u00e1tico<\/td>\n<\/tr>\n<tr class=\"row-7 odd\">\n<td class=\"column-1\">Calibre<\/td>\n<td class=\"column-2\">3861<\/td>\n<\/tr>\n<tr class=\"row-8 even\">\n<td class=\"column-1\">Reserva de energ\u00eda<\/td>\n<td class=\"column-2\">60 horas (aproximadamente)<\/td>\n<\/tr>\n<tr class=\"row-9 odd\">\n<td class=\"column-1\">Precisi\u00f3n<\/td>\n<td class=\"column-2\">(-3\/+3 seg\/d\u00eda) Dentro de los l\u00edmites de la certificaci\u00f3n COSC<\/td>\n<\/tr>\n<tr class=\"row-10 even\">\n<td class=\"column-1\">Segunda mano<\/td>\n<td class=\"column-2\">Movimiento de barrido<\/td>\n<\/tr>\n<tr class=\"row-11 odd\">\n<td class=\"column-1\" colspan=\"2\"><b>CASO<\/b><\/td>\n<\/tr>\n<tr class=\"row-12 even\">\n<td class=\"column-1\">Material<\/td>\n<td class=\"column-2\">Acero inoxidable 904L<\/td>\n<\/tr>\n<tr class=\"row-13 odd\">\n<td class=\"column-1\">Color<\/td>\n<td class=\"column-2\">Acero<\/td>\n<\/tr>\n<tr class=\"row-14 even\">\n<td class=\"column-1\">Material del bisel<\/td>\n<td class=\"column-2\">Acero inoxidable 904L<\/td>\n<\/tr>\n<tr class=\"row-15 odd\">\n<td class=\"column-1\">Color del bisel<\/td>\n<td class=\"column-2\">Azul<\/td>\n<\/tr>\n<tr class=\"row-16 even\">\n<td class=\"column-1\">Cristal<\/td>\n<td class=\"column-2\">Cristal de zafiro<\/td>\n<\/tr>\n<tr class=\"row-17 odd\">\n<td class=\"column-1\">Talla<\/td>\n<td class=\"column-2\">42,00 mm<\/td>\n<\/tr>\n<tr class=\"row-18 even\">\n<td class=\"column-1\">Espesor<\/td>\n<td class=\"column-2\">14,00 mm<\/td>\n<\/tr>\n<tr class=\"row-19 odd\">\n<td class=\"column-1\" colspan=\"2\"><b>PULSERA<\/b><\/td>\n<\/tr>\n<tr class=\"row-20 even\">\n<td class=\"column-1\">Material<\/td>\n<td class=\"column-2\">Tejido<\/td>\n<\/tr>\n<tr class=\"row-21 odd\">\n<td class=\"column-1\">Tipo<\/td>\n<td class=\"column-2\">N\/D<\/td>\n<\/tr>\n<tr class=\"row-22 even\">\n<td class=\"column-1\">Color<\/td>\n<td class=\"column-2\">Azul<\/td>\n<\/tr>\n<tr class=\"row-23 odd\">\n<td class=\"column-1\">Talla<\/td>\n<td class=\"column-2\">Eslabones ajustables como originales para todas las tallas<\/td>\n<\/tr>\n<tr class=\"row-24 even\">\n<td class=\"column-1\">Material del cierre<\/td>\n<td class=\"column-2\">Acero inoxidable 904L<\/td>\n<\/tr>\n<tr class=\"row-25 odd\">\n<td class=\"column-1\">Tipo de cierre<\/td>\n<td class=\"column-2\">Cierre desplegable<\/td>\n<\/tr>\n<tr class=\"row-26 even\">\n<td class=\"column-1\">Color del cierre<\/td>\n<td class=\"column-2\">Acero<\/td>\n<\/tr>\n<tr class=\"row-27 odd\">\n<td class=\"column-1\" colspan=\"2\"><b>MARCA<\/b><\/td>\n<\/tr>\n<tr class=\"row-28 even\">\n<td class=\"column-1\">Apodo<\/td>\n<td class=\"column-2\">N\/D<\/td>\n<\/tr>\n<tr class=\"row-29 odd\">\n<td class=\"column-1\">Color<\/td>\n<td class=\"column-2\">Azul, Blanco<\/td>\n<\/tr>\n<tr class=\"row-30 even\">\n<td class=\"column-1\">Indeces<\/td>\n<td class=\"column-2\">Palo<\/td>\n<\/tr>\n<tr class=\"row-31 odd\">\n<td class=\"column-1\">Material de los indicadores horarios<\/td>\n<td class=\"column-2\">Acero inoxidable 904L<\/td>\n<\/tr>\n<tr class=\"row-32 even\">\n<td class=\"column-1\">Indicadores horarios Tipo<\/td>\n<td class=\"column-2\">Palo<\/td>\n<\/tr>\n<tr class=\"row-33 odd\">\n<td class=\"column-1\">Manos Material<\/td>\n<td class=\"column-2\">Acero inoxidable 904L<\/td>\n<\/tr>\n<tr class=\"row-34 even\">\n<td class=\"column-1\">Tipo de manos<\/td>\n<td class=\"column-2\">Palo<\/td>\n<\/tr>\n<tr class=\"row-35 odd\">\n<td class=\"column-1\"><b>FUNCIONES<\/b><\/td>\n<td class=\"column-2\">Cron\u00f3grafo, Taqu\u00edmetro, Flyback<\/td>\n<\/tr>\n<tr class=\"row-36 even\">\n<td class=\"column-1\"><b>RESISTENCIA AL AGUA<\/b><\/td>\n<td class=\"column-2\">Ha superado la prueba de resistencia al agua de 30 m. (La prueba se realiz\u00f3 a una presi\u00f3n de 3 atm\/30 metros. Sin embargo, no se recomienda nadar con ning\u00fan reloj, ni aut\u00e9ntico ni r\u00e9plica).<\/td>\n<\/tr>\n<tr class=\"row-37 odd\">\n<td class=\"column-1\"><b>PERFECCI\u00d3N<\/b><\/td>\n<td class=\"column-2\">&#8211; Los mismos n\u00fameros de serie y tarjetas ordenables<br \/>\n&#8211; El mismo tipo de letra, punto y acabado para los escritos y marcas<br \/>\n&#8211; El mismo grosor y tama\u00f1o<br \/>\n&#8211; El mismo movimiento y calibre potentes<br \/>\nEn pocas palabras, \u00a1es el mismo reloj aut\u00e9ntico! \u00a1\u00c9sta es la perfecci\u00f3n de nuestros relojes supercl\u00f3nicos 1:1 de mecanismo suizo! \u00a1Ni siquiera tu joyero podr\u00e1 notar la diferencia!<\/td>\n<\/tr>\n<\/tbody>\n<\/table>\n<\/div>\n<\/div>\n","protected":false},"excerpt":{"rendered":"<p>Super Clon Omega Speedmaster R\u00e9plica Snoopy &#8211; Clon de la mejor calidad Ventajas de poseer el Super Clon Omega Speedmaster R\u00e9plica Snoopy Una r\u00e9plica puede comprarse a un precio mucho m\u00e1s barato que uno aut\u00e9ntico, sin embargo, un reloj r\u00e9plica parecer\u00e1 y se sentir\u00e1 igual que el original. Lo \u00faltimo que alguien quiere es gastarse<\/p>\n","protected":false},"featured_media":9633,"comment_status":"open","ping_status":"closed","template":"","meta":{"_uag_custom_page_level_css":"","site-sidebar-layout":"default","site-content-layout":"","ast-site-content-layout":"default","site-content-style":"default","site-sidebar-style":"default","ast-global-header-display":"","ast-banner-title-visibility":"","ast-main-header-display":"","ast-hfb-above-header-display":"","ast-hfb-below-header-display":"","ast-hfb-mobile-header-display":"","site-post-title":"","ast-breadcrumbs-content":"","ast-featured-img":"","footer-sml-layout":"","theme-transparent-header-meta":"default","adv-header-id-meta":"","stick-header-meta":"default","header-above-stick-meta":"","header-main-stick-meta":"","header-below-stick-meta":"","astra-migrate-meta-layouts":"set","ast-page-background-enabled":"default","ast-page-background-meta":{"desktop":{"background-color":"var(--ast-global-color-4)","background-image":"","background-repeat":"repeat","background-position":"center center","background-size":"auto","background-attachment":"scroll","background-type":"","background-media":"","overlay-type":"","overlay-color":"","overlay-opacity":"","overlay-gradient":""},"tablet":{"background-color":"","background-image":"","background-repeat":"repeat","background-position":"center center","background-size":"auto","background-attachment":"scroll","background-type":"","background-media":"","overlay-type":"","overlay-color":"","overlay-opacity":"","overlay-gradient":""},"mobile":{"background-color":"","background-image":"","background-repeat":"repeat","background-position":"center center","background-size":"auto","background-attachment":"scroll","background-type":"","background-media":"","overlay-type":"","overlay-color":"","overlay-opacity":"","overlay-gradient":""}},"ast-content-background-meta":{"desktop":{"background-color":"var(--ast-global-color-5)","background-image":"","background-repeat":"repeat","background-position":"center center","background-size":"auto","background-attachment":"scroll","background-type":"","background-media":"","overlay-type":"","overlay-color":"","overlay-opacity":"","overlay-gradient":""},"tablet":{"background-color":"var(--ast-global-color-5)","background-image":"","background-repeat":"repeat","background-position":"center center","background-size":"auto","background-attachment":"scroll","background-type":"","background-media":"","overlay-type":"","overlay-color":"","overlay-opacity":"","overlay-gradient":""},"mobile":{"background-color":"var(--ast-global-color-5)","background-image":"","background-repeat":"repeat","background-position":"center center","background-size":"auto","background-attachment":"scroll","background-type":"","background-media":"","overlay-type":"","overlay-color":"","overlay-opacity":"","overlay-gradient":""}}},"product_brand":[],"product_cat":[152,168,150,222,163,158],"product_tag":[938,648,564,565,935,563,934,255,937,882,164,933],"class_list":{"0":"post-8887","1":"product","2":"type-product","3":"status-publish","4":"has-post-thumbnail","6":"product_cat-nueva-coleccion-2024","7":"product_cat-productos-mas-nuevos","8":"product_cat-relojes-replica-omega-de-la-mej","9":"product_cat-replica-omega-speedmaster-es","10":"product_cat-super-clon-omega","11":"product_cat-superclones","12":"product_tag-classic-es","13":"product_tag-elegant-es","14":"product_tag-fashion-es","15":"product_tag-high-quality-es","16":"product_tag-jewelry-es","17":"product_tag-luxury-es","18":"product_tag-mens-es","19":"product_tag-omega-es","20":"product_tag-prestigious-es","21":"product_tag-sporty-es","22":"product_tag-super-clon-omega-speedmaster-replica-snoopy","23":"product_tag-watch-es","24":"desktop-align-left","25":"tablet-align-left","26":"mobile-align-left","27":"ast-product-gallery-layout-vertical-slider","28":"ast-product-single-variable","30":"first","31":"instock","32":"sale","33":"shipping-taxable","34":"purchasable","35":"product-type-variable"},"uagb_featured_image_src":{"full":["https:\/\/myreplicawatches.io\/wp-content\/uploads\/2024\/06\/Screenshot-2024-08-02-at-11.11.04-PM.jpg",1042,1036,false],"thumbnail":["https:\/\/myreplicawatches.io\/wp-content\/uploads\/2024\/06\/Screenshot-2024-08-02-at-11.11.04-PM-150x150.png",150,150,true],"medium":["https:\/\/myreplicawatches.io\/wp-content\/uploads\/2024\/06\/Screenshot-2024-08-02-at-11.11.04-PM-300x298.png",300,298,true],"medium_large":["https:\/\/myreplicawatches.io\/wp-content\/uploads\/2024\/06\/Screenshot-2024-08-02-at-11.11.04-PM-768x764.png",768,764,true],"large":["https:\/\/myreplicawatches.io\/wp-content\/uploads\/2024\/06\/Screenshot-2024-08-02-at-11.11.04-PM-1024x1018.png",1024,1018,true],"1536x1536":["https:\/\/myreplicawatches.io\/wp-content\/uploads\/2024\/06\/Screenshot-2024-08-02-at-11.11.04-PM.jpg",1042,1036,false],"2048x2048":["https:\/\/myreplicawatches.io\/wp-content\/uploads\/2024\/06\/Screenshot-2024-08-02-at-11.11.04-PM.jpg",1042,1036,false],"woocommerce_thumbnail":["https:\/\/myreplicawatches.io\/wp-content\/uploads\/2024\/06\/Screenshot-2024-08-02-at-11.11.04-PM-300x300.jpg",300,300,true],"woocommerce_single":["https:\/\/myreplicawatches.io\/wp-content\/uploads\/2024\/06\/Screenshot-2024-08-02-at-11.11.04-PM-600x597.jpg",600,597,true],"woocommerce_gallery_thumbnail":["https:\/\/myreplicawatches.io\/wp-content\/uploads\/2024\/06\/Screenshot-2024-08-02-at-11.11.04-PM-100x100.jpg",100,100,true],"variation_swatches_image_size":["https:\/\/myreplicawatches.io\/wp-content\/uploads\/2024\/06\/Screenshot-2024-08-02-at-11.11.04-PM-50x50.png",50,50,true],"variation_swatches_tooltip_size":["https:\/\/myreplicawatches.io\/wp-content\/uploads\/2024\/06\/Screenshot-2024-08-02-at-11.11.04-PM-100x100.png",100,100,true],"dgwt-wcas-product-suggestion":["https:\/\/myreplicawatches.io\/wp-content\/uploads\/2024\/06\/Screenshot-2024-08-02-at-11.11.04-PM-64x64.jpg",64,64,true]},"uagb_author_info":{"display_name":"admin","author_link":"https:\/\/myreplicawatches.io\/es\/author\/"},"uagb_comment_info":1,"uagb_excerpt":"Super Clon Omega Speedmaster R\u00e9plica Snoopy &#8211; Clon de la mejor calidad Ventajas de poseer el Super Clon Omega Speedmaster R\u00e9plica Snoopy Una r\u00e9plica puede comprarse a un precio mucho m\u00e1s barato que uno aut\u00e9ntico, sin embargo, un reloj r\u00e9plica parecer\u00e1 y se sentir\u00e1 igual que el original. Lo \u00faltimo que alguien quiere es gastarse","jetpack_sharing_enabled":true,"_links":{"self":[{"href":"https:\/\/myreplicawatches.io\/es\/wp-json\/wp\/v2\/product\/8887","targetHints":{"allow":["GET"]}}],"collection":[{"href":"https:\/\/myreplicawatches.io\/es\/wp-json\/wp\/v2\/product"}],"about":[{"href":"https:\/\/myreplicawatches.io\/es\/wp-json\/wp\/v2\/types\/product"}],"replies":[{"embeddable":true,"href":"https:\/\/myreplicawatches.io\/es\/wp-json\/wp\/v2\/comments?post=8887"}],"wp:featuredmedia":[{"embeddable":true,"href":"https:\/\/myreplicawatches.io\/es\/wp-json\/wp\/v2\/media\/9633"}],"wp:attachment":[{"href":"https:\/\/myreplicawatches.io\/es\/wp-json\/wp\/v2\/media?parent=8887"}],"wp:term":[{"taxonomy":"product_brand","embeddable":true,"href":"https:\/\/myreplicawatches.io\/es\/wp-json\/wp\/v2\/product_brand?post=8887"},{"taxonomy":"product_cat","embeddable":true,"href":"https:\/\/myreplicawatches.io\/es\/wp-json\/wp\/v2\/product_cat?post=8887"},{"taxonomy":"product_tag","embeddable":true,"href":"https:\/\/myreplicawatches.io\/es\/wp-json\/wp\/v2\/product_tag?post=8887"}],"curies":[{"name":"wp","href":"https:\/\/api.w.org\/{rel}","templated":true}]}}