{"id":8886,"date":"2024-06-14T17:30:18","date_gmt":"2024-06-14T17:30:18","guid":{"rendered":"https:\/\/myreplicawatches.io\/product\/nuevo-2024-1908-replica-rolex-perpertual-39mm-platina\/"},"modified":"2025-11-16T12:38:54","modified_gmt":"2025-11-16T12:38:54","slug":"nuevo-2024-1908-replica-rolex-perpertual-39mm-platina","status":"publish","type":"product","link":"https:\/\/myreplicawatches.io\/es\/product\/nuevo-2024-1908-replica-rolex-perpertual-39mm-platina\/","title":{"rendered":"Nuevo 2024 1908 Replica Rolex Perpertual 39mm Platina"},"content":{"rendered":"<h2>Nuevo 2024 1908 Replica Rolex Perpertual 39mm Platina &#8211; Mejor Calidad Replica Clon Rolex 1908<\/h2>\n<p>&nbsp;<\/p>\n<div class=\"specs_row\">\n<div class=\"specs_spec_title\">MARCA &#8211; Rolex<\/div>\n<\/div>\n<div class=\"specs_row\">\n<div class=\"specs_spec_title\">MODELO &#8211; 1908<\/div>\n<\/div>\n<div class=\"specs_row\">\n<div class=\"specs_spec_title\">REFERENCIA &#8211; 52506<\/div>\n<\/div>\n<div class=\"specs_row\">\n<div class=\"specs_spec_title\">DIAL &#8211; Azul hielo con guilloch\u00e9 de grano de arroz e \u00edndices aplicados<\/div>\n<\/div>\n<div class=\"specs_row\">\n<div class=\"specs_spec_title\">MATERIAL DE LA CAJA &#8211; Platino<\/div>\n<\/div>\n<div class=\"specs_row\">\n<div class=\"specs_spec_title\">DIMENSIONES DE LA CAJA &#8211; 39 mm (di\u00e1metro) \u00d7 9,5 mm (grosor)<\/div>\n<\/div>\n<div class=\"specs_row\">\n<div class=\"specs_spec_title\">CRISTAL &#8211; Zafiro<\/div>\n<\/div>\n<div class=\"specs_row\">\n<div class=\"specs_spec_title\">FONDO DE LA CAJA &#8211; Platino con cristal de zafiro<\/div>\n<\/div>\n<div class=\"specs_row\">\n<div class=\"specs_spec_title\">MOVIMIENTO &#8211; Rolex 7140: autom\u00e1tico con cuerda manual, frecuencia de 28.800 Vph, reserva de marcha de 66 horas, 38 joyas, escape Chronergy, espiral Siloxy, precisi\u00f3n de \u00b12 segundos al d\u00eda<\/div>\n<\/div>\n<div class=\"specs_row\">\n<div class=\"specs_spec_title\">RESISTENCIA AL AGUA &#8211; 50 m<\/div>\n<\/div>\n<div class=\"specs_row\">\n<div class=\"specs_spec_title\">CORREA &#8211; Alig\u00e1tor marr\u00f3n con forro verde y cierre desplegable doble de platino<\/div>\n<\/div>\n<div class=\"specs_row\">\n<div class=\"specs_spec_title\">FUNCIONES &#8211; S\u00f3lo hora (horas, minutos, segundero peque\u00f1o)<\/div>\n<\/div>\n<div><\/div>\n<div>\n<h3>Ventajas de poseer el Nuevo 2024 1908 Replica Rolex Perpertual 39mm Platina:<\/h3>\n<ul>\n<li>Una r\u00e9plica puede comprarse a un precio mucho m\u00e1s barato que uno aut\u00e9ntico, sin embargo, un reloj r\u00e9plica parecer\u00e1 y se sentir\u00e1 igual que el original.<\/li>\n<\/ul>\n<p>&nbsp;<\/p>\n<ul>\n<li>Lo \u00faltimo que alguien quiere es gastarse una fortuna para conseguir un reloj de lujo que tiene peque\u00f1as diferencias con respecto a nuestras r\u00e9plicas de relojes y al modelo Nuevo 2024 1908 Replica Rolex Perpertual 39mm Platina<\/li>\n<\/ul>\n<p>&nbsp;<\/p>\n<ul>\n<li>Muchos entusiastas de los relojes no quieren gastarse miles de d\u00f3lares en relojes y quieren tener esa gran sensaci\u00f3n de poseer un gran reloj de una marca de lujo. Aqu\u00ed es cuando entran en juego los relojes myreplica y proporcionan esa sensaci\u00f3n a sus clientes.<\/li>\n<li>\u00bf Tienes ya un aut\u00e9ntico reloj de alta gama que no quieres llevar por motivos de seguridad o por razones de devaluaci\u00f3n en algunas ocasiones ?<br \/>\nLleva tu R\u00e9plica de alta calidad Nueva 2024 1908 R\u00e9plica Rolex Perpertual 39mm Platina y si\u00e9ntete m\u00e1s seguro, ten la misma confianza, protege tus objetos de valor<\/li>\n<\/ul>\n<\/div>\n","protected":false},"excerpt":{"rendered":"<p>Nuevo 2024 1908 Replica Rolex Perpertual 39mm Platina &#8211; Mejor Calidad Replica Clon Rolex 1908 &nbsp; MARCA &#8211; Rolex MODELO &#8211; 1908 REFERENCIA &#8211; 52506 DIAL &#8211; Azul hielo con guilloch\u00e9 de grano de arroz e \u00edndices aplicados MATERIAL DE LA CAJA &#8211; Platino DIMENSIONES DE LA CAJA &#8211; 39 mm (di\u00e1metro) \u00d7 9,5 mm<\/p>\n","protected":false},"featured_media":8828,"comment_status":"open","ping_status":"closed","template":"","meta":{"_uag_custom_page_level_css":"","site-sidebar-layout":"default","site-content-layout":"","ast-site-content-layout":"default","site-content-style":"default","site-sidebar-style":"default","ast-global-header-display":"","ast-banner-title-visibility":"","ast-main-header-display":"","ast-hfb-above-header-display":"","ast-hfb-below-header-display":"","ast-hfb-mobile-header-display":"","site-post-title":"","ast-breadcrumbs-content":"","ast-featured-img":"","footer-sml-layout":"","theme-transparent-header-meta":"default","adv-header-id-meta":"","stick-header-meta":"default","header-above-stick-meta":"","header-main-stick-meta":"","header-below-stick-meta":"","astra-migrate-meta-layouts":"default","ast-page-background-enabled":"default","ast-page-background-meta":{"desktop":{"background-color":"var(--ast-global-color-4)","background-image":"","background-repeat":"repeat","background-position":"center center","background-size":"auto","background-attachment":"scroll","background-type":"","background-media":"","overlay-type":"","overlay-color":"","overlay-opacity":"","overlay-gradient":""},"tablet":{"background-color":"","background-image":"","background-repeat":"repeat","background-position":"center center","background-size":"auto","background-attachment":"scroll","background-type":"","background-media":"","overlay-type":"","overlay-color":"","overlay-opacity":"","overlay-gradient":""},"mobile":{"background-color":"","background-image":"","background-repeat":"repeat","background-position":"center center","background-size":"auto","background-attachment":"scroll","background-type":"","background-media":"","overlay-type":"","overlay-color":"","overlay-opacity":"","overlay-gradient":""}},"ast-content-background-meta":{"desktop":{"background-color":"var(--ast-global-color-5)","background-image":"","background-repeat":"repeat","background-position":"center center","background-size":"auto","background-attachment":"scroll","background-type":"","background-media":"","overlay-type":"","overlay-color":"","overlay-opacity":"","overlay-gradient":""},"tablet":{"background-color":"var(--ast-global-color-5)","background-image":"","background-repeat":"repeat","background-position":"center center","background-size":"auto","background-attachment":"scroll","background-type":"","background-media":"","overlay-type":"","overlay-color":"","overlay-opacity":"","overlay-gradient":""},"mobile":{"background-color":"var(--ast-global-color-5)","background-image":"","background-repeat":"repeat","background-position":"center center","background-size":"auto","background-attachment":"scroll","background-type":"","background-media":"","overlay-type":"","overlay-color":"","overlay-opacity":"","overlay-gradient":""}}},"product_brand":[],"product_cat":[152,168,161,162,224,170,158],"product_tag":[1199,646,938,648,559,1674,564,565,935,563,934,937,465,187,441,472,933],"class_list":{"0":"post-8886","1":"product","2":"type-product","3":"status-publish","4":"has-post-thumbnail","6":"product_cat-nueva-coleccion-2024","7":"product_cat-productos-mas-nuevos","8":"product_cat-replica-date-just","9":"product_cat-replica-super-clon-rolex-aaa","10":"product_cat-replica-rolex-1908","11":"product_cat-super-clon-rolex","12":"product_cat-superclones","13":"product_tag-1908-es","14":"product_tag-39mm","15":"product_tag-classic-es","16":"product_tag-elegant-es","17":"product_tag-exclusive","18":"product_tag-exclusive-piece-es","19":"product_tag-fashion-es","20":"product_tag-high-quality-es","21":"product_tag-jewelry-es","22":"product_tag-luxury-es","23":"product_tag-mens-es","24":"product_tag-prestigious-es","25":"product_tag-replica","26":"product_tag-rolex-es","27":"product_tag-swiss-movement","28":"product_tag-timepiece","29":"product_tag-watch-es","30":"desktop-align-left","31":"tablet-align-left","32":"mobile-align-left","33":"ast-product-gallery-layout-vertical-slider","35":"first","36":"instock","37":"sale","38":"shipping-taxable","39":"purchasable","40":"product-type-simple"},"uagb_featured_image_src":{"full":["https:\/\/myreplicawatches.io\/wp-content\/uploads\/2024\/06\/Screenshot-2024-06-14-at-7.37.20-PM.jpg",1372,1592,false],"thumbnail":["https:\/\/myreplicawatches.io\/wp-content\/uploads\/2024\/06\/Screenshot-2024-06-14-at-7.37.20-PM-150x150.png",150,150,true],"medium":["https:\/\/myreplicawatches.io\/wp-content\/uploads\/2024\/06\/Screenshot-2024-06-14-at-7.37.20-PM-259x300.png",259,300,true],"medium_large":["https:\/\/myreplicawatches.io\/wp-content\/uploads\/2024\/06\/Screenshot-2024-06-14-at-7.37.20-PM-768x891.png",768,891,true],"large":["https:\/\/myreplicawatches.io\/wp-content\/uploads\/2024\/06\/Screenshot-2024-06-14-at-7.37.20-PM-882x1024.png",882,1024,true],"1536x1536":["https:\/\/myreplicawatches.io\/wp-content\/uploads\/2024\/06\/Screenshot-2024-06-14-at-7.37.20-PM-1324x1536.png",1324,1536,true],"2048x2048":["https:\/\/myreplicawatches.io\/wp-content\/uploads\/2024\/06\/Screenshot-2024-06-14-at-7.37.20-PM.jpg",1372,1592,false],"woocommerce_thumbnail":["https:\/\/myreplicawatches.io\/wp-content\/uploads\/2024\/06\/Screenshot-2024-06-14-at-7.37.20-PM-300x300.jpg",300,300,true],"woocommerce_single":["https:\/\/myreplicawatches.io\/wp-content\/uploads\/2024\/06\/Screenshot-2024-06-14-at-7.37.20-PM-600x696.jpg",600,696,true],"woocommerce_gallery_thumbnail":["https:\/\/myreplicawatches.io\/wp-content\/uploads\/2024\/06\/Screenshot-2024-06-14-at-7.37.20-PM-100x100.jpg",100,100,true],"variation_swatches_image_size":["https:\/\/myreplicawatches.io\/wp-content\/uploads\/2024\/06\/Screenshot-2024-06-14-at-7.37.20-PM-50x50.png",50,50,true],"variation_swatches_tooltip_size":["https:\/\/myreplicawatches.io\/wp-content\/uploads\/2024\/06\/Screenshot-2024-06-14-at-7.37.20-PM-100x100.png",100,100,true],"dgwt-wcas-product-suggestion":["https:\/\/myreplicawatches.io\/wp-content\/uploads\/2024\/06\/Screenshot-2024-06-14-at-7.37.20-PM-64x74.jpg",64,74,true]},"uagb_author_info":{"display_name":"admin","author_link":"https:\/\/myreplicawatches.io\/es\/author\/"},"uagb_comment_info":0,"uagb_excerpt":"Nuevo 2024 1908 Replica Rolex Perpertual 39mm Platina &#8211; Mejor Calidad Replica Clon Rolex 1908 &nbsp; MARCA &#8211; Rolex MODELO &#8211; 1908 REFERENCIA &#8211; 52506 DIAL &#8211; Azul hielo con guilloch\u00e9 de grano de arroz e \u00edndices aplicados MATERIAL DE LA CAJA &#8211; Platino DIMENSIONES DE LA CAJA &#8211; 39 mm (di\u00e1metro) \u00d7 9,5 mm","jetpack_sharing_enabled":true,"_links":{"self":[{"href":"https:\/\/myreplicawatches.io\/es\/wp-json\/wp\/v2\/product\/8886","targetHints":{"allow":["GET"]}}],"collection":[{"href":"https:\/\/myreplicawatches.io\/es\/wp-json\/wp\/v2\/product"}],"about":[{"href":"https:\/\/myreplicawatches.io\/es\/wp-json\/wp\/v2\/types\/product"}],"replies":[{"embeddable":true,"href":"https:\/\/myreplicawatches.io\/es\/wp-json\/wp\/v2\/comments?post=8886"}],"wp:featuredmedia":[{"embeddable":true,"href":"https:\/\/myreplicawatches.io\/es\/wp-json\/wp\/v2\/media\/8828"}],"wp:attachment":[{"href":"https:\/\/myreplicawatches.io\/es\/wp-json\/wp\/v2\/media?parent=8886"}],"wp:term":[{"taxonomy":"product_brand","embeddable":true,"href":"https:\/\/myreplicawatches.io\/es\/wp-json\/wp\/v2\/product_brand?post=8886"},{"taxonomy":"product_cat","embeddable":true,"href":"https:\/\/myreplicawatches.io\/es\/wp-json\/wp\/v2\/product_cat?post=8886"},{"taxonomy":"product_tag","embeddable":true,"href":"https:\/\/myreplicawatches.io\/es\/wp-json\/wp\/v2\/product_tag?post=8886"}],"curies":[{"name":"wp","href":"https:\/\/api.w.org\/{rel}","templated":true}]}}