{"id":8883,"date":"2024-06-14T17:36:45","date_gmt":"2024-06-14T17:36:45","guid":{"rendered":"https:\/\/myreplicawatches.io\/product\/replica-clon-azul-denim-modelo-patek-philippe-aquanaut-2024\/"},"modified":"2025-12-28T11:27:28","modified_gmt":"2025-12-28T11:27:28","slug":"replica-clon-azul-denim-modelo-patek-philippe-aquanaut-2024","status":"publish","type":"product","link":"https:\/\/myreplicawatches.io\/es\/product\/replica-clon-azul-denim-modelo-patek-philippe-aquanaut-2024\/","title":{"rendered":"R\u00e9plica Clon Azul Denim Modelo Patek Philippe Aquanaut 2024"},"content":{"rendered":"<h3>R\u00e9plica Clon Azul Denim Patek Philippe Aquanaut &#8211; R\u00e9plica clon de la mejor calidad<\/h3>\n<p>&nbsp;<\/p>\n<h3>Ventajas de poseer la R\u00e9plica Clon Denim Azul Patek Philippe Aquanaut<\/h3>\n<ul>\n<li>Una r\u00e9plica puede adquirirse a un precio mucho m\u00e1s barato que una aut\u00e9ntica, sin embargo, una r\u00e9plica Nuevo 2024 R\u00e9plica Clon Denim Azul Patek Philippe Aquanaut Travel Time 5164G parecer\u00e1 y se sentir\u00e1 igual que el original.<\/li>\n<li>Lo \u00faltimo que alguien quiere es gastarse una fortuna para conseguir un reloj de lujo que tiene peque\u00f1as diferencias con nuestras r\u00e9plicas de relojes.<\/li>\n<li>Muchos entusiastas de los relojes no quieren gastarse miles de d\u00f3lares en relojes y quieren tener esa gran sensaci\u00f3n de poseer un gran reloj de una marca de lujo. Aqu\u00ed es cuando entran en juego los relojes myreplica y proporcionan esa sensaci\u00f3n a sus clientes.<\/li>\n<li>\u00bf Ya tienes un aut\u00e9ntico reloj de alta gama que no quieres llevar por motivos de seguridad o de desvalorizaci\u00f3n en algunas ocasiones ?<br \/>\nLleva tu Reloj Patek Philippe Aquanaut Clon Denim Azul de alta calidad y si\u00e9ntete m\u00e1s seguro, ten la misma confianza, protege tus objetos de valor<\/li>\n<\/ul>\n<p>&nbsp;<\/p>\n<p>Descubre la elegancia y sofisticaci\u00f3n de la <strong>R\u00e9plica Aquanaut 5168G-001 Patek Philippe<\/strong>, una obra maestra en el mundo de las r\u00e9plicas de relojes de alta calidad. Este impresionante reloj refleja el dise\u00f1o original de Patek Philippe, ofreciendo una mezcla de lujo y funcionalidad a una fracci\u00f3n de su precio. Elaborada con atenci\u00f3n al detalle, su caja de oro blanco de 42,2 mm brilla con un resplandor incomparable, albergando una esfera meticulosamente dise\u00f1ada que dice mucho de su artesan\u00eda.<\/p>\n<p>La belleza de las r\u00e9plicas de relojes reside en su capacidad para hacer accesible el lujo. Podr\u00e1s experimentar el prestigio y el estilo de llevar un Patek Philippe sin su elevado precio. Perfecta para los entusiastas de los relojes y las personas a la moda, nuestra r\u00e9plica Aquanaut ofrece el equilibrio ideal entre sofisticaci\u00f3n y asequibilidad. No es s\u00f3lo un reloj, es una declaraci\u00f3n.<\/p>\n<p>Experimenta una calidad y un estilo inigualables con las prestaciones que te ofrece nuestra R\u00e9plica Aquanaut 5168G-001 Patek Philippe:<\/p>\n<table border=\"1\">\n<tbody>\n<tr>\n<th>REPORTAJE<\/th>\n<th>DESCRIPCI\u00d3N<\/th>\n<\/tr>\n<tr>\n<td>Material<\/td>\n<td>Oro blanco<\/td>\n<\/tr>\n<tr>\n<td>Tama\u00f1o de la caja<\/td>\n<td>42,2 mm<\/td>\n<\/tr>\n<tr>\n<td>Marca<\/td>\n<td>Elegantemente elaborado<\/td>\n<\/tr>\n<tr>\n<td>Resistencia al agua<\/td>\n<td>S\u00ed<\/td>\n<\/tr>\n<tr>\n<td><\/td>\n<\/tr>\n<\/tbody>\n<\/table>\n","protected":false},"excerpt":{"rendered":"<p>R\u00e9plica Clon Azul Denim Patek Philippe Aquanaut &#8211; R\u00e9plica clon de la mejor calidad &nbsp; Ventajas de poseer la R\u00e9plica Clon Denim Azul Patek Philippe Aquanaut Una r\u00e9plica puede adquirirse a un precio mucho m\u00e1s barato que una aut\u00e9ntica, sin embargo, una r\u00e9plica Nuevo 2024 R\u00e9plica Clon Denim Azul Patek Philippe Aquanaut Travel Time 5164G<\/p>\n","protected":false},"featured_media":8837,"comment_status":"open","ping_status":"closed","template":"","meta":{"_uag_custom_page_level_css":"","site-sidebar-layout":"default","site-content-layout":"","ast-site-content-layout":"default","site-content-style":"default","site-sidebar-style":"default","ast-global-header-display":"","ast-banner-title-visibility":"","ast-main-header-display":"","ast-hfb-above-header-display":"","ast-hfb-below-header-display":"","ast-hfb-mobile-header-display":"","site-post-title":"","ast-breadcrumbs-content":"","ast-featured-img":"","footer-sml-layout":"","theme-transparent-header-meta":"default","adv-header-id-meta":"","stick-header-meta":"default","header-above-stick-meta":"","header-main-stick-meta":"","header-below-stick-meta":"","astra-migrate-meta-layouts":"set","ast-page-background-enabled":"default","ast-page-background-meta":{"desktop":{"background-color":"var(--ast-global-color-4)","background-image":"","background-repeat":"repeat","background-position":"center center","background-size":"auto","background-attachment":"scroll","background-type":"","background-media":"","overlay-type":"","overlay-color":"","overlay-opacity":"","overlay-gradient":""},"tablet":{"background-color":"","background-image":"","background-repeat":"repeat","background-position":"center center","background-size":"auto","background-attachment":"scroll","background-type":"","background-media":"","overlay-type":"","overlay-color":"","overlay-opacity":"","overlay-gradient":""},"mobile":{"background-color":"","background-image":"","background-repeat":"repeat","background-position":"center center","background-size":"auto","background-attachment":"scroll","background-type":"","background-media":"","overlay-type":"","overlay-color":"","overlay-opacity":"","overlay-gradient":""}},"ast-content-background-meta":{"desktop":{"background-color":"var(--ast-global-color-5)","background-image":"","background-repeat":"repeat","background-position":"center center","background-size":"auto","background-attachment":"scroll","background-type":"","background-media":"","overlay-type":"","overlay-color":"","overlay-opacity":"","overlay-gradient":""},"tablet":{"background-color":"var(--ast-global-color-5)","background-image":"","background-repeat":"repeat","background-position":"center center","background-size":"auto","background-attachment":"scroll","background-type":"","background-media":"","overlay-type":"","overlay-color":"","overlay-opacity":"","overlay-gradient":""},"mobile":{"background-color":"var(--ast-global-color-5)","background-image":"","background-repeat":"repeat","background-position":"center center","background-size":"auto","background-attachment":"scroll","background-type":"","background-media":"","overlay-type":"","overlay-color":"","overlay-opacity":"","overlay-gradient":""}}},"product_brand":[],"product_cat":[152,168,153,154],"product_tag":[938,648,564,565,935,563,934,252,937,933],"class_list":{"0":"post-8883","1":"product","2":"type-product","3":"status-publish","4":"has-post-thumbnail","6":"product_cat-nueva-coleccion-2024","7":"product_cat-productos-mas-nuevos","8":"product_cat-replica-patek-philippe","9":"product_cat-replicas-de-relojes-mas-vendidas","10":"product_tag-classic-es","11":"product_tag-elegant-es","12":"product_tag-fashion-es","13":"product_tag-high-quality-es","14":"product_tag-jewelry-es","15":"product_tag-luxury-es","16":"product_tag-mens-es","17":"product_tag-patek-philippe-es","18":"product_tag-prestigious-es","19":"product_tag-watch-es","20":"desktop-align-left","21":"tablet-align-left","22":"mobile-align-left","23":"ast-product-gallery-layout-vertical-slider","24":"ast-product-single-variable","26":"first","27":"instock","28":"shipping-taxable","29":"purchasable","30":"product-type-variable"},"uagb_featured_image_src":{"full":["https:\/\/myreplicawatches.io\/wp-content\/uploads\/2024\/06\/Screenshot-2024-06-14-at-6.50.35-PM.jpg",1174,1192,false],"thumbnail":["https:\/\/myreplicawatches.io\/wp-content\/uploads\/2024\/06\/Screenshot-2024-06-14-at-6.50.35-PM-150x150.png",150,150,true],"medium":["https:\/\/myreplicawatches.io\/wp-content\/uploads\/2024\/06\/Screenshot-2024-06-14-at-6.50.35-PM-295x300.png",295,300,true],"medium_large":["https:\/\/myreplicawatches.io\/wp-content\/uploads\/2024\/06\/Screenshot-2024-06-14-at-6.50.35-PM-768x780.png",768,780,true],"large":["https:\/\/myreplicawatches.io\/wp-content\/uploads\/2024\/06\/Screenshot-2024-06-14-at-6.50.35-PM-1009x1024.png",1009,1024,true],"1536x1536":["https:\/\/myreplicawatches.io\/wp-content\/uploads\/2024\/06\/Screenshot-2024-06-14-at-6.50.35-PM.jpg",1174,1192,false],"2048x2048":["https:\/\/myreplicawatches.io\/wp-content\/uploads\/2024\/06\/Screenshot-2024-06-14-at-6.50.35-PM.jpg",1174,1192,false],"woocommerce_thumbnail":["https:\/\/myreplicawatches.io\/wp-content\/uploads\/2024\/06\/Screenshot-2024-06-14-at-6.50.35-PM-300x300.jpg",300,300,true],"woocommerce_single":["https:\/\/myreplicawatches.io\/wp-content\/uploads\/2024\/06\/Screenshot-2024-06-14-at-6.50.35-PM-600x609.jpg",600,609,true],"woocommerce_gallery_thumbnail":["https:\/\/myreplicawatches.io\/wp-content\/uploads\/2024\/06\/Screenshot-2024-06-14-at-6.50.35-PM-100x100.jpg",100,100,true],"variation_swatches_image_size":["https:\/\/myreplicawatches.io\/wp-content\/uploads\/2024\/06\/Screenshot-2024-06-14-at-6.50.35-PM-50x50.png",50,50,true],"variation_swatches_tooltip_size":["https:\/\/myreplicawatches.io\/wp-content\/uploads\/2024\/06\/Screenshot-2024-06-14-at-6.50.35-PM-100x100.png",100,100,true],"dgwt-wcas-product-suggestion":["https:\/\/myreplicawatches.io\/wp-content\/uploads\/2024\/06\/Screenshot-2024-06-14-at-6.50.35-PM-64x65.jpg",64,65,true]},"uagb_author_info":{"display_name":"admin","author_link":"https:\/\/myreplicawatches.io\/es\/author\/"},"uagb_comment_info":0,"uagb_excerpt":"R\u00e9plica Clon Azul Denim Patek Philippe Aquanaut &#8211; R\u00e9plica clon de la mejor calidad &nbsp; Ventajas de poseer la R\u00e9plica Clon Denim Azul Patek Philippe Aquanaut Una r\u00e9plica puede adquirirse a un precio mucho m\u00e1s barato que una aut\u00e9ntica, sin embargo, una r\u00e9plica Nuevo 2024 R\u00e9plica Clon Denim Azul Patek Philippe Aquanaut Travel Time 5164G","jetpack_sharing_enabled":true,"_links":{"self":[{"href":"https:\/\/myreplicawatches.io\/es\/wp-json\/wp\/v2\/product\/8883","targetHints":{"allow":["GET"]}}],"collection":[{"href":"https:\/\/myreplicawatches.io\/es\/wp-json\/wp\/v2\/product"}],"about":[{"href":"https:\/\/myreplicawatches.io\/es\/wp-json\/wp\/v2\/types\/product"}],"replies":[{"embeddable":true,"href":"https:\/\/myreplicawatches.io\/es\/wp-json\/wp\/v2\/comments?post=8883"}],"wp:featuredmedia":[{"embeddable":true,"href":"https:\/\/myreplicawatches.io\/es\/wp-json\/wp\/v2\/media\/8837"}],"wp:attachment":[{"href":"https:\/\/myreplicawatches.io\/es\/wp-json\/wp\/v2\/media?parent=8883"}],"wp:term":[{"taxonomy":"product_brand","embeddable":true,"href":"https:\/\/myreplicawatches.io\/es\/wp-json\/wp\/v2\/product_brand?post=8883"},{"taxonomy":"product_cat","embeddable":true,"href":"https:\/\/myreplicawatches.io\/es\/wp-json\/wp\/v2\/product_cat?post=8883"},{"taxonomy":"product_tag","embeddable":true,"href":"https:\/\/myreplicawatches.io\/es\/wp-json\/wp\/v2\/product_tag?post=8883"}],"curies":[{"name":"wp","href":"https:\/\/api.w.org\/{rel}","templated":true}]}}