{"id":8882,"date":"2024-05-21T14:24:45","date_gmt":"2024-05-21T14:24:45","guid":{"rendered":"https:\/\/myreplicawatches.io\/product\/replica-omega-seamaster-diver-300-coaxial-oro-negro\/"},"modified":"2025-09-19T22:20:50","modified_gmt":"2025-09-19T22:20:50","slug":"replica-omega-seamaster-diver-300-coaxial-oro-negro","status":"publish","type":"product","link":"https:\/\/myreplicawatches.io\/es\/product\/replica-omega-seamaster-diver-300-coaxial-oro-negro\/","title":{"rendered":"R\u00e9plica Omega Seamaster diver 300 coaxial Oro negro"},"content":{"rendered":"<h2>R\u00e9plica Omega Seamaster diver 300 coaxial Oro negro &#8211; Informaci\u00f3n &#8211;<\/h2>\n<h3>Ventajas de poseer r\u00e9plicas de relojes:<\/h3>\n<ul>\n<li>Una r\u00e9plica puede comprarse a un precio mucho m\u00e1s barato que uno aut\u00e9ntico, sin embargo, un reloj r\u00e9plica parecer\u00e1 y se sentir\u00e1 igual que el original.<\/li>\n<\/ul>\n<p>&nbsp;<\/p>\n<ul>\n<li>Lo \u00faltimo que alguien quiere es gastarse una fortuna para conseguir un reloj de lujo que tiene peque\u00f1as diferencias con nuestras r\u00e9plicas de relojes.<\/li>\n<\/ul>\n<p>&nbsp;<\/p>\n<ul>\n<li>Muchos entusiastas de los relojes no quieren gastarse miles de d\u00f3lares en relojes y quieren tener esa gran sensaci\u00f3n de poseer un gran reloj de una marca de lujo. Es entonces cuando entran en juego los relojes IP y proporcionan esa sensaci\u00f3n a sus clientes.<\/li>\n<li>\u00bf Tienes ya un aut\u00e9ntico reloj de alta gama que no quieres llevar por motivos de seguridad o por razones de devaluaci\u00f3n en algunas ocasiones ?<br \/>\nLleva tu R\u00e9plica de Reloj de Alta Calidad y si\u00e9ntete m\u00e1s seguro, ten la misma confianza, protege tus objetos de valor<\/li>\n<\/ul>\n<p>&nbsp;<\/p>\n<div class=\"table-wrap\">\n<table class=\"ke-zeroborder\" border=\"0\" cellspacing=\"1\">\n<tbody>\n<tr>\n<td>Colecci\u00f3n<\/td>\n<td>Omega Seamaster diver 300 co-axial orologio da uomo<\/td>\n<\/tr>\n<tr>\n<td>Talla<\/td>\n<td>42*13.7mm Reloj Omega Seamaster Suizo Tama\u00f1o Caballero<\/td>\n<\/tr>\n<tr>\n<td>Movimiento<\/td>\n<td>Movimiento suizo 8806, muy parecido al original, muy detallado. segundero de barrido suave<\/td>\n<\/tr>\n<tr>\n<td>Color de la correa<\/td>\n<td>Pulsera de malla de acero de titanio de alta calidad con hebilla desplegable<\/td>\n<\/tr>\n<tr>\n<td>Color de la esfera<\/td>\n<td>Estilo tropical Esfera negra de estilo vintage con marcadores de penumbra patinados<\/td>\n<\/tr>\n<tr>\n<td>Bisel<\/td>\n<td>Bisel de cer\u00e1mica negra<\/td>\n<\/tr>\n<tr>\n<td>Cristal<\/td>\n<td>Cristal de zafiro a prueba de ara\u00f1azos<\/td>\n<\/tr>\n<tr>\n<td>Material del malet\u00edn<\/td>\n<td>Caja del reloj de acero al titanio<\/td>\n<\/tr>\n<tr>\n<td>Funda trasera<\/td>\n<td>Caja trasera de titanio con grabado detallado y serie aleatoria<\/td>\n<\/tr>\n<\/tbody>\n<\/table>\n<\/div>\n<p>La R\u00e9plica Omega Seamaster diver 300 coaxial Oro negro tiene todas las marcas y grabados correctos. Peso y tacto perfectos. Exactamente igual que la aut\u00e9ntica construcci\u00f3n Omega Strong. La carcasa impermeable resiste la penetraci\u00f3n del agua<\/p>\n","protected":false},"excerpt":{"rendered":"<p>R\u00e9plica Omega Seamaster diver 300 coaxial Oro negro &#8211; Informaci\u00f3n &#8211; Ventajas de poseer r\u00e9plicas de relojes: Una r\u00e9plica puede comprarse a un precio mucho m\u00e1s barato que uno aut\u00e9ntico, sin embargo, un reloj r\u00e9plica parecer\u00e1 y se sentir\u00e1 igual que el original. &nbsp; Lo \u00faltimo que alguien quiere es gastarse una fortuna para conseguir<\/p>\n","protected":false},"featured_media":8765,"comment_status":"open","ping_status":"closed","template":"","meta":{"_uag_custom_page_level_css":"","site-sidebar-layout":"default","site-content-layout":"","ast-site-content-layout":"default","site-content-style":"default","site-sidebar-style":"default","ast-global-header-display":"","ast-banner-title-visibility":"","ast-main-header-display":"","ast-hfb-above-header-display":"","ast-hfb-below-header-display":"","ast-hfb-mobile-header-display":"","site-post-title":"","ast-breadcrumbs-content":"","ast-featured-img":"","footer-sml-layout":"","theme-transparent-header-meta":"default","adv-header-id-meta":"","stick-header-meta":"default","header-above-stick-meta":"","header-main-stick-meta":"","header-below-stick-meta":"","astra-migrate-meta-layouts":"set","ast-page-background-enabled":"default","ast-page-background-meta":{"desktop":{"background-color":"var(--ast-global-color-4)","background-image":"","background-repeat":"repeat","background-position":"center center","background-size":"auto","background-attachment":"scroll","background-type":"","background-media":"","overlay-type":"","overlay-color":"","overlay-opacity":"","overlay-gradient":""},"tablet":{"background-color":"","background-image":"","background-repeat":"repeat","background-position":"center center","background-size":"auto","background-attachment":"scroll","background-type":"","background-media":"","overlay-type":"","overlay-color":"","overlay-opacity":"","overlay-gradient":""},"mobile":{"background-color":"","background-image":"","background-repeat":"repeat","background-position":"center center","background-size":"auto","background-attachment":"scroll","background-type":"","background-media":"","overlay-type":"","overlay-color":"","overlay-opacity":"","overlay-gradient":""}},"ast-content-background-meta":{"desktop":{"background-color":"var(--ast-global-color-5)","background-image":"","background-repeat":"repeat","background-position":"center center","background-size":"auto","background-attachment":"scroll","background-type":"","background-media":"","overlay-type":"","overlay-color":"","overlay-opacity":"","overlay-gradient":""},"tablet":{"background-color":"var(--ast-global-color-5)","background-image":"","background-repeat":"repeat","background-position":"center center","background-size":"auto","background-attachment":"scroll","background-type":"","background-media":"","overlay-type":"","overlay-color":"","overlay-opacity":"","overlay-gradient":""},"mobile":{"background-color":"var(--ast-global-color-5)","background-image":"","background-repeat":"repeat","background-position":"center center","background-size":"auto","background-attachment":"scroll","background-type":"","background-media":"","overlay-type":"","overlay-color":"","overlay-opacity":"","overlay-gradient":""}}},"product_brand":[],"product_cat":[152,168,150,226],"product_tag":[938,4493,1630,648,1674,564,1934,565,935,555,563,934,255,937,465,1148,882,441,472,933],"class_list":{"0":"post-8882","1":"product","2":"type-product","3":"status-publish","4":"has-post-thumbnail","6":"product_cat-nueva-coleccion-2024","7":"product_cat-productos-mas-nuevos","8":"product_cat-relojes-replica-omega-de-la-mej","9":"product_cat-replica-omega-seamaster","10":"product_tag-classic-es","11":"product_tag-co-axial-es","12":"product_tag-diver-300-es","13":"product_tag-elegant-es","14":"product_tag-exclusive-piece-es","15":"product_tag-fashion-es","16":"product_tag-gold-es","17":"product_tag-high-quality-es","18":"product_tag-jewelry-es","19":"product_tag-limited-edition","20":"product_tag-luxury-es","21":"product_tag-mens-es","22":"product_tag-omega-es","23":"product_tag-prestigious-es","24":"product_tag-replica","25":"product_tag-seamaster","26":"product_tag-sporty-es","27":"product_tag-swiss-movement","28":"product_tag-timepiece","29":"product_tag-watch-es","30":"desktop-align-left","31":"tablet-align-left","32":"mobile-align-left","33":"ast-product-gallery-layout-vertical-slider","34":"ast-product-single-variable","36":"first","37":"instock","38":"sale","39":"shipping-taxable","40":"purchasable","41":"product-type-variable"},"uagb_featured_image_src":{"full":["https:\/\/myreplicawatches.io\/wp-content\/uploads\/2024\/05\/Screenshot-2024-05-21-at-3.00.13-PM.jpg",1118,1124,false],"thumbnail":["https:\/\/myreplicawatches.io\/wp-content\/uploads\/2024\/05\/Screenshot-2024-05-21-at-3.00.13-PM-150x150.png",150,150,true],"medium":["https:\/\/myreplicawatches.io\/wp-content\/uploads\/2024\/05\/Screenshot-2024-05-21-at-3.00.13-PM-298x300.png",298,300,true],"medium_large":["https:\/\/myreplicawatches.io\/wp-content\/uploads\/2024\/05\/Screenshot-2024-05-21-at-3.00.13-PM-768x772.png",768,772,true],"large":["https:\/\/myreplicawatches.io\/wp-content\/uploads\/2024\/05\/Screenshot-2024-05-21-at-3.00.13-PM-1019x1024.png",1019,1024,true],"1536x1536":["https:\/\/myreplicawatches.io\/wp-content\/uploads\/2024\/05\/Screenshot-2024-05-21-at-3.00.13-PM.jpg",1118,1124,false],"2048x2048":["https:\/\/myreplicawatches.io\/wp-content\/uploads\/2024\/05\/Screenshot-2024-05-21-at-3.00.13-PM.jpg",1118,1124,false],"woocommerce_thumbnail":["https:\/\/myreplicawatches.io\/wp-content\/uploads\/2024\/05\/Screenshot-2024-05-21-at-3.00.13-PM-300x300.jpg",300,300,true],"woocommerce_single":["https:\/\/myreplicawatches.io\/wp-content\/uploads\/2024\/05\/Screenshot-2024-05-21-at-3.00.13-PM-600x603.jpg",600,603,true],"woocommerce_gallery_thumbnail":["https:\/\/myreplicawatches.io\/wp-content\/uploads\/2024\/05\/Screenshot-2024-05-21-at-3.00.13-PM-100x100.jpg",100,100,true],"variation_swatches_image_size":["https:\/\/myreplicawatches.io\/wp-content\/uploads\/2024\/05\/Screenshot-2024-05-21-at-3.00.13-PM-50x50.png",50,50,true],"variation_swatches_tooltip_size":["https:\/\/myreplicawatches.io\/wp-content\/uploads\/2024\/05\/Screenshot-2024-05-21-at-3.00.13-PM-100x100.png",100,100,true],"dgwt-wcas-product-suggestion":["https:\/\/myreplicawatches.io\/wp-content\/uploads\/2024\/05\/Screenshot-2024-05-21-at-3.00.13-PM-64x64.jpg",64,64,true]},"uagb_author_info":{"display_name":"admin","author_link":"https:\/\/myreplicawatches.io\/es\/author\/"},"uagb_comment_info":0,"uagb_excerpt":"R\u00e9plica Omega Seamaster diver 300 coaxial Oro negro &#8211; Informaci\u00f3n &#8211; Ventajas de poseer r\u00e9plicas de relojes: Una r\u00e9plica puede comprarse a un precio mucho m\u00e1s barato que uno aut\u00e9ntico, sin embargo, un reloj r\u00e9plica parecer\u00e1 y se sentir\u00e1 igual que el original. &nbsp; Lo \u00faltimo que alguien quiere es gastarse una fortuna para conseguir","jetpack_sharing_enabled":true,"_links":{"self":[{"href":"https:\/\/myreplicawatches.io\/es\/wp-json\/wp\/v2\/product\/8882","targetHints":{"allow":["GET"]}}],"collection":[{"href":"https:\/\/myreplicawatches.io\/es\/wp-json\/wp\/v2\/product"}],"about":[{"href":"https:\/\/myreplicawatches.io\/es\/wp-json\/wp\/v2\/types\/product"}],"replies":[{"embeddable":true,"href":"https:\/\/myreplicawatches.io\/es\/wp-json\/wp\/v2\/comments?post=8882"}],"wp:featuredmedia":[{"embeddable":true,"href":"https:\/\/myreplicawatches.io\/es\/wp-json\/wp\/v2\/media\/8765"}],"wp:attachment":[{"href":"https:\/\/myreplicawatches.io\/es\/wp-json\/wp\/v2\/media?parent=8882"}],"wp:term":[{"taxonomy":"product_brand","embeddable":true,"href":"https:\/\/myreplicawatches.io\/es\/wp-json\/wp\/v2\/product_brand?post=8882"},{"taxonomy":"product_cat","embeddable":true,"href":"https:\/\/myreplicawatches.io\/es\/wp-json\/wp\/v2\/product_cat?post=8882"},{"taxonomy":"product_tag","embeddable":true,"href":"https:\/\/myreplicawatches.io\/es\/wp-json\/wp\/v2\/product_tag?post=8882"}],"curies":[{"name":"wp","href":"https:\/\/api.w.org\/{rel}","templated":true}]}}