{"id":8877,"date":"2024-06-20T15:37:40","date_gmt":"2024-06-20T15:37:40","guid":{"rendered":"https:\/\/myreplicawatches.io\/product\/copia-replica-pulsera-van-cleef\/"},"modified":"2025-11-16T12:37:00","modified_gmt":"2025-11-16T12:37:00","slug":"copia-replica-pulsera-van-cleef","status":"publish","type":"product","link":"https:\/\/myreplicawatches.io\/es\/product\/copia-replica-pulsera-van-cleef\/","title":{"rendered":"Copia Replica Pulsera Van Cleef"},"content":{"rendered":"<p>Copia R\u00e9plica Van Cleef Pulsera &#8211; Mejor Calidad R\u00e9plica R\u00e9plica Van Cleef &amp; Arpels Pulsera<\/p>\n<div class=\"product-info__text\">\n<div class=\"prose\">\n<h3>Ventajas de poseer la Copia R\u00e9plica Pulsera Van Cleef:<\/h3>\n<ul>\n<li>Una r\u00e9plica puede comprarse a un precio mucho m\u00e1s barato que una aut\u00e9ntica, sin embargo, una r\u00e9plica de pulsera Van Cleef aparecer\u00e1 y se sentir\u00e1 igual que la original.<\/li>\n<li>Lo \u00faltimo que alguien quiere es gastarse una fortuna para conseguir un reloj de lujo que tiene peque\u00f1as diferencias con nuestras r\u00e9plicas de relojes.<\/li>\n<li>Muchos entusiastas de los relojes no quieren gastarse miles de d\u00f3lares en un brazalete Van Cleef y quieren tener esa gran sensaci\u00f3n de poseer un gran reloj de marca de lujo. Es entonces cuando myreplicawatches entra en escena y proporciona esa sensaci\u00f3n a sus clientes.<\/li>\n<li>\u00bfYa tienes una aut\u00e9ntica pulsera High End Van Cleef and Arpels que no quieres llevar por motivos de seguridad o de devaluaci\u00f3n en algunas ocasiones?<br \/>\nLleva tu Pulsera Van Cleef R\u00e9plica de Alta Calidad y si\u00e9ntete m\u00e1s seguro, ten la misma confianza, protege tus objetos de valor<\/li>\n<\/ul>\n<\/div>\n<\/div>\n<div class=\"product-info__description\">\n<div class=\"prose\">\n<p>R\u00e9plica de mejor calidad de la pulsera Van Cleef, \u00e9sta es la r\u00e9plica de mejor calidad, no vendemos ninguna r\u00e9plica de baja calidad de las pulseras Van Cleef.<\/p>\n<p>Elige el color y la talla antes de hacer el pedido.<\/p>\n<p>&nbsp;<\/p>\n<p>&#8211; Marca Van Cleef &amp; Arpels Pulsera<br \/>\n&#8211; Tama\u00f1o de la mu\u00f1eca:19 cm<br \/>\n&#8211; Colecci\u00f3n:Pulsera Alhambra Vintage Van Cleef &amp; Arpels<br \/>\n&#8211; Piedra:5 Motivos<\/p>\n<\/div>\n<\/div>\n<p>&nbsp;<\/p>\n<p><a href=\"https:\/\/myreplicawatches.io\/wp-content\/uploads\/2024\/06\/replica-van-cleef-.png\"><img fetchpriority=\"high\" decoding=\"async\" class=\"alignnone wp-image-6287\" src=\"https:\/\/myreplicawatches.io\/wp-content\/uploads\/2024\/06\/replica-van-cleef--300x108.png\" alt=\"r\u00e9plica van cleef\" width=\"483\" height=\"174\" title=\"\"><\/a><\/p>\n<div class=\"product-info__description\">\n<div class=\"prose\">\n<p>Gu\u00eda de tallas:<\/p>\n<p>&nbsp;<\/p>\n<table width=\"100%\">\n<tbody>\n<tr>\n<td>Tama\u00f1o de la pulsera<\/td>\n<td>El tama\u00f1o de tu mu\u00f1eca<\/td>\n<\/tr>\n<tr>\n<td>15<\/td>\n<td>15 cm -15,3 cm<\/td>\n<\/tr>\n<tr>\n<td>16<\/td>\n<td>\n<table width=\"221\">\n<tbody>\n<tr>\n<td>\n<table width=\"182\">\n<tbody>\n<tr>\n<td>15,5cm ( 6.1 incs<\/td>\n<\/tr>\n<\/tbody>\n<\/table>\n<\/td>\n<\/tr>\n<tr>\n<td><\/td>\n<\/tr>\n<\/tbody>\n<\/table>\n<\/td>\n<\/tr>\n<tr>\n<td>17<\/td>\n<td>15,6 cm &#8211; 16 cm ( 6,11 pulgadas &#8211; 6,3 pulgadas )<\/td>\n<\/tr>\n<tr>\n<td>18<\/td>\n<td>16,1 cm &#8211; 16,4 cm ( 6,31 pulgadas &#8211; 6,5 pulgadas)<\/td>\n<\/tr>\n<tr>\n<td>19<\/td>\n<td>16,5 cm &#8211; 17 cm ( 6,51 pulgadas &#8211; 6,7 pulgadas )<\/td>\n<\/tr>\n<\/tbody>\n<\/table>\n<\/div>\n<\/div>\n","protected":false},"excerpt":{"rendered":"<p>Copia R\u00e9plica Van Cleef Pulsera &#8211; Mejor Calidad R\u00e9plica R\u00e9plica Van Cleef &amp; Arpels Pulsera Ventajas de poseer la Copia R\u00e9plica Pulsera Van Cleef: Una r\u00e9plica puede comprarse a un precio mucho m\u00e1s barato que una aut\u00e9ntica, sin embargo, una r\u00e9plica de pulsera Van Cleef aparecer\u00e1 y se sentir\u00e1 igual que la original. Lo \u00faltimo<\/p>\n","protected":false},"featured_media":8853,"comment_status":"open","ping_status":"closed","template":"","meta":{"_uag_custom_page_level_css":"","site-sidebar-layout":"default","site-content-layout":"","ast-site-content-layout":"default","site-content-style":"default","site-sidebar-style":"default","ast-global-header-display":"","ast-banner-title-visibility":"","ast-main-header-display":"","ast-hfb-above-header-display":"","ast-hfb-below-header-display":"","ast-hfb-mobile-header-display":"","site-post-title":"","ast-breadcrumbs-content":"","ast-featured-img":"","footer-sml-layout":"","theme-transparent-header-meta":"default","adv-header-id-meta":"","stick-header-meta":"default","header-above-stick-meta":"","header-main-stick-meta":"","header-below-stick-meta":"","astra-migrate-meta-layouts":"set","ast-page-background-enabled":"default","ast-page-background-meta":{"desktop":{"background-color":"var(--ast-global-color-4)","background-image":"","background-repeat":"repeat","background-position":"center center","background-size":"auto","background-attachment":"scroll","background-type":"","background-media":"","overlay-type":"","overlay-color":"","overlay-opacity":"","overlay-gradient":""},"tablet":{"background-color":"","background-image":"","background-repeat":"repeat","background-position":"center center","background-size":"auto","background-attachment":"scroll","background-type":"","background-media":"","overlay-type":"","overlay-color":"","overlay-opacity":"","overlay-gradient":""},"mobile":{"background-color":"","background-image":"","background-repeat":"repeat","background-position":"center center","background-size":"auto","background-attachment":"scroll","background-type":"","background-media":"","overlay-type":"","overlay-color":"","overlay-opacity":"","overlay-gradient":""}},"ast-content-background-meta":{"desktop":{"background-color":"var(--ast-global-color-5)","background-image":"","background-repeat":"repeat","background-position":"center center","background-size":"auto","background-attachment":"scroll","background-type":"","background-media":"","overlay-type":"","overlay-color":"","overlay-opacity":"","overlay-gradient":""},"tablet":{"background-color":"var(--ast-global-color-5)","background-image":"","background-repeat":"repeat","background-position":"center center","background-size":"auto","background-attachment":"scroll","background-type":"","background-media":"","overlay-type":"","overlay-color":"","overlay-opacity":"","overlay-gradient":""},"mobile":{"background-color":"var(--ast-global-color-5)","background-image":"","background-repeat":"repeat","background-position":"center center","background-size":"auto","background-attachment":"scroll","background-type":"","background-media":"","overlay-type":"","overlay-color":"","overlay-opacity":"","overlay-gradient":""}}},"product_brand":[],"product_cat":[152,168,151],"product_tag":[1076,1284,1079,559,1674,564,565,935,563,465,567,1443],"class_list":{"0":"post-8877","1":"product","2":"type-product","3":"status-publish","4":"has-post-thumbnail","6":"product_cat-nueva-coleccion-2024","7":"product_cat-productos-mas-nuevos","8":"product_cat-sin-categoria","9":"product_tag-accessory","10":"product_tag-copy","11":"product_tag-design","12":"product_tag-exclusive","13":"product_tag-exclusive-piece-es","14":"product_tag-fashion-es","15":"product_tag-high-quality-es","16":"product_tag-jewelry-es","17":"product_tag-luxury-es","18":"product_tag-replica","19":"product_tag-stylish-es","20":"product_tag-van-cleef-es","21":"desktop-align-left","22":"tablet-align-left","23":"mobile-align-left","24":"ast-product-gallery-layout-vertical-slider","26":"first","27":"instock","28":"sale","29":"shipping-taxable","30":"purchasable","31":"product-type-simple"},"uagb_featured_image_src":{"full":["https:\/\/myreplicawatches.io\/wp-content\/uploads\/2024\/06\/Screenshot-2024-06-20-at-6.24.08-PM.jpg",802,796,false],"thumbnail":["https:\/\/myreplicawatches.io\/wp-content\/uploads\/2024\/06\/Screenshot-2024-06-20-at-6.24.08-PM-150x150.png",150,150,true],"medium":["https:\/\/myreplicawatches.io\/wp-content\/uploads\/2024\/06\/Screenshot-2024-06-20-at-6.24.08-PM-300x298.png",300,298,true],"medium_large":["https:\/\/myreplicawatches.io\/wp-content\/uploads\/2024\/06\/Screenshot-2024-06-20-at-6.24.08-PM-768x762.png",768,762,true],"large":["https:\/\/myreplicawatches.io\/wp-content\/uploads\/2024\/06\/Screenshot-2024-06-20-at-6.24.08-PM.jpg",802,796,false],"1536x1536":["https:\/\/myreplicawatches.io\/wp-content\/uploads\/2024\/06\/Screenshot-2024-06-20-at-6.24.08-PM.jpg",802,796,false],"2048x2048":["https:\/\/myreplicawatches.io\/wp-content\/uploads\/2024\/06\/Screenshot-2024-06-20-at-6.24.08-PM.jpg",802,796,false],"woocommerce_thumbnail":["https:\/\/myreplicawatches.io\/wp-content\/uploads\/2024\/06\/Screenshot-2024-06-20-at-6.24.08-PM-300x300.jpg",300,300,true],"woocommerce_single":["https:\/\/myreplicawatches.io\/wp-content\/uploads\/2024\/06\/Screenshot-2024-06-20-at-6.24.08-PM-600x596.jpg",600,596,true],"woocommerce_gallery_thumbnail":["https:\/\/myreplicawatches.io\/wp-content\/uploads\/2024\/06\/Screenshot-2024-06-20-at-6.24.08-PM-100x100.jpg",100,100,true],"variation_swatches_image_size":["https:\/\/myreplicawatches.io\/wp-content\/uploads\/2024\/06\/Screenshot-2024-06-20-at-6.24.08-PM-50x50.png",50,50,true],"variation_swatches_tooltip_size":["https:\/\/myreplicawatches.io\/wp-content\/uploads\/2024\/06\/Screenshot-2024-06-20-at-6.24.08-PM-100x100.png",100,100,true],"dgwt-wcas-product-suggestion":["https:\/\/myreplicawatches.io\/wp-content\/uploads\/2024\/06\/Screenshot-2024-06-20-at-6.24.08-PM-64x64.jpg",64,64,true]},"uagb_author_info":{"display_name":"admin","author_link":"https:\/\/myreplicawatches.io\/es\/author\/"},"uagb_comment_info":0,"uagb_excerpt":"Copia R\u00e9plica Van Cleef Pulsera &#8211; Mejor Calidad R\u00e9plica R\u00e9plica Van Cleef &amp; Arpels Pulsera Ventajas de poseer la Copia R\u00e9plica Pulsera Van Cleef: Una r\u00e9plica puede comprarse a un precio mucho m\u00e1s barato que una aut\u00e9ntica, sin embargo, una r\u00e9plica de pulsera Van Cleef aparecer\u00e1 y se sentir\u00e1 igual que la original. Lo \u00faltimo","jetpack_sharing_enabled":true,"_links":{"self":[{"href":"https:\/\/myreplicawatches.io\/es\/wp-json\/wp\/v2\/product\/8877","targetHints":{"allow":["GET"]}}],"collection":[{"href":"https:\/\/myreplicawatches.io\/es\/wp-json\/wp\/v2\/product"}],"about":[{"href":"https:\/\/myreplicawatches.io\/es\/wp-json\/wp\/v2\/types\/product"}],"replies":[{"embeddable":true,"href":"https:\/\/myreplicawatches.io\/es\/wp-json\/wp\/v2\/comments?post=8877"}],"wp:featuredmedia":[{"embeddable":true,"href":"https:\/\/myreplicawatches.io\/es\/wp-json\/wp\/v2\/media\/8853"}],"wp:attachment":[{"href":"https:\/\/myreplicawatches.io\/es\/wp-json\/wp\/v2\/media?parent=8877"}],"wp:term":[{"taxonomy":"product_brand","embeddable":true,"href":"https:\/\/myreplicawatches.io\/es\/wp-json\/wp\/v2\/product_brand?post=8877"},{"taxonomy":"product_cat","embeddable":true,"href":"https:\/\/myreplicawatches.io\/es\/wp-json\/wp\/v2\/product_cat?post=8877"},{"taxonomy":"product_tag","embeddable":true,"href":"https:\/\/myreplicawatches.io\/es\/wp-json\/wp\/v2\/product_tag?post=8877"}],"curies":[{"name":"wp","href":"https:\/\/api.w.org\/{rel}","templated":true}]}}