{"id":12405,"date":"2023-10-03T21:32:31","date_gmt":"2023-10-03T21:32:31","guid":{"rendered":"https:\/\/myreplicawatches.io\/product\/sliders-damier-lv-negro-1\/"},"modified":"2026-01-11T00:25:12","modified_gmt":"2026-01-11T00:25:12","slug":"sliders-damier-lv-negro-1","status":"publish","type":"product","link":"https:\/\/myreplicawatches.io\/es\/product\/sliders-damier-lv-negro-1\/","title":{"rendered":"Sliders Damier LV Negro 1"},"content":{"rendered":"<p>&nbsp;<\/p>\n<p><strong><img decoding=\"async\" src=\"https:\/\/cdn.shopify.com\/s\/files\/1\/0254\/2570\/7092\/files\/guaranteed_large.png?v=1559845557\" alt=\"\" title=\"\"><\/strong><\/p>\n<div><strong>\u00a1Rebajas de verano para zapatillas!<\/strong><\/div>\n<div>Zapatillas LV<\/div>\n<div>Material de primera calidad<\/div>\n<div>Tallas del 35 al 45<\/div>\n<div>Los productos vienen con la caja<\/div>\n<div>Elige el color y la talla que desees<\/div>\n<div><\/div>\n<div>\n<h2>Garant\u00eda<\/h2>\n<p>100% de satisfacci\u00f3n garantizada Si no est\u00e1s satisfecho al 100% con tu primer producto Lux Hype, prometemos arreglarlo todo.<\/p>\n<h2>Entrega<\/h2>\n<p>Env\u00edo DHL a todo el mundo &#8211; De 10 a 15 d\u00edas de plazo estimado de llegada (cargo adicional). Env\u00edo gratuito a todo el mundo &#8211; 20-30 d\u00edas de plazo estimado de llegada. Una vez realizado el pedido, el env\u00edo del producto tardar\u00e1 de 2 a 3 d\u00edas. Recibir\u00e1s tu n\u00famero de seguimiento inmediatamente despu\u00e9s de que enviemos tu producto.<\/p>\n<\/div>\n","protected":false},"excerpt":{"rendered":"<p>&nbsp; \u00a1Rebajas de verano para zapatillas! Zapatillas LV Material de primera calidad Tallas del 35 al 45 Los productos vienen con la caja Elige el color y la talla que desees Garant\u00eda 100% de satisfacci\u00f3n garantizada Si no est\u00e1s satisfecho al 100% con tu primer producto Lux Hype, prometemos arreglarlo todo. Entrega Env\u00edo DHL a<\/p>\n","protected":false},"featured_media":6534,"comment_status":"open","ping_status":"closed","template":"","meta":{"_uag_custom_page_level_css":"","site-sidebar-layout":"default","site-content-layout":"","ast-site-content-layout":"default","site-content-style":"default","site-sidebar-style":"default","ast-global-header-display":"","ast-banner-title-visibility":"","ast-main-header-display":"","ast-hfb-above-header-display":"","ast-hfb-below-header-display":"","ast-hfb-mobile-header-display":"","site-post-title":"","ast-breadcrumbs-content":"","ast-featured-img":"","footer-sml-layout":"","theme-transparent-header-meta":"default","adv-header-id-meta":"","stick-header-meta":"default","header-above-stick-meta":"","header-main-stick-meta":"","header-below-stick-meta":"","astra-migrate-meta-layouts":"set","ast-page-background-enabled":"default","ast-page-background-meta":{"desktop":{"background-color":"var(--ast-global-color-4)","background-image":"","background-repeat":"repeat","background-position":"center center","background-size":"auto","background-attachment":"scroll","background-type":"","background-media":"","overlay-type":"","overlay-color":"","overlay-opacity":"","overlay-gradient":""},"tablet":{"background-color":"","background-image":"","background-repeat":"repeat","background-position":"center center","background-size":"auto","background-attachment":"scroll","background-type":"","background-media":"","overlay-type":"","overlay-color":"","overlay-opacity":"","overlay-gradient":""},"mobile":{"background-color":"","background-image":"","background-repeat":"repeat","background-position":"center center","background-size":"auto","background-attachment":"scroll","background-type":"","background-media":"","overlay-type":"","overlay-color":"","overlay-opacity":"","overlay-gradient":""}},"ast-content-background-meta":{"desktop":{"background-color":"var(--ast-global-color-5)","background-image":"","background-repeat":"repeat","background-position":"center center","background-size":"auto","background-attachment":"scroll","background-type":"","background-media":"","overlay-type":"","overlay-color":"","overlay-opacity":"","overlay-gradient":""},"tablet":{"background-color":"var(--ast-global-color-5)","background-image":"","background-repeat":"repeat","background-position":"center center","background-size":"auto","background-attachment":"scroll","background-type":"","background-media":"","overlay-type":"","overlay-color":"","overlay-opacity":"","overlay-gradient":""},"mobile":{"background-color":"var(--ast-global-color-5)","background-image":"","background-repeat":"repeat","background-position":"center center","background-size":"auto","background-attachment":"scroll","background-type":"","background-media":"","overlay-type":"","overlay-color":"","overlay-opacity":"","overlay-gradient":""}}},"product_brand":[],"product_cat":[168,154],"product_tag":[984,561,988,982,954,648,564,565,555,238,987,983,560,465,986,981,985,567,566],"class_list":{"0":"post-12405","1":"product","2":"type-product","3":"status-publish","4":"has-post-thumbnail","6":"product_cat-productos-mas-nuevos","7":"product_cat-replicas-de-relojes-mas-vendidas","8":"product_tag-casual-wear","9":"product_tag-collectible","10":"product_tag-comfortable-es","11":"product_tag-damier","12":"product_tag-designer-shoes","13":"product_tag-elegant-es","14":"product_tag-fashion-es","15":"product_tag-high-quality-es","16":"product_tag-limited-edition","17":"product_tag-louis-vuitton-es","18":"product_tag-luxury-footwear-es","19":"product_tag-lv","20":"product_tag-premium","21":"product_tag-replica","22":"product_tag-sandals","23":"product_tag-sliders","24":"product_tag-slip-on","25":"product_tag-stylish-es","26":"product_tag-trendy-es","27":"desktop-align-left","28":"tablet-align-left","29":"mobile-align-left","30":"ast-product-gallery-layout-vertical-slider","31":"ast-product-single-variable","33":"first","34":"instock","35":"sale","36":"shipping-taxable","37":"purchasable","38":"product-type-variable"},"uagb_featured_image_src":{"full":["https:\/\/myreplicawatches.io\/wp-content\/uploads\/2023\/10\/black-lv-damier-sliders_b6d031b4-d3d5-41c2-9992-f10619940a2c.png",1000,576,false],"thumbnail":["https:\/\/myreplicawatches.io\/wp-content\/uploads\/2023\/10\/black-lv-damier-sliders_b6d031b4-d3d5-41c2-9992-f10619940a2c-150x150.png",150,150,true],"medium":["https:\/\/myreplicawatches.io\/wp-content\/uploads\/2023\/10\/black-lv-damier-sliders_b6d031b4-d3d5-41c2-9992-f10619940a2c-300x173.png",300,173,true],"medium_large":["https:\/\/myreplicawatches.io\/wp-content\/uploads\/2023\/10\/black-lv-damier-sliders_b6d031b4-d3d5-41c2-9992-f10619940a2c-768x442.png",768,442,true],"large":["https:\/\/myreplicawatches.io\/wp-content\/uploads\/2023\/10\/black-lv-damier-sliders_b6d031b4-d3d5-41c2-9992-f10619940a2c.png",1000,576,false],"1536x1536":["https:\/\/myreplicawatches.io\/wp-content\/uploads\/2023\/10\/black-lv-damier-sliders_b6d031b4-d3d5-41c2-9992-f10619940a2c.png",1000,576,false],"2048x2048":["https:\/\/myreplicawatches.io\/wp-content\/uploads\/2023\/10\/black-lv-damier-sliders_b6d031b4-d3d5-41c2-9992-f10619940a2c.png",1000,576,false],"woocommerce_thumbnail":["https:\/\/myreplicawatches.io\/wp-content\/uploads\/2023\/10\/black-lv-damier-sliders_b6d031b4-d3d5-41c2-9992-f10619940a2c-300x300.png",300,300,true],"woocommerce_single":["https:\/\/myreplicawatches.io\/wp-content\/uploads\/2023\/10\/black-lv-damier-sliders_b6d031b4-d3d5-41c2-9992-f10619940a2c-600x346.png",600,346,true],"woocommerce_gallery_thumbnail":["https:\/\/myreplicawatches.io\/wp-content\/uploads\/2023\/10\/black-lv-damier-sliders_b6d031b4-d3d5-41c2-9992-f10619940a2c-100x100.png",100,100,true],"variation_swatches_image_size":["https:\/\/myreplicawatches.io\/wp-content\/uploads\/2023\/10\/black-lv-damier-sliders_b6d031b4-d3d5-41c2-9992-f10619940a2c.png",50,29,false],"variation_swatches_tooltip_size":["https:\/\/myreplicawatches.io\/wp-content\/uploads\/2023\/10\/black-lv-damier-sliders_b6d031b4-d3d5-41c2-9992-f10619940a2c.png",100,58,false],"dgwt-wcas-product-suggestion":["https:\/\/myreplicawatches.io\/wp-content\/uploads\/2023\/10\/black-lv-damier-sliders_b6d031b4-d3d5-41c2-9992-f10619940a2c-64x37.png",64,37,true]},"uagb_author_info":{"display_name":"admin","author_link":"https:\/\/myreplicawatches.io\/es\/author\/"},"uagb_comment_info":0,"uagb_excerpt":"&nbsp; \u00a1Rebajas de verano para zapatillas! Zapatillas LV Material de primera calidad Tallas del 35 al 45 Los productos vienen con la caja Elige el color y la talla que desees Garant\u00eda 100% de satisfacci\u00f3n garantizada Si no est\u00e1s satisfecho al 100% con tu primer producto Lux Hype, prometemos arreglarlo todo. Entrega Env\u00edo DHL a","jetpack_sharing_enabled":true,"_links":{"self":[{"href":"https:\/\/myreplicawatches.io\/es\/wp-json\/wp\/v2\/product\/12405","targetHints":{"allow":["GET"]}}],"collection":[{"href":"https:\/\/myreplicawatches.io\/es\/wp-json\/wp\/v2\/product"}],"about":[{"href":"https:\/\/myreplicawatches.io\/es\/wp-json\/wp\/v2\/types\/product"}],"replies":[{"embeddable":true,"href":"https:\/\/myreplicawatches.io\/es\/wp-json\/wp\/v2\/comments?post=12405"}],"wp:featuredmedia":[{"embeddable":true,"href":"https:\/\/myreplicawatches.io\/es\/wp-json\/wp\/v2\/media\/6534"}],"wp:attachment":[{"href":"https:\/\/myreplicawatches.io\/es\/wp-json\/wp\/v2\/media?parent=12405"}],"wp:term":[{"taxonomy":"product_brand","embeddable":true,"href":"https:\/\/myreplicawatches.io\/es\/wp-json\/wp\/v2\/product_brand?post=12405"},{"taxonomy":"product_cat","embeddable":true,"href":"https:\/\/myreplicawatches.io\/es\/wp-json\/wp\/v2\/product_cat?post=12405"},{"taxonomy":"product_tag","embeddable":true,"href":"https:\/\/myreplicawatches.io\/es\/wp-json\/wp\/v2\/product_tag?post=12405"}],"curies":[{"name":"wp","href":"https:\/\/api.w.org\/{rel}","templated":true}]}}