{"id":12388,"date":"2023-10-03T21:32:26","date_gmt":"2023-10-03T21:32:26","guid":{"rendered":"https:\/\/myreplicawatches.io\/product\/caja-de-reloj-de-cuero-negro\/"},"modified":"2025-11-16T12:35:56","modified_gmt":"2025-11-16T12:35:56","slug":"caja-de-reloj-de-cuero-negro","status":"publish","type":"product","link":"https:\/\/myreplicawatches.io\/es\/product\/caja-de-reloj-de-cuero-negro\/","title":{"rendered":"Caja de reloj de cuero negro"},"content":{"rendered":"<p><span style=\"font-family: Calibri; font-size: large;\"><img decoding=\"async\" src=\"\/\/cdn.shopify.com\/s\/files\/1\/0027\/0748\/8883\/files\/checkout_icon_02b92492-cff8-4474-b98b-81bbaa03a415_large.png?v=1529695134\" alt=\"\" title=\"\"><\/span><\/p>\n<p><span style=\"font-family: Calibri; font-size: large;\">Descripci\u00f3n<\/span><\/p>\n<ul>\n<li><span style=\"font-family: Calibri; font-size: large;\">100% nuevo.<\/span><\/li>\n<li><span style=\"font-family: Calibri; font-size: large;\"><strong>Material: Piel sint\u00e9tica y cristal<\/strong><\/span><\/li>\n<li><span style=\"font-family: Calibri; font-size: large;\"><strong>Material del forro: Gamuza<\/strong><\/span><\/li>\n<li><span style=\"font-family: Calibri; font-size: large;\">Color: Negro<\/span><\/li>\n<li><span style=\"font-family: Calibri; font-size: large;\">Tama\u00f1o: 25 x 20 x 7,8 cm\/ 9,8 x 7,8 x 3,0 pulgadas (largo x ancho x alto)<\/span><\/li>\n<li><span style=\"font-family: Calibri; font-size: large;\">Tama\u00f1o de la ventana de cristal: 20 x 15 cm (largo x ancho)<\/span><\/li>\n<li><span style=\"font-family: Calibri; font-size: large;\">Tama\u00f1o del coj\u00edn extra\u00edble: 8 x 4,3 x 3 cm (largo x ancho x alto)<\/span><\/li>\n<li><span style=\"font-family: Calibri; font-size: large;\">Tipo de cierre: Hebilla<\/span><\/li>\n<li><span style=\"font-family: Calibri; font-size: large;\">Utilizar para: Exposici\u00f3n y almacenamiento de relojes<\/span><\/li>\n<li><span style=\"font-family: Calibri; font-size: large;\">Cantidad de Ranuras: 10 Ranuras<\/span><\/li>\n<li><span style=\"font-family: Calibri; font-size: large;\">Oportunidad: Hogar, Tienda<\/span><\/li>\n<li><span style=\"font-family: Calibri; font-size: large;\">Cerradura de metal plateado<\/span><\/li>\n<li><span style=\"font-family: Calibri; font-size: large;\">Con una ventana de visi\u00f3n clara<\/span><\/li>\n<li><span style=\"font-family: Calibri; font-size: large;\">Mant\u00e9n los relojes libres de polvo.<\/span><\/li>\n<li><span style=\"font-family: Calibri; font-size: large;\"><strong>Contenido del paquete: 1 x Caja expositora para reloj, 10 x Almohadilla extra\u00edble<\/strong><\/span><\/li>\n<li data-spm-anchor-id=\"2114.10010108.1000023.i6.4b6c3fb2eKPTcO\"><span style=\"font-family: Calibri; font-size: large;\">Nota: Debido a la diferencia entre los distintos monitores, la imagen puede no reflejar el color real del art\u00edculo.<br \/>\nGarantizamos que el estilo es el mismo que se muestra en las fotos, pero no el mismo rendimiento en diferentes cuerpos que en el modelo.<br \/>\nMuchas Gracias <\/span><\/li>\n<\/ul>\n<h3>Garant\u00eda<\/h3>\n<p>100% de satisfacci\u00f3n garantizada Si no quedas satisfecho al 100% con tu primera Caja Once Relojes, nos comprometemos a arreglarlo todo.<\/p>\n<h3>Entrega<\/h3>\n<p>Env\u00edo DHL a todo el mundo &#8211; De 10 a 15 d\u00edas de plazo estimado de llegada (cargo adicional).<\/p>\n<p>Env\u00edo gratuito a todo el mundo &#8211; 20-30 d\u00edas de plazo estimado de llegada.<\/p>\n<p>Una vez realizado el pedido, el env\u00edo del producto tardar\u00e1 de 2 a 3 d\u00edas. Recibir\u00e1s tu n\u00famero de seguimiento inmediatamente despu\u00e9s de que enviemos tu producto.<\/p>\n<p><img decoding=\"async\" src=\"\/\/cdn.shopify.com\/s\/files\/1\/0027\/0748\/8883\/files\/product_desc_below_large_large_a32e7262-b9bf-4a85-ac82-2638c1f67ae1_large.png?v=1529766426\" alt=\"\" title=\"\"><\/p>\n","protected":false},"excerpt":{"rendered":"<p>Descripci\u00f3n 100% nuevo. Material: Piel sint\u00e9tica y cristal Material del forro: Gamuza Color: Negro Tama\u00f1o: 25 x 20 x 7,8 cm\/ 9,8 x 7,8 x 3,0 pulgadas (largo x ancho x alto) Tama\u00f1o de la ventana de cristal: 20 x 15 cm (largo x ancho) Tama\u00f1o del coj\u00edn extra\u00edble: 8 x 4,3 x 3 cm<\/p>\n","protected":false},"featured_media":6524,"comment_status":"open","ping_status":"closed","template":"","meta":{"_uag_custom_page_level_css":"","site-sidebar-layout":"default","site-content-layout":"","ast-site-content-layout":"default","site-content-style":"default","site-sidebar-style":"default","ast-global-header-display":"","ast-banner-title-visibility":"","ast-main-header-display":"","ast-hfb-above-header-display":"","ast-hfb-below-header-display":"","ast-hfb-mobile-header-display":"","site-post-title":"","ast-breadcrumbs-content":"","ast-featured-img":"","footer-sml-layout":"","theme-transparent-header-meta":"","adv-header-id-meta":"","stick-header-meta":"","header-above-stick-meta":"","header-main-stick-meta":"","header-below-stick-meta":"","astra-migrate-meta-layouts":"set","ast-page-background-enabled":"default","ast-page-background-meta":{"desktop":{"background-color":"var(--ast-global-color-4)","background-image":"","background-repeat":"repeat","background-position":"center center","background-size":"auto","background-attachment":"scroll","background-type":"","background-media":"","overlay-type":"","overlay-color":"","overlay-opacity":"","overlay-gradient":""},"tablet":{"background-color":"","background-image":"","background-repeat":"repeat","background-position":"center center","background-size":"auto","background-attachment":"scroll","background-type":"","background-media":"","overlay-type":"","overlay-color":"","overlay-opacity":"","overlay-gradient":""},"mobile":{"background-color":"","background-image":"","background-repeat":"repeat","background-position":"center center","background-size":"auto","background-attachment":"scroll","background-type":"","background-media":"","overlay-type":"","overlay-color":"","overlay-opacity":"","overlay-gradient":""}},"ast-content-background-meta":{"desktop":{"background-color":"var(--ast-global-color-5)","background-image":"","background-repeat":"repeat","background-position":"center center","background-size":"auto","background-attachment":"scroll","background-type":"","background-media":"","overlay-type":"","overlay-color":"","overlay-opacity":"","overlay-gradient":""},"tablet":{"background-color":"var(--ast-global-color-5)","background-image":"","background-repeat":"repeat","background-position":"center center","background-size":"auto","background-attachment":"scroll","background-type":"","background-media":"","overlay-type":"","overlay-color":"","overlay-opacity":"","overlay-gradient":""},"mobile":{"background-color":"var(--ast-global-color-5)","background-image":"","background-repeat":"repeat","background-position":"center center","background-size":"auto","background-attachment":"scroll","background-type":"","background-media":"","overlay-type":"","overlay-color":"","overlay-opacity":"","overlay-gradient":""}}},"product_brand":[],"product_cat":[178,168,154],"product_tag":[912,1948,561,558,2365,648,565,563,284,560,908,567,907,909,720,910],"class_list":{"0":"post-12388","1":"product","2":"type-product","3":"status-publish","4":"has-post-thumbnail","6":"product_cat-cajas-replica-de-relojes","7":"product_cat-productos-mas-nuevos","8":"product_cat-replicas-de-relojes-mas-vendidas","9":"product_tag-black-leather","10":"product_tag-classic-design-es","11":"product_tag-collectible","12":"product_tag-designer","13":"product_tag-durable-es","14":"product_tag-elegant-es","15":"product_tag-high-quality-es","16":"product_tag-luxury-es","17":"product_tag-mira","18":"product_tag-premium","19":"product_tag-protective-case","20":"product_tag-stylish-es","21":"product_tag-timepiece-storage","22":"product_tag-travel-case","23":"product_tag-watch-box-es","24":"product_tag-watch-organizer","25":"desktop-align-left","26":"tablet-align-left","27":"mobile-align-left","28":"ast-product-gallery-layout-vertical-slider","30":"first","31":"instock","32":"shipping-taxable","33":"purchasable","34":"product-type-simple"},"uagb_featured_image_src":{"full":["https:\/\/myreplicawatches.io\/wp-content\/uploads\/2023\/10\/black-leather-watch-box.jpg",800,800,false],"thumbnail":["https:\/\/myreplicawatches.io\/wp-content\/uploads\/2023\/10\/black-leather-watch-box-150x150.jpg",150,150,true],"medium":["https:\/\/myreplicawatches.io\/wp-content\/uploads\/2023\/10\/black-leather-watch-box-300x300.jpg",300,300,true],"medium_large":["https:\/\/myreplicawatches.io\/wp-content\/uploads\/2023\/10\/black-leather-watch-box-768x768.jpg",768,768,true],"large":["https:\/\/myreplicawatches.io\/wp-content\/uploads\/2023\/10\/black-leather-watch-box.jpg",800,800,false],"1536x1536":["https:\/\/myreplicawatches.io\/wp-content\/uploads\/2023\/10\/black-leather-watch-box.jpg",800,800,false],"2048x2048":["https:\/\/myreplicawatches.io\/wp-content\/uploads\/2023\/10\/black-leather-watch-box.jpg",800,800,false],"woocommerce_thumbnail":["https:\/\/myreplicawatches.io\/wp-content\/uploads\/2023\/10\/black-leather-watch-box-300x300.jpg",300,300,true],"woocommerce_single":["https:\/\/myreplicawatches.io\/wp-content\/uploads\/2023\/10\/black-leather-watch-box-600x600.jpg",600,600,true],"woocommerce_gallery_thumbnail":["https:\/\/myreplicawatches.io\/wp-content\/uploads\/2023\/10\/black-leather-watch-box-100x100.jpg",100,100,true],"variation_swatches_image_size":["https:\/\/myreplicawatches.io\/wp-content\/uploads\/2023\/10\/black-leather-watch-box.jpg",50,50,false],"variation_swatches_tooltip_size":["https:\/\/myreplicawatches.io\/wp-content\/uploads\/2023\/10\/black-leather-watch-box.jpg",100,100,false],"dgwt-wcas-product-suggestion":["https:\/\/myreplicawatches.io\/wp-content\/uploads\/2023\/10\/black-leather-watch-box-64x64.jpg",64,64,true]},"uagb_author_info":{"display_name":"admin","author_link":"https:\/\/myreplicawatches.io\/es\/author\/"},"uagb_comment_info":0,"uagb_excerpt":"Descripci\u00f3n 100% nuevo. Material: Piel sint\u00e9tica y cristal Material del forro: Gamuza Color: Negro Tama\u00f1o: 25 x 20 x 7,8 cm\/ 9,8 x 7,8 x 3,0 pulgadas (largo x ancho x alto) Tama\u00f1o de la ventana de cristal: 20 x 15 cm (largo x ancho) Tama\u00f1o del coj\u00edn extra\u00edble: 8 x 4,3 x 3 cm","jetpack_sharing_enabled":true,"_links":{"self":[{"href":"https:\/\/myreplicawatches.io\/es\/wp-json\/wp\/v2\/product\/12388","targetHints":{"allow":["GET"]}}],"collection":[{"href":"https:\/\/myreplicawatches.io\/es\/wp-json\/wp\/v2\/product"}],"about":[{"href":"https:\/\/myreplicawatches.io\/es\/wp-json\/wp\/v2\/types\/product"}],"replies":[{"embeddable":true,"href":"https:\/\/myreplicawatches.io\/es\/wp-json\/wp\/v2\/comments?post=12388"}],"wp:featuredmedia":[{"embeddable":true,"href":"https:\/\/myreplicawatches.io\/es\/wp-json\/wp\/v2\/media\/6524"}],"wp:attachment":[{"href":"https:\/\/myreplicawatches.io\/es\/wp-json\/wp\/v2\/media?parent=12388"}],"wp:term":[{"taxonomy":"product_brand","embeddable":true,"href":"https:\/\/myreplicawatches.io\/es\/wp-json\/wp\/v2\/product_brand?post=12388"},{"taxonomy":"product_cat","embeddable":true,"href":"https:\/\/myreplicawatches.io\/es\/wp-json\/wp\/v2\/product_cat?post=12388"},{"taxonomy":"product_tag","embeddable":true,"href":"https:\/\/myreplicawatches.io\/es\/wp-json\/wp\/v2\/product_tag?post=12388"}],"curies":[{"name":"wp","href":"https:\/\/api.w.org\/{rel}","templated":true}]}}