{"id":12371,"date":"2023-10-03T21:33:50","date_gmt":"2023-10-03T21:33:50","guid":{"rendered":"https:\/\/myreplicawatches.io\/product\/louis-vuitton-christopher-monogram-empreinte-negro\/"},"modified":"2025-11-16T12:38:04","modified_gmt":"2025-11-16T12:38:04","slug":"louis-vuitton-christopher-monogram-empreinte-negro","status":"publish","type":"product","link":"https:\/\/myreplicawatches.io\/es\/product\/louis-vuitton-christopher-monogram-empreinte-negro\/","title":{"rendered":"Louis Vuitton Christopher Monogram Empreinte Negro"},"content":{"rendered":"<p>&nbsp;<\/p>\n<ul>\n<li><strong>Tipo:<\/strong><span class=\"des-wrap\"><b>Mochilas<\/b> <\/span><\/li>\n<li><strong>Sexo:<\/strong><span class=\"des-wrap\"><b>Unisex<\/b> <b>Hombres<\/b> <b>Mujer<\/b> <\/span><\/li>\n<li><strong>Estilo:<\/strong><span class=\"des-wrap\"><b>Moda<\/b> <\/span><\/li>\n<li><strong>Material:<\/strong><span class=\"des-wrap\"><b>Piel aut\u00e9ntica<\/b> <\/span><\/li>\n<li><strong>Patr\u00f3n:<\/strong><span class=\"des-wrap\"><b>Mono \/ cuadros \/ epi<\/b> <\/span><\/li>\n<li><strong>Capacidad:<\/strong><span class=\"des-wrap\"><b>&lt; 20L<\/b> <\/span><\/li>\n<li><strong>Peso del art\u00edculo:<\/strong><span class=\"des-wrap\"><b>aproximadamente 1,6 kg<\/b> <\/span><\/li>\n<li><strong>Anchura del art\u00edculo:<\/strong><span class=\"des-wrap\"><b>13 cm<\/b> <\/span><\/li>\n<li><strong>Interior:<\/strong><span class=\"des-wrap\"><b>Bolsillo interior con cremallera<\/b> <\/span><\/li>\n<li><strong>Decoraci\u00f3n:<\/strong><span class=\"des-wrap\"><b>ninguna<\/b> <\/span><\/li>\n<li><strong>Dureza:<\/strong><span class=\"des-wrap\"><b>Blanda<\/b> <\/span><\/li>\n<li><strong>Altura del art\u00edculo:<\/strong><span class=\"des-wrap\"><b>48 cm<\/b> <\/span><\/li>\n<li><strong>Longitud del art\u00edculo:<\/strong><span class=\"des-wrap\"><b>41 cm<\/b> <\/span><\/li>\n<li><strong>Tipo de cierre:<\/strong><span class=\"des-wrap\"><b>Cremallera<\/b> <\/span><\/li>\n<li><strong>Material del forro:<\/strong><span class=\"des-wrap\"><b>Lienzo<\/b> <\/span><\/li>\n<li><strong>N\u00famero de asas\/correas:<\/strong><span class=\"des-wrap\"><b>Dos<\/b> <\/span><\/li>\n<\/ul>\n<p>&nbsp;<\/p>\n<div><strong>ENV\u00cdO<\/strong><\/div>\n<div><\/div>\n<div>Env\u00edo Seguro Gratuito ( 15-20 d\u00edas estimaci\u00f3n llegada )<\/div>\n<div>Env\u00edo asegurado DHL ( 5-10 d\u00edas estimaci\u00f3n llegada ) -Coste extra en la caja<\/div>\n<div><\/div>\n<div><\/div>\n<div><img decoding=\"async\" src=\"https:\/\/cdn.shopify.com\/s\/files\/1\/0254\/2570\/7092\/files\/c8604b60-d2ad-4fde-a64a-3a8ea01524a9_large_d0659cbd-b3a0-4f46-a115-c237cd523a77_large.png?v=1559846647\" alt=\"\" width=\"397\" height=\"86\" title=\"\"><\/div>\n","protected":false},"excerpt":{"rendered":"<p>&nbsp; Tipo:Mochilas Sexo:Unisex Hombres Mujer Estilo:Moda Material:Piel aut\u00e9ntica Patr\u00f3n:Mono \/ cuadros \/ epi Capacidad:&lt; 20L Peso del art\u00edculo:aproximadamente 1,6 kg Anchura del art\u00edculo:13 cm Interior:Bolsillo interior con cremallera Decoraci\u00f3n:ninguna Dureza:Blanda Altura del art\u00edculo:48 cm Longitud del art\u00edculo:41 cm Tipo de cierre:Cremallera Material del forro:Lienzo N\u00famero de asas\/correas:Dos &nbsp; ENV\u00cdO Env\u00edo Seguro Gratuito ( 15-20 d\u00edas<\/p>\n","protected":false},"featured_media":6641,"comment_status":"open","ping_status":"closed","template":"","meta":{"_uag_custom_page_level_css":"","site-sidebar-layout":"default","site-content-layout":"","ast-site-content-layout":"default","site-content-style":"default","site-sidebar-style":"default","ast-global-header-display":"","ast-banner-title-visibility":"","ast-main-header-display":"","ast-hfb-above-header-display":"","ast-hfb-below-header-display":"","ast-hfb-mobile-header-display":"","site-post-title":"","ast-breadcrumbs-content":"","ast-featured-img":"","footer-sml-layout":"","theme-transparent-header-meta":"default","adv-header-id-meta":"","stick-header-meta":"default","header-above-stick-meta":"","header-main-stick-meta":"","header-below-stick-meta":"","astra-migrate-meta-layouts":"set","ast-page-background-enabled":"default","ast-page-background-meta":{"desktop":{"background-color":"var(--ast-global-color-4)","background-image":"","background-repeat":"repeat","background-position":"center center","background-size":"auto","background-attachment":"scroll","background-type":"","background-media":"","overlay-type":"","overlay-color":"","overlay-opacity":"","overlay-gradient":""},"tablet":{"background-color":"","background-image":"","background-repeat":"repeat","background-position":"center center","background-size":"auto","background-attachment":"scroll","background-type":"","background-media":"","overlay-type":"","overlay-color":"","overlay-opacity":"","overlay-gradient":""},"mobile":{"background-color":"","background-image":"","background-repeat":"repeat","background-position":"center center","background-size":"auto","background-attachment":"scroll","background-type":"","background-media":"","overlay-type":"","overlay-color":"","overlay-opacity":"","overlay-gradient":""}},"ast-content-background-meta":{"desktop":{"background-color":"var(--ast-global-color-5)","background-image":"","background-repeat":"repeat","background-position":"center center","background-size":"auto","background-attachment":"scroll","background-type":"","background-media":"","overlay-type":"","overlay-color":"","overlay-opacity":"","overlay-gradient":""},"tablet":{"background-color":"var(--ast-global-color-5)","background-image":"","background-repeat":"repeat","background-position":"center center","background-size":"auto","background-attachment":"scroll","background-type":"","background-media":"","overlay-type":"","overlay-color":"","overlay-opacity":"","overlay-gradient":""},"mobile":{"background-color":"var(--ast-global-color-5)","background-image":"","background-repeat":"repeat","background-position":"center center","background-size":"auto","background-attachment":"scroll","background-type":"","background-media":"","overlay-type":"","overlay-color":"","overlay-opacity":"","overlay-gradient":""}}},"product_brand":[],"product_cat":[168,154],"product_tag":[1809,938,461,1812,648,1815,1814,565,555,238,1811,1819,1816,1810,1813,567,1818,566,1817],"class_list":{"0":"post-12371","1":"product","2":"type-product","3":"status-publish","4":"has-post-thumbnail","6":"product_cat-productos-mas-nuevos","7":"product_cat-replicas-de-relojes-mas-vendidas","8":"product_tag-christopher-backpack","9":"product_tag-classic-es","10":"product_tag-collectors-item","11":"product_tag-designer-backpack","12":"product_tag-elegant-es","13":"product_tag-exclusive-design","14":"product_tag-fashion-accessories","15":"product_tag-high-quality-es","16":"product_tag-limited-edition","17":"product_tag-louis-vuitton-es","18":"product_tag-luxury-bag","19":"product_tag-lv-bag","20":"product_tag-mens-backpack","21":"product_tag-monogram-empreinte","22":"product_tag-premium-leather","23":"product_tag-stylish-es","24":"product_tag-travel-bag","25":"product_tag-trendy-es","26":"product_tag-unisex-bag","27":"desktop-align-left","28":"tablet-align-left","29":"mobile-align-left","30":"ast-product-gallery-layout-vertical-slider","32":"first","33":"instock","34":"shipping-taxable","35":"purchasable","36":"product-type-simple"},"uagb_featured_image_src":{"full":["https:\/\/myreplicawatches.io\/wp-content\/uploads\/2023\/10\/louis-vuitton-christopher-monogram-empreinte-black.png",974,894,false],"thumbnail":["https:\/\/myreplicawatches.io\/wp-content\/uploads\/2023\/10\/louis-vuitton-christopher-monogram-empreinte-black-150x150.png",150,150,true],"medium":["https:\/\/myreplicawatches.io\/wp-content\/uploads\/2023\/10\/louis-vuitton-christopher-monogram-empreinte-black-300x275.png",300,275,true],"medium_large":["https:\/\/myreplicawatches.io\/wp-content\/uploads\/2023\/10\/louis-vuitton-christopher-monogram-empreinte-black-768x705.png",768,705,true],"large":["https:\/\/myreplicawatches.io\/wp-content\/uploads\/2023\/10\/louis-vuitton-christopher-monogram-empreinte-black.png",974,894,false],"1536x1536":["https:\/\/myreplicawatches.io\/wp-content\/uploads\/2023\/10\/louis-vuitton-christopher-monogram-empreinte-black.png",974,894,false],"2048x2048":["https:\/\/myreplicawatches.io\/wp-content\/uploads\/2023\/10\/louis-vuitton-christopher-monogram-empreinte-black.png",974,894,false],"woocommerce_thumbnail":["https:\/\/myreplicawatches.io\/wp-content\/uploads\/2023\/10\/louis-vuitton-christopher-monogram-empreinte-black-300x300.png",300,300,true],"woocommerce_single":["https:\/\/myreplicawatches.io\/wp-content\/uploads\/2023\/10\/louis-vuitton-christopher-monogram-empreinte-black-600x551.png",600,551,true],"woocommerce_gallery_thumbnail":["https:\/\/myreplicawatches.io\/wp-content\/uploads\/2023\/10\/louis-vuitton-christopher-monogram-empreinte-black-100x100.png",100,100,true],"variation_swatches_image_size":["https:\/\/myreplicawatches.io\/wp-content\/uploads\/2023\/10\/louis-vuitton-christopher-monogram-empreinte-black.png",50,46,false],"variation_swatches_tooltip_size":["https:\/\/myreplicawatches.io\/wp-content\/uploads\/2023\/10\/louis-vuitton-christopher-monogram-empreinte-black.png",100,92,false],"dgwt-wcas-product-suggestion":["https:\/\/myreplicawatches.io\/wp-content\/uploads\/2023\/10\/louis-vuitton-christopher-monogram-empreinte-black-64x59.png",64,59,true]},"uagb_author_info":{"display_name":"admin","author_link":"https:\/\/myreplicawatches.io\/es\/author\/"},"uagb_comment_info":0,"uagb_excerpt":"&nbsp; Tipo:Mochilas Sexo:Unisex Hombres Mujer Estilo:Moda Material:Piel aut\u00e9ntica Patr\u00f3n:Mono \/ cuadros \/ epi Capacidad:&lt; 20L Peso del art\u00edculo:aproximadamente 1,6 kg Anchura del art\u00edculo:13 cm Interior:Bolsillo interior con cremallera Decoraci\u00f3n:ninguna Dureza:Blanda Altura del art\u00edculo:48 cm Longitud del art\u00edculo:41 cm Tipo de cierre:Cremallera Material del forro:Lienzo N\u00famero de asas\/correas:Dos &nbsp; ENV\u00cdO Env\u00edo Seguro Gratuito ( 15-20 d\u00edas","jetpack_sharing_enabled":true,"_links":{"self":[{"href":"https:\/\/myreplicawatches.io\/es\/wp-json\/wp\/v2\/product\/12371","targetHints":{"allow":["GET"]}}],"collection":[{"href":"https:\/\/myreplicawatches.io\/es\/wp-json\/wp\/v2\/product"}],"about":[{"href":"https:\/\/myreplicawatches.io\/es\/wp-json\/wp\/v2\/types\/product"}],"replies":[{"embeddable":true,"href":"https:\/\/myreplicawatches.io\/es\/wp-json\/wp\/v2\/comments?post=12371"}],"wp:featuredmedia":[{"embeddable":true,"href":"https:\/\/myreplicawatches.io\/es\/wp-json\/wp\/v2\/media\/6641"}],"wp:attachment":[{"href":"https:\/\/myreplicawatches.io\/es\/wp-json\/wp\/v2\/media?parent=12371"}],"wp:term":[{"taxonomy":"product_brand","embeddable":true,"href":"https:\/\/myreplicawatches.io\/es\/wp-json\/wp\/v2\/product_brand?post=12371"},{"taxonomy":"product_cat","embeddable":true,"href":"https:\/\/myreplicawatches.io\/es\/wp-json\/wp\/v2\/product_cat?post=12371"},{"taxonomy":"product_tag","embeddable":true,"href":"https:\/\/myreplicawatches.io\/es\/wp-json\/wp\/v2\/product_tag?post=12371"}],"curies":[{"name":"wp","href":"https:\/\/api.w.org\/{rel}","templated":true}]}}