{"id":12223,"date":"2024-08-22T21:33:49","date_gmt":"2024-08-22T21:33:49","guid":{"rendered":"https:\/\/myreplicawatches.io\/product\/replica-audemars-piguet-royal-oak-offshore-44-mm-negro-ref-26402ce-oo-a002ca-01\/"},"modified":"2025-10-06T05:22:12","modified_gmt":"2025-10-06T05:22:12","slug":"replica-audemars-piguet-royal-oak-offshore-44-mm-negro-ref-26402ce-oo-a002ca-01","status":"publish","type":"product","link":"https:\/\/myreplicawatches.io\/es\/product\/replica-audemars-piguet-royal-oak-offshore-44-mm-negro-ref-26402ce-oo-a002ca-01\/","title":{"rendered":"R\u00e9plica Audemars Piguet Royal Oak Offshore 44 mm, Negro Ref. 26402CE.OO.A002CA.01"},"content":{"rendered":"<p>Replica Audemars Piguet Royal Oak Offshore 44 mm, Negro Ref. 26402CE.OO.A002CA.01 &#8211; Mejor r\u00e9plica Clon de calidad r\u00e9plica de reloj<\/p>\n<table>\n<tbody>\n<tr>\n<td>\n<h3>Informaci\u00f3n b\u00e1sica<\/h3>\n<\/td>\n<\/tr>\n<tr>\n<td><strong>Marca:<\/strong><\/td>\n<td>Audemars Piguet<\/td>\n<\/tr>\n<tr>\n<td><strong>Colecci\u00f3n:<\/strong><\/td>\n<td>Royal Oak Offshore<\/td>\n<\/tr>\n<tr>\n<td><strong>Modelo:<\/strong><\/td>\n<td>Royal Oak Offshore<\/td>\n<\/tr>\n<tr>\n<td><strong>N\u00famero de referencia:<\/strong><\/td>\n<td>26402CE.OO.A002CA.01<\/td>\n<\/tr>\n<tr>\n<td><strong>Color de la esfera:<\/strong><\/td>\n<td>Negro<\/td>\n<\/tr>\n<tr>\n<td><strong>Di\u00e1metro de la caja:<\/strong><\/td>\n<td>44 mm<\/td>\n<\/tr>\n<tr>\n<td><strong>Material de la caja:<\/strong><\/td>\n<td>Cer\u00e1mica<\/td>\n<\/tr>\n<tr>\n<td><strong>Material de la pulsera:<\/strong><\/td>\n<td>Caucho<\/td>\n<\/tr>\n<tr>\n<td><strong>Color de la pulsera:<\/strong><\/td>\n<td>Negro<\/td>\n<\/tr>\n<tr>\n<td><strong>Cristal:<\/strong><\/td>\n<td>Cristal de zafiro<\/td>\n<\/tr>\n<\/tbody>\n<\/table>\n<h3>Ventajas de poseer la R\u00e9plica Audemars Piguet Royal Oak Offshore 44 mm, Negro Ref. 26402CE.OO.A002CA.01:<\/h3>\n<ul>\n<li>Una r\u00e9plica puede comprarse a un precio mucho m\u00e1s barato que uno aut\u00e9ntico, sin embargo, un reloj r\u00e9plica parecer\u00e1 y se sentir\u00e1 igual que el original.<\/li>\n<li>Lo \u00faltimo que alguien quiere es gastarse una fortuna para conseguir un reloj de lujo que tiene peque\u00f1as diferencias con nuestras r\u00e9plicas de relojes.<\/li>\n<li>Muchos entusiastas de los relojes no quieren gastarse miles de d\u00f3lares en relojes y quieren tener esa gran sensaci\u00f3n de poseer un gran reloj de una marca de lujo. Aqu\u00ed es cuando entran en juego los relojes myreplica y proporcionan esa sensaci\u00f3n a sus clientes.<\/li>\n<li>\u00bf Tienes ya un aut\u00e9ntico reloj de alta gama que no quieres llevar por motivos de seguridad o por razones de devaluaci\u00f3n en algunas ocasiones ? Lleva tu R\u00e9plica de alta calidad Audemars Piguet Royal Oak Offshore 44 mm, Negro Ref. 26402CE.OO.A002CA.01 y si\u00e9ntete m\u00e1s seguro, ten la misma confianza, protege tus objetos de valor<\/li>\n<\/ul>\n","protected":false},"excerpt":{"rendered":"<p>Replica Audemars Piguet Royal Oak Offshore 44 mm, Negro Ref. 26402CE.OO.A002CA.01 &#8211; Mejor r\u00e9plica Clon de calidad r\u00e9plica de reloj Informaci\u00f3n b\u00e1sica Marca: Audemars Piguet Colecci\u00f3n: Royal Oak Offshore Modelo: Royal Oak Offshore N\u00famero de referencia: 26402CE.OO.A002CA.01 Color de la esfera: Negro Di\u00e1metro de la caja: 44 mm Material de la caja: Cer\u00e1mica Material de<\/p>\n","protected":false},"featured_media":10312,"comment_status":"open","ping_status":"closed","template":"","meta":{"_uag_custom_page_level_css":"","site-sidebar-layout":"default","site-content-layout":"","ast-site-content-layout":"default","site-content-style":"default","site-sidebar-style":"default","ast-global-header-display":"","ast-banner-title-visibility":"","ast-main-header-display":"","ast-hfb-above-header-display":"","ast-hfb-below-header-display":"","ast-hfb-mobile-header-display":"","site-post-title":"","ast-breadcrumbs-content":"","ast-featured-img":"","footer-sml-layout":"","theme-transparent-header-meta":"default","adv-header-id-meta":"","stick-header-meta":"default","header-above-stick-meta":"","header-main-stick-meta":"","header-below-stick-meta":"","astra-migrate-meta-layouts":"set","ast-page-background-enabled":"default","ast-page-background-meta":{"desktop":{"background-color":"var(--ast-global-color-4)","background-image":"","background-repeat":"repeat","background-position":"center center","background-size":"auto","background-attachment":"scroll","background-type":"","background-media":"","overlay-type":"","overlay-color":"","overlay-opacity":"","overlay-gradient":""},"tablet":{"background-color":"","background-image":"","background-repeat":"repeat","background-position":"center center","background-size":"auto","background-attachment":"scroll","background-type":"","background-media":"","overlay-type":"","overlay-color":"","overlay-opacity":"","overlay-gradient":""},"mobile":{"background-color":"","background-image":"","background-repeat":"repeat","background-position":"center center","background-size":"auto","background-attachment":"scroll","background-type":"","background-media":"","overlay-type":"","overlay-color":"","overlay-opacity":"","overlay-gradient":""}},"ast-content-background-meta":{"desktop":{"background-color":"var(--ast-global-color-5)","background-image":"","background-repeat":"repeat","background-position":"center center","background-size":"auto","background-attachment":"scroll","background-type":"","background-media":"","overlay-type":"","overlay-color":"","overlay-opacity":"","overlay-gradient":""},"tablet":{"background-color":"var(--ast-global-color-5)","background-image":"","background-repeat":"repeat","background-position":"center center","background-size":"auto","background-attachment":"scroll","background-type":"","background-media":"","overlay-type":"","overlay-color":"","overlay-opacity":"","overlay-gradient":""},"mobile":{"background-color":"var(--ast-global-color-5)","background-image":"","background-repeat":"repeat","background-position":"center center","background-size":"auto","background-attachment":"scroll","background-type":"","background-media":"","overlay-type":"","overlay-color":"","overlay-opacity":"","overlay-gradient":""}}},"product_brand":[],"product_cat":[149,152,168,154,160,158],"product_tag":[1029,597,599,217,938,648,559,564,565,935,563,934,598,937,1030,465,602,882,936,567,472,933],"class_list":{"0":"post-12223","1":"product","2":"type-product","3":"status-publish","4":"has-post-thumbnail","6":"product_cat-relojes-replica-audemars-piguet","7":"product_cat-nueva-coleccion-2024","8":"product_cat-productos-mas-nuevos","9":"product_cat-replicas-de-relojes-mas-vendidas","10":"product_cat-super-clon-audemars-piguet","11":"product_cat-superclones","12":"product_tag-44mm","13":"product_tag-ap","14":"product_tag-audemars-piguet","15":"product_tag-audemars-piguet-suizo","16":"product_tag-classic-es","17":"product_tag-elegant-es","18":"product_tag-exclusive","19":"product_tag-fashion-es","20":"product_tag-high-quality-es","21":"product_tag-jewelry-es","22":"product_tag-luxury-es","23":"product_tag-mens-es","24":"product_tag-offshore","25":"product_tag-prestigious-es","26":"product_tag-ref-26402ce-oo-a002ca-01","27":"product_tag-replica","28":"product_tag-royal-oak-es","29":"product_tag-sporty-es","30":"product_tag-statement-piece-es","31":"product_tag-stylish-es","32":"product_tag-timepiece","33":"product_tag-watch-es","34":"desktop-align-left","35":"tablet-align-left","36":"mobile-align-left","37":"ast-product-gallery-layout-vertical-slider","38":"ast-product-single-variable","40":"first","41":"instock","42":"shipping-taxable","43":"purchasable","44":"product-type-variable"},"uagb_featured_image_src":{"full":["https:\/\/myreplicawatches.io\/wp-content\/uploads\/2024\/08\/Screenshot-2024-08-23-at-12.29.10-AM.jpg",1012,1008,false],"thumbnail":["https:\/\/myreplicawatches.io\/wp-content\/uploads\/2024\/08\/Screenshot-2024-08-23-at-12.29.10-AM-150x150.png",150,150,true],"medium":["https:\/\/myreplicawatches.io\/wp-content\/uploads\/2024\/08\/Screenshot-2024-08-23-at-12.29.10-AM-300x300.png",300,300,true],"medium_large":["https:\/\/myreplicawatches.io\/wp-content\/uploads\/2024\/08\/Screenshot-2024-08-23-at-12.29.10-AM-768x765.png",768,765,true],"large":["https:\/\/myreplicawatches.io\/wp-content\/uploads\/2024\/08\/Screenshot-2024-08-23-at-12.29.10-AM.jpg",1012,1008,false],"1536x1536":["https:\/\/myreplicawatches.io\/wp-content\/uploads\/2024\/08\/Screenshot-2024-08-23-at-12.29.10-AM.jpg",1012,1008,false],"2048x2048":["https:\/\/myreplicawatches.io\/wp-content\/uploads\/2024\/08\/Screenshot-2024-08-23-at-12.29.10-AM.jpg",1012,1008,false],"woocommerce_thumbnail":["https:\/\/myreplicawatches.io\/wp-content\/uploads\/2024\/08\/Screenshot-2024-08-23-at-12.29.10-AM-300x300.jpg",300,300,true],"woocommerce_single":["https:\/\/myreplicawatches.io\/wp-content\/uploads\/2024\/08\/Screenshot-2024-08-23-at-12.29.10-AM-600x598.jpg",600,598,true],"woocommerce_gallery_thumbnail":["https:\/\/myreplicawatches.io\/wp-content\/uploads\/2024\/08\/Screenshot-2024-08-23-at-12.29.10-AM-100x100.jpg",100,100,true],"variation_swatches_image_size":["https:\/\/myreplicawatches.io\/wp-content\/uploads\/2024\/08\/Screenshot-2024-08-23-at-12.29.10-AM-50x50.png",50,50,true],"variation_swatches_tooltip_size":["https:\/\/myreplicawatches.io\/wp-content\/uploads\/2024\/08\/Screenshot-2024-08-23-at-12.29.10-AM-100x100.png",100,100,true],"dgwt-wcas-product-suggestion":["https:\/\/myreplicawatches.io\/wp-content\/uploads\/2024\/08\/Screenshot-2024-08-23-at-12.29.10-AM-64x64.jpg",64,64,true]},"uagb_author_info":{"display_name":"admin","author_link":"https:\/\/myreplicawatches.io\/es\/author\/"},"uagb_comment_info":0,"uagb_excerpt":"Replica Audemars Piguet Royal Oak Offshore 44 mm, Negro Ref. 26402CE.OO.A002CA.01 &#8211; Mejor r\u00e9plica Clon de calidad r\u00e9plica de reloj Informaci\u00f3n b\u00e1sica Marca: Audemars Piguet Colecci\u00f3n: Royal Oak Offshore Modelo: Royal Oak Offshore N\u00famero de referencia: 26402CE.OO.A002CA.01 Color de la esfera: Negro Di\u00e1metro de la caja: 44 mm Material de la caja: Cer\u00e1mica Material de","jetpack_sharing_enabled":true,"_links":{"self":[{"href":"https:\/\/myreplicawatches.io\/es\/wp-json\/wp\/v2\/product\/12223","targetHints":{"allow":["GET"]}}],"collection":[{"href":"https:\/\/myreplicawatches.io\/es\/wp-json\/wp\/v2\/product"}],"about":[{"href":"https:\/\/myreplicawatches.io\/es\/wp-json\/wp\/v2\/types\/product"}],"replies":[{"embeddable":true,"href":"https:\/\/myreplicawatches.io\/es\/wp-json\/wp\/v2\/comments?post=12223"}],"wp:featuredmedia":[{"embeddable":true,"href":"https:\/\/myreplicawatches.io\/es\/wp-json\/wp\/v2\/media\/10312"}],"wp:attachment":[{"href":"https:\/\/myreplicawatches.io\/es\/wp-json\/wp\/v2\/media?parent=12223"}],"wp:term":[{"taxonomy":"product_brand","embeddable":true,"href":"https:\/\/myreplicawatches.io\/es\/wp-json\/wp\/v2\/product_brand?post=12223"},{"taxonomy":"product_cat","embeddable":true,"href":"https:\/\/myreplicawatches.io\/es\/wp-json\/wp\/v2\/product_cat?post=12223"},{"taxonomy":"product_tag","embeddable":true,"href":"https:\/\/myreplicawatches.io\/es\/wp-json\/wp\/v2\/product_tag?post=12223"}],"curies":[{"name":"wp","href":"https:\/\/api.w.org\/{rel}","templated":true}]}}