{"id":12151,"date":"2024-10-17T17:54:55","date_gmt":"2024-10-17T17:54:55","guid":{"rendered":"https:\/\/myreplicawatches.io\/product\/replica-rm-67-02-wayde-van-niekerk-super-clon\/"},"modified":"2025-09-19T22:18:53","modified_gmt":"2025-09-19T22:18:53","slug":"replica-rm-67-02-wayde-van-niekerk-super-clon","status":"publish","type":"product","link":"https:\/\/myreplicawatches.io\/es\/product\/replica-rm-67-02-wayde-van-niekerk-super-clon\/","title":{"rendered":"R\u00e9plica RM 67 02 Wayde Van Niekerk Super Clon"},"content":{"rendered":"<h2 class=\"product-title product_title entry-title\">R\u00e9plica RM 67 02 Wayde Van Niekerk &#8211; Calidad Super Clon<\/h2>\n<table>\n<thead>\n<tr>\n<th><strong>CARACTER\u00cdSTICA<\/strong><\/th>\n<th><strong>SUPERIOR 1:1<\/strong><\/th>\n<\/tr>\n<\/thead>\n<tbody>\n<tr>\n<td><strong>Grado<\/strong><\/td>\n<td>Superior 1:1<\/td>\n<\/tr>\n<tr>\n<td><strong>Precisi\u00f3n horaria<\/strong><\/td>\n<td>-5\/+6 seg. al d\u00eda Certificado COSC<\/td>\n<\/tr>\n<tr>\n<td><strong>Tipo de acero inoxidable<\/strong><\/td>\n<td>Acero inoxidable 904L<\/td>\n<\/tr>\n<tr>\n<td><strong>Cristal<\/strong><\/td>\n<td>Cristal de zafiro<\/td>\n<\/tr>\n<tr>\n<td><strong>Bisel<\/strong><\/td>\n<td>Fijo<\/td>\n<\/tr>\n<tr>\n<td><strong>Logotipo y marcas<\/strong><\/td>\n<td>Exacto en todo el reloj<\/td>\n<\/tr>\n<tr>\n<td><strong>Resistente al agua<\/strong><\/td>\n<td>Probado hasta 30 m<\/td>\n<\/tr>\n<\/tbody>\n<\/table>\n<h3><strong>R\u00e9plica de reloj RM 67 02 Wayde Van Niekerk<\/strong><\/h3>\n<p>La <strong>R\u00e9plica RM 067-02 Wayde Van Niekerk<\/strong> es un reloj espectacular que encarna el esp\u00edritu de agilidad y precisi\u00f3n, inspir\u00e1ndose en el velocista de fama mundial Wayde Van Niekerk. Este modelo de reloj de lujo es uno de los favoritos entre los entusiastas que aprecian la mezcla de velocidad, estilo e innovaci\u00f3n tecnol\u00f3gica. Destaca por su elegante dise\u00f1o, que lo convierte en la elecci\u00f3n perfecta para quienes desean elegancia combinada con prestaciones de alto rendimiento.<\/p>\n<h3><strong>Dise\u00f1o inigualable inspirado en la excelencia<\/strong><\/h3>\n<p>Esta r\u00e9plica <strong>RM 67 02 Wayde Van N<\/strong> iekerk est\u00e1 dise\u00f1ada para igualar el carisma y la delicadeza de su atl\u00e9tico hom\u00f3nimo. Los intrincados detalles y las atrevidas combinaciones de colores reflejan la energ\u00eda din\u00e1mica y la implacable dedicaci\u00f3n a la excelencia que Wayde Van Niekerk lleva a la pista. Su construcci\u00f3n ligera pero duradera garantiza que este reloj no s\u00f3lo sea visualmente impresionante, sino tambi\u00e9n lo suficientemente robusto como para soportar las presiones de un estilo de vida activo.<\/p>\n<h3><strong>Artesan\u00eda avanzada<\/strong><\/h3>\n<p>Cada detalle de esta <strong>R\u00e9plica RM 67 02<\/strong> est\u00e1 elaborado con precisi\u00f3n, empleando los m\u00e1s altos est\u00e1ndares de la relojer\u00eda de r\u00e9plica. Desde su intrincada esfera hasta sus sofisticados mecanismos internos, este reloj representa una mezcla perfecta de innovaci\u00f3n y tradici\u00f3n. Es ideal para quienes exigen nada menos que la perfecci\u00f3n tanto en funcionalidad como en dise\u00f1o.<\/p>\n<h3><strong>Versatilidad y estilo<\/strong><\/h3>\n<p>Una de las caracter\u00edsticas m\u00e1s destacables de la <strong>r\u00e9plica RM 67 02 Wayde Van Niekerk<\/strong> es su versatilidad. Tanto si est\u00e1s en un evento deportivo como en una ocasi\u00f3n formal, este reloj se adapta sin esfuerzo a tu entorno, ofreciendo una combinaci\u00f3n inigualable de comodidad y elegancia. Su estructura \u00fanica y su paleta de colores lo convierten en una aut\u00e9ntica pieza \u00fanica, que resalta tu gusto refinado y tu atenci\u00f3n al detalle.<\/p>\n<h3><strong>\u00bfPor qu\u00e9 elegir la r\u00e9plica RM 067-02?<\/strong><\/h3>\n<p>Poseer la <strong>R\u00e9plica RM 067-02 Wayde Van Niekerk<\/strong> no es s\u00f3lo mantener el tiempo; es abrazar un estilo de vida de lujo y alto rendimiento. El dise\u00f1o innovador, la artesan\u00eda superior y la dedicaci\u00f3n al detalle hacen de esta r\u00e9plica una preciada adici\u00f3n a cualquier colecci\u00f3n. Es un testimonio de calidad y estilo, inspirado en uno de los atletas m\u00e1s r\u00e1pidos del mundo.<\/p>\n<p>&nbsp;<\/p>\n","protected":false},"excerpt":{"rendered":"<p>R\u00e9plica RM 67 02 Wayde Van Niekerk &#8211; Calidad Super Clon CARACTER\u00cdSTICA SUPERIOR 1:1 Grado Superior 1:1 Precisi\u00f3n horaria -5\/+6 seg. al d\u00eda Certificado COSC Tipo de acero inoxidable Acero inoxidable 904L Cristal Cristal de zafiro Bisel Fijo Logotipo y marcas Exacto en todo el reloj Resistente al agua Probado hasta 30 m R\u00e9plica de<\/p>\n","protected":false},"featured_media":12112,"comment_status":"open","ping_status":"closed","template":"","meta":{"_uag_custom_page_level_css":"","site-sidebar-layout":"default","site-content-layout":"","ast-site-content-layout":"default","site-content-style":"default","site-sidebar-style":"default","ast-global-header-display":"","ast-banner-title-visibility":"","ast-main-header-display":"","ast-hfb-above-header-display":"","ast-hfb-below-header-display":"","ast-hfb-mobile-header-display":"","site-post-title":"","ast-breadcrumbs-content":"","ast-featured-img":"","footer-sml-layout":"","theme-transparent-header-meta":"default","adv-header-id-meta":"","stick-header-meta":"default","header-above-stick-meta":"","header-main-stick-meta":"","header-below-stick-meta":"","astra-migrate-meta-layouts":"set","ast-page-background-enabled":"default","ast-page-background-meta":{"desktop":{"background-color":"var(--ast-global-color-4)","background-image":"","background-repeat":"repeat","background-position":"center center","background-size":"auto","background-attachment":"scroll","background-type":"","background-media":"","overlay-type":"","overlay-color":"","overlay-opacity":"","overlay-gradient":""},"tablet":{"background-color":"","background-image":"","background-repeat":"repeat","background-position":"center center","background-size":"auto","background-attachment":"scroll","background-type":"","background-media":"","overlay-type":"","overlay-color":"","overlay-opacity":"","overlay-gradient":""},"mobile":{"background-color":"","background-image":"","background-repeat":"repeat","background-position":"center center","background-size":"auto","background-attachment":"scroll","background-type":"","background-media":"","overlay-type":"","overlay-color":"","overlay-opacity":"","overlay-gradient":""}},"ast-content-background-meta":{"desktop":{"background-color":"var(--ast-global-color-5)","background-image":"","background-repeat":"repeat","background-position":"center center","background-size":"auto","background-attachment":"scroll","background-type":"","background-media":"","overlay-type":"","overlay-color":"","overlay-opacity":"","overlay-gradient":""},"tablet":{"background-color":"var(--ast-global-color-5)","background-image":"","background-repeat":"repeat","background-position":"center center","background-size":"auto","background-attachment":"scroll","background-type":"","background-media":"","overlay-type":"","overlay-color":"","overlay-opacity":"","overlay-gradient":""},"mobile":{"background-color":"var(--ast-global-color-5)","background-image":"","background-repeat":"repeat","background-position":"center center","background-size":"auto","background-attachment":"scroll","background-type":"","background-media":"","overlay-type":"","overlay-color":"","overlay-opacity":"","overlay-gradient":""}}},"product_brand":[],"product_cat":[152,168,220],"product_tag":[7053],"class_list":{"0":"post-12151","1":"product","2":"type-product","3":"status-publish","4":"has-post-thumbnail","6":"product_cat-nueva-coleccion-2024","7":"product_cat-productos-mas-nuevos","8":"product_cat-replica-richard-mille","9":"product_tag-richard-mille-67-02-wayde-van-niekerk-replica-es","10":"desktop-align-left","11":"tablet-align-left","12":"mobile-align-left","13":"ast-product-gallery-layout-vertical-slider","15":"first","16":"instock","17":"sale","18":"shipping-taxable","19":"purchasable","20":"product-type-simple"},"uagb_featured_image_src":{"full":["https:\/\/myreplicawatches.io\/wp-content\/uploads\/2024\/10\/Screenshot-2024-10-17-at-8.52.48-PM.png",876,876,false],"thumbnail":["https:\/\/myreplicawatches.io\/wp-content\/uploads\/2024\/10\/Screenshot-2024-10-17-at-8.52.48-PM-150x150.png",150,150,true],"medium":["https:\/\/myreplicawatches.io\/wp-content\/uploads\/2024\/10\/Screenshot-2024-10-17-at-8.52.48-PM-300x300.png",300,300,true],"medium_large":["https:\/\/myreplicawatches.io\/wp-content\/uploads\/2024\/10\/Screenshot-2024-10-17-at-8.52.48-PM-768x768.png",768,768,true],"large":["https:\/\/myreplicawatches.io\/wp-content\/uploads\/2024\/10\/Screenshot-2024-10-17-at-8.52.48-PM.png",876,876,false],"1536x1536":["https:\/\/myreplicawatches.io\/wp-content\/uploads\/2024\/10\/Screenshot-2024-10-17-at-8.52.48-PM.png",876,876,false],"2048x2048":["https:\/\/myreplicawatches.io\/wp-content\/uploads\/2024\/10\/Screenshot-2024-10-17-at-8.52.48-PM.png",876,876,false],"woocommerce_thumbnail":["https:\/\/myreplicawatches.io\/wp-content\/uploads\/2024\/10\/Screenshot-2024-10-17-at-8.52.48-PM-300x300.png",300,300,true],"woocommerce_single":["https:\/\/myreplicawatches.io\/wp-content\/uploads\/2024\/10\/Screenshot-2024-10-17-at-8.52.48-PM-600x600.png",600,600,true],"woocommerce_gallery_thumbnail":["https:\/\/myreplicawatches.io\/wp-content\/uploads\/2024\/10\/Screenshot-2024-10-17-at-8.52.48-PM-100x100.png",100,100,true],"variation_swatches_image_size":["https:\/\/myreplicawatches.io\/wp-content\/uploads\/2024\/10\/Screenshot-2024-10-17-at-8.52.48-PM-50x50.png",50,50,true],"variation_swatches_tooltip_size":["https:\/\/myreplicawatches.io\/wp-content\/uploads\/2024\/10\/Screenshot-2024-10-17-at-8.52.48-PM-100x100.png",100,100,true],"dgwt-wcas-product-suggestion":["https:\/\/myreplicawatches.io\/wp-content\/uploads\/2024\/10\/Screenshot-2024-10-17-at-8.52.48-PM-64x64.png",64,64,true]},"uagb_author_info":{"display_name":"admin","author_link":"https:\/\/myreplicawatches.io\/es\/author\/"},"uagb_comment_info":0,"uagb_excerpt":"R\u00e9plica RM 67 02 Wayde Van Niekerk &#8211; Calidad Super Clon CARACTER\u00cdSTICA SUPERIOR 1:1 Grado Superior 1:1 Precisi\u00f3n horaria -5\/+6 seg. al d\u00eda Certificado COSC Tipo de acero inoxidable Acero inoxidable 904L Cristal Cristal de zafiro Bisel Fijo Logotipo y marcas Exacto en todo el reloj Resistente al agua Probado hasta 30 m R\u00e9plica de","jetpack_sharing_enabled":true,"_links":{"self":[{"href":"https:\/\/myreplicawatches.io\/es\/wp-json\/wp\/v2\/product\/12151","targetHints":{"allow":["GET"]}}],"collection":[{"href":"https:\/\/myreplicawatches.io\/es\/wp-json\/wp\/v2\/product"}],"about":[{"href":"https:\/\/myreplicawatches.io\/es\/wp-json\/wp\/v2\/types\/product"}],"replies":[{"embeddable":true,"href":"https:\/\/myreplicawatches.io\/es\/wp-json\/wp\/v2\/comments?post=12151"}],"wp:featuredmedia":[{"embeddable":true,"href":"https:\/\/myreplicawatches.io\/es\/wp-json\/wp\/v2\/media\/12112"}],"wp:attachment":[{"href":"https:\/\/myreplicawatches.io\/es\/wp-json\/wp\/v2\/media?parent=12151"}],"wp:term":[{"taxonomy":"product_brand","embeddable":true,"href":"https:\/\/myreplicawatches.io\/es\/wp-json\/wp\/v2\/product_brand?post=12151"},{"taxonomy":"product_cat","embeddable":true,"href":"https:\/\/myreplicawatches.io\/es\/wp-json\/wp\/v2\/product_cat?post=12151"},{"taxonomy":"product_tag","embeddable":true,"href":"https:\/\/myreplicawatches.io\/es\/wp-json\/wp\/v2\/product_tag?post=12151"}],"curies":[{"name":"wp","href":"https:\/\/api.w.org\/{rel}","templated":true}]}}