{"id":11640,"date":"2023-10-03T21:31:06","date_gmt":"2023-10-03T21:31:06","guid":{"rendered":"https:\/\/myreplicawatches.io\/product\/super-clon-replica-ap-offshore-royal-oak\/"},"modified":"2025-02-26T06:25:02","modified_gmt":"2025-02-26T06:25:02","slug":"super-clon-replica-ap-offshore-royal-oak","status":"publish","type":"product","link":"https:\/\/myreplicawatches.io\/es\/product\/super-clon-replica-ap-offshore-royal-oak\/","title":{"rendered":"Super Clon R\u00e9plica AP Offshore Royal Oak"},"content":{"rendered":"<div dir=\"auto\">Mejor calidad AP Offshore R\u00e9plica Royal Oak Swiss Made 1:1<\/div>\n<div dir=\"auto\"><\/div>\n<div dir=\"auto\">\n<table>\n<tbody>\n<tr>\n<td data-removefontsize=\"true\" data-originalcomputedfontsize=\"15\">Marca :<\/td>\n<td data-removefontsize=\"true\" data-originalcomputedfontsize=\"15\">AP R\u00e9plica Offshore<\/td>\n<\/tr>\n<tr>\n<td data-removefontsize=\"true\" data-originalcomputedfontsize=\"15\">Modelo :<\/td>\n<td>Royal Oak Offshore R\u00e9plica Clon Suizo<\/td>\n<\/tr>\n<tr>\n<td data-removefontsize=\"true\" data-originalcomputedfontsize=\"15\">Di\u00e1metro de la caja :<\/td>\n<td data-removefontsize=\"true\" data-originalcomputedfontsize=\"15\">44 mm<\/td>\n<\/tr>\n<tr>\n<td data-removefontsize=\"true\" data-originalcomputedfontsize=\"15\">Espesor :<\/td>\n<td data-removefontsize=\"true\" data-originalcomputedfontsize=\"15\">16 mm<\/td>\n<\/tr>\n<tr>\n<td data-removefontsize=\"true\" data-originalcomputedfontsize=\"15\">Movimiento :<\/td>\n<td data-removefontsize=\"true\" data-originalcomputedfontsize=\"15\">Movimiento de base AP Offshore: Movimiento cron\u00f3grafo autom\u00e1tico suizo 7750 a 28800vph; Decoraci\u00f3n: Placa del movimiento y rotor chapados en platino que est\u00e1n hechos seg\u00fan el movimiento aut\u00e9ntico, el clon del movimiento suizo ETA3126 de AP con mejor aspecto del momento.<\/td>\n<\/tr>\n<tr>\n<td data-removefontsize=\"true\" data-originalcomputedfontsize=\"15\">Material de la caja :<\/td>\n<td data-removefontsize=\"true\" data-originalcomputedfontsize=\"15\">Caja de titanio macizo<\/td>\n<\/tr>\n<tr>\n<td data-removefontsize=\"true\" data-originalcomputedfontsize=\"15\">Cristal :<\/td>\n<td data-removefontsize=\"true\" data-originalcomputedfontsize=\"15\">Cristal de zafiro a prueba de ara\u00f1azos con revestimiento antirreflejos incoloro (norma suiza, de una sola cara, igual que el original)<\/td>\n<\/tr>\n<tr>\n<td data-removefontsize=\"true\" data-originalcomputedfontsize=\"15\">Correa :<\/td>\n<td data-removefontsize=\"true\" data-originalcomputedfontsize=\"15\">Correa de caucho negro (r\u00e9plica 1:1 de una correa de caucho aut\u00e9ntica)<\/td>\n<\/tr>\n<tr>\n<td data-removefontsize=\"true\" data-originalcomputedfontsize=\"15\">Resistencia al agua :<\/td>\n<td data-removefontsize=\"true\" data-originalcomputedfontsize=\"15\">&gt;100 metros<\/td>\n<\/tr>\n<tr>\n<td data-removefontsize=\"true\" data-originalcomputedfontsize=\"15\">Funci\u00f3n :<\/td>\n<td data-removefontsize=\"true\" data-originalcomputedfontsize=\"15\">Indicaci\u00f3n de horas, minutos y subsegundos; cron\u00f3grafo<\/td>\n<\/tr>\n<tr>\n<td data-removefontsize=\"true\" data-originalcomputedfontsize=\"15\">Bisel :<\/td>\n<td data-removefontsize=\"true\" data-originalcomputedfontsize=\"15\">Bisel de cer\u00e1mica negra cepillada\/pulida (igual que el original)<\/td>\n<\/tr>\n<tr>\n<td data-removefontsize=\"true\" data-originalcomputedfontsize=\"15\">Esfera :<\/td>\n<td data-removefontsize=\"true\" data-originalcomputedfontsize=\"15\">Esfera y agujas grises con textura superluminosa (iluminadas con Super-LumiNova aut\u00e9ntica)<\/td>\n<\/tr>\n<tr>\n<td data-removefontsize=\"true\" data-originalcomputedfontsize=\"15\">Hebillas :<\/td>\n<td data-removefontsize=\"true\" data-originalcomputedfontsize=\"15\">Hebilla Tang<\/td>\n<\/tr>\n<tr>\n<td data-removefontsize=\"true\" data-originalcomputedfontsize=\"15\">Fondo :<\/td>\n<td data-removefontsize=\"true\" data-originalcomputedfontsize=\"15\">Vitrina con placa de movimiento y rotor chapados en platino que se fabrican de acuerdo con el movimiento aut\u00e9ntico, el clon de movimiento suizo ETA3126 de AP con mejor aspecto del momento para esta r\u00e9plica AP OffShore<\/td>\n<\/tr>\n<\/tbody>\n<\/table>\n<p>R\u00e9plica AP Offshore en stock por tiempo limitado.<\/p>\n<\/div>\n<p>Esta r\u00e9plica AP Offshore de la mejor calidad incluye todos los papeles y la documentaci\u00f3n, as\u00ed como la mejor caja para relojes AP.<br \/>\nHaz tu pedido hoy y recibe el reloj en 4-12 d\u00edas, Ten en cuenta que queremos 1-3 d\u00edas para enviar tu producto.<br \/>\nDespu\u00e9s recibir\u00e1s toda la informaci\u00f3n de seguimiento.<\/p>\n","protected":false},"excerpt":{"rendered":"<p>Mejor calidad AP Offshore R\u00e9plica Royal Oak Swiss Made 1:1 Marca : AP R\u00e9plica Offshore Modelo : Royal Oak Offshore R\u00e9plica Clon Suizo Di\u00e1metro de la caja : 44 mm Espesor : 16 mm Movimiento : Movimiento de base AP Offshore: Movimiento cron\u00f3grafo autom\u00e1tico suizo 7750 a 28800vph; Decoraci\u00f3n: Placa del movimiento y rotor chapados<\/p>\n","protected":false},"featured_media":8662,"comment_status":"open","ping_status":"closed","template":"","meta":{"_uag_custom_page_level_css":"","site-sidebar-layout":"default","site-content-layout":"","ast-site-content-layout":"default","site-content-style":"default","site-sidebar-style":"default","ast-global-header-display":"","ast-banner-title-visibility":"","ast-main-header-display":"","ast-hfb-above-header-display":"","ast-hfb-below-header-display":"","ast-hfb-mobile-header-display":"","site-post-title":"","ast-breadcrumbs-content":"","ast-featured-img":"","footer-sml-layout":"","theme-transparent-header-meta":"default","adv-header-id-meta":"","stick-header-meta":"default","header-above-stick-meta":"","header-main-stick-meta":"","header-below-stick-meta":"","astra-migrate-meta-layouts":"set","ast-page-background-enabled":"default","ast-page-background-meta":{"desktop":{"background-color":"var(--ast-global-color-4)","background-image":"","background-repeat":"repeat","background-position":"center center","background-size":"auto","background-attachment":"scroll","background-type":"","background-media":"","overlay-type":"","overlay-color":"","overlay-opacity":"","overlay-gradient":""},"tablet":{"background-color":"","background-image":"","background-repeat":"repeat","background-position":"center center","background-size":"auto","background-attachment":"scroll","background-type":"","background-media":"","overlay-type":"","overlay-color":"","overlay-opacity":"","overlay-gradient":""},"mobile":{"background-color":"","background-image":"","background-repeat":"repeat","background-position":"center center","background-size":"auto","background-attachment":"scroll","background-type":"","background-media":"","overlay-type":"","overlay-color":"","overlay-opacity":"","overlay-gradient":""}},"ast-content-background-meta":{"desktop":{"background-color":"var(--ast-global-color-5)","background-image":"","background-repeat":"repeat","background-position":"center center","background-size":"auto","background-attachment":"scroll","background-type":"","background-media":"","overlay-type":"","overlay-color":"","overlay-opacity":"","overlay-gradient":""},"tablet":{"background-color":"var(--ast-global-color-5)","background-image":"","background-repeat":"repeat","background-position":"center center","background-size":"auto","background-attachment":"scroll","background-type":"","background-media":"","overlay-type":"","overlay-color":"","overlay-opacity":"","overlay-gradient":""},"mobile":{"background-color":"var(--ast-global-color-5)","background-image":"","background-repeat":"repeat","background-position":"center center","background-size":"auto","background-attachment":"scroll","background-type":"","background-media":"","overlay-type":"","overlay-color":"","overlay-opacity":"","overlay-gradient":""}}},"product_brand":[],"product_cat":[16],"product_tag":[5303,5296,5291,5284,5299,5295,5287,5298,5301,5286,5292,5300,5302,5282,5297],"class_list":{"0":"post-11640","1":"product","2":"type-product","3":"status-publish","4":"has-post-thumbnail","6":"product_cat-uncategorized","7":"product_tag-ap-offshore-royal-oak-copy","8":"product_tag-ap-offshore-royal-oak-knockoff","9":"product_tag-ap-offshore-royal-oak-replica","10":"product_tag-ap-offshore-royal-oak-super-clone","11":"product_tag-ap-offshore-super-clone-watch","12":"product_tag-ap-royal-oak-offshore-fake","13":"product_tag-audemars-piguet-offshore-super-clone","14":"product_tag-audemars-piguet-royal-oak-clone","15":"product_tag-best-clone-ap-royal-oak","16":"product_tag-best-replica-ap-offshore","17":"product_tag-high-quality-ap-offshore-clone","18":"product_tag-luxury-ap-offshore-replica","19":"product_tag-perfect-replica-ap-offshore","20":"product_tag-super-clone-replica-ap-offshore-royal-oak","21":"product_tag-top-quality-ap-offshore-replica","22":"desktop-align-left","23":"tablet-align-left","24":"mobile-align-left","25":"ast-product-gallery-layout-vertical-slider","27":"first","28":"instock","29":"shipping-taxable","30":"purchasable","31":"product-type-simple"},"uagb_featured_image_src":{"full":["https:\/\/myreplicawatches.io\/wp-content\/uploads\/2023\/10\/Replica-rolex-Sky-dweller-rose-gold-82-1.jpg",1080,1080,false],"thumbnail":["https:\/\/myreplicawatches.io\/wp-content\/uploads\/2023\/10\/Replica-rolex-Sky-dweller-rose-gold-82-1-150x150.jpg",150,150,true],"medium":["https:\/\/myreplicawatches.io\/wp-content\/uploads\/2023\/10\/Replica-rolex-Sky-dweller-rose-gold-82-1-300x300.jpg",300,300,true],"medium_large":["https:\/\/myreplicawatches.io\/wp-content\/uploads\/2023\/10\/Replica-rolex-Sky-dweller-rose-gold-82-1-768x768.jpg",768,768,true],"large":["https:\/\/myreplicawatches.io\/wp-content\/uploads\/2023\/10\/Replica-rolex-Sky-dweller-rose-gold-82-1-1024x1024.jpg",1024,1024,true],"1536x1536":["https:\/\/myreplicawatches.io\/wp-content\/uploads\/2023\/10\/Replica-rolex-Sky-dweller-rose-gold-82-1.jpg",1080,1080,false],"2048x2048":["https:\/\/myreplicawatches.io\/wp-content\/uploads\/2023\/10\/Replica-rolex-Sky-dweller-rose-gold-82-1.jpg",1080,1080,false],"woocommerce_thumbnail":["https:\/\/myreplicawatches.io\/wp-content\/uploads\/2023\/10\/Replica-rolex-Sky-dweller-rose-gold-82-1-300x300.jpg",300,300,true],"woocommerce_single":["https:\/\/myreplicawatches.io\/wp-content\/uploads\/2023\/10\/Replica-rolex-Sky-dweller-rose-gold-82-1-600x600.jpg",600,600,true],"woocommerce_gallery_thumbnail":["https:\/\/myreplicawatches.io\/wp-content\/uploads\/2023\/10\/Replica-rolex-Sky-dweller-rose-gold-82-1-100x100.jpg",100,100,true],"variation_swatches_image_size":["https:\/\/myreplicawatches.io\/wp-content\/uploads\/2023\/10\/Replica-rolex-Sky-dweller-rose-gold-82-1-50x50.jpg",50,50,true],"variation_swatches_tooltip_size":["https:\/\/myreplicawatches.io\/wp-content\/uploads\/2023\/10\/Replica-rolex-Sky-dweller-rose-gold-82-1-100x100.jpg",100,100,true],"dgwt-wcas-product-suggestion":["https:\/\/myreplicawatches.io\/wp-content\/uploads\/2023\/10\/Replica-rolex-Sky-dweller-rose-gold-82-1-64x64.jpg",64,64,true]},"uagb_author_info":{"display_name":"admin","author_link":"https:\/\/myreplicawatches.io\/es\/author\/"},"uagb_comment_info":0,"uagb_excerpt":"Mejor calidad AP Offshore R\u00e9plica Royal Oak Swiss Made 1:1 Marca : AP R\u00e9plica Offshore Modelo : Royal Oak Offshore R\u00e9plica Clon Suizo Di\u00e1metro de la caja : 44 mm Espesor : 16 mm Movimiento : Movimiento de base AP Offshore: Movimiento cron\u00f3grafo autom\u00e1tico suizo 7750 a 28800vph; Decoraci\u00f3n: Placa del movimiento y rotor chapados","jetpack_sharing_enabled":true,"_links":{"self":[{"href":"https:\/\/myreplicawatches.io\/es\/wp-json\/wp\/v2\/product\/11640","targetHints":{"allow":["GET"]}}],"collection":[{"href":"https:\/\/myreplicawatches.io\/es\/wp-json\/wp\/v2\/product"}],"about":[{"href":"https:\/\/myreplicawatches.io\/es\/wp-json\/wp\/v2\/types\/product"}],"replies":[{"embeddable":true,"href":"https:\/\/myreplicawatches.io\/es\/wp-json\/wp\/v2\/comments?post=11640"}],"wp:featuredmedia":[{"embeddable":true,"href":"https:\/\/myreplicawatches.io\/es\/wp-json\/wp\/v2\/media\/8662"}],"wp:attachment":[{"href":"https:\/\/myreplicawatches.io\/es\/wp-json\/wp\/v2\/media?parent=11640"}],"wp:term":[{"taxonomy":"product_brand","embeddable":true,"href":"https:\/\/myreplicawatches.io\/es\/wp-json\/wp\/v2\/product_brand?post=11640"},{"taxonomy":"product_cat","embeddable":true,"href":"https:\/\/myreplicawatches.io\/es\/wp-json\/wp\/v2\/product_cat?post=11640"},{"taxonomy":"product_tag","embeddable":true,"href":"https:\/\/myreplicawatches.io\/es\/wp-json\/wp\/v2\/product_tag?post=11640"}],"curies":[{"name":"wp","href":"https:\/\/api.w.org\/{rel}","templated":true}]}}