{"id":11638,"date":"2023-10-03T21:31:40","date_gmt":"2023-10-03T21:31:40","guid":{"rendered":"https:\/\/myreplicawatches.io\/product\/caja-del-mejor-reloj-richard-mille-de-calidad-original-con-papeles\/"},"modified":"2025-11-16T12:35:56","modified_gmt":"2025-11-16T12:35:56","slug":"caja-del-mejor-reloj-richard-mille-de-calidad-original-con-papeles","status":"publish","type":"product","link":"https:\/\/myreplicawatches.io\/es\/product\/caja-del-mejor-reloj-richard-mille-de-calidad-original-con-papeles\/","title":{"rendered":"Caja del mejor reloj Richard Mille de calidad original con papeles"},"content":{"rendered":"<h2>Caja de reloj Richard Mille de la mejor calidad original &#8211; Caja de reloj r\u00e9plica de la mejor calidad.<\/h2>\n<p>Un juego completo de Relojes Richard Mille Caja 1:1 mejor edici\u00f3n r\u00e9plica valor garantizado, el valor es mayor que el precio, si eres un perfeccionista extremo lo<\/p>\n<h3>Ventajas de poseer una r\u00e9plica de caja completa de relojes Richard Mille:<\/h3>\n<ul>\n<li>Una r\u00e9plica puede comprarse a un precio mucho m\u00e1s barato que uno aut\u00e9ntico, sin embargo, un reloj r\u00e9plica parecer\u00e1 y se sentir\u00e1 igual que el original.<\/li>\n<li>Lo \u00faltimo que alguien quiere es gastarse una fortuna para conseguir un reloj de lujo que tiene peque\u00f1as diferencias con nuestras r\u00e9plicas de relojes.<\/li>\n<li>Muchos entusiastas de los relojes no quieren gastarse miles de d\u00f3lares en relojes y quieren tener esa gran sensaci\u00f3n de poseer un gran reloj de una marca de lujo. Es entonces cuando entran en juego los relojes IP y proporcionan esa sensaci\u00f3n a sus clientes.<\/li>\n<li>\u00bf Tienes ya un aut\u00e9ntico reloj de alta gama que no quieres llevar por motivos de seguridad o por razones de devaluaci\u00f3n en algunas ocasiones ? Lleva tu juego completo de relojes Richard Mille de alta calidad en caja y si\u00e9ntete m\u00e1s seguro, ten la misma confianza, protege tus objetos de valor<\/li>\n<\/ul>\n","protected":false},"excerpt":{"rendered":"<p>Caja de reloj Richard Mille de la mejor calidad original &#8211; Caja de reloj r\u00e9plica de la mejor calidad. Un juego completo de Relojes Richard Mille Caja 1:1 mejor edici\u00f3n r\u00e9plica valor garantizado, el valor es mayor que el precio, si eres un perfeccionista extremo lo Ventajas de poseer una r\u00e9plica de caja completa de<\/p>\n","protected":false},"featured_media":30528,"comment_status":"open","ping_status":"closed","template":"","meta":{"_uag_custom_page_level_css":"","site-sidebar-layout":"default","site-content-layout":"","ast-site-content-layout":"default","site-content-style":"default","site-sidebar-style":"default","ast-global-header-display":"","ast-banner-title-visibility":"","ast-main-header-display":"","ast-hfb-above-header-display":"","ast-hfb-below-header-display":"","ast-hfb-mobile-header-display":"","site-post-title":"","ast-breadcrumbs-content":"","ast-featured-img":"","footer-sml-layout":"","theme-transparent-header-meta":"default","adv-header-id-meta":"","stick-header-meta":"default","header-above-stick-meta":"","header-main-stick-meta":"","header-below-stick-meta":"","astra-migrate-meta-layouts":"set","ast-page-background-enabled":"default","ast-page-background-meta":{"desktop":{"background-color":"var(--ast-global-color-4)","background-image":"","background-repeat":"repeat","background-position":"center center","background-size":"auto","background-attachment":"scroll","background-type":"","background-media":"","overlay-type":"","overlay-color":"","overlay-opacity":"","overlay-gradient":""},"tablet":{"background-color":"","background-image":"","background-repeat":"repeat","background-position":"center center","background-size":"auto","background-attachment":"scroll","background-type":"","background-media":"","overlay-type":"","overlay-color":"","overlay-opacity":"","overlay-gradient":""},"mobile":{"background-color":"","background-image":"","background-repeat":"repeat","background-position":"center center","background-size":"auto","background-attachment":"scroll","background-type":"","background-media":"","overlay-type":"","overlay-color":"","overlay-opacity":"","overlay-gradient":""}},"ast-content-background-meta":{"desktop":{"background-color":"var(--ast-global-color-5)","background-image":"","background-repeat":"repeat","background-position":"center center","background-size":"auto","background-attachment":"scroll","background-type":"","background-media":"","overlay-type":"","overlay-color":"","overlay-opacity":"","overlay-gradient":""},"tablet":{"background-color":"var(--ast-global-color-5)","background-image":"","background-repeat":"repeat","background-position":"center center","background-size":"auto","background-attachment":"scroll","background-type":"","background-media":"","overlay-type":"","overlay-color":"","overlay-opacity":"","overlay-gradient":""},"mobile":{"background-color":"var(--ast-global-color-5)","background-image":"","background-repeat":"repeat","background-position":"center center","background-size":"auto","background-attachment":"scroll","background-type":"","background-media":"","overlay-type":"","overlay-color":"","overlay-opacity":"","overlay-gradient":""}}},"product_brand":[],"product_cat":[178,220,398],"product_tag":[6857,6864,6855,6859,6861,6856,6866,6848,6867,6865,6862,6863,6860,6854,6858],"class_list":{"0":"post-11638","1":"product","2":"type-product","3":"status-publish","4":"has-post-thumbnail","6":"product_cat-cajas-replica-de-relojes","7":"product_cat-replica-richard-mille","8":"product_cat-super-clone-richard-mille-replica-es","9":"product_tag-authentic-richard-mille-box","10":"product_tag-best-quality-richard-mille-box","11":"product_tag-best-richard-mille-box","12":"product_tag-high-quality-richard-mille-box","13":"product_tag-luxury-watch-box-richard-mille","14":"product_tag-original-richard-mille-box","15":"product_tag-premium-richard-mille-watch-box","16":"product_tag-richard-mille-box-with-papers-es","17":"product_tag-richard-mille-gift-box","18":"product_tag-richard-mille-original-packaging","19":"product_tag-richard-mille-packaging","20":"product_tag-richard-mille-presentation-box","21":"product_tag-richard-mille-storage-box","22":"product_tag-richard-mille-watch-box","23":"product_tag-richard-mille-watch-case","24":"desktop-align-left","25":"tablet-align-left","26":"mobile-align-left","27":"ast-product-gallery-layout-vertical-slider","29":"first","30":"instock","31":"sale","32":"shipping-taxable","33":"purchasable","34":"product-type-simple"},"uagb_featured_image_src":{"full":["https:\/\/myreplicawatches.io\/wp-content\/uploads\/2023\/10\/baaffdb26cef28aec88d48ccc5d5f5dc.jpeg",1440,1080,false],"thumbnail":["https:\/\/myreplicawatches.io\/wp-content\/uploads\/2023\/10\/baaffdb26cef28aec88d48ccc5d5f5dc-150x150.jpeg",150,150,true],"medium":["https:\/\/myreplicawatches.io\/wp-content\/uploads\/2023\/10\/baaffdb26cef28aec88d48ccc5d5f5dc-300x225.jpeg",300,225,true],"medium_large":["https:\/\/myreplicawatches.io\/wp-content\/uploads\/2023\/10\/baaffdb26cef28aec88d48ccc5d5f5dc-768x576.jpeg",768,576,true],"large":["https:\/\/myreplicawatches.io\/wp-content\/uploads\/2023\/10\/baaffdb26cef28aec88d48ccc5d5f5dc-1024x768.jpeg",1024,768,true],"1536x1536":["https:\/\/myreplicawatches.io\/wp-content\/uploads\/2023\/10\/baaffdb26cef28aec88d48ccc5d5f5dc.jpeg",1440,1080,false],"2048x2048":["https:\/\/myreplicawatches.io\/wp-content\/uploads\/2023\/10\/baaffdb26cef28aec88d48ccc5d5f5dc.jpeg",1440,1080,false],"woocommerce_thumbnail":["https:\/\/myreplicawatches.io\/wp-content\/uploads\/2023\/10\/baaffdb26cef28aec88d48ccc5d5f5dc-300x300.jpeg",300,300,true],"woocommerce_single":["https:\/\/myreplicawatches.io\/wp-content\/uploads\/2023\/10\/baaffdb26cef28aec88d48ccc5d5f5dc-600x450.jpeg",600,450,true],"woocommerce_gallery_thumbnail":["https:\/\/myreplicawatches.io\/wp-content\/uploads\/2023\/10\/baaffdb26cef28aec88d48ccc5d5f5dc-100x100.jpeg",100,100,true],"variation_swatches_image_size":["https:\/\/myreplicawatches.io\/wp-content\/uploads\/2023\/10\/baaffdb26cef28aec88d48ccc5d5f5dc-50x50.jpeg",50,50,true],"variation_swatches_tooltip_size":["https:\/\/myreplicawatches.io\/wp-content\/uploads\/2023\/10\/baaffdb26cef28aec88d48ccc5d5f5dc-100x100.jpeg",100,100,true],"dgwt-wcas-product-suggestion":["https:\/\/myreplicawatches.io\/wp-content\/uploads\/2023\/10\/baaffdb26cef28aec88d48ccc5d5f5dc-64x48.jpeg",64,48,true]},"uagb_author_info":{"display_name":"admin","author_link":"https:\/\/myreplicawatches.io\/es\/author\/"},"uagb_comment_info":0,"uagb_excerpt":"Caja de reloj Richard Mille de la mejor calidad original &#8211; Caja de reloj r\u00e9plica de la mejor calidad. Un juego completo de Relojes Richard Mille Caja 1:1 mejor edici\u00f3n r\u00e9plica valor garantizado, el valor es mayor que el precio, si eres un perfeccionista extremo lo Ventajas de poseer una r\u00e9plica de caja completa de","jetpack_sharing_enabled":true,"_links":{"self":[{"href":"https:\/\/myreplicawatches.io\/es\/wp-json\/wp\/v2\/product\/11638","targetHints":{"allow":["GET"]}}],"collection":[{"href":"https:\/\/myreplicawatches.io\/es\/wp-json\/wp\/v2\/product"}],"about":[{"href":"https:\/\/myreplicawatches.io\/es\/wp-json\/wp\/v2\/types\/product"}],"replies":[{"embeddable":true,"href":"https:\/\/myreplicawatches.io\/es\/wp-json\/wp\/v2\/comments?post=11638"}],"wp:featuredmedia":[{"embeddable":true,"href":"https:\/\/myreplicawatches.io\/es\/wp-json\/wp\/v2\/media\/30528"}],"wp:attachment":[{"href":"https:\/\/myreplicawatches.io\/es\/wp-json\/wp\/v2\/media?parent=11638"}],"wp:term":[{"taxonomy":"product_brand","embeddable":true,"href":"https:\/\/myreplicawatches.io\/es\/wp-json\/wp\/v2\/product_brand?post=11638"},{"taxonomy":"product_cat","embeddable":true,"href":"https:\/\/myreplicawatches.io\/es\/wp-json\/wp\/v2\/product_cat?post=11638"},{"taxonomy":"product_tag","embeddable":true,"href":"https:\/\/myreplicawatches.io\/es\/wp-json\/wp\/v2\/product_tag?post=11638"}],"curies":[{"name":"wp","href":"https:\/\/api.w.org\/{rel}","templated":true}]}}