{"id":11603,"date":"2023-10-03T21:31:35","date_gmt":"2023-10-03T21:31:35","guid":{"rendered":"https:\/\/myreplicawatches.io\/product\/cartier-love-nail-pulsera-mejor-clon-replica-b6035516-newest-version\/"},"modified":"2026-01-11T00:29:33","modified_gmt":"2026-01-11T00:29:33","slug":"cartier-love-nail-pulsera-mejor-clon-replica-b6035516-newest-version","status":"publish","type":"product","link":"https:\/\/myreplicawatches.io\/es\/product\/cartier-love-nail-pulsera-mejor-clon-replica-b6035516-newest-version\/","title":{"rendered":"Cartier Love\/Nail Pulsera Mejor Clon Replica B6035516 | Newest Version"},"content":{"rendered":"<h3>Ventajas de poseer la pulsera Cartier Love\/Nail Best Clone Replica<\/h3>\n<ul>\n<li>Una r\u00e9plica puede comprarse a un precio mucho m\u00e1s barato que una aut\u00e9ntica, sin embargo, una r\u00e9plica parecer\u00e1 y se sentir\u00e1 igual que la original.<\/li>\n<li>Lo \u00faltimo que alguien quiere es gastarse una fortuna para conseguir una pulsera de lujo que tenga peque\u00f1as diferencias con nuestras pulseras r\u00e9plica.<\/li>\n<li>Muchos entusiastas de los brazaletes no quieren gastarse miles de d\u00f3lares en brazaletes y quieren tener esa gran sensaci\u00f3n de poseer un brazalete de una gran marca de lujo. Es entonces cuando myreplicawatches.io entra en escena y proporciona esa sensaci\u00f3n a sus clientes.<\/li>\n<li>\u00bfYa tienes un aut\u00e9ntico reloj de pulsera de Alta Gama que no quieres llevar por motivos de seguridad o de valor en algunas ocasiones?<br \/>\nLleva tu pulsera Cartier Love\/Nail de Alta Calidad R\u00e9plica del Mejor Clon y si\u00e9ntete m\u00e1s segura, ten la misma confianza, protege tus objetos de valor<\/li>\n<\/ul>\n<p>&nbsp;<\/p>\n<p style=\"text-align: center;\"><img decoding=\"async\" src=\"https:\/\/upload.wikimedia.org\/wikipedia\/commons\/thumb\/8\/86\/Cartier_logo.svg\/1024px-Cartier_logo.svg.png\" alt=\"logo cartier Descuento 68% - www.gmcanantnag.net\" width=\"321\" height=\"93\" title=\"\"><\/p>\n<p style=\"text-align: center;\"><span style=\"color: #ff2a00;\"><strong>S\u00f3lo quedan unos pocos en stock<\/strong><\/span><\/p>\n<p><b>Cartier Love\/Nail Pulsera Mejor Clon R\u00e9plica<\/b><\/p>\n<p><b>Material:<\/b> Acero Titanio 316L + Chapado en Oro, <strong>Versi\u00f3n 1:1 Material:<\/strong> Oro V + chapado en oro aut\u00e9ntico de 18 quilates.<br \/>\n<b>Colores: <\/b>Oro Amarillo \/ Oro Rosa \/ Plata<br \/>\n<b>Ancho de banda<\/b><b>:<\/b>0.6cm<br \/>\n<b>Peso<\/b><b>:<\/b>20g <b>Material Caracter\u00edsticas<\/b><b>: <\/b>Nunca se decolora, se puede llevar bajo el agua EL PAQUETE INCLUYE CAJA ORIGINAL DE CALIDAD <span style=\"text-decoration: underline;\">Las pulseras se pueden ajustar al tama\u00f1o de tu mu\u00f1eca, utilizando los tornillos que te enviamos.<\/span><\/p>\n<p><img decoding=\"async\" src=\"https:\/\/cdn.shopify.com\/s\/files\/1\/0273\/4840\/2250\/files\/Screenshot_2022-03-24_at_9.23.36_AM_480x480.png?v=1648106644\" alt=\"\" title=\"\"> Por favor, elige la talla y el color.<br \/>\nC\u00f3mo elegir tu talla: <img decoding=\"async\" src=\"https:\/\/cdn.shopify.com\/s\/files\/1\/1784\/8681\/files\/Measure_Wrist_Ruler.jpg?v=1509154461\" alt=\"Encuentra la talla de tu mu\u00f1eca - WristVibez\" title=\"\"><\/p>\n<table width=\"100%\">\n<tbody>\n<tr style=\"height: 33px;\">\n<td style=\"width: 49.3605%;\">\n<p style=\"text-align: center;\">Tama\u00f1o de la pulsera<\/p>\n<\/td>\n<td style=\"width: 47.5542%; text-align: center;\">El tama\u00f1o de tu mu\u00f1eca<\/td>\n<\/tr>\n<tr style=\"height: 33px;\">\n<td style=\"width: 49.3605%;\">\n<p style=\"text-align: center;\">15<\/p>\n<\/td>\n<td style=\"width: 47.5542%;\">15 cm -15,3 cm<\/td>\n<\/tr>\n<tr style=\"height: 65px;\">\n<td style=\"width: 49.3605%;\">\n<p style=\"text-align: center;\">16<\/p>\n<\/td>\n<td style=\"width: 47.5542%;\"><\/td>\n<\/tr>\n<\/tbody>\n<\/table>\n<table width=\"221\">\n<tbody>\n<tr>\n<td style=\"width: 47.5542%;\">\n<table width=\"263\">\n<tbody>\n<tr>\n<td style=\"width: 252.688px;\">15,5cm ( 6,1 pulgadas )<\/td>\n<\/tr>\n<\/tbody>\n<\/table>\n<\/td>\n<\/tr>\n<tr>\n<td style=\"width: 49.3605%;\"><\/td>\n<\/tr>\n<\/tbody>\n<\/table>\n<p>&nbsp;<\/p>\n<p style=\"text-align: center;\">17<\/p>\n<p>15,6 cm &#8211; 16 cm ( 6,11 pulgadas &#8211; 6,3 pulgadas )1816,1 cm &#8211; 16,4 cm ( 6,31 pulgadas &#8211; 6,5 pulgadas)<\/p>\n<p style=\"text-align: center;\">19<\/p>\n<p>16,5 cm &#8211; 17 cm ( 6,51 pulgadas &#8211; 6,7 pulgadas )<\/p>\n","protected":false},"excerpt":{"rendered":"<p>Ventajas de poseer la pulsera Cartier Love\/Nail Best Clone Replica Una r\u00e9plica puede comprarse a un precio mucho m\u00e1s barato que una aut\u00e9ntica, sin embargo, una r\u00e9plica parecer\u00e1 y se sentir\u00e1 igual que la original. Lo \u00faltimo que alguien quiere es gastarse una fortuna para conseguir una pulsera de lujo que tenga peque\u00f1as diferencias con<\/p>\n","protected":false},"featured_media":8552,"comment_status":"open","ping_status":"closed","template":"","meta":{"_uag_custom_page_level_css":"","site-sidebar-layout":"default","site-content-layout":"","ast-site-content-layout":"default","site-content-style":"default","site-sidebar-style":"default","ast-global-header-display":"","ast-banner-title-visibility":"","ast-main-header-display":"","ast-hfb-above-header-display":"","ast-hfb-below-header-display":"","ast-hfb-mobile-header-display":"","site-post-title":"","ast-breadcrumbs-content":"","ast-featured-img":"","footer-sml-layout":"","theme-transparent-header-meta":"default","adv-header-id-meta":"","stick-header-meta":"default","header-above-stick-meta":"","header-main-stick-meta":"","header-below-stick-meta":"","astra-migrate-meta-layouts":"set","ast-page-background-enabled":"default","ast-page-background-meta":{"desktop":{"background-color":"var(--ast-global-color-4)","background-image":"","background-repeat":"repeat","background-position":"center center","background-size":"auto","background-attachment":"scroll","background-type":"","background-media":"","overlay-type":"","overlay-color":"","overlay-opacity":"","overlay-gradient":""},"tablet":{"background-color":"","background-image":"","background-repeat":"repeat","background-position":"center center","background-size":"auto","background-attachment":"scroll","background-type":"","background-media":"","overlay-type":"","overlay-color":"","overlay-opacity":"","overlay-gradient":""},"mobile":{"background-color":"","background-image":"","background-repeat":"repeat","background-position":"center center","background-size":"auto","background-attachment":"scroll","background-type":"","background-media":"","overlay-type":"","overlay-color":"","overlay-opacity":"","overlay-gradient":""}},"ast-content-background-meta":{"desktop":{"background-color":"var(--ast-global-color-5)","background-image":"","background-repeat":"repeat","background-position":"center center","background-size":"auto","background-attachment":"scroll","background-type":"","background-media":"","overlay-type":"","overlay-color":"","overlay-opacity":"","overlay-gradient":""},"tablet":{"background-color":"var(--ast-global-color-5)","background-image":"","background-repeat":"repeat","background-position":"center center","background-size":"auto","background-attachment":"scroll","background-type":"","background-media":"","overlay-type":"","overlay-color":"","overlay-opacity":"","overlay-gradient":""},"mobile":{"background-color":"var(--ast-global-color-5)","background-image":"","background-repeat":"repeat","background-position":"center center","background-size":"auto","background-attachment":"scroll","background-type":"","background-media":"","overlay-type":"","overlay-color":"","overlay-opacity":"","overlay-gradient":""}}},"product_brand":[],"product_cat":[230],"product_tag":[],"class_list":{"0":"post-11603","1":"product","2":"type-product","3":"status-publish","4":"has-post-thumbnail","6":"product_cat-replica-de-relojes-cartier","7":"desktop-align-left","8":"tablet-align-left","9":"mobile-align-left","10":"ast-product-gallery-layout-vertical-slider","11":"ast-product-single-variable","13":"first","14":"instock","15":"shipping-taxable","16":"purchasable","17":"product-type-variable"},"uagb_featured_image_src":{"full":["https:\/\/myreplicawatches.io\/wp-content\/uploads\/2023\/10\/Replica-rolex-Sky-dweller-rose-gold-63.jpg",1080,1080,false],"thumbnail":["https:\/\/myreplicawatches.io\/wp-content\/uploads\/2023\/10\/Replica-rolex-Sky-dweller-rose-gold-63-150x150.jpg",150,150,true],"medium":["https:\/\/myreplicawatches.io\/wp-content\/uploads\/2023\/10\/Replica-rolex-Sky-dweller-rose-gold-63-300x300.jpg",300,300,true],"medium_large":["https:\/\/myreplicawatches.io\/wp-content\/uploads\/2023\/10\/Replica-rolex-Sky-dweller-rose-gold-63-768x768.jpg",768,768,true],"large":["https:\/\/myreplicawatches.io\/wp-content\/uploads\/2023\/10\/Replica-rolex-Sky-dweller-rose-gold-63-1024x1024.jpg",1024,1024,true],"1536x1536":["https:\/\/myreplicawatches.io\/wp-content\/uploads\/2023\/10\/Replica-rolex-Sky-dweller-rose-gold-63.jpg",1080,1080,false],"2048x2048":["https:\/\/myreplicawatches.io\/wp-content\/uploads\/2023\/10\/Replica-rolex-Sky-dweller-rose-gold-63.jpg",1080,1080,false],"woocommerce_thumbnail":["https:\/\/myreplicawatches.io\/wp-content\/uploads\/2023\/10\/Replica-rolex-Sky-dweller-rose-gold-63-300x300.jpg",300,300,true],"woocommerce_single":["https:\/\/myreplicawatches.io\/wp-content\/uploads\/2023\/10\/Replica-rolex-Sky-dweller-rose-gold-63-600x600.jpg",600,600,true],"woocommerce_gallery_thumbnail":["https:\/\/myreplicawatches.io\/wp-content\/uploads\/2023\/10\/Replica-rolex-Sky-dweller-rose-gold-63-100x100.jpg",100,100,true],"variation_swatches_image_size":["https:\/\/myreplicawatches.io\/wp-content\/uploads\/2023\/10\/Replica-rolex-Sky-dweller-rose-gold-63-50x50.jpg",50,50,true],"variation_swatches_tooltip_size":["https:\/\/myreplicawatches.io\/wp-content\/uploads\/2023\/10\/Replica-rolex-Sky-dweller-rose-gold-63-100x100.jpg",100,100,true],"dgwt-wcas-product-suggestion":["https:\/\/myreplicawatches.io\/wp-content\/uploads\/2023\/10\/Replica-rolex-Sky-dweller-rose-gold-63-64x64.jpg",64,64,true]},"uagb_author_info":{"display_name":"admin","author_link":"https:\/\/myreplicawatches.io\/es\/author\/"},"uagb_comment_info":0,"uagb_excerpt":"Ventajas de poseer la pulsera Cartier Love\/Nail Best Clone Replica Una r\u00e9plica puede comprarse a un precio mucho m\u00e1s barato que una aut\u00e9ntica, sin embargo, una r\u00e9plica parecer\u00e1 y se sentir\u00e1 igual que la original. Lo \u00faltimo que alguien quiere es gastarse una fortuna para conseguir una pulsera de lujo que tenga peque\u00f1as diferencias con","jetpack_sharing_enabled":true,"_links":{"self":[{"href":"https:\/\/myreplicawatches.io\/es\/wp-json\/wp\/v2\/product\/11603","targetHints":{"allow":["GET"]}}],"collection":[{"href":"https:\/\/myreplicawatches.io\/es\/wp-json\/wp\/v2\/product"}],"about":[{"href":"https:\/\/myreplicawatches.io\/es\/wp-json\/wp\/v2\/types\/product"}],"replies":[{"embeddable":true,"href":"https:\/\/myreplicawatches.io\/es\/wp-json\/wp\/v2\/comments?post=11603"}],"wp:featuredmedia":[{"embeddable":true,"href":"https:\/\/myreplicawatches.io\/es\/wp-json\/wp\/v2\/media\/8552"}],"wp:attachment":[{"href":"https:\/\/myreplicawatches.io\/es\/wp-json\/wp\/v2\/media?parent=11603"}],"wp:term":[{"taxonomy":"product_brand","embeddable":true,"href":"https:\/\/myreplicawatches.io\/es\/wp-json\/wp\/v2\/product_brand?post=11603"},{"taxonomy":"product_cat","embeddable":true,"href":"https:\/\/myreplicawatches.io\/es\/wp-json\/wp\/v2\/product_cat?post=11603"},{"taxonomy":"product_tag","embeddable":true,"href":"https:\/\/myreplicawatches.io\/es\/wp-json\/wp\/v2\/product_tag?post=11603"}],"curies":[{"name":"wp","href":"https:\/\/api.w.org\/{rel}","templated":true}]}}