{"id":11602,"date":"2023-10-03T21:31:19","date_gmt":"2023-10-03T21:31:19","guid":{"rendered":"https:\/\/myreplicawatches.io\/product\/super-clon-replica-audemars-piguet-oro-rosa\/"},"modified":"2025-07-27T11:47:58","modified_gmt":"2025-07-27T11:47:58","slug":"super-clon-replica-audemars-piguet-oro-rosa","status":"publish","type":"product","link":"https:\/\/myreplicawatches.io\/es\/product\/super-clon-replica-audemars-piguet-oro-rosa\/","title":{"rendered":"Super Clon R\u00e9plica Audemars Piguet Oro Rosa"},"content":{"rendered":"<h3>Super Clon R\u00e9plica Audemars Piguet Oro Rosa &#8211; Clon suizo r\u00e9plica de reloj.<\/h3>\n<table id=\"tablepress-475-no-2\" class=\"tablepress tablepress-id-475\">\n<thead>\n<tr class=\"row-1 odd\">\n<th class=\"column-1\" colspan=\"2\">ESPECIFICACI\u00d3N del Super Clon R\u00e9plica Audemars Piguet Oro Rosa<\/th>\n<\/tr>\n<\/thead>\n<tbody class=\"row-hover\">\n<tr class=\"row-2 even\">\n<td class=\"column-1\"><b>MARCA<\/b><\/td>\n<td class=\"column-2\">Audemars Piguet<\/td>\n<\/tr>\n<tr class=\"row-3 odd\">\n<td class=\"column-1\"><b>FAMILIA<\/b><\/td>\n<td class=\"column-2\">Roble Real<\/td>\n<\/tr>\n<tr class=\"row-4 even\">\n<td class=\"column-1\"><b>NO DE MODELO<\/b><\/td>\n<td class=\"column-2\">15500O.OO.1220O.01<\/td>\n<\/tr>\n<tr class=\"row-5 odd\">\n<td class=\"column-1\" colspan=\"2\"><b>MECANISMO<\/b><\/td>\n<\/tr>\n<tr class=\"row-6 even\">\n<td class=\"column-1\">Movimiento<\/td>\n<td class=\"column-2\">Autom\u00e1tico<\/td>\n<\/tr>\n<tr class=\"row-7 odd\">\n<td class=\"column-1\">Calibre<\/td>\n<td class=\"column-2\">AP 4302<\/td>\n<\/tr>\n<tr class=\"row-8 even\">\n<td class=\"column-1\">Reserva de potencia<\/td>\n<td class=\"column-2\">60 horas (aproximadamente)<\/td>\n<\/tr>\n<tr class=\"row-9 odd\">\n<td class=\"column-1\">Precisi\u00f3n<\/td>\n<td class=\"column-2\">(-3\/+3 seg\/d\u00eda) Dentro de los l\u00edmites de la certificaci\u00f3n COSC<\/td>\n<\/tr>\n<tr class=\"row-10 even\">\n<td class=\"column-1\">Segunda Mano<\/td>\n<td class=\"column-2\">Movimiento de barrido<\/td>\n<\/tr>\n<tr class=\"row-11 odd\">\n<td class=\"column-1\" colspan=\"2\"><b>CASO<\/b><\/td>\n<\/tr>\n<tr class=\"row-12 even\">\n<td class=\"column-1\">Material<\/td>\n<td class=\"column-2\">Acero inoxidable 904L<\/td>\n<\/tr>\n<tr class=\"row-13 odd\">\n<td class=\"column-1\">Color<\/td>\n<td class=\"column-2\">Oro rosa<\/td>\n<\/tr>\n<tr class=\"row-14 even\">\n<td class=\"column-1\">Material del bisel<\/td>\n<td class=\"column-2\">Acero inoxidable 904L<\/td>\n<\/tr>\n<tr class=\"row-15 odd\">\n<td class=\"column-1\">Color del bisel<\/td>\n<td class=\"column-2\">Oro rosa<\/td>\n<\/tr>\n<tr class=\"row-16 even\">\n<td class=\"column-1\">Cristal<\/td>\n<td class=\"column-2\">Cristal de zafiro<\/td>\n<\/tr>\n<tr class=\"row-17 odd\">\n<td class=\"column-1\">Tama\u00f1o<\/td>\n<td class=\"column-2\">41,00 mm<\/td>\n<\/tr>\n<tr class=\"row-18 even\">\n<td class=\"column-1\">Espesor<\/td>\n<td class=\"column-2\">Na<\/td>\n<\/tr>\n<tr class=\"row-19 odd\">\n<td class=\"column-1\" colspan=\"2\"><b>PULSERA<\/b><\/td>\n<\/tr>\n<tr class=\"row-20 even\">\n<td class=\"column-1\">Material<\/td>\n<td class=\"column-2\">Acero inoxidable 904L<\/td>\n<\/tr>\n<tr class=\"row-21 odd\">\n<td class=\"column-1\">Tipo<\/td>\n<td class=\"column-2\">Pulsera Royal Oak<\/td>\n<\/tr>\n<tr class=\"row-22 even\">\n<td class=\"column-1\">Color<\/td>\n<td class=\"column-2\">Oro rosa<\/td>\n<\/tr>\n<tr class=\"row-23 odd\">\n<td class=\"column-1\">Talla<\/td>\n<td class=\"column-2\">Eslabones ajustables como originales para todas las tallas<\/td>\n<\/tr>\n<tr class=\"row-24 even\">\n<td class=\"column-1\">Material del cierre<\/td>\n<td class=\"column-2\">Acero inoxidable 904L<\/td>\n<\/tr>\n<tr class=\"row-25 odd\">\n<td class=\"column-1\">Tipo de cierre<\/td>\n<td class=\"column-2\">Cierre desplegable AP<\/td>\n<\/tr>\n<tr class=\"row-26 even\">\n<td class=\"column-1\">Color del cierre<\/td>\n<td class=\"column-2\">Oro rosa<\/td>\n<\/tr>\n<tr class=\"row-27 odd\">\n<td class=\"column-1\" colspan=\"2\"><b>MARCA<\/b><\/td>\n<\/tr>\n<tr class=\"row-28 even\">\n<td class=\"column-1\">Apodo<\/td>\n<td class=\"column-2\">Peque\u00f1a Tapicer\u00eda<\/td>\n<\/tr>\n<tr class=\"row-29 odd\">\n<td class=\"column-1\">Color<\/td>\n<td class=\"column-2\">Negro<\/td>\n<\/tr>\n<tr class=\"row-30 even\">\n<td class=\"column-1\">Indeces<\/td>\n<td class=\"column-2\">Palo \/ Punto<\/td>\n<\/tr>\n<tr class=\"row-31 odd\">\n<td class=\"column-1\">Material de los \u00edndices<\/td>\n<td class=\"column-2\">Acero inoxidable 904L<\/td>\n<\/tr>\n<tr class=\"row-32 even\">\n<td class=\"column-1\">Tipo de \u00edndices<\/td>\n<td class=\"column-2\">Reloj horario Royal Oak<\/td>\n<\/tr>\n<tr class=\"row-33 odd\">\n<td class=\"column-1\">Material de las manecillas<\/td>\n<td class=\"column-2\">Acero inoxidable 904L<\/td>\n<\/tr>\n<tr class=\"row-34 even\">\n<td class=\"column-1\">Tipo de manos<\/td>\n<td class=\"column-2\">Palo<\/td>\n<\/tr>\n<tr class=\"row-35 odd\">\n<td class=\"column-1\"><b>FUNCIONES<\/b><\/td>\n<td class=\"column-2\">Horas, minutos | Fecha, d\u00eda, a\u00f1o bisiesto, mes, indicador de semana | Fase lunar<\/td>\n<\/tr>\n<tr class=\"row-36 even\">\n<td class=\"column-1\"><b>RESISTENCIA AL AGUA<\/b><\/td>\n<td class=\"column-2\">Ha superado la prueba de resistencia al agua de 30 m. (La prueba se realiz\u00f3 a una presi\u00f3n de 3 atm\/30 metros. Sin embargo, no se recomienda nadar con ning\u00fan reloj, ni aut\u00e9ntico ni r\u00e9plica).<\/td>\n<\/tr>\n<tr class=\"row-37 odd\">\n<td class=\"column-1\"><b>PERFECCI\u00d3N<\/b><\/td>\n<td class=\"column-2\">&#8211; Los mismos n\u00fameros de serie y tarjetas organizables &#8211; El mismo tipo de letra, punto y acabado para las inscripciones y marcas &#8211; El mismo grosor y tama\u00f1o &#8211; El mismo movimiento y calibre potentes En resumen, \u00a1es el mismo reloj aut\u00e9ntico! \u00a1\u00c9sta es la perfecci\u00f3n de nuestros relojes supercl\u00f3nicos 1:1 de mecanismo suizo! \u00a1Ni siquiera tu joyero podr\u00e1 notar la diferencia!<\/td>\n<\/tr>\n<tr class=\"row-38 even\">\n<td class=\"column-1\"><b>GARANT\u00cdA<\/b><\/td>\n<td class=\"column-2\">Todos nuestros relojes de mecanismo suizo est\u00e1n protegidos por una garant\u00eda completa de 2 a\u00f1os International United Luxury<\/td>\n<\/tr>\n<tr class=\"row-39 odd\">\n<td class=\"column-1\"><b>ATENCI\u00d3N POR FAVOR <\/b><\/td>\n<td class=\"column-2\">Estimados clientes, para los relojes de mecanismo japon\u00e9s, los MATERIALES y los MOVIMIENTOS pueden diferir de los relojes de mecanismo suizo.<br \/>\nPonte en contacto con nuestro equipo de asistencia para obtener m\u00e1s informaci\u00f3n y v\u00eddeos de los relojes.<br \/>\n(Las caracter\u00edsticas de la lista est\u00e1n preparadas para los relojes de Mecanismo Suizo).<\/td>\n<\/tr>\n<\/tbody>\n<\/table>\n<p>&nbsp;<\/p>\n<div class=\"product-info__text\">\n<div class=\"prose\">\n<h5>Ventajas de poseer el Super Clon R\u00e9plica Audemars Piguet Oro Rosa:<\/h5>\n<ul>\n<li>Una r\u00e9plica puede comprarse a un precio mucho m\u00e1s barato que uno aut\u00e9ntico, sin embargo, un reloj r\u00e9plica parecer\u00e1 y se sentir\u00e1 igual que el original.<\/li>\n<li>Lo \u00faltimo que alguien quiere es gastarse una fortuna para conseguir un reloj de lujo que tiene peque\u00f1as diferencias con nuestras r\u00e9plicas de relojes.<\/li>\n<li>Muchos entusiastas de los relojes no quieren gastarse miles de d\u00f3lares en relojes y quieren tener esa gran sensaci\u00f3n de poseer un gran reloj de una marca de lujo. Aqu\u00ed es cuando entran en juego los relojes myreplicawatches.io y proporcionan esa sensaci\u00f3n a sus clientes.<\/li>\n<li>\u00bf Tienes ya un aut\u00e9ntico reloj de alta gama que no quieres llevar por motivos de seguridad o por razones de devaluaci\u00f3n en algunas ocasiones ? Lleva tu Reloj Audemars Piguet Oro Rosa R\u00e9plica Super Clon de Alta Calidad y si\u00e9ntete m\u00e1s seguro, ten la misma confianza, protege tus objetos de valor<\/li>\n<\/ul>\n<\/div>\n<\/div>\n<div class=\"product-info__description\">\n<div class=\"prose\"><\/div>\n<\/div>\n","protected":false},"excerpt":{"rendered":"<p>Super Clon R\u00e9plica Audemars Piguet Oro Rosa &#8211; Clon suizo r\u00e9plica de reloj. ESPECIFICACI\u00d3N del Super Clon R\u00e9plica Audemars Piguet Oro Rosa MARCA Audemars Piguet FAMILIA Roble Real NO DE MODELO 15500O.OO.1220O.01 MECANISMO Movimiento Autom\u00e1tico Calibre AP 4302 Reserva de potencia 60 horas (aproximadamente) Precisi\u00f3n (-3\/+3 seg\/d\u00eda) Dentro de los l\u00edmites de la certificaci\u00f3n COSC<\/p>\n","protected":false},"featured_media":6428,"comment_status":"open","ping_status":"closed","template":"","meta":{"_uag_custom_page_level_css":"","site-sidebar-layout":"default","site-content-layout":"","ast-site-content-layout":"default","site-content-style":"default","site-sidebar-style":"default","ast-global-header-display":"","ast-banner-title-visibility":"","ast-main-header-display":"","ast-hfb-above-header-display":"","ast-hfb-below-header-display":"","ast-hfb-mobile-header-display":"","site-post-title":"","ast-breadcrumbs-content":"","ast-featured-img":"","footer-sml-layout":"","theme-transparent-header-meta":"default","adv-header-id-meta":"","stick-header-meta":"default","header-above-stick-meta":"","header-main-stick-meta":"","header-below-stick-meta":"","astra-migrate-meta-layouts":"set","ast-page-background-enabled":"default","ast-page-background-meta":{"desktop":{"background-color":"var(--ast-global-color-4)","background-image":"","background-repeat":"repeat","background-position":"center center","background-size":"auto","background-attachment":"scroll","background-type":"","background-media":"","overlay-type":"","overlay-color":"","overlay-opacity":"","overlay-gradient":""},"tablet":{"background-color":"","background-image":"","background-repeat":"repeat","background-position":"center center","background-size":"auto","background-attachment":"scroll","background-type":"","background-media":"","overlay-type":"","overlay-color":"","overlay-opacity":"","overlay-gradient":""},"mobile":{"background-color":"","background-image":"","background-repeat":"repeat","background-position":"center center","background-size":"auto","background-attachment":"scroll","background-type":"","background-media":"","overlay-type":"","overlay-color":"","overlay-opacity":"","overlay-gradient":""}},"ast-content-background-meta":{"desktop":{"background-color":"var(--ast-global-color-5)","background-image":"","background-repeat":"repeat","background-position":"center center","background-size":"auto","background-attachment":"scroll","background-type":"","background-media":"","overlay-type":"","overlay-color":"","overlay-opacity":"","overlay-gradient":""},"tablet":{"background-color":"var(--ast-global-color-5)","background-image":"","background-repeat":"repeat","background-position":"center center","background-size":"auto","background-attachment":"scroll","background-type":"","background-media":"","overlay-type":"","overlay-color":"","overlay-opacity":"","overlay-gradient":""},"mobile":{"background-color":"var(--ast-global-color-5)","background-image":"","background-repeat":"repeat","background-position":"center center","background-size":"auto","background-attachment":"scroll","background-type":"","background-media":"","overlay-type":"","overlay-color":"","overlay-opacity":"","overlay-gradient":""}}},"product_brand":[],"product_cat":[149],"product_tag":[5807,5814,5812,5802,5813,5810,5803,5806,5809,5804,5805,5808,5815,5801,5811],"class_list":{"0":"post-11602","1":"product","2":"type-product","3":"status-publish","4":"has-post-thumbnail","6":"product_cat-relojes-replica-audemars-piguet","7":"product_tag-ap-rose-gold-replica-watch","8":"product_tag-ap-rose-gold-super-clone-watch","9":"product_tag-ap-royal-oak-rose-gold-fake","10":"product_tag-ap-royal-oak-rose-gold-super-clone","11":"product_tag-audemars-piguet-rose-gold-exact-copy","12":"product_tag-audemars-piguet-rose-gold-knockoff","13":"product_tag-audemars-piguet-rose-gold-replica","14":"product_tag-audemars-piguet-royal-oak-rose-gold-super-clone","15":"product_tag-best-clone-audemars-piguet-rose-gold","16":"product_tag-best-replica-ap-rose-gold","17":"product_tag-high-quality-ap-rose-gold-clone","18":"product_tag-luxury-ap-rose-gold-super-clone","19":"product_tag-premium-replica-audemars-piguet-rose-gold","20":"product_tag-super-clone-replica-audemars-piguet-rose-gold","21":"product_tag-swiss-made-ap-rose-gold-replica","22":"desktop-align-left","23":"tablet-align-left","24":"mobile-align-left","25":"ast-product-gallery-layout-vertical-slider","26":"ast-product-single-variable","28":"first","29":"instock","30":"shipping-taxable","31":"purchasable","32":"product-type-variable"},"uagb_featured_image_src":{"full":["https:\/\/myreplicawatches.io\/wp-content\/uploads\/2023\/10\/Screenshot2023-08-25at12.38.11PM.png",684,836,false],"thumbnail":["https:\/\/myreplicawatches.io\/wp-content\/uploads\/2023\/10\/Screenshot2023-08-25at12.38.11PM-150x150.png",150,150,true],"medium":["https:\/\/myreplicawatches.io\/wp-content\/uploads\/2023\/10\/Screenshot2023-08-25at12.38.11PM-245x300.png",245,300,true],"medium_large":["https:\/\/myreplicawatches.io\/wp-content\/uploads\/2023\/10\/Screenshot2023-08-25at12.38.11PM.png",684,836,false],"large":["https:\/\/myreplicawatches.io\/wp-content\/uploads\/2023\/10\/Screenshot2023-08-25at12.38.11PM.png",684,836,false],"1536x1536":["https:\/\/myreplicawatches.io\/wp-content\/uploads\/2023\/10\/Screenshot2023-08-25at12.38.11PM.png",684,836,false],"2048x2048":["https:\/\/myreplicawatches.io\/wp-content\/uploads\/2023\/10\/Screenshot2023-08-25at12.38.11PM.png",684,836,false],"woocommerce_thumbnail":["https:\/\/myreplicawatches.io\/wp-content\/uploads\/2023\/10\/Screenshot2023-08-25at12.38.11PM-300x300.png",300,300,true],"woocommerce_single":["https:\/\/myreplicawatches.io\/wp-content\/uploads\/2023\/10\/Screenshot2023-08-25at12.38.11PM-600x733.png",600,733,true],"woocommerce_gallery_thumbnail":["https:\/\/myreplicawatches.io\/wp-content\/uploads\/2023\/10\/Screenshot2023-08-25at12.38.11PM-100x100.png",100,100,true],"variation_swatches_image_size":["https:\/\/myreplicawatches.io\/wp-content\/uploads\/2023\/10\/Screenshot2023-08-25at12.38.11PM.png",41,50,false],"variation_swatches_tooltip_size":["https:\/\/myreplicawatches.io\/wp-content\/uploads\/2023\/10\/Screenshot2023-08-25at12.38.11PM.png",82,100,false],"dgwt-wcas-product-suggestion":["https:\/\/myreplicawatches.io\/wp-content\/uploads\/2023\/10\/Screenshot2023-08-25at12.38.11PM-64x78.png",64,78,true]},"uagb_author_info":{"display_name":"admin","author_link":"https:\/\/myreplicawatches.io\/es\/author\/"},"uagb_comment_info":0,"uagb_excerpt":"Super Clon R\u00e9plica Audemars Piguet Oro Rosa &#8211; Clon suizo r\u00e9plica de reloj. ESPECIFICACI\u00d3N del Super Clon R\u00e9plica Audemars Piguet Oro Rosa MARCA Audemars Piguet FAMILIA Roble Real NO DE MODELO 15500O.OO.1220O.01 MECANISMO Movimiento Autom\u00e1tico Calibre AP 4302 Reserva de potencia 60 horas (aproximadamente) Precisi\u00f3n (-3\/+3 seg\/d\u00eda) Dentro de los l\u00edmites de la certificaci\u00f3n COSC","jetpack_sharing_enabled":true,"_links":{"self":[{"href":"https:\/\/myreplicawatches.io\/es\/wp-json\/wp\/v2\/product\/11602","targetHints":{"allow":["GET"]}}],"collection":[{"href":"https:\/\/myreplicawatches.io\/es\/wp-json\/wp\/v2\/product"}],"about":[{"href":"https:\/\/myreplicawatches.io\/es\/wp-json\/wp\/v2\/types\/product"}],"replies":[{"embeddable":true,"href":"https:\/\/myreplicawatches.io\/es\/wp-json\/wp\/v2\/comments?post=11602"}],"wp:featuredmedia":[{"embeddable":true,"href":"https:\/\/myreplicawatches.io\/es\/wp-json\/wp\/v2\/media\/6428"}],"wp:attachment":[{"href":"https:\/\/myreplicawatches.io\/es\/wp-json\/wp\/v2\/media?parent=11602"}],"wp:term":[{"taxonomy":"product_brand","embeddable":true,"href":"https:\/\/myreplicawatches.io\/es\/wp-json\/wp\/v2\/product_brand?post=11602"},{"taxonomy":"product_cat","embeddable":true,"href":"https:\/\/myreplicawatches.io\/es\/wp-json\/wp\/v2\/product_cat?post=11602"},{"taxonomy":"product_tag","embeddable":true,"href":"https:\/\/myreplicawatches.io\/es\/wp-json\/wp\/v2\/product_tag?post=11602"}],"curies":[{"name":"wp","href":"https:\/\/api.w.org\/{rel}","templated":true}]}}