{"id":11598,"date":"2023-10-03T21:31:15","date_gmt":"2023-10-03T21:31:15","guid":{"rendered":"https:\/\/myreplicawatches.io\/product\/replica-ap-royal-oak-automatico-oro-rosa\/"},"modified":"2026-01-11T00:23:50","modified_gmt":"2026-01-11T00:23:50","slug":"replica-ap-royal-oak-automatico-oro-rosa","status":"publish","type":"product","link":"https:\/\/myreplicawatches.io\/es\/product\/replica-ap-royal-oak-automatico-oro-rosa\/","title":{"rendered":"R\u00e9plica AP Royal Oak Autom\u00e1tico Oro Rosa"},"content":{"rendered":"<p>R\u00e9plica AP Royal Oak Autom\u00e1tico Oro Rosa &#8211; La mejor calidad AAAA+<\/p>\n<div data-pm-slice=\"1 1 []\" data-en-clipboard=\"true\">\n<table id=\"tablepress-86-no-2\" class=\"tablepress tablepress-id-86\">\n<thead>\n<tr class=\"row-1 odd\">\n<th class=\"column-1\" colspan=\"2\">ESPECIFICACI\u00d3N de la R\u00e9plica AP Royal Oak Autom\u00e1tico Oro Rosa<\/th>\n<\/tr>\n<\/thead>\n<tbody class=\"row-hover\">\n<tr class=\"row-2 even\">\n<td class=\"column-1\"><b>MARCA<\/b><\/td>\n<td class=\"column-2\">Audemars Piguet<\/td>\n<\/tr>\n<tr class=\"row-3 odd\">\n<td class=\"column-1\"><b>FAMILIA<\/b><\/td>\n<td class=\"column-2\">Roble Real<\/td>\n<\/tr>\n<tr class=\"row-4 even\">\n<td class=\"column-1\"><b>NO DE MODELO<\/b><\/td>\n<td class=\"column-2\">15400SR.OO.1220SR.01<\/td>\n<\/tr>\n<tr class=\"row-5 odd\">\n<td class=\"column-1\" colspan=\"2\"><b>MECANISMO<\/b><\/td>\n<\/tr>\n<tr class=\"row-6 even\">\n<td class=\"column-1\">Movimiento<\/td>\n<td class=\"column-2\">Autom\u00e1tico<\/td>\n<\/tr>\n<tr class=\"row-7 odd\">\n<td class=\"column-1\">Calibre<\/td>\n<td class=\"column-2\">AP 3120<\/td>\n<\/tr>\n<tr class=\"row-8 even\">\n<td class=\"column-1\">Reserva de potencia<\/td>\n<td class=\"column-2\">60 horas (aproximadamente)<\/td>\n<\/tr>\n<tr class=\"row-9 odd\">\n<td class=\"column-1\">Precisi\u00f3n<\/td>\n<td class=\"column-2\">(-3\/+3 seg\/d\u00eda) Dentro de los l\u00edmites de la certificaci\u00f3n COSC<\/td>\n<\/tr>\n<tr class=\"row-10 even\">\n<td class=\"column-1\">Segunda Mano<\/td>\n<td class=\"column-2\">Movimiento de barrido<\/td>\n<\/tr>\n<tr class=\"row-11 odd\">\n<td class=\"column-1\" colspan=\"2\"><b>CASO<\/b><\/td>\n<\/tr>\n<tr class=\"row-12 even\">\n<td class=\"column-1\">Material<\/td>\n<td class=\"column-2\">Acero inoxidable 904L<\/td>\n<\/tr>\n<tr class=\"row-13 odd\">\n<td class=\"column-1\">Color<\/td>\n<td class=\"column-2\">Oro rosa<\/td>\n<\/tr>\n<tr class=\"row-14 even\">\n<td class=\"column-1\">Material del bisel<\/td>\n<td class=\"column-2\">Acero inoxidable 904L<\/td>\n<\/tr>\n<tr class=\"row-15 odd\">\n<td class=\"column-1\">Color del bisel<\/td>\n<td class=\"column-2\">Oro rosa<\/td>\n<\/tr>\n<tr class=\"row-16 even\">\n<td class=\"column-1\">Cristal<\/td>\n<td class=\"column-2\">Cristal de zafiro<\/td>\n<\/tr>\n<tr class=\"row-17 odd\">\n<td class=\"column-1\">Tama\u00f1o<\/td>\n<td class=\"column-2\">41,00 mm<\/td>\n<\/tr>\n<tr class=\"row-18 even\">\n<td class=\"column-1\">Espesor<\/td>\n<td class=\"column-2\">09,08 mm<\/td>\n<\/tr>\n<tr class=\"row-19 odd\">\n<td class=\"column-1\" colspan=\"2\"><b>PULSERA<\/b><\/td>\n<\/tr>\n<tr class=\"row-20 even\">\n<td class=\"column-1\">Material<\/td>\n<td class=\"column-2\">Acero inoxidable 904L<\/td>\n<\/tr>\n<tr class=\"row-21 odd\">\n<td class=\"column-1\">Tipo<\/td>\n<td class=\"column-2\">Pulsera Royal Oak<\/td>\n<\/tr>\n<tr class=\"row-22 even\">\n<td class=\"column-1\">Color<\/td>\n<td class=\"column-2\">Acero, Oro rosa<\/td>\n<\/tr>\n<tr class=\"row-23 odd\">\n<td class=\"column-1\">Talla<\/td>\n<td class=\"column-2\">Eslabones ajustables como originales para todas las tallas<\/td>\n<\/tr>\n<tr class=\"row-24 even\">\n<td class=\"column-1\">Material del cierre<\/td>\n<td class=\"column-2\">Acero inoxidable 904L<\/td>\n<\/tr>\n<tr class=\"row-25 odd\">\n<td class=\"column-1\">Tipo de cierre<\/td>\n<td class=\"column-2\">Cierre desplegable AP<\/td>\n<\/tr>\n<tr class=\"row-26 even\">\n<td class=\"column-1\">Color del cierre<\/td>\n<td class=\"column-2\">Acero<\/td>\n<\/tr>\n<tr class=\"row-27 odd\">\n<td class=\"column-1\" colspan=\"2\"><b>MARCA<\/b><\/td>\n<\/tr>\n<tr class=\"row-28 even\">\n<td class=\"column-1\">Apodo<\/td>\n<td class=\"column-2\">Gran Tapicer\u00eda<\/td>\n<\/tr>\n<tr class=\"row-29 odd\">\n<td class=\"column-1\">Color<\/td>\n<td class=\"column-2\">Blanco<\/td>\n<\/tr>\n<tr class=\"row-30 even\">\n<td class=\"column-1\">Indeces<\/td>\n<td class=\"column-2\">Palo \/ Punto<\/td>\n<\/tr>\n<tr class=\"row-31 odd\">\n<td class=\"column-1\">Material de los \u00edndices<\/td>\n<td class=\"column-2\">Acero inoxidable 904L<\/td>\n<\/tr>\n<tr class=\"row-32 even\">\n<td class=\"column-1\">Tipo de \u00edndices<\/td>\n<td class=\"column-2\">Reloj horario Royal Oak<\/td>\n<\/tr>\n<tr class=\"row-33 odd\">\n<td class=\"column-1\">Material de las manecillas<\/td>\n<td class=\"column-2\">Acero inoxidable 904L<\/td>\n<\/tr>\n<tr class=\"row-34 even\">\n<td class=\"column-1\">Tipo de agujas<\/td>\n<td class=\"column-2\">Manecillas Royal Oak<\/td>\n<\/tr>\n<tr class=\"row-35 odd\">\n<td class=\"column-1\"><b>FUNCIONES<\/b><\/td>\n<td class=\"column-2\">Horas, minutos, segundos, fecha<\/td>\n<\/tr>\n<tr class=\"row-36 even\">\n<td class=\"column-1\"><b>RESISTENCIA AL AGUA<\/b><\/td>\n<td class=\"column-2\">Ha superado la prueba de resistencia al agua de 30 m. (La prueba se realiz\u00f3 a una presi\u00f3n de 3 atm\/30 metros. Sin embargo, no se recomienda nadar con ning\u00fan reloj, ni aut\u00e9ntico ni r\u00e9plica).<\/td>\n<\/tr>\n<tr class=\"row-37 odd\">\n<td class=\"column-1\"><b>PERFECCI\u00d3N<\/b><\/td>\n<td class=\"column-2\">&#8211; Los mismos n\u00fameros de serie y tarjetas organizables &#8211; El mismo tipo de letra, punto y acabado para las inscripciones y marcas &#8211; El mismo grosor y tama\u00f1o &#8211; El mismo movimiento y calibre potentes En resumen, \u00a1es el mismo reloj aut\u00e9ntico! \u00a1\u00c9sta es la perfecci\u00f3n de nuestros relojes supercl\u00f3nicos 1:1 de mecanismo suizo! \u00a1Ni siquiera tu joyero podr\u00e1 notar la diferencia!<\/td>\n<\/tr>\n<tr class=\"row-38 even\">\n<td class=\"column-1\"><b>GARANT\u00cdA<\/b><\/td>\n<td class=\"column-2\">Todos nuestros relojes de mecanismo suizo est\u00e1n protegidos por una garant\u00eda completa de 2 a\u00f1os International United Luxury<\/td>\n<\/tr>\n<tr class=\"row-39 odd\">\n<td class=\"column-1\"><b>ATENCI\u00d3N POR FAVOR <\/b><\/td>\n<td class=\"column-2\">Estimados clientes, para los relojes de mecanismo japon\u00e9s, los MATERIALES y los MOVIMIENTOS pueden diferir de los relojes de mecanismo suizo.<br \/>\nPonte en contacto con nuestro equipo de asistencia para obtener m\u00e1s informaci\u00f3n y v\u00eddeos de los relojes.<br \/>\n(Las caracter\u00edsticas de la lista est\u00e1n preparadas para los relojes de Mecanismo Suizo).<\/td>\n<\/tr>\n<\/tbody>\n<\/table>\n<\/div>\n","protected":false},"excerpt":{"rendered":"<p>R\u00e9plica AP Royal Oak Autom\u00e1tico Oro Rosa &#8211; La mejor calidad AAAA+ ESPECIFICACI\u00d3N de la R\u00e9plica AP Royal Oak Autom\u00e1tico Oro Rosa MARCA Audemars Piguet FAMILIA Roble Real NO DE MODELO 15400SR.OO.1220SR.01 MECANISMO Movimiento Autom\u00e1tico Calibre AP 3120 Reserva de potencia 60 horas (aproximadamente) Precisi\u00f3n (-3\/+3 seg\/d\u00eda) Dentro de los l\u00edmites de la certificaci\u00f3n COSC<\/p>\n","protected":false},"featured_media":6422,"comment_status":"open","ping_status":"closed","template":"","meta":{"_uag_custom_page_level_css":"","site-sidebar-layout":"default","site-content-layout":"","ast-site-content-layout":"default","site-content-style":"default","site-sidebar-style":"default","ast-global-header-display":"","ast-banner-title-visibility":"","ast-main-header-display":"","ast-hfb-above-header-display":"","ast-hfb-below-header-display":"","ast-hfb-mobile-header-display":"","site-post-title":"","ast-breadcrumbs-content":"","ast-featured-img":"","footer-sml-layout":"","theme-transparent-header-meta":"default","adv-header-id-meta":"","stick-header-meta":"default","header-above-stick-meta":"","header-main-stick-meta":"","header-below-stick-meta":"","astra-migrate-meta-layouts":"set","ast-page-background-enabled":"default","ast-page-background-meta":{"desktop":{"background-color":"var(--ast-global-color-4)","background-image":"","background-repeat":"repeat","background-position":"center center","background-size":"auto","background-attachment":"scroll","background-type":"","background-media":"","overlay-type":"","overlay-color":"","overlay-opacity":"","overlay-gradient":""},"tablet":{"background-color":"","background-image":"","background-repeat":"repeat","background-position":"center center","background-size":"auto","background-attachment":"scroll","background-type":"","background-media":"","overlay-type":"","overlay-color":"","overlay-opacity":"","overlay-gradient":""},"mobile":{"background-color":"","background-image":"","background-repeat":"repeat","background-position":"center center","background-size":"auto","background-attachment":"scroll","background-type":"","background-media":"","overlay-type":"","overlay-color":"","overlay-opacity":"","overlay-gradient":""}},"ast-content-background-meta":{"desktop":{"background-color":"var(--ast-global-color-5)","background-image":"","background-repeat":"repeat","background-position":"center center","background-size":"auto","background-attachment":"scroll","background-type":"","background-media":"","overlay-type":"","overlay-color":"","overlay-opacity":"","overlay-gradient":""},"tablet":{"background-color":"var(--ast-global-color-5)","background-image":"","background-repeat":"repeat","background-position":"center center","background-size":"auto","background-attachment":"scroll","background-type":"","background-media":"","overlay-type":"","overlay-color":"","overlay-opacity":"","overlay-gradient":""},"mobile":{"background-color":"var(--ast-global-color-5)","background-image":"","background-repeat":"repeat","background-position":"center center","background-size":"auto","background-attachment":"scroll","background-type":"","background-media":"","overlay-type":"","overlay-color":"","overlay-opacity":"","overlay-gradient":""}}},"product_brand":[],"product_cat":[149],"product_tag":[],"class_list":{"0":"post-11598","1":"product","2":"type-product","3":"status-publish","4":"has-post-thumbnail","6":"product_cat-relojes-replica-audemars-piguet","7":"desktop-align-left","8":"tablet-align-left","9":"mobile-align-left","10":"ast-product-gallery-layout-vertical-slider","12":"first","13":"instock","14":"sale","15":"shipping-taxable","16":"purchasable","17":"product-type-simple"},"uagb_featured_image_src":{"full":["https:\/\/myreplicawatches.io\/wp-content\/uploads\/2023\/10\/Screenshot2023-09-04at10.26.59AM.png",1368,1366,false],"thumbnail":["https:\/\/myreplicawatches.io\/wp-content\/uploads\/2023\/10\/Screenshot2023-09-04at10.26.59AM-150x150.png",150,150,true],"medium":["https:\/\/myreplicawatches.io\/wp-content\/uploads\/2023\/10\/Screenshot2023-09-04at10.26.59AM-300x300.png",300,300,true],"medium_large":["https:\/\/myreplicawatches.io\/wp-content\/uploads\/2023\/10\/Screenshot2023-09-04at10.26.59AM-768x767.png",768,767,true],"large":["https:\/\/myreplicawatches.io\/wp-content\/uploads\/2023\/10\/Screenshot2023-09-04at10.26.59AM-1024x1024.png",1024,1024,true],"1536x1536":["https:\/\/myreplicawatches.io\/wp-content\/uploads\/2023\/10\/Screenshot2023-09-04at10.26.59AM.png",1368,1366,false],"2048x2048":["https:\/\/myreplicawatches.io\/wp-content\/uploads\/2023\/10\/Screenshot2023-09-04at10.26.59AM.png",1368,1366,false],"woocommerce_thumbnail":["https:\/\/myreplicawatches.io\/wp-content\/uploads\/2023\/10\/Screenshot2023-09-04at10.26.59AM-300x300.png",300,300,true],"woocommerce_single":["https:\/\/myreplicawatches.io\/wp-content\/uploads\/2023\/10\/Screenshot2023-09-04at10.26.59AM-600x599.png",600,599,true],"woocommerce_gallery_thumbnail":["https:\/\/myreplicawatches.io\/wp-content\/uploads\/2023\/10\/Screenshot2023-09-04at10.26.59AM-100x100.png",100,100,true],"variation_swatches_image_size":["https:\/\/myreplicawatches.io\/wp-content\/uploads\/2023\/10\/Screenshot2023-09-04at10.26.59AM.png",50,50,false],"variation_swatches_tooltip_size":["https:\/\/myreplicawatches.io\/wp-content\/uploads\/2023\/10\/Screenshot2023-09-04at10.26.59AM.png",100,100,false],"dgwt-wcas-product-suggestion":["https:\/\/myreplicawatches.io\/wp-content\/uploads\/2023\/10\/Screenshot2023-09-04at10.26.59AM-64x64.png",64,64,true]},"uagb_author_info":{"display_name":"admin","author_link":"https:\/\/myreplicawatches.io\/es\/author\/"},"uagb_comment_info":0,"uagb_excerpt":"R\u00e9plica AP Royal Oak Autom\u00e1tico Oro Rosa &#8211; La mejor calidad AAAA+ ESPECIFICACI\u00d3N de la R\u00e9plica AP Royal Oak Autom\u00e1tico Oro Rosa MARCA Audemars Piguet FAMILIA Roble Real NO DE MODELO 15400SR.OO.1220SR.01 MECANISMO Movimiento Autom\u00e1tico Calibre AP 3120 Reserva de potencia 60 horas (aproximadamente) Precisi\u00f3n (-3\/+3 seg\/d\u00eda) Dentro de los l\u00edmites de la certificaci\u00f3n COSC","jetpack_sharing_enabled":true,"_links":{"self":[{"href":"https:\/\/myreplicawatches.io\/es\/wp-json\/wp\/v2\/product\/11598","targetHints":{"allow":["GET"]}}],"collection":[{"href":"https:\/\/myreplicawatches.io\/es\/wp-json\/wp\/v2\/product"}],"about":[{"href":"https:\/\/myreplicawatches.io\/es\/wp-json\/wp\/v2\/types\/product"}],"replies":[{"embeddable":true,"href":"https:\/\/myreplicawatches.io\/es\/wp-json\/wp\/v2\/comments?post=11598"}],"wp:featuredmedia":[{"embeddable":true,"href":"https:\/\/myreplicawatches.io\/es\/wp-json\/wp\/v2\/media\/6422"}],"wp:attachment":[{"href":"https:\/\/myreplicawatches.io\/es\/wp-json\/wp\/v2\/media?parent=11598"}],"wp:term":[{"taxonomy":"product_brand","embeddable":true,"href":"https:\/\/myreplicawatches.io\/es\/wp-json\/wp\/v2\/product_brand?post=11598"},{"taxonomy":"product_cat","embeddable":true,"href":"https:\/\/myreplicawatches.io\/es\/wp-json\/wp\/v2\/product_cat?post=11598"},{"taxonomy":"product_tag","embeddable":true,"href":"https:\/\/myreplicawatches.io\/es\/wp-json\/wp\/v2\/product_tag?post=11598"}],"curies":[{"name":"wp","href":"https:\/\/api.w.org\/{rel}","templated":true}]}}