{"id":11596,"date":"2023-10-03T21:32:42","date_gmt":"2023-10-03T21:32:42","guid":{"rendered":"https:\/\/myreplicawatches.io\/product\/breitling-transocean-cronografo-38-replica-a4131012-bc06-171a-38-mm-acero\/"},"modified":"2025-11-16T12:35:56","modified_gmt":"2025-11-16T12:35:56","slug":"breitling-transocean-cronografo-38-replica-a4131012-bc06-171a-38-mm-acero","status":"publish","type":"product","link":"https:\/\/myreplicawatches.io\/es\/product\/breitling-transocean-cronografo-38-replica-a4131012-bc06-171a-38-mm-acero\/","title":{"rendered":"Breitling Transocean Cron\u00f3grafo 38 Replica A4131012.BC06.171A &#8211; 38 mm Acero"},"content":{"rendered":"<h4>Breitling Transocean Cron\u00f3grafo 38 R\u00e9plica &#8211; Reloj Clon de la Mejor Calidad<\/h4>\n<p>&nbsp;<\/p>\n<h3>Ventajas de poseer el Breitling Transocean Cron\u00f3grafo 38 R\u00e9plica<\/h3>\n<ul>\n<li>Una r\u00e9plica puede comprarse a un precio mucho m\u00e1s barato que uno aut\u00e9ntico, sin embargo, un reloj r\u00e9plica parecer\u00e1 y se sentir\u00e1 igual que el original.<\/li>\n<li>Lo \u00faltimo que alguien quiere es gastarse una fortuna para conseguir un reloj de lujo que tiene peque\u00f1as diferencias con nuestras r\u00e9plicas de relojes.<\/li>\n<li>Muchos entusiastas de los relojes no quieren gastarse miles de d\u00f3lares en relojes y quieren tener esa gran sensaci\u00f3n de poseer un gran reloj de una marca de lujo. Aqu\u00ed es cuando entran en juego los relojes myreplicawatches.io y proporcionan esa sensaci\u00f3n a sus clientes.<\/li>\n<li>\u00bf Tienes ya un aut\u00e9ntico reloj de alta gama que no quieres llevar por motivos de seguridad o por razones de devaluaci\u00f3n en algunas ocasiones ? Lleva tu r\u00e9plica de reloj Breitling Transocean Cron\u00f3grafo 38 de alta calidad y si\u00e9ntete m\u00e1s seguro, ten la misma confianza, protege tus objetos de valor<\/li>\n<\/ul>\n<h4>Breitling Transocean Cron\u00f3grafo 38 R\u00e9plica &#8211; Detalles<\/h4>\n<p>Marcas:Breitling Serise:Transocean Cron\u00f3grafo 38 code:A4131012.BC06.171A Material bisel:Acero Material brazalete:Acero Material caja:Acero Tama\u00f1o caja:38 mm Color:Esfera negra Color:Negra Tipo de esfera:Bast\u00f3n G\u00e9nero:Unisex Material cristal:Cristal zafiro Movimiento:Autom\u00e1tico Resistencia al agua:100 Calibre:41 Tipo de brazalete:Oc\u00e9ano Estilo cl\u00e1sico:Cron\u00f3grafo<\/p>\n","protected":false},"excerpt":{"rendered":"<p>Breitling Transocean Cron\u00f3grafo 38 R\u00e9plica &#8211; Reloj Clon de la Mejor Calidad &nbsp; Ventajas de poseer el Breitling Transocean Cron\u00f3grafo 38 R\u00e9plica Una r\u00e9plica puede comprarse a un precio mucho m\u00e1s barato que uno aut\u00e9ntico, sin embargo, un reloj r\u00e9plica parecer\u00e1 y se sentir\u00e1 igual que el original. Lo \u00faltimo que alguien quiere es gastarse<\/p>\n","protected":false},"featured_media":6548,"comment_status":"open","ping_status":"closed","template":"","meta":{"_uag_custom_page_level_css":"","site-sidebar-layout":"default","site-content-layout":"","ast-site-content-layout":"default","site-content-style":"default","site-sidebar-style":"default","ast-global-header-display":"","ast-banner-title-visibility":"","ast-main-header-display":"","ast-hfb-above-header-display":"","ast-hfb-below-header-display":"","ast-hfb-mobile-header-display":"","site-post-title":"","ast-breadcrumbs-content":"","ast-featured-img":"","footer-sml-layout":"","theme-transparent-header-meta":"default","adv-header-id-meta":"","stick-header-meta":"","header-above-stick-meta":"","header-main-stick-meta":"","header-below-stick-meta":"","astra-migrate-meta-layouts":"set","ast-page-background-enabled":"default","ast-page-background-meta":{"desktop":{"background-color":"var(--ast-global-color-4)","background-image":"","background-repeat":"repeat","background-position":"center center","background-size":"auto","background-attachment":"scroll","background-type":"","background-media":"","overlay-type":"","overlay-color":"","overlay-opacity":"","overlay-gradient":""},"tablet":{"background-color":"","background-image":"","background-repeat":"repeat","background-position":"center center","background-size":"auto","background-attachment":"scroll","background-type":"","background-media":"","overlay-type":"","overlay-color":"","overlay-opacity":"","overlay-gradient":""},"mobile":{"background-color":"","background-image":"","background-repeat":"repeat","background-position":"center center","background-size":"auto","background-attachment":"scroll","background-type":"","background-media":"","overlay-type":"","overlay-color":"","overlay-opacity":"","overlay-gradient":""}},"ast-content-background-meta":{"desktop":{"background-color":"var(--ast-global-color-5)","background-image":"","background-repeat":"repeat","background-position":"center center","background-size":"auto","background-attachment":"scroll","background-type":"","background-media":"","overlay-type":"","overlay-color":"","overlay-opacity":"","overlay-gradient":""},"tablet":{"background-color":"var(--ast-global-color-5)","background-image":"","background-repeat":"repeat","background-position":"center center","background-size":"auto","background-attachment":"scroll","background-type":"","background-media":"","overlay-type":"","overlay-color":"","overlay-opacity":"","overlay-gradient":""},"mobile":{"background-color":"var(--ast-global-color-5)","background-image":"","background-repeat":"repeat","background-position":"center center","background-size":"auto","background-attachment":"scroll","background-type":"","background-media":"","overlay-type":"","overlay-color":"","overlay-opacity":"","overlay-gradient":""}}},"product_brand":[],"product_cat":[168,242,154],"product_tag":[1025,1024,647,1001,494,1067,561,444,648,559,565,555,440,474,560,465,1028,567,441,472,1022,1027],"class_list":{"0":"post-11596","1":"product","2":"type-product","3":"status-publish","4":"has-post-thumbnail","6":"product_cat-productos-mas-nuevos","7":"product_cat-replica-breitling","8":"product_cat-replicas-de-relojes-mas-vendidas","9":"product_tag-38mm","10":"product_tag-a4131012-bc06-171a","11":"product_tag-automatic-watch-es","12":"product_tag-breitling-es","13":"product_tag-chronograph","14":"product_tag-chronograph-38","15":"product_tag-collectible","16":"product_tag-designer-watch","17":"product_tag-elegant-es","18":"product_tag-exclusive","19":"product_tag-high-quality-es","20":"product_tag-limited-edition","21":"product_tag-luxury-watch","22":"product_tag-mens-watch","23":"product_tag-premium","24":"product_tag-replica","25":"product_tag-stainless-steel-es","26":"product_tag-stylish-es","27":"product_tag-swiss-movement","28":"product_tag-timepiece","29":"product_tag-transocean","30":"product_tag-womens-watch-es","31":"desktop-align-left","32":"tablet-align-left","33":"mobile-align-left","34":"ast-product-gallery-layout-vertical-slider","36":"first","37":"instock","38":"sale","39":"shipping-taxable","40":"purchasable","41":"product-type-simple"},"uagb_featured_image_src":{"full":["https:\/\/myreplicawatches.io\/wp-content\/uploads\/2023\/10\/Screenshot2022-06-29at7.25.21PM.png",820,1042,false],"thumbnail":["https:\/\/myreplicawatches.io\/wp-content\/uploads\/2023\/10\/Screenshot2022-06-29at7.25.21PM-150x150.png",150,150,true],"medium":["https:\/\/myreplicawatches.io\/wp-content\/uploads\/2023\/10\/Screenshot2022-06-29at7.25.21PM-236x300.png",236,300,true],"medium_large":["https:\/\/myreplicawatches.io\/wp-content\/uploads\/2023\/10\/Screenshot2022-06-29at7.25.21PM-768x976.png",768,976,true],"large":["https:\/\/myreplicawatches.io\/wp-content\/uploads\/2023\/10\/Screenshot2022-06-29at7.25.21PM-806x1024.png",806,1024,true],"1536x1536":["https:\/\/myreplicawatches.io\/wp-content\/uploads\/2023\/10\/Screenshot2022-06-29at7.25.21PM.png",820,1042,false],"2048x2048":["https:\/\/myreplicawatches.io\/wp-content\/uploads\/2023\/10\/Screenshot2022-06-29at7.25.21PM.png",820,1042,false],"woocommerce_thumbnail":["https:\/\/myreplicawatches.io\/wp-content\/uploads\/2023\/10\/Screenshot2022-06-29at7.25.21PM-300x300.png",300,300,true],"woocommerce_single":["https:\/\/myreplicawatches.io\/wp-content\/uploads\/2023\/10\/Screenshot2022-06-29at7.25.21PM-600x762.png",600,762,true],"woocommerce_gallery_thumbnail":["https:\/\/myreplicawatches.io\/wp-content\/uploads\/2023\/10\/Screenshot2022-06-29at7.25.21PM-100x100.png",100,100,true],"variation_swatches_image_size":["https:\/\/myreplicawatches.io\/wp-content\/uploads\/2023\/10\/Screenshot2022-06-29at7.25.21PM.png",39,50,false],"variation_swatches_tooltip_size":["https:\/\/myreplicawatches.io\/wp-content\/uploads\/2023\/10\/Screenshot2022-06-29at7.25.21PM.png",79,100,false],"dgwt-wcas-product-suggestion":["https:\/\/myreplicawatches.io\/wp-content\/uploads\/2023\/10\/Screenshot2022-06-29at7.25.21PM-64x81.png",64,81,true]},"uagb_author_info":{"display_name":"admin","author_link":"https:\/\/myreplicawatches.io\/es\/author\/"},"uagb_comment_info":0,"uagb_excerpt":"Breitling Transocean Cron\u00f3grafo 38 R\u00e9plica &#8211; Reloj Clon de la Mejor Calidad &nbsp; Ventajas de poseer el Breitling Transocean Cron\u00f3grafo 38 R\u00e9plica Una r\u00e9plica puede comprarse a un precio mucho m\u00e1s barato que uno aut\u00e9ntico, sin embargo, un reloj r\u00e9plica parecer\u00e1 y se sentir\u00e1 igual que el original. Lo \u00faltimo que alguien quiere es gastarse","jetpack_sharing_enabled":true,"_links":{"self":[{"href":"https:\/\/myreplicawatches.io\/es\/wp-json\/wp\/v2\/product\/11596","targetHints":{"allow":["GET"]}}],"collection":[{"href":"https:\/\/myreplicawatches.io\/es\/wp-json\/wp\/v2\/product"}],"about":[{"href":"https:\/\/myreplicawatches.io\/es\/wp-json\/wp\/v2\/types\/product"}],"replies":[{"embeddable":true,"href":"https:\/\/myreplicawatches.io\/es\/wp-json\/wp\/v2\/comments?post=11596"}],"wp:featuredmedia":[{"embeddable":true,"href":"https:\/\/myreplicawatches.io\/es\/wp-json\/wp\/v2\/media\/6548"}],"wp:attachment":[{"href":"https:\/\/myreplicawatches.io\/es\/wp-json\/wp\/v2\/media?parent=11596"}],"wp:term":[{"taxonomy":"product_brand","embeddable":true,"href":"https:\/\/myreplicawatches.io\/es\/wp-json\/wp\/v2\/product_brand?post=11596"},{"taxonomy":"product_cat","embeddable":true,"href":"https:\/\/myreplicawatches.io\/es\/wp-json\/wp\/v2\/product_cat?post=11596"},{"taxonomy":"product_tag","embeddable":true,"href":"https:\/\/myreplicawatches.io\/es\/wp-json\/wp\/v2\/product_tag?post=11596"}],"curies":[{"name":"wp","href":"https:\/\/api.w.org\/{rel}","templated":true}]}}