{"id":11586,"date":"2023-10-03T21:32:47","date_gmt":"2023-10-03T21:32:47","guid":{"rendered":"https:\/\/myreplicawatches.io\/product\/joyero-cartier-replica-11-clon-mejor-edicion-copia\/"},"modified":"2026-01-31T09:09:10","modified_gmt":"2026-01-31T09:09:10","slug":"joyero-cartier-replica-11-clon-mejor-edicion-copia","status":"publish","type":"product","link":"https:\/\/myreplicawatches.io\/es\/product\/joyero-cartier-replica-11-clon-mejor-edicion-copia\/","title":{"rendered":"Joyero Cartier R\u00e9plica 1:1 Clon Mejor Edici\u00f3n Copia"},"content":{"rendered":"<p>&nbsp;<\/p>\n<p>&nbsp;<\/p>\n<p><span data-mce-fragment=\"1\">Un conjunto completo de Cartier Relojes Caja | Reino Unido Myreplicawatches.io mejor edici\u00f3n r\u00e9plica de relojes tienda, de alta calidad R\u00e9plica de relojes se toma en especie, con veracidad descrito, precio razonable, valor garantizado, el valor es mayor que el precio. <\/span><\/p>\n","protected":false},"excerpt":{"rendered":"<p>&nbsp; &nbsp; Un conjunto completo de Cartier Relojes Caja | Reino Unido Myreplicawatches.io mejor edici\u00f3n r\u00e9plica de relojes tienda, de alta calidad R\u00e9plica de relojes se toma en especie, con veracidad descrito, precio razonable, valor garantizado, el valor es mayor que el precio.<\/p>\n","protected":false},"featured_media":8677,"comment_status":"open","ping_status":"closed","template":"","meta":{"_uag_custom_page_level_css":"","site-sidebar-layout":"default","site-content-layout":"","ast-site-content-layout":"default","site-content-style":"default","site-sidebar-style":"default","ast-global-header-display":"","ast-banner-title-visibility":"","ast-main-header-display":"","ast-hfb-above-header-display":"","ast-hfb-below-header-display":"","ast-hfb-mobile-header-display":"","site-post-title":"","ast-breadcrumbs-content":"","ast-featured-img":"","footer-sml-layout":"","theme-transparent-header-meta":"default","adv-header-id-meta":"","stick-header-meta":"default","header-above-stick-meta":"","header-main-stick-meta":"","header-below-stick-meta":"","astra-migrate-meta-layouts":"set","ast-page-background-enabled":"default","ast-page-background-meta":{"desktop":{"background-color":"var(--ast-global-color-4)","background-image":"","background-repeat":"repeat","background-position":"center center","background-size":"auto","background-attachment":"scroll","background-type":"","background-media":"","overlay-type":"","overlay-color":"","overlay-opacity":"","overlay-gradient":""},"tablet":{"background-color":"","background-image":"","background-repeat":"repeat","background-position":"center center","background-size":"auto","background-attachment":"scroll","background-type":"","background-media":"","overlay-type":"","overlay-color":"","overlay-opacity":"","overlay-gradient":""},"mobile":{"background-color":"","background-image":"","background-repeat":"repeat","background-position":"center center","background-size":"auto","background-attachment":"scroll","background-type":"","background-media":"","overlay-type":"","overlay-color":"","overlay-opacity":"","overlay-gradient":""}},"ast-content-background-meta":{"desktop":{"background-color":"var(--ast-global-color-5)","background-image":"","background-repeat":"repeat","background-position":"center center","background-size":"auto","background-attachment":"scroll","background-type":"","background-media":"","overlay-type":"","overlay-color":"","overlay-opacity":"","overlay-gradient":""},"tablet":{"background-color":"var(--ast-global-color-5)","background-image":"","background-repeat":"repeat","background-position":"center center","background-size":"auto","background-attachment":"scroll","background-type":"","background-media":"","overlay-type":"","overlay-color":"","overlay-opacity":"","overlay-gradient":""},"mobile":{"background-color":"var(--ast-global-color-5)","background-image":"","background-repeat":"repeat","background-position":"center center","background-size":"auto","background-attachment":"scroll","background-type":"","background-media":"","overlay-type":"","overlay-color":"","overlay-opacity":"","overlay-gradient":""}}},"product_brand":[],"product_cat":[178,168,230,154],"product_tag":[1283,738,1948,561,1284,1286,648,559,1288,565,1281,1287,1285,560,1289,567],"class_list":{"0":"post-11586","1":"product","2":"type-product","3":"status-publish","4":"has-post-thumbnail","6":"product_cat-cajas-replica-de-relojes","7":"product_cat-productos-mas-nuevos","8":"product_cat-replica-de-relojes-cartier","9":"product_cat-replicas-de-relojes-mas-vendidas","10":"product_tag-best-edition","11":"product_tag-cartier","12":"product_tag-classic-design-es","13":"product_tag-collectible","14":"product_tag-copy","15":"product_tag-designer-box","16":"product_tag-elegant-es","17":"product_tag-exclusive","18":"product_tag-gift-box","19":"product_tag-high-quality-es","20":"product_tag-jewellery-box","21":"product_tag-jewelry-storage","22":"product_tag-luxury-box","23":"product_tag-premium","24":"product_tag-red-cartier-box","25":"product_tag-stylish-es","26":"desktop-align-left","27":"tablet-align-left","28":"mobile-align-left","29":"ast-product-gallery-layout-vertical-slider","31":"first","32":"instock","33":"sale","34":"shipping-taxable","35":"purchasable","36":"product-type-simple"},"uagb_featured_image_src":{"full":["https:\/\/myreplicawatches.io\/wp-content\/uploads\/2023\/10\/Replica-rolex-Sky-dweller-rose-gold-2024-01-30T211133.895.jpg",1080,1080,false],"thumbnail":["https:\/\/myreplicawatches.io\/wp-content\/uploads\/2023\/10\/Replica-rolex-Sky-dweller-rose-gold-2024-01-30T211133.895-150x150.jpg",150,150,true],"medium":["https:\/\/myreplicawatches.io\/wp-content\/uploads\/2023\/10\/Replica-rolex-Sky-dweller-rose-gold-2024-01-30T211133.895-300x300.jpg",300,300,true],"medium_large":["https:\/\/myreplicawatches.io\/wp-content\/uploads\/2023\/10\/Replica-rolex-Sky-dweller-rose-gold-2024-01-30T211133.895-768x768.jpg",768,768,true],"large":["https:\/\/myreplicawatches.io\/wp-content\/uploads\/2023\/10\/Replica-rolex-Sky-dweller-rose-gold-2024-01-30T211133.895-1024x1024.jpg",1024,1024,true],"1536x1536":["https:\/\/myreplicawatches.io\/wp-content\/uploads\/2023\/10\/Replica-rolex-Sky-dweller-rose-gold-2024-01-30T211133.895.jpg",1080,1080,false],"2048x2048":["https:\/\/myreplicawatches.io\/wp-content\/uploads\/2023\/10\/Replica-rolex-Sky-dweller-rose-gold-2024-01-30T211133.895.jpg",1080,1080,false],"woocommerce_thumbnail":["https:\/\/myreplicawatches.io\/wp-content\/uploads\/2023\/10\/Replica-rolex-Sky-dweller-rose-gold-2024-01-30T211133.895-300x300.jpg",300,300,true],"woocommerce_single":["https:\/\/myreplicawatches.io\/wp-content\/uploads\/2023\/10\/Replica-rolex-Sky-dweller-rose-gold-2024-01-30T211133.895-600x600.jpg",600,600,true],"woocommerce_gallery_thumbnail":["https:\/\/myreplicawatches.io\/wp-content\/uploads\/2023\/10\/Replica-rolex-Sky-dweller-rose-gold-2024-01-30T211133.895-100x100.jpg",100,100,true],"variation_swatches_image_size":["https:\/\/myreplicawatches.io\/wp-content\/uploads\/2023\/10\/Replica-rolex-Sky-dweller-rose-gold-2024-01-30T211133.895-50x50.jpg",50,50,true],"variation_swatches_tooltip_size":["https:\/\/myreplicawatches.io\/wp-content\/uploads\/2023\/10\/Replica-rolex-Sky-dweller-rose-gold-2024-01-30T211133.895-100x100.jpg",100,100,true],"dgwt-wcas-product-suggestion":["https:\/\/myreplicawatches.io\/wp-content\/uploads\/2023\/10\/Replica-rolex-Sky-dweller-rose-gold-2024-01-30T211133.895-64x64.jpg",64,64,true]},"uagb_author_info":{"display_name":"admin","author_link":"https:\/\/myreplicawatches.io\/es\/author\/"},"uagb_comment_info":0,"uagb_excerpt":"&nbsp; &nbsp; Un conjunto completo de Cartier Relojes Caja | Reino Unido Myreplicawatches.io mejor edici\u00f3n r\u00e9plica de relojes tienda, de alta calidad R\u00e9plica de relojes se toma en especie, con veracidad descrito, precio razonable, valor garantizado, el valor es mayor que el precio.","jetpack_sharing_enabled":true,"_links":{"self":[{"href":"https:\/\/myreplicawatches.io\/es\/wp-json\/wp\/v2\/product\/11586","targetHints":{"allow":["GET"]}}],"collection":[{"href":"https:\/\/myreplicawatches.io\/es\/wp-json\/wp\/v2\/product"}],"about":[{"href":"https:\/\/myreplicawatches.io\/es\/wp-json\/wp\/v2\/types\/product"}],"replies":[{"embeddable":true,"href":"https:\/\/myreplicawatches.io\/es\/wp-json\/wp\/v2\/comments?post=11586"}],"wp:featuredmedia":[{"embeddable":true,"href":"https:\/\/myreplicawatches.io\/es\/wp-json\/wp\/v2\/media\/8677"}],"wp:attachment":[{"href":"https:\/\/myreplicawatches.io\/es\/wp-json\/wp\/v2\/media?parent=11586"}],"wp:term":[{"taxonomy":"product_brand","embeddable":true,"href":"https:\/\/myreplicawatches.io\/es\/wp-json\/wp\/v2\/product_brand?post=11586"},{"taxonomy":"product_cat","embeddable":true,"href":"https:\/\/myreplicawatches.io\/es\/wp-json\/wp\/v2\/product_cat?post=11586"},{"taxonomy":"product_tag","embeddable":true,"href":"https:\/\/myreplicawatches.io\/es\/wp-json\/wp\/v2\/product_tag?post=11586"}],"curies":[{"name":"wp","href":"https:\/\/api.w.org\/{rel}","templated":true}]}}