{"id":11582,"date":"2023-10-03T21:32:43","date_gmt":"2023-10-03T21:32:43","guid":{"rendered":"https:\/\/myreplicawatches.io\/product\/reloj-cartier-drive-replica-caballero-oro-rosa-wgnm0003\/"},"modified":"2025-11-16T12:39:50","modified_gmt":"2025-11-16T12:39:50","slug":"reloj-cartier-drive-replica-caballero-oro-rosa-wgnm0003","status":"publish","type":"product","link":"https:\/\/myreplicawatches.io\/es\/product\/reloj-cartier-drive-replica-caballero-oro-rosa-wgnm0003\/","title":{"rendered":"Reloj Cartier Drive R\u00e9plica Caballero Oro Rosa, WGNM0003"},"content":{"rendered":"<h2>Reloj Cartier Drive R\u00e9plica Caballero Oro Rosa, WGNM0003 &#8211; La mejor calidad clonada<\/h2>\n<p>&nbsp;<\/p>\n<h3>Ventajas de poseer la R\u00e9plica Cartier Drive Oro Rosa:<\/h3>\n<ul>\n<li>Una r\u00e9plica puede comprarse a un precio mucho m\u00e1s barato que uno aut\u00e9ntico, sin embargo, un reloj r\u00e9plica parecer\u00e1 y se sentir\u00e1 igual que el original.<\/li>\n<li>Lo \u00faltimo que alguien quiere es gastarse una fortuna para conseguir un reloj de lujo que tiene peque\u00f1as diferencias con nuestras r\u00e9plicas de relojes.<\/li>\n<li>Muchos entusiastas de los relojes no quieren gastarse miles de d\u00f3lares en relojes y quieren tener esa gran sensaci\u00f3n de poseer un gran reloj de una marca de lujo. Es entonces cuando myreplicawatches.io entra en escena y proporciona esa sensaci\u00f3n a sus clientes.<\/li>\n<li>\u00bf Tienes ya un aut\u00e9ntico reloj de alta gama que no quieres llevar por motivos de seguridad o por razones de devaluaci\u00f3n en algunas ocasiones ? Lleva tu r\u00e9plica de reloj Cartier Drive de oro rosa de alta calidad y si\u00e9ntete m\u00e1s seguro, ten la misma confianza, protege tus objetos de valor<\/li>\n<\/ul>\n<p>Cartier Drive R\u00e9plica Oro Rosa Este reloj tiene 41 mm Caja de oro rosa de 18 quilates Bisel fijo de oro rosa de 18 quilates. Corona octogonal de oro rosa engastada con un zafiro facetado. Esfera flinqu plateada con n\u00fameros romanos negros y marcadores hor. Agujas de horas y minutos de acero azulado en forma de espada. Indicaci\u00f3n de la fecha a las 3 horas. Subesfera de peque\u00f1o segundero situada a las 6 horas. Segundero de acero azulado en forma de hoja. Firma a las 12 horas. Grosor de la caja C 11,25 mm. El movimiento mec\u00e1nico de cuerda autom\u00e1tica est\u00e1 alimentado por un calibre 1904-PS MC. Reserva de marcha de aproximadamente 48 horas. Cristal de zafiro. El reloj realiza las siguientes funciones: horas, minutos, segundero peque\u00f1o y fecha. Correa de piel de alig\u00e1tor marr\u00f3n semimate con hebilla desplegable doble ajustable de oro rosa. Este modelo es resistente al agua hasta 30 m.<\/p>\n","protected":false},"excerpt":{"rendered":"<p>Reloj Cartier Drive R\u00e9plica Caballero Oro Rosa, WGNM0003 &#8211; La mejor calidad clonada &nbsp; Ventajas de poseer la R\u00e9plica Cartier Drive Oro Rosa: Una r\u00e9plica puede comprarse a un precio mucho m\u00e1s barato que uno aut\u00e9ntico, sin embargo, un reloj r\u00e9plica parecer\u00e1 y se sentir\u00e1 igual que el original. Lo \u00faltimo que alguien quiere es<\/p>\n","protected":false},"featured_media":27227,"comment_status":"open","ping_status":"closed","template":"","meta":{"_uag_custom_page_level_css":"","site-sidebar-layout":"default","site-content-layout":"","ast-site-content-layout":"default","site-content-style":"default","site-sidebar-style":"default","ast-global-header-display":"","ast-banner-title-visibility":"","ast-main-header-display":"","ast-hfb-above-header-display":"","ast-hfb-below-header-display":"","ast-hfb-mobile-header-display":"","site-post-title":"","ast-breadcrumbs-content":"","ast-featured-img":"","footer-sml-layout":"","theme-transparent-header-meta":"default","adv-header-id-meta":"","stick-header-meta":"default","header-above-stick-meta":"","header-main-stick-meta":"","header-below-stick-meta":"","astra-migrate-meta-layouts":"set","ast-page-background-enabled":"default","ast-page-background-meta":{"desktop":{"background-color":"var(--ast-global-color-4)","background-image":"","background-repeat":"repeat","background-position":"center center","background-size":"auto","background-attachment":"scroll","background-type":"","background-media":"","overlay-type":"","overlay-color":"","overlay-opacity":"","overlay-gradient":""},"tablet":{"background-color":"","background-image":"","background-repeat":"repeat","background-position":"center center","background-size":"auto","background-attachment":"scroll","background-type":"","background-media":"","overlay-type":"","overlay-color":"","overlay-opacity":"","overlay-gradient":""},"mobile":{"background-color":"","background-image":"","background-repeat":"repeat","background-position":"center center","background-size":"auto","background-attachment":"scroll","background-type":"","background-media":"","overlay-type":"","overlay-color":"","overlay-opacity":"","overlay-gradient":""}},"ast-content-background-meta":{"desktop":{"background-color":"var(--ast-global-color-5)","background-image":"","background-repeat":"repeat","background-position":"center center","background-size":"auto","background-attachment":"scroll","background-type":"","background-media":"","overlay-type":"","overlay-color":"","overlay-opacity":"","overlay-gradient":""},"tablet":{"background-color":"var(--ast-global-color-5)","background-image":"","background-repeat":"repeat","background-position":"center center","background-size":"auto","background-attachment":"scroll","background-type":"","background-media":"","overlay-type":"","overlay-color":"","overlay-opacity":"","overlay-gradient":""},"mobile":{"background-color":"var(--ast-global-color-5)","background-image":"","background-repeat":"repeat","background-position":"center center","background-size":"auto","background-attachment":"scroll","background-type":"","background-media":"","overlay-type":"","overlay-color":"","overlay-opacity":"","overlay-gradient":""}}},"product_brand":[],"product_cat":[168,230,154,231,158],"product_tag":[647,738,1948,561,444,2362,1090,648,559,565,555,440,474,560,465,668,805,567,441,472,1092],"class_list":{"0":"post-11582","1":"product","2":"type-product","3":"status-publish","4":"has-post-thumbnail","6":"product_cat-productos-mas-nuevos","7":"product_cat-replica-de-relojes-cartier","8":"product_cat-replicas-de-relojes-mas-vendidas","9":"product_cat-super-clon-relojes-cartier","10":"product_cat-superclones","11":"product_tag-automatic-watch-es","12":"product_tag-cartier","13":"product_tag-classic-design-es","14":"product_tag-collectible","15":"product_tag-designer-watch","16":"product_tag-dress-watch-es","17":"product_tag-drive","18":"product_tag-elegant-es","19":"product_tag-exclusive","20":"product_tag-high-quality-es","21":"product_tag-limited-edition","22":"product_tag-luxury-watch","23":"product_tag-mens-watch","24":"product_tag-premium","25":"product_tag-replica","26":"product_tag-rose-gold-es","27":"product_tag-rose-gold-case","28":"product_tag-stylish-es","29":"product_tag-swiss-movement","30":"product_tag-timepiece","31":"product_tag-wgnm0003","32":"desktop-align-left","33":"tablet-align-left","34":"mobile-align-left","35":"ast-product-gallery-layout-vertical-slider","36":"ast-product-single-variable","38":"first","39":"instock","40":"shipping-taxable","41":"purchasable","42":"product-type-variable"},"uagb_featured_image_src":{"full":["https:\/\/myreplicawatches.io\/wp-content\/uploads\/2023\/10\/Screenshot-2025-08-06-at-10.02.47-PM.png",1220,1214,false],"thumbnail":["https:\/\/myreplicawatches.io\/wp-content\/uploads\/2023\/10\/Screenshot-2025-08-06-at-10.02.47-PM-150x150.png",150,150,true],"medium":["https:\/\/myreplicawatches.io\/wp-content\/uploads\/2023\/10\/Screenshot-2025-08-06-at-10.02.47-PM-300x300.png",300,300,true],"medium_large":["https:\/\/myreplicawatches.io\/wp-content\/uploads\/2023\/10\/Screenshot-2025-08-06-at-10.02.47-PM-768x764.png",768,764,true],"large":["https:\/\/myreplicawatches.io\/wp-content\/uploads\/2023\/10\/Screenshot-2025-08-06-at-10.02.47-PM-1024x1019.png",1024,1019,true],"1536x1536":["https:\/\/myreplicawatches.io\/wp-content\/uploads\/2023\/10\/Screenshot-2025-08-06-at-10.02.47-PM.png",1220,1214,false],"2048x2048":["https:\/\/myreplicawatches.io\/wp-content\/uploads\/2023\/10\/Screenshot-2025-08-06-at-10.02.47-PM.png",1220,1214,false],"woocommerce_thumbnail":["https:\/\/myreplicawatches.io\/wp-content\/uploads\/2023\/10\/Screenshot-2025-08-06-at-10.02.47-PM-300x300.png",300,300,true],"woocommerce_single":["https:\/\/myreplicawatches.io\/wp-content\/uploads\/2023\/10\/Screenshot-2025-08-06-at-10.02.47-PM-600x597.png",600,597,true],"woocommerce_gallery_thumbnail":["https:\/\/myreplicawatches.io\/wp-content\/uploads\/2023\/10\/Screenshot-2025-08-06-at-10.02.47-PM-100x100.png",100,100,true],"variation_swatches_image_size":["https:\/\/myreplicawatches.io\/wp-content\/uploads\/2023\/10\/Screenshot-2025-08-06-at-10.02.47-PM-50x50.png",50,50,true],"variation_swatches_tooltip_size":["https:\/\/myreplicawatches.io\/wp-content\/uploads\/2023\/10\/Screenshot-2025-08-06-at-10.02.47-PM-100x100.png",100,100,true],"dgwt-wcas-product-suggestion":["https:\/\/myreplicawatches.io\/wp-content\/uploads\/2023\/10\/Screenshot-2025-08-06-at-10.02.47-PM-64x64.png",64,64,true]},"uagb_author_info":{"display_name":"admin","author_link":"https:\/\/myreplicawatches.io\/es\/author\/"},"uagb_comment_info":0,"uagb_excerpt":"Reloj Cartier Drive R\u00e9plica Caballero Oro Rosa, WGNM0003 &#8211; La mejor calidad clonada &nbsp; Ventajas de poseer la R\u00e9plica Cartier Drive Oro Rosa: Una r\u00e9plica puede comprarse a un precio mucho m\u00e1s barato que uno aut\u00e9ntico, sin embargo, un reloj r\u00e9plica parecer\u00e1 y se sentir\u00e1 igual que el original. Lo \u00faltimo que alguien quiere es","jetpack_sharing_enabled":true,"_links":{"self":[{"href":"https:\/\/myreplicawatches.io\/es\/wp-json\/wp\/v2\/product\/11582","targetHints":{"allow":["GET"]}}],"collection":[{"href":"https:\/\/myreplicawatches.io\/es\/wp-json\/wp\/v2\/product"}],"about":[{"href":"https:\/\/myreplicawatches.io\/es\/wp-json\/wp\/v2\/types\/product"}],"replies":[{"embeddable":true,"href":"https:\/\/myreplicawatches.io\/es\/wp-json\/wp\/v2\/comments?post=11582"}],"wp:featuredmedia":[{"embeddable":true,"href":"https:\/\/myreplicawatches.io\/es\/wp-json\/wp\/v2\/media\/27227"}],"wp:attachment":[{"href":"https:\/\/myreplicawatches.io\/es\/wp-json\/wp\/v2\/media?parent=11582"}],"wp:term":[{"taxonomy":"product_brand","embeddable":true,"href":"https:\/\/myreplicawatches.io\/es\/wp-json\/wp\/v2\/product_brand?post=11582"},{"taxonomy":"product_cat","embeddable":true,"href":"https:\/\/myreplicawatches.io\/es\/wp-json\/wp\/v2\/product_cat?post=11582"},{"taxonomy":"product_tag","embeddable":true,"href":"https:\/\/myreplicawatches.io\/es\/wp-json\/wp\/v2\/product_tag?post=11582"}],"curies":[{"name":"wp","href":"https:\/\/api.w.org\/{rel}","templated":true}]}}