{"id":11577,"date":"2023-10-03T21:32:07","date_gmt":"2023-10-03T21:32:07","guid":{"rendered":"https:\/\/myreplicawatches.io\/product\/clon-suizo-replica-ap-royal-oak-piel-automatico\/"},"modified":"2025-11-16T12:36:46","modified_gmt":"2025-11-16T12:36:46","slug":"clon-suizo-replica-ap-royal-oak-piel-automatico","status":"publish","type":"product","link":"https:\/\/myreplicawatches.io\/es\/product\/clon-suizo-replica-ap-royal-oak-piel-automatico\/","title":{"rendered":"Clon suizo Replica AP Royal Oak &#8211; Piel autom\u00e1tico"},"content":{"rendered":"<h2 style=\"text-align: center;\">Clon suizo Replica AP Royal Oak &#8211; Autom\u00e1tico Piel &#8211; R\u00e9plica de la mejor calidad<\/h2>\n<p style=\"text-align: left;\"><span style=\"color: #212b36; background-color: #ffffff; font-size: 14px; font-family: -apple-system, system-ui,;\"><strong><ins>Los Pedidos por Transferencia Bancaria Directa incluyen un gran Descuento ( Contacta con nosotros para m\u00e1s informaci\u00f3n )<\/ins><\/strong><\/span><\/p>\n<p style=\"text-align: left;\"><span style=\"color: #212b36; background-color: #ffffff; font-size: 14px; font-family: -apple-system, system-ui,;\"><strong>Todos los relojes tienen 1 a\u00f1o de garant\u00eda <\/strong><\/span><\/p>\n<p style=\"text-align: left;\"><span style=\"color: #212b36; background-color: #ffffff; font-size: 14px; font-family: -apple-system, system-ui,;\"><strong>Todos los relojes vienen con cajas de reloj originales con papeles y documentaci\u00f3n.RELOJES HECHOS EN JAP\u00d3N Clon 1:1<\/strong><\/span><\/p>\n<p style=\"text-align: left;\"><span style=\"color: #212b36; background-color: #ffffff; font-size: 14px; font-family: -apple-system, system-ui,;\"><ins>RELOJES HECHOS EN JAP\u00d3N Clon 1:1 del Clon Suizo R\u00e9plica AP Royal Oak &#8211; Autom\u00e1tico Piel<\/ins><\/span><\/p>\n<ul>\n<li><span style=\"color: #212b36; background-color: #ffffff; font-size: 14px; font-family: -apple-system, system-ui,;\">Se ve y se siente exactamente igual. \u2714<\/span><\/li>\n<li><span style=\"color: #212b36; background-color: #ffffff; font-size: 14px; font-family: -apple-system, system-ui,;\">No se puede diferenciar entre el verdadero \u2714<\/span><\/li>\n<li><span style=\"color: #212b36; background-color: #ffffff; font-size: 14px; font-family: -apple-system, system-ui,;\">Resistente al agua 100 m \u2714<\/span><\/li>\n<li><span style=\"color: #212b36; background-color: #ffffff; font-size: 14px; font-family: -apple-system, system-ui,;\">Cristal de zafiro antirrayado con revestimiento AR \u2714<\/span><\/li>\n<li><span style=\"color: #212b36; background-color: #ffffff; font-size: 14px; font-family: -apple-system, system-ui,;\">Relojes de acero 904L y chapados en oro aut\u00e9ntico. \u2714<\/span><\/li>\n<li><span style=\"color: #212b36; background-color: #ffffff; font-size: 14px; font-family: -apple-system, system-ui,;\">Mismo peso que el original. \u2714<\/span><\/li>\n<li><span style=\"color: #212b36; background-color: #ffffff; font-size: 14px; font-family: -apple-system, system-ui,;\">Mismo Mecanismo que el Real \u2716 ( Mejor Movimiento Autom\u00e1tico Japon\u00e9s, peque\u00f1a diferencia detallada en el mecanismo ) <\/span><\/li>\n<li><span style=\"color: #212b36; background-color: #ffffff; font-size: 14px; font-family: -apple-system, system-ui,;\">Movimiento Autom\u00e1tico \u2714 ( El segundero no hace tictac, se mueve suavemente como el original )<\/span><\/li>\n<\/ul>\n<p style=\"text-align: left;\"><span style=\"color: #212b36; background-color: #ffffff; font-size: 14px; font-family: -apple-system, system-ui,;\"><ins>RELOJES DE FABRICACI\u00f3N SUIZA Clon 1:1 de la R\u00e9plica AP Royal Oak &#8211; Autom\u00e1tico Piel<\/ins><\/span><\/p>\n<ul>\n<li><span style=\"color: #212b36; background-color: #ffffff; font-size: 14px; font-family: -apple-system, system-ui,;\">Se ve y se siente exactamente igual. \u2714<\/span><\/li>\n<li><span style=\"color: #212b36; background-color: #ffffff; font-size: 14px; font-family: -apple-system, system-ui,;\">No se puede diferenciar entre el verdadero \u2714<\/span><\/li>\n<li><span style=\"color: #212b36; background-color: #ffffff; font-size: 14px; font-family: -apple-system, system-ui,;\">Resistente al agua 300 m \u2714<\/span><\/li>\n<li><span style=\"color: #212b36; background-color: #ffffff; font-size: 14px; font-family: -apple-system, system-ui,;\">Cristal de zafiro antirrayado con revestimiento AR \u2714<\/span><\/li>\n<li><span style=\"color: #212b36; background-color: #ffffff; font-size: 14px; font-family: -apple-system, system-ui,;\">Relojes de acero 904L y oro aut\u00e9ntico. \u2714<\/span><\/li>\n<li><span style=\"color: #212b36; background-color: #ffffff; font-size: 14px; font-family: -apple-system, system-ui,;\">Mismo peso que el original. \u2714<\/span><\/li>\n<li><span style=\"color: #212b36; background-color: #ffffff; font-size: 14px; font-family: -apple-system, system-ui,;\">Mismo Mecanismo que el Real \u2714 ( MISMO Movimiento SUIZO, Exactamente igual que el real ) <\/span><\/li>\n<li><span style=\"color: #212b36; background-color: #ffffff; font-size: 14px; font-family: -apple-system, system-ui,;\">Movimiento Autom\u00e1tico \u2714 ( El segundero no hace tictac, se mueve suavemente como el original )<\/span><\/li>\n<\/ul>\n<dl>\n<dt><span class=\"des-wrap\">Descripci\u00f3n<\/span><\/dt>\n<\/dl>\n<div>\n<dl>\n<dt>Longitud de la banda: 23<\/dt>\n<\/dl>\n<dl>\n<dt>Visualizaci\u00f3n del dial: Anal\u00f3gica<\/dt>\n<\/dl>\n<dl>\n<dt>Di\u00e1metro de la esfera: 42<\/dt>\n<\/dl>\n<dl>\n<dt>Tipo de material de la correa: Piel<\/dt>\n<\/dl>\n<dl>\n<dt>Tipo de material de la caja: Oro rosa<\/dt>\n<\/dl>\n<\/div>\n<dl>\n<dt>\n<div>Tipo de material de la esfera: Oro rosa<\/div>\n<div><\/div>\n<div>\n<h2><\/h2>\n<h5>Garant\u00eda<\/h5>\n<p>100% de satisfacci\u00f3n garantizada Si no est\u00e1s satisfecho al 100% con tu primer reloj myreplicawatches.io, prometemos arreglarlo todo.<\/p>\n<h4>Entrega<\/h4>\n<p>Env\u00edo DHL a todo el mundo &#8211; De 3 a 10 d\u00edas estimaci\u00f3n de llegada Despu\u00e9s de hacer tu pedido, por favor, deja pasar 2-3 d\u00edas para el env\u00edo de tu producto. Recibir\u00e1s tu n\u00famero de seguimiento inmediatamente despu\u00e9s de que enviemos tu producto<\/p>\n<\/div>\n<\/dt>\n<\/dl>\n","protected":false},"excerpt":{"rendered":"<p>Clon suizo Replica AP Royal Oak &#8211; Autom\u00e1tico Piel &#8211; R\u00e9plica de la mejor calidad Los Pedidos por Transferencia Bancaria Directa incluyen un gran Descuento ( Contacta con nosotros para m\u00e1s informaci\u00f3n ) Todos los relojes tienen 1 a\u00f1o de garant\u00eda Todos los relojes vienen con cajas de reloj originales con papeles y documentaci\u00f3n.RELOJES HECHOS<\/p>\n","protected":false},"featured_media":6490,"comment_status":"open","ping_status":"closed","template":"","meta":{"_uag_custom_page_level_css":"","site-sidebar-layout":"default","site-content-layout":"","ast-site-content-layout":"default","site-content-style":"default","site-sidebar-style":"default","ast-global-header-display":"","ast-banner-title-visibility":"","ast-main-header-display":"","ast-hfb-above-header-display":"","ast-hfb-below-header-display":"","ast-hfb-mobile-header-display":"","site-post-title":"","ast-breadcrumbs-content":"","ast-featured-img":"","footer-sml-layout":"","theme-transparent-header-meta":"default","adv-header-id-meta":"","stick-header-meta":"default","header-above-stick-meta":"","header-main-stick-meta":"","header-below-stick-meta":"","astra-migrate-meta-layouts":"set","ast-page-background-enabled":"default","ast-page-background-meta":{"desktop":{"background-color":"var(--ast-global-color-4)","background-image":"","background-repeat":"repeat","background-position":"center center","background-size":"auto","background-attachment":"scroll","background-type":"","background-media":"","overlay-type":"","overlay-color":"","overlay-opacity":"","overlay-gradient":""},"tablet":{"background-color":"","background-image":"","background-repeat":"repeat","background-position":"center center","background-size":"auto","background-attachment":"scroll","background-type":"","background-media":"","overlay-type":"","overlay-color":"","overlay-opacity":"","overlay-gradient":""},"mobile":{"background-color":"","background-image":"","background-repeat":"repeat","background-position":"center center","background-size":"auto","background-attachment":"scroll","background-type":"","background-media":"","overlay-type":"","overlay-color":"","overlay-opacity":"","overlay-gradient":""}},"ast-content-background-meta":{"desktop":{"background-color":"var(--ast-global-color-5)","background-image":"","background-repeat":"repeat","background-position":"center center","background-size":"auto","background-attachment":"scroll","background-type":"","background-media":"","overlay-type":"","overlay-color":"","overlay-opacity":"","overlay-gradient":""},"tablet":{"background-color":"var(--ast-global-color-5)","background-image":"","background-repeat":"repeat","background-position":"center center","background-size":"auto","background-attachment":"scroll","background-type":"","background-media":"","overlay-type":"","overlay-color":"","overlay-opacity":"","overlay-gradient":""},"mobile":{"background-color":"var(--ast-global-color-5)","background-image":"","background-repeat":"repeat","background-position":"center center","background-size":"auto","background-attachment":"scroll","background-type":"","background-media":"","overlay-type":"","overlay-color":"","overlay-opacity":"","overlay-gradient":""}}},"product_brand":[],"product_cat":[168,154,160,158],"product_tag":[597,599,217,647,561,444,648,559,565,854,555,440,474,560,465,602,567,441,472],"class_list":{"0":"post-11577","1":"product","2":"type-product","3":"status-publish","4":"has-post-thumbnail","6":"product_cat-productos-mas-nuevos","7":"product_cat-replicas-de-relojes-mas-vendidas","8":"product_cat-super-clon-audemars-piguet","9":"product_cat-superclones","10":"product_tag-ap","11":"product_tag-audemars-piguet","12":"product_tag-audemars-piguet-suizo","13":"product_tag-automatic-watch-es","14":"product_tag-collectible","15":"product_tag-designer-watch","16":"product_tag-elegant-es","17":"product_tag-exclusive","18":"product_tag-high-quality-es","19":"product_tag-leather-strap-es","20":"product_tag-limited-edition","21":"product_tag-luxury-watch","22":"product_tag-mens-watch","23":"product_tag-premium","24":"product_tag-replica","25":"product_tag-royal-oak-es","26":"product_tag-stylish-es","27":"product_tag-swiss-movement","28":"product_tag-timepiece","29":"desktop-align-left","30":"tablet-align-left","31":"mobile-align-left","32":"ast-product-gallery-layout-vertical-slider","34":"first","35":"instock","36":"sale","37":"shipping-taxable","38":"purchasable","39":"product-type-simple"},"uagb_featured_image_src":{"full":["https:\/\/myreplicawatches.io\/wp-content\/uploads\/2023\/10\/Screenshot_2019-10-16_at_6.20.12_PM.png",1338,1362,false],"thumbnail":["https:\/\/myreplicawatches.io\/wp-content\/uploads\/2023\/10\/Screenshot_2019-10-16_at_6.20.12_PM-150x150.png",150,150,true],"medium":["https:\/\/myreplicawatches.io\/wp-content\/uploads\/2023\/10\/Screenshot_2019-10-16_at_6.20.12_PM-295x300.png",295,300,true],"medium_large":["https:\/\/myreplicawatches.io\/wp-content\/uploads\/2023\/10\/Screenshot_2019-10-16_at_6.20.12_PM-768x782.png",768,782,true],"large":["https:\/\/myreplicawatches.io\/wp-content\/uploads\/2023\/10\/Screenshot_2019-10-16_at_6.20.12_PM-1006x1024.png",1006,1024,true],"1536x1536":["https:\/\/myreplicawatches.io\/wp-content\/uploads\/2023\/10\/Screenshot_2019-10-16_at_6.20.12_PM.png",1338,1362,false],"2048x2048":["https:\/\/myreplicawatches.io\/wp-content\/uploads\/2023\/10\/Screenshot_2019-10-16_at_6.20.12_PM.png",1338,1362,false],"woocommerce_thumbnail":["https:\/\/myreplicawatches.io\/wp-content\/uploads\/2023\/10\/Screenshot_2019-10-16_at_6.20.12_PM-300x300.png",300,300,true],"woocommerce_single":["https:\/\/myreplicawatches.io\/wp-content\/uploads\/2023\/10\/Screenshot_2019-10-16_at_6.20.12_PM-600x611.png",600,611,true],"woocommerce_gallery_thumbnail":["https:\/\/myreplicawatches.io\/wp-content\/uploads\/2023\/10\/Screenshot_2019-10-16_at_6.20.12_PM-100x100.png",100,100,true],"variation_swatches_image_size":["https:\/\/myreplicawatches.io\/wp-content\/uploads\/2023\/10\/Screenshot_2019-10-16_at_6.20.12_PM.png",50,50,false],"variation_swatches_tooltip_size":["https:\/\/myreplicawatches.io\/wp-content\/uploads\/2023\/10\/Screenshot_2019-10-16_at_6.20.12_PM.png",98,100,false],"dgwt-wcas-product-suggestion":["https:\/\/myreplicawatches.io\/wp-content\/uploads\/2023\/10\/Screenshot_2019-10-16_at_6.20.12_PM-64x65.png",64,65,true]},"uagb_author_info":{"display_name":"admin","author_link":"https:\/\/myreplicawatches.io\/es\/author\/"},"uagb_comment_info":0,"uagb_excerpt":"Clon suizo Replica AP Royal Oak &#8211; Autom\u00e1tico Piel &#8211; R\u00e9plica de la mejor calidad Los Pedidos por Transferencia Bancaria Directa incluyen un gran Descuento ( Contacta con nosotros para m\u00e1s informaci\u00f3n ) Todos los relojes tienen 1 a\u00f1o de garant\u00eda Todos los relojes vienen con cajas de reloj originales con papeles y documentaci\u00f3n.RELOJES HECHOS","jetpack_sharing_enabled":true,"_links":{"self":[{"href":"https:\/\/myreplicawatches.io\/es\/wp-json\/wp\/v2\/product\/11577","targetHints":{"allow":["GET"]}}],"collection":[{"href":"https:\/\/myreplicawatches.io\/es\/wp-json\/wp\/v2\/product"}],"about":[{"href":"https:\/\/myreplicawatches.io\/es\/wp-json\/wp\/v2\/types\/product"}],"replies":[{"embeddable":true,"href":"https:\/\/myreplicawatches.io\/es\/wp-json\/wp\/v2\/comments?post=11577"}],"wp:featuredmedia":[{"embeddable":true,"href":"https:\/\/myreplicawatches.io\/es\/wp-json\/wp\/v2\/media\/6490"}],"wp:attachment":[{"href":"https:\/\/myreplicawatches.io\/es\/wp-json\/wp\/v2\/media?parent=11577"}],"wp:term":[{"taxonomy":"product_brand","embeddable":true,"href":"https:\/\/myreplicawatches.io\/es\/wp-json\/wp\/v2\/product_brand?post=11577"},{"taxonomy":"product_cat","embeddable":true,"href":"https:\/\/myreplicawatches.io\/es\/wp-json\/wp\/v2\/product_cat?post=11577"},{"taxonomy":"product_tag","embeddable":true,"href":"https:\/\/myreplicawatches.io\/es\/wp-json\/wp\/v2\/product_tag?post=11577"}],"curies":[{"name":"wp","href":"https:\/\/api.w.org\/{rel}","templated":true}]}}