{"id":11573,"date":"2023-10-03T21:32:05","date_gmt":"2023-10-03T21:32:05","guid":{"rendered":"https:\/\/myreplicawatches.io\/product\/clon-suizo-replica-ap-royal-oak-oro-rosa-blanco\/"},"modified":"2025-11-16T12:36:47","modified_gmt":"2025-11-16T12:36:47","slug":"clon-suizo-replica-ap-royal-oak-oro-rosa-blanco","status":"publish","type":"product","link":"https:\/\/myreplicawatches.io\/es\/product\/clon-suizo-replica-ap-royal-oak-oro-rosa-blanco\/","title":{"rendered":"Clon Suizo Replica AP Royal Oak &#8211; Oro Rosa Blanco"},"content":{"rendered":"<h2 style=\"text-align: center;\">Clon Suizo Replica AP Royal Oak &#8211; Oro Rosa Blanco &#8211; Mejor Calidad Replica Versi\u00f3n Clon<\/h2>\n<p>&nbsp;<\/p>\n<p style=\"text-align: left;\"><span style=\"color: #212b36; background-color: #ffffff; font-size: 14px; font-family: -apple-system, system-ui,;\"><strong><ins>Los Pedidos por Transferencia Bancaria Directa incluyen un gran Descuento ( Contacta con nosotros para m\u00e1s informaci\u00f3n )<\/ins><\/strong><\/span><\/p>\n<p style=\"text-align: left;\"><span style=\"color: #212b36; background-color: #ffffff; font-size: 14px; font-family: -apple-system, system-ui,;\"><strong>Todos los relojes tienen 1 a\u00f1o de garant\u00eda <\/strong><\/span><\/p>\n<p style=\"text-align: left;\"><span style=\"color: #212b36; background-color: #ffffff; font-size: 14px; font-family: -apple-system, system-ui,;\"><strong>Todos los relojes vienen con cajas de reloj originales con papeles y documentaci\u00f3n.RELOJES HECHOS EN JAP\u00d3N Clon 1:1<\/strong><\/span><\/p>\n<p style=\"text-align: left;\"><span style=\"color: #212b36; background-color: #ffffff; font-size: 14px; font-family: -apple-system, system-ui,;\"><ins>RELOJES HECHOS EN JAP\u00d3N Clon 1:1 del Clon Suizo R\u00e9plica AP Royal Oak &#8211; Oro rosa blanco<\/ins><\/span><\/p>\n<ul>\n<li><span style=\"color: #212b36; background-color: #ffffff; font-size: 14px; font-family: -apple-system, system-ui,;\">Se ve y se siente exactamente igual. \u2714<\/span><\/li>\n<li><span style=\"color: #212b36; background-color: #ffffff; font-size: 14px; font-family: -apple-system, system-ui,;\">No se puede diferenciar entre el verdadero \u2714<\/span><\/li>\n<li><span style=\"color: #212b36; background-color: #ffffff; font-size: 14px; font-family: -apple-system, system-ui,;\">Resistente al agua 100 m \u2714<\/span><\/li>\n<li><span style=\"color: #212b36; background-color: #ffffff; font-size: 14px; font-family: -apple-system, system-ui,;\">Cristal de zafiro antirrayado con revestimiento AR \u2714<\/span><\/li>\n<li><span style=\"color: #212b36; background-color: #ffffff; font-size: 14px; font-family: -apple-system, system-ui,;\">Relojes de acero 904L y chapados en oro aut\u00e9ntico. \u2714<\/span><\/li>\n<li><span style=\"color: #212b36; background-color: #ffffff; font-size: 14px; font-family: -apple-system, system-ui,;\">Mismo peso que el original. \u2714<\/span><\/li>\n<li><span style=\"color: #212b36; background-color: #ffffff; font-size: 14px; font-family: -apple-system, system-ui,;\">Mismo Mecanismo que el Real \u2716 ( Mejor Movimiento Autom\u00e1tico Japon\u00e9s, peque\u00f1a diferencia detallada en el mecanismo ) <\/span><\/li>\n<li><span style=\"color: #212b36; background-color: #ffffff; font-size: 14px; font-family: -apple-system, system-ui,;\">Movimiento Autom\u00e1tico \u2714 ( El segundero no hace tictac, se mueve suavemente como el original )<\/span><\/li>\n<\/ul>\n<p style=\"text-align: left;\"><span style=\"color: #212b36; background-color: #ffffff; font-size: 14px; font-family: -apple-system, system-ui,;\"><ins>RELOJES DE FABRICACI\u00d3N SUIZA Clon 1:1 de la R\u00e9plica AP Royal Oak &#8211; Oro rosa blanco<\/ins><\/span><\/p>\n<ul>\n<li><span style=\"color: #212b36; background-color: #ffffff; font-size: 14px; font-family: -apple-system, system-ui,;\">Se ve y se siente exactamente igual. \u2714<\/span><\/li>\n<li><span style=\"color: #212b36; background-color: #ffffff; font-size: 14px; font-family: -apple-system, system-ui,;\">No se puede diferenciar entre el verdadero \u2714<\/span><\/li>\n<li><span style=\"color: #212b36; background-color: #ffffff; font-size: 14px; font-family: -apple-system, system-ui,;\">Resistente al agua 300 m \u2714<\/span><\/li>\n<li><span style=\"color: #212b36; background-color: #ffffff; font-size: 14px; font-family: -apple-system, system-ui,;\">Cristal de zafiro antirrayado con revestimiento AR \u2714<\/span><\/li>\n<li><span style=\"color: #212b36; background-color: #ffffff; font-size: 14px; font-family: -apple-system, system-ui,;\">Relojes de acero 904L y oro aut\u00e9ntico. \u2714<\/span><\/li>\n<li><span style=\"color: #212b36; background-color: #ffffff; font-size: 14px; font-family: -apple-system, system-ui,;\">Mismo peso que el original. \u2714<\/span><\/li>\n<li><span style=\"color: #212b36; background-color: #ffffff; font-size: 14px; font-family: -apple-system, system-ui,;\">Mismo Mecanismo que el Real \u2714 ( MISMO Movimiento SUIZO, Exactamente igual que el real ) <\/span><\/li>\n<li><span style=\"color: #212b36; background-color: #ffffff; font-size: 14px; font-family: -apple-system, system-ui,;\">Movimiento Autom\u00e1tico \u2714 ( El segundero no hace tictac, se mueve suavemente como el original )<\/span><\/li>\n<\/ul>\n<p><img decoding=\"async\" class=\"aligncenter\" src=\"\/\/cdn.shopify.com\/s\/files\/1\/0027\/0748\/8883\/files\/checkout_icon_02b92492-cff8-4474-b98b-81bbaa03a415_large.png?v=1529695134\" alt=\"\" title=\"\"><\/p>\n<p><strong>Descripci\u00f3n del Clon Suizo R\u00e9plica AP Royal Oak &#8211; Oro Rosa Blanco<\/strong><\/p>\n<div style=\"text-align: left;\">\n<dl>\n<dt>Movimiento: Autom\u00e1tico Suizo ( todas las funciones funcionando )<\/dt>\n<\/dl>\n<dl>\n<dt>Color de la correa: Plata<\/dt>\n<\/dl>\n<dl>\n<dt>Forma de la esfera: Redonda<\/dt>\n<\/dl>\n<dl>\n<dt>Longitud de la banda: 23<\/dt>\n<\/dl>\n<dl>\n<dt>Visualizaci\u00f3n del dial: Anal\u00f3gica<\/dt>\n<\/dl>\n<dl>\n<dt>Di\u00e1metro de la esfera: 42<\/dt>\n<\/dl>\n<dl>\n<dt>Tipo de material de la correa: Acero inoxidable<\/dt>\n<\/dl>\n<dl>\n<dt>Tipo de material de la caja: Acero inoxidable<\/dt>\n<\/dl>\n<\/div>\n<dl>\n<dt>\n<div style=\"text-align: left;\">Tipo de material de la esfera Acero inoxidable<\/div>\n<div style=\"text-align: left;\"><\/div>\n<div style=\"text-align: left;\"><\/div>\n<\/dt>\n<\/dl>\n<h3 style=\"text-align: left;\"><\/h3>\n<h5>Garant\u00eda<\/h5>\n<p>100% de satisfacci\u00f3n garantizada Si no quedas satisfecho al 100% con tu primera myreplicawatches.io , nos comprometemos a arreglarlo todo.<\/p>\n<h5>Entrega<\/h5>\n<p>Env\u00edo DHL a todo el mundo &#8211; De 3 a 10 d\u00edas estimaci\u00f3n de llegada Despu\u00e9s de hacer tu pedido, por favor, deja pasar 2-3 d\u00edas para el env\u00edo de tu producto. Recibir\u00e1s tu n\u00famero de seguimiento inmediatamente despu\u00e9s de que enviemos tu producto. <img fetchpriority=\"high\" decoding=\"async\" class=\"aligncenter\" src=\"\/\/cdn.shopify.com\/s\/files\/1\/0027\/0748\/8883\/files\/product_desc_below_large_large_a32e7262-b9bf-4a85-ac82-2638c1f67ae1_large.png?v=1529766426\" alt=\"\" width=\"390\" height=\"144\" title=\"\"><\/p>\n","protected":false},"excerpt":{"rendered":"<p>Clon Suizo Replica AP Royal Oak &#8211; Oro Rosa Blanco &#8211; Mejor Calidad Replica Versi\u00f3n Clon &nbsp; Los Pedidos por Transferencia Bancaria Directa incluyen un gran Descuento ( Contacta con nosotros para m\u00e1s informaci\u00f3n ) Todos los relojes tienen 1 a\u00f1o de garant\u00eda Todos los relojes vienen con cajas de reloj originales con papeles y<\/p>\n","protected":false},"featured_media":6487,"comment_status":"open","ping_status":"closed","template":"","meta":{"_uag_custom_page_level_css":"","site-sidebar-layout":"default","site-content-layout":"","ast-site-content-layout":"default","site-content-style":"default","site-sidebar-style":"default","ast-global-header-display":"","ast-banner-title-visibility":"","ast-main-header-display":"","ast-hfb-above-header-display":"","ast-hfb-below-header-display":"","ast-hfb-mobile-header-display":"","site-post-title":"","ast-breadcrumbs-content":"","ast-featured-img":"","footer-sml-layout":"","theme-transparent-header-meta":"default","adv-header-id-meta":"","stick-header-meta":"default","header-above-stick-meta":"","header-main-stick-meta":"","header-below-stick-meta":"","astra-migrate-meta-layouts":"set","ast-page-background-enabled":"default","ast-page-background-meta":{"desktop":{"background-color":"var(--ast-global-color-4)","background-image":"","background-repeat":"repeat","background-position":"center center","background-size":"auto","background-attachment":"scroll","background-type":"","background-media":"","overlay-type":"","overlay-color":"","overlay-opacity":"","overlay-gradient":""},"tablet":{"background-color":"","background-image":"","background-repeat":"repeat","background-position":"center center","background-size":"auto","background-attachment":"scroll","background-type":"","background-media":"","overlay-type":"","overlay-color":"","overlay-opacity":"","overlay-gradient":""},"mobile":{"background-color":"","background-image":"","background-repeat":"repeat","background-position":"center center","background-size":"auto","background-attachment":"scroll","background-type":"","background-media":"","overlay-type":"","overlay-color":"","overlay-opacity":"","overlay-gradient":""}},"ast-content-background-meta":{"desktop":{"background-color":"var(--ast-global-color-5)","background-image":"","background-repeat":"repeat","background-position":"center center","background-size":"auto","background-attachment":"scroll","background-type":"","background-media":"","overlay-type":"","overlay-color":"","overlay-opacity":"","overlay-gradient":""},"tablet":{"background-color":"var(--ast-global-color-5)","background-image":"","background-repeat":"repeat","background-position":"center center","background-size":"auto","background-attachment":"scroll","background-type":"","background-media":"","overlay-type":"","overlay-color":"","overlay-opacity":"","overlay-gradient":""},"mobile":{"background-color":"var(--ast-global-color-5)","background-image":"","background-repeat":"repeat","background-position":"center center","background-size":"auto","background-attachment":"scroll","background-type":"","background-media":"","overlay-type":"","overlay-color":"","overlay-opacity":"","overlay-gradient":""}}},"product_brand":[],"product_cat":[168,154,160,158],"product_tag":[597,599,217,647,561,444,648,559,565,555,440,474,560,465,668,805,602,567,1944,441,472,836],"class_list":{"0":"post-11573","1":"product","2":"type-product","3":"status-publish","4":"has-post-thumbnail","6":"product_cat-productos-mas-nuevos","7":"product_cat-replicas-de-relojes-mas-vendidas","8":"product_cat-super-clon-audemars-piguet","9":"product_cat-superclones","10":"product_tag-ap","11":"product_tag-audemars-piguet","12":"product_tag-audemars-piguet-suizo","13":"product_tag-automatic-watch-es","14":"product_tag-collectible","15":"product_tag-designer-watch","16":"product_tag-elegant-es","17":"product_tag-exclusive","18":"product_tag-high-quality-es","19":"product_tag-limited-edition","20":"product_tag-luxury-watch","21":"product_tag-mens-watch","22":"product_tag-premium","23":"product_tag-replica","24":"product_tag-rose-gold-es","25":"product_tag-rose-gold-case","26":"product_tag-royal-oak-es","27":"product_tag-stylish-es","28":"product_tag-swiss-clone-es","29":"product_tag-swiss-movement","30":"product_tag-timepiece","31":"product_tag-white-dial-es","32":"desktop-align-left","33":"tablet-align-left","34":"mobile-align-left","35":"ast-product-gallery-layout-vertical-slider","36":"ast-product-single-variable","38":"first","39":"instock","40":"shipping-taxable","41":"purchasable","42":"product-type-variable"},"uagb_featured_image_src":{"full":["https:\/\/myreplicawatches.io\/wp-content\/uploads\/2023\/10\/Screenshot_2019-10-16_at_6.26.28_PM.png",1084,1116,false],"thumbnail":["https:\/\/myreplicawatches.io\/wp-content\/uploads\/2023\/10\/Screenshot_2019-10-16_at_6.26.28_PM-150x150.png",150,150,true],"medium":["https:\/\/myreplicawatches.io\/wp-content\/uploads\/2023\/10\/Screenshot_2019-10-16_at_6.26.28_PM-291x300.png",291,300,true],"medium_large":["https:\/\/myreplicawatches.io\/wp-content\/uploads\/2023\/10\/Screenshot_2019-10-16_at_6.26.28_PM-768x791.png",768,791,true],"large":["https:\/\/myreplicawatches.io\/wp-content\/uploads\/2023\/10\/Screenshot_2019-10-16_at_6.26.28_PM-995x1024.png",995,1024,true],"1536x1536":["https:\/\/myreplicawatches.io\/wp-content\/uploads\/2023\/10\/Screenshot_2019-10-16_at_6.26.28_PM.png",1084,1116,false],"2048x2048":["https:\/\/myreplicawatches.io\/wp-content\/uploads\/2023\/10\/Screenshot_2019-10-16_at_6.26.28_PM.png",1084,1116,false],"woocommerce_thumbnail":["https:\/\/myreplicawatches.io\/wp-content\/uploads\/2023\/10\/Screenshot_2019-10-16_at_6.26.28_PM-300x300.png",300,300,true],"woocommerce_single":["https:\/\/myreplicawatches.io\/wp-content\/uploads\/2023\/10\/Screenshot_2019-10-16_at_6.26.28_PM-600x618.png",600,618,true],"woocommerce_gallery_thumbnail":["https:\/\/myreplicawatches.io\/wp-content\/uploads\/2023\/10\/Screenshot_2019-10-16_at_6.26.28_PM-100x100.png",100,100,true],"variation_swatches_image_size":["https:\/\/myreplicawatches.io\/wp-content\/uploads\/2023\/10\/Screenshot_2019-10-16_at_6.26.28_PM.png",50,50,false],"variation_swatches_tooltip_size":["https:\/\/myreplicawatches.io\/wp-content\/uploads\/2023\/10\/Screenshot_2019-10-16_at_6.26.28_PM.png",97,100,false],"dgwt-wcas-product-suggestion":["https:\/\/myreplicawatches.io\/wp-content\/uploads\/2023\/10\/Screenshot_2019-10-16_at_6.26.28_PM-64x66.png",64,66,true]},"uagb_author_info":{"display_name":"admin","author_link":"https:\/\/myreplicawatches.io\/es\/author\/"},"uagb_comment_info":0,"uagb_excerpt":"Clon Suizo Replica AP Royal Oak &#8211; Oro Rosa Blanco &#8211; Mejor Calidad Replica Versi\u00f3n Clon &nbsp; Los Pedidos por Transferencia Bancaria Directa incluyen un gran Descuento ( Contacta con nosotros para m\u00e1s informaci\u00f3n ) Todos los relojes tienen 1 a\u00f1o de garant\u00eda Todos los relojes vienen con cajas de reloj originales con papeles y","jetpack_sharing_enabled":true,"_links":{"self":[{"href":"https:\/\/myreplicawatches.io\/es\/wp-json\/wp\/v2\/product\/11573","targetHints":{"allow":["GET"]}}],"collection":[{"href":"https:\/\/myreplicawatches.io\/es\/wp-json\/wp\/v2\/product"}],"about":[{"href":"https:\/\/myreplicawatches.io\/es\/wp-json\/wp\/v2\/types\/product"}],"replies":[{"embeddable":true,"href":"https:\/\/myreplicawatches.io\/es\/wp-json\/wp\/v2\/comments?post=11573"}],"wp:featuredmedia":[{"embeddable":true,"href":"https:\/\/myreplicawatches.io\/es\/wp-json\/wp\/v2\/media\/6487"}],"wp:attachment":[{"href":"https:\/\/myreplicawatches.io\/es\/wp-json\/wp\/v2\/media?parent=11573"}],"wp:term":[{"taxonomy":"product_brand","embeddable":true,"href":"https:\/\/myreplicawatches.io\/es\/wp-json\/wp\/v2\/product_brand?post=11573"},{"taxonomy":"product_cat","embeddable":true,"href":"https:\/\/myreplicawatches.io\/es\/wp-json\/wp\/v2\/product_cat?post=11573"},{"taxonomy":"product_tag","embeddable":true,"href":"https:\/\/myreplicawatches.io\/es\/wp-json\/wp\/v2\/product_tag?post=11573"}],"curies":[{"name":"wp","href":"https:\/\/api.w.org\/{rel}","templated":true}]}}