{"id":11572,"date":"2023-10-03T21:31:49","date_gmt":"2023-10-03T21:31:49","guid":{"rendered":"https:\/\/myreplicawatches.io\/product\/clon-suizo-replica-rolex-day-date-azul-hielo-esfera-arabe-platino\/"},"modified":"2025-11-16T12:36:46","modified_gmt":"2025-11-16T12:36:46","slug":"clon-suizo-replica-rolex-day-date-azul-hielo-esfera-arabe-platino","status":"publish","type":"product","link":"https:\/\/myreplicawatches.io\/es\/product\/clon-suizo-replica-rolex-day-date-azul-hielo-esfera-arabe-platino\/","title":{"rendered":"Clon Suizo Replica Rolex Day Date Azul Hielo Esfera Arabe Platino"},"content":{"rendered":"<h2 style=\"text-align: center;\">Clon Suizo Replica Rolex Day Date Azul Hielo Esfera Arabe Platino &#8211; Mejor Calidad Swiss Made Version<\/h2>\n<p>&nbsp;<\/p>\n<h5 style=\"text-align: center;\"><span style=\"color: #e25041;\">Los pedidos mediante BitCoin y transferencias bancarias directas incluyen un gran descuento <\/span><span style=\"color: #e25041;\">Contacta con nosotros para m\u00e1s informaci\u00f3n <\/span><\/h5>\n<p style=\"text-align: center;\"><span style=\"color: #000000; background-color: #ffffff; font-size: 18px; font-family: Futura, sans-serif;\"><strong>Caja del reloj con papeles y documentos incluidos.<\/strong><\/span><\/p>\n<h2 style=\"text-align: center;\"><\/h2>\n<p><ins>RELOJES DE FABRICACI\u00f3N SUIZA Clon 1:1 del clon suizo R\u00e9plica Rolex Day Date Azul hielo Esfera \u00e1rabe Platino <\/ins><\/p>\n<ul>\n<li>Se ve y se siente exactamente igual. \u2714<\/li>\n<li>No se puede diferenciar entre el verdadero \u2714<\/li>\n<li>Resistente al agua 300 m \u2714<\/li>\n<li>Cristal de zafiro antirrayado con revestimiento AR \u2714<\/li>\n<li>Relojes de acero 904L y oro aut\u00e9ntico. \u2714<\/li>\n<li>Mismo peso que el original. \u2714<\/li>\n<li>Mismo Mecanismo que el Real \u2714 ( MISMO Movimiento SUIZO, Exactamente igual que el real )<\/li>\n<li>Movimiento Autom\u00e1tico \u2714 ( El segundero no hace tictac, se mueve suavemente como el original )<\/li>\n<\/ul>\n<h2 style=\"text-align: center;\"><\/h2>\n<h5 style=\"text-align: center;\">Descripci\u00f3n del clon suizo R\u00e9plica Rolex Day Date Azul hielo Esfera \u00e1rabe Platino<\/h5>\n<p>&nbsp;<\/p>\n<ul>\n<li>C\u00f3digo 228206<\/li>\n<li>Di\u00e1metro: 40 mm R\u00e9plica de reloj Rolex Day Date para caballero<\/li>\n<li>Correa de reloj: correa de reloj Rolex President de acero inoxidable con cierre oculto que muestra el logotipo de Rolex.eslabones de rosca f\u00e1cilmente ajustables.<\/li>\n<li>Esfera del reloj: Esfera azul hielo con marcas \u00e1rabes especiales<\/li>\n<li>Bisel del reloj: Detalle acabado m\u00e1s preciso Bisel liso<\/li>\n<li>Movimiento: Presenta un movimiento autom\u00e1tico Ming Zhu asi\u00e1tico de alta calidad con segundero de barrido suave, tambi\u00e9n llamado ETA2813 \/DG2813. 21 joyas para esta r\u00e9plica de reloj Rolex Day Date II.<\/li>\n<li>Caja del reloj: Acero inoxidable 316L Caja y pulsera del reloj. M\u00e1s fiel al original.<\/li>\n<\/ul>\n<h5>Garant\u00eda<\/h5>\n<p>100% de satisfacci\u00f3n garantizada Si no est\u00e1s satisfecho al 100% con tu primer Reloj myreplicawatches.io, prometemos arreglarlo todo.<\/p>\n<h5>Entrega<\/h5>\n<p>Env\u00edo DHL a todo el mundo &#8211; De 3 a 10 d\u00edas estimaci\u00f3n de llegada Despu\u00e9s de hacer tu pedido, por favor, deja pasar 2-3 d\u00edas para el env\u00edo de tu producto. Recibir\u00e1s tu n\u00famero de seguimiento inmediatamente despu\u00e9s de que enviemos tu producto. <img decoding=\"async\" class=\"\" style=\"display: block; margin-left: auto; margin-right: auto;\" src=\"https:\/\/cdn.shopify.com\/s\/files\/1\/0027\/0748\/8883\/files\/product_desc_below_large_large_a32e7262-b9bf-4a85-ac82-2638c1f67ae1_large.png?v=1529766426\" alt=\"\" width=\"352\" height=\"130\" title=\"\"><\/p>\n","protected":false},"excerpt":{"rendered":"<p>Clon Suizo Replica Rolex Day Date Azul Hielo Esfera Arabe Platino &#8211; Mejor Calidad Swiss Made Version &nbsp; Los pedidos mediante BitCoin y transferencias bancarias directas incluyen un gran descuento Contacta con nosotros para m\u00e1s informaci\u00f3n Caja del reloj con papeles y documentos incluidos. RELOJES DE FABRICACI\u00f3N SUIZA Clon 1:1 del clon suizo R\u00e9plica Rolex<\/p>\n","protected":false},"featured_media":6479,"comment_status":"open","ping_status":"closed","template":"","meta":{"_uag_custom_page_level_css":"","site-sidebar-layout":"default","site-content-layout":"","ast-site-content-layout":"default","site-content-style":"default","site-sidebar-style":"default","ast-global-header-display":"","ast-banner-title-visibility":"","ast-main-header-display":"","ast-hfb-above-header-display":"","ast-hfb-below-header-display":"","ast-hfb-mobile-header-display":"","site-post-title":"","ast-breadcrumbs-content":"","ast-featured-img":"","footer-sml-layout":"","theme-transparent-header-meta":"default","adv-header-id-meta":"","stick-header-meta":"default","header-above-stick-meta":"","header-main-stick-meta":"","header-below-stick-meta":"","astra-migrate-meta-layouts":"set","ast-page-background-enabled":"default","ast-page-background-meta":{"desktop":{"background-color":"var(--ast-global-color-4)","background-image":"","background-repeat":"repeat","background-position":"center center","background-size":"auto","background-attachment":"scroll","background-type":"","background-media":"","overlay-type":"","overlay-color":"","overlay-opacity":"","overlay-gradient":""},"tablet":{"background-color":"","background-image":"","background-repeat":"repeat","background-position":"center center","background-size":"auto","background-attachment":"scroll","background-type":"","background-media":"","overlay-type":"","overlay-color":"","overlay-opacity":"","overlay-gradient":""},"mobile":{"background-color":"","background-image":"","background-repeat":"repeat","background-position":"center center","background-size":"auto","background-attachment":"scroll","background-type":"","background-media":"","overlay-type":"","overlay-color":"","overlay-opacity":"","overlay-gradient":""}},"ast-content-background-meta":{"desktop":{"background-color":"var(--ast-global-color-5)","background-image":"","background-repeat":"repeat","background-position":"center center","background-size":"auto","background-attachment":"scroll","background-type":"","background-media":"","overlay-type":"","overlay-color":"","overlay-opacity":"","overlay-gradient":""},"tablet":{"background-color":"var(--ast-global-color-5)","background-image":"","background-repeat":"repeat","background-position":"center center","background-size":"auto","background-attachment":"scroll","background-type":"","background-media":"","overlay-type":"","overlay-color":"","overlay-opacity":"","overlay-gradient":""},"mobile":{"background-color":"var(--ast-global-color-5)","background-image":"","background-repeat":"repeat","background-position":"center center","background-size":"auto","background-attachment":"scroll","background-type":"","background-media":"","overlay-type":"","overlay-color":"","overlay-opacity":"","overlay-gradient":""}}},"product_brand":[],"product_cat":[181,168,154,158],"product_tag":[797,647,561,795,444,648,559,565,555,440,474,794,560,465,187,173,567,1944,441,472],"class_list":{"0":"post-11572","1":"product","2":"type-product","3":"status-publish","4":"has-post-thumbnail","6":"product_cat-day-date-replica-relojo-rolex","7":"product_cat-productos-mas-nuevos","8":"product_cat-replicas-de-relojes-mas-vendidas","9":"product_cat-superclones","10":"product_tag-arabic-dial-es","11":"product_tag-automatic-watch-es","12":"product_tag-collectible","13":"product_tag-day-date-es","14":"product_tag-designer-watch","15":"product_tag-elegant-es","16":"product_tag-exclusive","17":"product_tag-high-quality-es","18":"product_tag-limited-edition","19":"product_tag-luxury-watch","20":"product_tag-mens-watch","21":"product_tag-platinum-case","22":"product_tag-premium","23":"product_tag-replica","24":"product_tag-rolex-es","25":"product_tag-rolex-suizo","26":"product_tag-stylish-es","27":"product_tag-swiss-clone-es","28":"product_tag-swiss-movement","29":"product_tag-timepiece","30":"desktop-align-left","31":"tablet-align-left","32":"mobile-align-left","33":"ast-product-gallery-layout-vertical-slider","35":"first","36":"instock","37":"sale","38":"shipping-taxable","39":"purchasable","40":"product-type-simple"},"uagb_featured_image_src":{"full":["https:\/\/myreplicawatches.io\/wp-content\/uploads\/2023\/10\/image_d61032ee-ca36-46e8-9cb6-18ca4aa824e2.jpg",1001,1229,false],"thumbnail":["https:\/\/myreplicawatches.io\/wp-content\/uploads\/2023\/10\/image_d61032ee-ca36-46e8-9cb6-18ca4aa824e2-150x150.jpg",150,150,true],"medium":["https:\/\/myreplicawatches.io\/wp-content\/uploads\/2023\/10\/image_d61032ee-ca36-46e8-9cb6-18ca4aa824e2-244x300.jpg",244,300,true],"medium_large":["https:\/\/myreplicawatches.io\/wp-content\/uploads\/2023\/10\/image_d61032ee-ca36-46e8-9cb6-18ca4aa824e2-768x943.jpg",768,943,true],"large":["https:\/\/myreplicawatches.io\/wp-content\/uploads\/2023\/10\/image_d61032ee-ca36-46e8-9cb6-18ca4aa824e2-834x1024.jpg",834,1024,true],"1536x1536":["https:\/\/myreplicawatches.io\/wp-content\/uploads\/2023\/10\/image_d61032ee-ca36-46e8-9cb6-18ca4aa824e2.jpg",1001,1229,false],"2048x2048":["https:\/\/myreplicawatches.io\/wp-content\/uploads\/2023\/10\/image_d61032ee-ca36-46e8-9cb6-18ca4aa824e2.jpg",1001,1229,false],"woocommerce_thumbnail":["https:\/\/myreplicawatches.io\/wp-content\/uploads\/2023\/10\/image_d61032ee-ca36-46e8-9cb6-18ca4aa824e2-300x300.jpg",300,300,true],"woocommerce_single":["https:\/\/myreplicawatches.io\/wp-content\/uploads\/2023\/10\/image_d61032ee-ca36-46e8-9cb6-18ca4aa824e2-600x737.jpg",600,737,true],"woocommerce_gallery_thumbnail":["https:\/\/myreplicawatches.io\/wp-content\/uploads\/2023\/10\/image_d61032ee-ca36-46e8-9cb6-18ca4aa824e2-100x100.jpg",100,100,true],"variation_swatches_image_size":["https:\/\/myreplicawatches.io\/wp-content\/uploads\/2023\/10\/image_d61032ee-ca36-46e8-9cb6-18ca4aa824e2.jpg",41,50,false],"variation_swatches_tooltip_size":["https:\/\/myreplicawatches.io\/wp-content\/uploads\/2023\/10\/image_d61032ee-ca36-46e8-9cb6-18ca4aa824e2.jpg",81,100,false],"dgwt-wcas-product-suggestion":["https:\/\/myreplicawatches.io\/wp-content\/uploads\/2023\/10\/image_d61032ee-ca36-46e8-9cb6-18ca4aa824e2-64x79.jpg",64,79,true]},"uagb_author_info":{"display_name":"admin","author_link":"https:\/\/myreplicawatches.io\/es\/author\/"},"uagb_comment_info":0,"uagb_excerpt":"Clon Suizo Replica Rolex Day Date Azul Hielo Esfera Arabe Platino &#8211; Mejor Calidad Swiss Made Version &nbsp; Los pedidos mediante BitCoin y transferencias bancarias directas incluyen un gran descuento Contacta con nosotros para m\u00e1s informaci\u00f3n Caja del reloj con papeles y documentos incluidos. RELOJES DE FABRICACI\u00f3N SUIZA Clon 1:1 del clon suizo R\u00e9plica Rolex","jetpack_sharing_enabled":true,"_links":{"self":[{"href":"https:\/\/myreplicawatches.io\/es\/wp-json\/wp\/v2\/product\/11572","targetHints":{"allow":["GET"]}}],"collection":[{"href":"https:\/\/myreplicawatches.io\/es\/wp-json\/wp\/v2\/product"}],"about":[{"href":"https:\/\/myreplicawatches.io\/es\/wp-json\/wp\/v2\/types\/product"}],"replies":[{"embeddable":true,"href":"https:\/\/myreplicawatches.io\/es\/wp-json\/wp\/v2\/comments?post=11572"}],"wp:featuredmedia":[{"embeddable":true,"href":"https:\/\/myreplicawatches.io\/es\/wp-json\/wp\/v2\/media\/6479"}],"wp:attachment":[{"href":"https:\/\/myreplicawatches.io\/es\/wp-json\/wp\/v2\/media?parent=11572"}],"wp:term":[{"taxonomy":"product_brand","embeddable":true,"href":"https:\/\/myreplicawatches.io\/es\/wp-json\/wp\/v2\/product_brand?post=11572"},{"taxonomy":"product_cat","embeddable":true,"href":"https:\/\/myreplicawatches.io\/es\/wp-json\/wp\/v2\/product_cat?post=11572"},{"taxonomy":"product_tag","embeddable":true,"href":"https:\/\/myreplicawatches.io\/es\/wp-json\/wp\/v2\/product_tag?post=11572"}],"curies":[{"name":"wp","href":"https:\/\/api.w.org\/{rel}","templated":true}]}}