{"id":11553,"date":"2023-10-03T21:33:10","date_gmt":"2023-10-03T21:33:10","guid":{"rendered":"https:\/\/myreplicawatches.io\/product\/reloj-datejust-31-de-mujer-de-acero-y-oro-amarillo-con-esfera-nacarada-y-diamantes\/"},"modified":"2025-11-16T12:40:04","modified_gmt":"2025-11-16T12:40:04","slug":"reloj-datejust-31-de-mujer-de-acero-y-oro-amarillo-con-esfera-nacarada-y-diamantes","status":"publish","type":"product","link":"https:\/\/myreplicawatches.io\/es\/product\/reloj-datejust-31-de-mujer-de-acero-y-oro-amarillo-con-esfera-nacarada-y-diamantes\/","title":{"rendered":"Reloj Datejust 31 de mujer de acero y oro amarillo con esfera nacarada y diamantes"},"content":{"rendered":"<div class=\"root___Tc68P\">\n<ul class=\"specs___1ypm8\">\n<li class=\"root___1xoj0\">\n<p class=\"name___RdzcV\">Marca<\/p>\n<p class=\"value___1Bpjp\">Rolex<\/p>\n<\/li>\n<li class=\"root___1xoj0\">\n<p class=\"name___RdzcV\">Serie<\/p>\n<p class=\"value___1Bpjp\">Datejust 31<\/p>\n<\/li>\n<li class=\"root___1xoj0\">\n<p class=\"name___RdzcV\">Sub Serie<\/p>\n<p class=\"value___1Bpjp\">Acero inoxidable y oro amarillo<\/p>\n<\/li>\n<li class=\"root___1xoj0\">\n<p class=\"name___RdzcV\">G\u00e9nero<\/p>\n<p class=\"value___1Bpjp\">Mujer<\/p>\n<\/li>\n<li class=\"root___1xoj0\">\n<p class=\"name___RdzcV\">C\u00f3digo<\/p>\n<p class=\"value___1Bpjp\">M278273-0028<\/p>\n<\/li>\n<li class=\"root___1xoj0\">\n<p class=\"name___RdzcV\">MPN<\/p>\n<p class=\"value___1Bpjp\">M278273-0028<\/p>\n<\/li>\n<\/ul>\n<\/div>\n<div class=\"root___Tc68P\">\n<h3 class=\"title___Od3kS h3-style___Pd39B\">Caso<\/h3>\n<ul class=\"specs___1ypm8\">\n<li class=\"root___1xoj0\">\n<p class=\"name___RdzcV\">Material del malet\u00edn<\/p>\n<p class=\"value___1Bpjp\">Acero inoxidable<\/p>\n<\/li>\n<li class=\"root___1xoj0\">\n<p class=\"name___RdzcV\">Acabado del malet\u00edn<\/p>\n<p class=\"value___1Bpjp\">Pulido<\/p>\n<\/li>\n<li class=\"root___1xoj0\">\n<p class=\"name___RdzcV\">Forma de la caja<\/p>\n<p class=\"value___1Bpjp\">Redonda<\/p>\n<\/li>\n<li class=\"root___1xoj0\">\n<p class=\"name___RdzcV\">Di\u00e1metro de la caja<\/p>\n<p class=\"value___1Bpjp\">31 mm<\/p>\n<\/li>\n<li class=\"root___1xoj0\">\n<p class=\"name___RdzcV\">Caso Volver<\/p>\n<p class=\"value___1Bpjp\">S\u00f3lido<\/p>\n<\/li>\n<li class=\"root___1xoj0\">\n<p class=\"name___RdzcV\">Bisel<\/p>\n<p class=\"value___1Bpjp\">De aleta fija<\/p>\n<\/li>\n<li class=\"root___1xoj0\">\n<p class=\"name___RdzcV\">Cristal<\/p>\n<p class=\"value___1Bpjp\">Zafiro resistente a los ara\u00f1azos<\/p>\n<\/li>\n<li class=\"root___1xoj0\">\n<p class=\"name___RdzcV\">Corona<\/p>\n<p class=\"value___1Bpjp\">Atornillar<\/p>\n<\/li>\n<\/ul>\n<\/div>\n<div class=\"root___Tc68P\">\n<h3 class=\"title___Od3kS h3-style___Pd39B\">Marca<\/h3>\n<ul class=\"specs___1ypm8\">\n<li class=\"root___1xoj0\">\n<p class=\"name___RdzcV\">Color de la esfera<\/p>\n<p class=\"value___1Bpjp\">N\u00e1car<\/p>\n<\/li>\n<li class=\"root___1xoj0\">\n<p class=\"name___RdzcV\">Descripci\u00f3n del dial<\/p>\n<p class=\"value___1Bpjp\">Manecillas de oro amarillo e \u00edndices de diamantes con la fecha a las 3 en punto sobre una esfera blanca de n\u00e1car.<\/p>\n<\/li>\n<li class=\"root___1xoj0\">\n<p class=\"name___RdzcV\">Marcadores de Esfera<\/p>\n<p class=\"value___1Bpjp\">Diamante<\/p>\n<\/li>\n<li class=\"root___1xoj0\">\n<p class=\"name___RdzcV\">Color de la mano<\/p>\n<p class=\"value___1Bpjp\">Oro amarillo<\/p>\n<\/li>\n<li class=\"root___1xoj0\">\n<p class=\"name___RdzcV\">Calendario<\/p>\n<p class=\"value___1Bpjp\">Fecha a las 3<\/p>\n<\/li>\n<li class=\"root___1xoj0\">\n<p class=\"name___RdzcV\">Funciones<\/p>\n<p class=\"value___1Bpjp\">Fecha, reserva de marcha y horas, minutos y segundos<\/p>\n<\/li>\n<\/ul>\n<\/div>\n<div class=\"root___Tc68P\">\n<h3 class=\"title___Od3kS h3-style___Pd39B\">Movimiento<\/h3>\n<ul class=\"specs___1ypm8\">\n<li class=\"root___1xoj0\">\n<p class=\"name___RdzcV\">Movimiento<\/p>\n<p class=\"value___1Bpjp\">Bobinado autom\u00e1tico<\/p>\n<\/li>\n<li class=\"root___1xoj0\">\n<p class=\"name___RdzcV\">Descripci\u00f3n del movimiento<\/p>\n<\/li>\n<li class=\"root___1xoj0\">\n<p class=\"value___1Bpjp\">Autom\u00e1tico &#8211; Cron\u00f3metro<\/p>\n<\/li>\n<\/ul>\n<\/div>\n<div class=\"root___Tc68P\">\n<h3 class=\"title___Od3kS h3-style___Pd39B\">Banda<\/h3>\n<ul class=\"specs___1ypm8\">\n<li class=\"root___1xoj0\">\n<p class=\"name___RdzcV\">Material de la banda<\/p>\n<p class=\"value___1Bpjp\">Oro amarillo y acero inoxidable<\/p>\n<\/li>\n<li class=\"root___1xoj0\">\n<p class=\"name___RdzcV\">Acabado de la banda<\/p>\n<p class=\"value___1Bpjp\">Cepillado y pulido<\/p>\n<\/li>\n<li class=\"root___1xoj0\">\n<p class=\"name___RdzcV\">Color de la banda<\/p>\n<p class=\"value___1Bpjp\">Dos tonos<\/p>\n<\/li>\n<li class=\"root___1xoj0\">\n<p class=\"name___RdzcV\">Descripci\u00f3n de la banda<\/p>\n<p class=\"value___1Bpjp\">Pulsera estilo jubileo de oro amarillo de 18 quilates y acero inoxidable.<\/p>\n<\/li>\n<li class=\"root___1xoj0\">\n<p class=\"name___RdzcV\">Tipo de cierre<\/p>\n<p class=\"value___1Bpjp\">Broche de corona<\/p>\n<\/li>\n<\/ul>\n<\/div>\n","protected":false},"excerpt":{"rendered":"<p>Marca Rolex Serie Datejust 31 Sub Serie Acero inoxidable y oro amarillo G\u00e9nero Mujer C\u00f3digo M278273-0028 MPN M278273-0028 Caso Material del malet\u00edn Acero inoxidable Acabado del malet\u00edn Pulido Forma de la caja Redonda Di\u00e1metro de la caja 31 mm Caso Volver S\u00f3lido Bisel De aleta fija Cristal Zafiro resistente a los ara\u00f1azos Corona Atornillar Marca<\/p>\n","protected":false},"featured_media":6591,"comment_status":"open","ping_status":"closed","template":"","meta":{"_uag_custom_page_level_css":"","site-sidebar-layout":"default","site-content-layout":"","ast-site-content-layout":"default","site-content-style":"default","site-sidebar-style":"default","ast-global-header-display":"","ast-banner-title-visibility":"","ast-main-header-display":"","ast-hfb-above-header-display":"","ast-hfb-below-header-display":"","ast-hfb-mobile-header-display":"","site-post-title":"","ast-breadcrumbs-content":"","ast-featured-img":"","footer-sml-layout":"","theme-transparent-header-meta":"","adv-header-id-meta":"","stick-header-meta":"","header-above-stick-meta":"","header-main-stick-meta":"","header-below-stick-meta":"","astra-migrate-meta-layouts":"set","ast-page-background-enabled":"default","ast-page-background-meta":{"desktop":{"background-color":"var(--ast-global-color-4)","background-image":"","background-repeat":"repeat","background-position":"center center","background-size":"auto","background-attachment":"scroll","background-type":"","background-media":"","overlay-type":"","overlay-color":"","overlay-opacity":"","overlay-gradient":""},"tablet":{"background-color":"","background-image":"","background-repeat":"repeat","background-position":"center center","background-size":"auto","background-attachment":"scroll","background-type":"","background-media":"","overlay-type":"","overlay-color":"","overlay-opacity":"","overlay-gradient":""},"mobile":{"background-color":"","background-image":"","background-repeat":"repeat","background-position":"center center","background-size":"auto","background-attachment":"scroll","background-type":"","background-media":"","overlay-type":"","overlay-color":"","overlay-opacity":"","overlay-gradient":""}},"ast-content-background-meta":{"desktop":{"background-color":"var(--ast-global-color-5)","background-image":"","background-repeat":"repeat","background-position":"center center","background-size":"auto","background-attachment":"scroll","background-type":"","background-media":"","overlay-type":"","overlay-color":"","overlay-opacity":"","overlay-gradient":""},"tablet":{"background-color":"var(--ast-global-color-5)","background-image":"","background-repeat":"repeat","background-position":"center center","background-size":"auto","background-attachment":"scroll","background-type":"","background-media":"","overlay-type":"","overlay-color":"","overlay-opacity":"","overlay-gradient":""},"mobile":{"background-color":"var(--ast-global-color-5)","background-image":"","background-repeat":"repeat","background-position":"center center","background-size":"auto","background-attachment":"scroll","background-type":"","background-media":"","overlay-type":"","overlay-color":"","overlay-opacity":"","overlay-gradient":""}}},"product_brand":[],"product_cat":[168,161,162,154],"product_tag":[647,1948,561,1116,444,5156,648,559,1471,565,555,440,560,187,1028,567,600,1027],"class_list":{"0":"post-11553","1":"product","2":"type-product","3":"status-publish","4":"has-post-thumbnail","6":"product_cat-productos-mas-nuevos","7":"product_cat-replica-date-just","8":"product_cat-replica-super-clon-rolex-aaa","9":"product_cat-replicas-de-relojes-mas-vendidas","10":"product_tag-automatic-watch-es","11":"product_tag-classic-design-es","12":"product_tag-collectible","13":"product_tag-datejust-31","14":"product_tag-designer-watch","15":"product_tag-diamond-dial-es","16":"product_tag-elegant-es","17":"product_tag-exclusive","18":"product_tag-fashion-watch","19":"product_tag-high-quality-es","20":"product_tag-limited-edition","21":"product_tag-luxury-watch","22":"product_tag-premium","23":"product_tag-rolex-es","24":"product_tag-stainless-steel-es","25":"product_tag-stylish-es","26":"product_tag-swiss-made","27":"product_tag-womens-watch-es","28":"desktop-align-left","29":"tablet-align-left","30":"mobile-align-left","31":"ast-product-gallery-layout-vertical-slider","33":"first","34":"instock","35":"sale","36":"shipping-taxable","37":"purchasable","38":"product-type-simple"},"uagb_featured_image_src":{"full":["https:\/\/myreplicawatches.io\/wp-content\/uploads\/2023\/10\/CEA7D1D0-5C81-46D6-945E-C22F1E344108.jpg",1179,1177,false],"thumbnail":["https:\/\/myreplicawatches.io\/wp-content\/uploads\/2023\/10\/CEA7D1D0-5C81-46D6-945E-C22F1E344108-150x150.jpg",150,150,true],"medium":["https:\/\/myreplicawatches.io\/wp-content\/uploads\/2023\/10\/CEA7D1D0-5C81-46D6-945E-C22F1E344108-300x300.jpg",300,300,true],"medium_large":["https:\/\/myreplicawatches.io\/wp-content\/uploads\/2023\/10\/CEA7D1D0-5C81-46D6-945E-C22F1E344108-768x767.jpg",768,767,true],"large":["https:\/\/myreplicawatches.io\/wp-content\/uploads\/2023\/10\/CEA7D1D0-5C81-46D6-945E-C22F1E344108-1024x1022.jpg",1024,1022,true],"1536x1536":["https:\/\/myreplicawatches.io\/wp-content\/uploads\/2023\/10\/CEA7D1D0-5C81-46D6-945E-C22F1E344108.jpg",1179,1177,false],"2048x2048":["https:\/\/myreplicawatches.io\/wp-content\/uploads\/2023\/10\/CEA7D1D0-5C81-46D6-945E-C22F1E344108.jpg",1179,1177,false],"woocommerce_thumbnail":["https:\/\/myreplicawatches.io\/wp-content\/uploads\/2023\/10\/CEA7D1D0-5C81-46D6-945E-C22F1E344108-300x300.jpg",300,300,true],"woocommerce_single":["https:\/\/myreplicawatches.io\/wp-content\/uploads\/2023\/10\/CEA7D1D0-5C81-46D6-945E-C22F1E344108-600x599.jpg",600,599,true],"woocommerce_gallery_thumbnail":["https:\/\/myreplicawatches.io\/wp-content\/uploads\/2023\/10\/CEA7D1D0-5C81-46D6-945E-C22F1E344108-100x100.jpg",100,100,true],"variation_swatches_image_size":["https:\/\/myreplicawatches.io\/wp-content\/uploads\/2023\/10\/CEA7D1D0-5C81-46D6-945E-C22F1E344108.jpg",50,50,false],"variation_swatches_tooltip_size":["https:\/\/myreplicawatches.io\/wp-content\/uploads\/2023\/10\/CEA7D1D0-5C81-46D6-945E-C22F1E344108.jpg",100,100,false],"dgwt-wcas-product-suggestion":["https:\/\/myreplicawatches.io\/wp-content\/uploads\/2023\/10\/CEA7D1D0-5C81-46D6-945E-C22F1E344108-64x64.jpg",64,64,true]},"uagb_author_info":{"display_name":"admin","author_link":"https:\/\/myreplicawatches.io\/es\/author\/"},"uagb_comment_info":0,"uagb_excerpt":"Marca Rolex Serie Datejust 31 Sub Serie Acero inoxidable y oro amarillo G\u00e9nero Mujer C\u00f3digo M278273-0028 MPN M278273-0028 Caso Material del malet\u00edn Acero inoxidable Acabado del malet\u00edn Pulido Forma de la caja Redonda Di\u00e1metro de la caja 31 mm Caso Volver S\u00f3lido Bisel De aleta fija Cristal Zafiro resistente a los ara\u00f1azos Corona Atornillar Marca","jetpack_sharing_enabled":true,"_links":{"self":[{"href":"https:\/\/myreplicawatches.io\/es\/wp-json\/wp\/v2\/product\/11553","targetHints":{"allow":["GET"]}}],"collection":[{"href":"https:\/\/myreplicawatches.io\/es\/wp-json\/wp\/v2\/product"}],"about":[{"href":"https:\/\/myreplicawatches.io\/es\/wp-json\/wp\/v2\/types\/product"}],"replies":[{"embeddable":true,"href":"https:\/\/myreplicawatches.io\/es\/wp-json\/wp\/v2\/comments?post=11553"}],"wp:featuredmedia":[{"embeddable":true,"href":"https:\/\/myreplicawatches.io\/es\/wp-json\/wp\/v2\/media\/6591"}],"wp:attachment":[{"href":"https:\/\/myreplicawatches.io\/es\/wp-json\/wp\/v2\/media?parent=11553"}],"wp:term":[{"taxonomy":"product_brand","embeddable":true,"href":"https:\/\/myreplicawatches.io\/es\/wp-json\/wp\/v2\/product_brand?post=11553"},{"taxonomy":"product_cat","embeddable":true,"href":"https:\/\/myreplicawatches.io\/es\/wp-json\/wp\/v2\/product_cat?post=11553"},{"taxonomy":"product_tag","embeddable":true,"href":"https:\/\/myreplicawatches.io\/es\/wp-json\/wp\/v2\/product_tag?post=11553"}],"curies":[{"name":"wp","href":"https:\/\/api.w.org\/{rel}","templated":true}]}}