{"id":11533,"date":"2023-10-03T21:34:41","date_gmt":"2023-10-03T21:34:41","guid":{"rendered":"https:\/\/myreplicawatches.io\/product\/omega-seamaster-no-time-to-die-james-bond-replica-el-mejor-reloj-clon-suizo\/"},"modified":"2026-02-28T13:16:32","modified_gmt":"2026-02-28T13:16:32","slug":"omega-seamaster-no-time-to-die-james-bond-replica-el-mejor-reloj-clon-suizo","status":"publish","type":"product","link":"https:\/\/myreplicawatches.io\/es\/product\/omega-seamaster-no-time-to-die-james-bond-replica-el-mejor-reloj-clon-suizo\/","title":{"rendered":"Omega Seamaster NO TIME TO DIE James Bond Replica &#8211; El mejor reloj clon suizo"},"content":{"rendered":"<h2>Omega Seamaster NO TIME TO DIE James Bond Replica &#8211; Clon de calidad suiza<\/h2>\n<p>&nbsp;<\/p>\n<div class=\"product-info__text\">\n<div class=\"prose\">\n<h3>Ventajas de poseer el reloj Omega Seamaster NO TIME TO DIE James Bond Replica<\/h3>\n<ul>\n<li>Una r\u00e9plica puede comprarse a un precio mucho m\u00e1s barato que uno aut\u00e9ntico, sin embargo, un reloj r\u00e9plica parecer\u00e1 y se sentir\u00e1 igual que el original.<\/li>\n<li>Lo \u00faltimo que alguien quiere es gastarse una fortuna para conseguir un reloj de lujo que tiene peque\u00f1as diferencias con nuestras r\u00e9plicas de relojes.<\/li>\n<li>Muchos entusiastas de los relojes no quieren gastarse miles de d\u00f3lares en relojes y quieren tener esa gran sensaci\u00f3n de poseer un gran reloj de una marca de lujo. Es entonces cuando myreplicawatches entra en escena y proporciona esa sensaci\u00f3n a sus clientes.<\/li>\n<li>\u00bf Tienes ya un aut\u00e9ntico reloj de alta gama que no quieres llevar por motivos de seguridad o por razones de devaluaci\u00f3n en algunas ocasiones ? Lleva tu Reloj Replica Omega Seamaster NO TIME TO DIE James Bond de alta calidad y si\u00e9ntete m\u00e1s seguro, ten la misma confianza, protege tus objetos de valor<\/li>\n<\/ul>\n<\/div>\n<\/div>\n<div class=\"product-info__description\">\n<div class=\"prose\"><\/div>\n<\/div>\n<div class=\"table-wrap\">\n<table class=\"ke-zeroborder\" border=\"0\" cellspacing=\"1\">\n<tbody>\n<tr>\n<td>Colecci\u00f3n<\/td>\n<td>R\u00e9plica Omega Seamaster NO TIME TO DIE James Bond<\/td>\n<\/tr>\n<tr>\n<td>Talla<\/td>\n<td>42*13.7mm Reloj Omega Seamaster Suizo Tama\u00f1o Caballero<\/td>\n<\/tr>\n<tr>\n<td>Movimiento<\/td>\n<td>Movimiento suizo 8806, muy parecido al original, muy detallado. segundero de barrido suave<\/td>\n<\/tr>\n<tr>\n<td>Color de la correa<\/td>\n<td>Pulsera de malla de acero de titanio de alta calidad con hebilla desplegable<\/td>\n<\/tr>\n<tr>\n<td>Color de la esfera<\/td>\n<td>Estilo tropical Esfera negra estilo vintage con marcadores de lume patinados<\/td>\n<\/tr>\n<tr>\n<td>Bisel<\/td>\n<td>Bisel de cer\u00e1mica negra<\/td>\n<\/tr>\n<tr>\n<td>Cristal<\/td>\n<td>Cristal de zafiro a prueba de ara\u00f1azos<\/td>\n<\/tr>\n<tr>\n<td>Material de la caja<\/td>\n<td>Caja del reloj de acero al titanio<\/td>\n<\/tr>\n<tr>\n<td>Caja trasera<\/td>\n<td>Caja trasera de titanio con grabado detallado y serie aleatoria<\/td>\n<\/tr>\n<\/tbody>\n<\/table>\n<\/div>\n<p>Todas las marcas y grabados correctos. Peso y tacto perfectos. Exactamente igual que la aut\u00e9ntica construcci\u00f3n Omega Strong. La caja resistente al agua resiste la penetraci\u00f3n del <ins>agua RELOJES DE FABRICACI\u00d3N SUIZA Clon 1:1<\/ins><\/p>\n<ul>\n<li>Se ve y se siente exactamente igual. \u2714<\/li>\n<li>No se puede diferenciar entre el verdadero \u2714<\/li>\n<li>Resistente al agua 300 m \u2714<\/li>\n<li>Cristal de zafiro antirrayado con revestimiento AR \u2714<\/li>\n<li>Relojes de acero 904L y oro aut\u00e9ntico. \u2714<\/li>\n<li>Mismo peso que el original. \u2714<\/li>\n<li>Mismo Mecanismo que el Real \u2714 ( MISMO Movimiento SUIZO, Exactamente igual que el real )<\/li>\n<li>Movimiento Autom\u00e1tico \u2714 ( El segundero no hace tictac, se mueve suavemente como el original )<\/li>\n<\/ul>\n","protected":false},"excerpt":{"rendered":"<p>Omega Seamaster NO TIME TO DIE James Bond Replica &#8211; Clon de calidad suiza &nbsp; Ventajas de poseer el reloj Omega Seamaster NO TIME TO DIE James Bond Replica Una r\u00e9plica puede comprarse a un precio mucho m\u00e1s barato que uno aut\u00e9ntico, sin embargo, un reloj r\u00e9plica parecer\u00e1 y se sentir\u00e1 igual que el original.<\/p>\n","protected":false},"featured_media":6723,"comment_status":"open","ping_status":"closed","template":"","meta":{"_uag_custom_page_level_css":"","site-sidebar-layout":"default","site-content-layout":"","ast-site-content-layout":"default","site-content-style":"default","site-sidebar-style":"default","ast-global-header-display":"","ast-banner-title-visibility":"","ast-main-header-display":"","ast-hfb-above-header-display":"","ast-hfb-below-header-display":"","ast-hfb-mobile-header-display":"","site-post-title":"","ast-breadcrumbs-content":"","ast-featured-img":"","footer-sml-layout":"","theme-transparent-header-meta":"default","adv-header-id-meta":"","stick-header-meta":"default","header-above-stick-meta":"","header-main-stick-meta":"","header-below-stick-meta":"","astra-migrate-meta-layouts":"set","ast-page-background-enabled":"default","ast-page-background-meta":{"desktop":{"background-color":"var(--ast-global-color-4)","background-image":"","background-repeat":"repeat","background-position":"center center","background-size":"auto","background-attachment":"scroll","background-type":"","background-media":"","overlay-type":"","overlay-color":"","overlay-opacity":"","overlay-gradient":""},"tablet":{"background-color":"","background-image":"","background-repeat":"repeat","background-position":"center center","background-size":"auto","background-attachment":"scroll","background-type":"","background-media":"","overlay-type":"","overlay-color":"","overlay-opacity":"","overlay-gradient":""},"mobile":{"background-color":"","background-image":"","background-repeat":"repeat","background-position":"center center","background-size":"auto","background-attachment":"scroll","background-type":"","background-media":"","overlay-type":"","overlay-color":"","overlay-opacity":"","overlay-gradient":""}},"ast-content-background-meta":{"desktop":{"background-color":"var(--ast-global-color-5)","background-image":"","background-repeat":"repeat","background-position":"center center","background-size":"auto","background-attachment":"scroll","background-type":"","background-media":"","overlay-type":"","overlay-color":"","overlay-opacity":"","overlay-gradient":""},"tablet":{"background-color":"var(--ast-global-color-5)","background-image":"","background-repeat":"repeat","background-position":"center center","background-size":"auto","background-attachment":"scroll","background-type":"","background-media":"","overlay-type":"","overlay-color":"","overlay-opacity":"","overlay-gradient":""},"mobile":{"background-color":"var(--ast-global-color-5)","background-image":"","background-repeat":"repeat","background-position":"center center","background-size":"auto","background-attachment":"scroll","background-type":"","background-media":"","overlay-type":"","overlay-color":"","overlay-opacity":"","overlay-gradient":""}}},"product_brand":[],"product_cat":[168,150,226,154,163,158],"product_tag":[1957,1956,1955,223,1960,1958],"class_list":{"0":"post-11533","1":"product","2":"type-product","3":"status-publish","4":"has-post-thumbnail","6":"product_cat-productos-mas-nuevos","7":"product_cat-relojes-replica-omega-de-la-mej","8":"product_cat-replica-omega-seamaster","9":"product_cat-replicas-de-relojes-mas-vendidas","10":"product_cat-super-clon-omega","11":"product_cat-superclones","12":"product_tag-best-swiss-clone-es","13":"product_tag-no-time-to-die-es","14":"product_tag-omega-seamaster-es","15":"product_tag-omega-suiza","16":"product_tag-professional-diver-watch-es","17":"product_tag-titanium-case-es","18":"desktop-align-left","19":"tablet-align-left","20":"mobile-align-left","21":"ast-product-gallery-layout-vertical-slider","23":"first","24":"instock","25":"sale","26":"shipping-taxable","27":"purchasable","28":"product-type-simple"},"uagb_featured_image_src":{"full":["https:\/\/myreplicawatches.io\/wp-content\/uploads\/2023\/10\/Screenshot2022-02-28at7.08.46PM.png",902,1182,false],"thumbnail":["https:\/\/myreplicawatches.io\/wp-content\/uploads\/2023\/10\/Screenshot2022-02-28at7.08.46PM-150x150.png",150,150,true],"medium":["https:\/\/myreplicawatches.io\/wp-content\/uploads\/2023\/10\/Screenshot2022-02-28at7.08.46PM-229x300.png",229,300,true],"medium_large":["https:\/\/myreplicawatches.io\/wp-content\/uploads\/2023\/10\/Screenshot2022-02-28at7.08.46PM-768x1006.png",768,1006,true],"large":["https:\/\/myreplicawatches.io\/wp-content\/uploads\/2023\/10\/Screenshot2022-02-28at7.08.46PM-781x1024.png",781,1024,true],"1536x1536":["https:\/\/myreplicawatches.io\/wp-content\/uploads\/2023\/10\/Screenshot2022-02-28at7.08.46PM.png",902,1182,false],"2048x2048":["https:\/\/myreplicawatches.io\/wp-content\/uploads\/2023\/10\/Screenshot2022-02-28at7.08.46PM.png",902,1182,false],"woocommerce_thumbnail":["https:\/\/myreplicawatches.io\/wp-content\/uploads\/2023\/10\/Screenshot2022-02-28at7.08.46PM-300x300.png",300,300,true],"woocommerce_single":["https:\/\/myreplicawatches.io\/wp-content\/uploads\/2023\/10\/Screenshot2022-02-28at7.08.46PM-600x786.png",600,786,true],"woocommerce_gallery_thumbnail":["https:\/\/myreplicawatches.io\/wp-content\/uploads\/2023\/10\/Screenshot2022-02-28at7.08.46PM-100x100.png",100,100,true],"variation_swatches_image_size":["https:\/\/myreplicawatches.io\/wp-content\/uploads\/2023\/10\/Screenshot2022-02-28at7.08.46PM.png",38,50,false],"variation_swatches_tooltip_size":["https:\/\/myreplicawatches.io\/wp-content\/uploads\/2023\/10\/Screenshot2022-02-28at7.08.46PM.png",76,100,false],"dgwt-wcas-product-suggestion":["https:\/\/myreplicawatches.io\/wp-content\/uploads\/2023\/10\/Screenshot2022-02-28at7.08.46PM-64x84.png",64,84,true]},"uagb_author_info":{"display_name":"admin","author_link":"https:\/\/myreplicawatches.io\/es\/author\/"},"uagb_comment_info":0,"uagb_excerpt":"Omega Seamaster NO TIME TO DIE James Bond Replica &#8211; Clon de calidad suiza &nbsp; Ventajas de poseer el reloj Omega Seamaster NO TIME TO DIE James Bond Replica Una r\u00e9plica puede comprarse a un precio mucho m\u00e1s barato que uno aut\u00e9ntico, sin embargo, un reloj r\u00e9plica parecer\u00e1 y se sentir\u00e1 igual que el original.","jetpack_sharing_enabled":true,"_links":{"self":[{"href":"https:\/\/myreplicawatches.io\/es\/wp-json\/wp\/v2\/product\/11533","targetHints":{"allow":["GET"]}}],"collection":[{"href":"https:\/\/myreplicawatches.io\/es\/wp-json\/wp\/v2\/product"}],"about":[{"href":"https:\/\/myreplicawatches.io\/es\/wp-json\/wp\/v2\/types\/product"}],"replies":[{"embeddable":true,"href":"https:\/\/myreplicawatches.io\/es\/wp-json\/wp\/v2\/comments?post=11533"}],"wp:featuredmedia":[{"embeddable":true,"href":"https:\/\/myreplicawatches.io\/es\/wp-json\/wp\/v2\/media\/6723"}],"wp:attachment":[{"href":"https:\/\/myreplicawatches.io\/es\/wp-json\/wp\/v2\/media?parent=11533"}],"wp:term":[{"taxonomy":"product_brand","embeddable":true,"href":"https:\/\/myreplicawatches.io\/es\/wp-json\/wp\/v2\/product_brand?post=11533"},{"taxonomy":"product_cat","embeddable":true,"href":"https:\/\/myreplicawatches.io\/es\/wp-json\/wp\/v2\/product_cat?post=11533"},{"taxonomy":"product_tag","embeddable":true,"href":"https:\/\/myreplicawatches.io\/es\/wp-json\/wp\/v2\/product_tag?post=11533"}],"curies":[{"name":"wp","href":"https:\/\/api.w.org\/{rel}","templated":true}]}}