{"id":11532,"date":"2023-10-03T21:34:40","date_gmt":"2023-10-03T21:34:40","guid":{"rendered":"https:\/\/myreplicawatches.io\/product\/reloj-omega-seamaster-no-time-to-die-james-bond-replica\/"},"modified":"2026-03-30T16:13:12","modified_gmt":"2026-03-30T16:13:12","slug":"reloj-omega-seamaster-no-time-to-die-james-bond-replica","status":"publish","type":"product","link":"https:\/\/myreplicawatches.io\/es\/product\/reloj-omega-seamaster-no-time-to-die-james-bond-replica\/","title":{"rendered":"Reloj Omega Seamaster NO TIME TO DIE James Bond &#8211; R\u00e9plica"},"content":{"rendered":"<h3>Mejor calidad Reloj Omega Seamaster NO TIME TO DIE James Bond &#8211; R\u00e9plica<\/h3>\n<p>&nbsp;<\/p>\n<p>&nbsp;<\/p>\n<h3>Ventajas de poseer el Reloj Omega Seamaster NO TIME TO DIE James Bond &#8211; R\u00e9plica:<\/h3>\n<ul>\n<li>Una r\u00e9plica puede comprarse a un precio mucho m\u00e1s barato que uno aut\u00e9ntico, sin embargo, un reloj r\u00e9plica parecer\u00e1 y se sentir\u00e1 igual que el original.<\/li>\n<li>Lo \u00faltimo que alguien quiere es gastarse una fortuna para conseguir un reloj de lujo que tiene peque\u00f1as diferencias con nuestras r\u00e9plicas de relojes.<\/li>\n<li>Muchos entusiastas de los relojes no quieren gastarse miles de d\u00f3lares en relojes y quieren tener esa gran sensaci\u00f3n de poseer un gran reloj de una marca de lujo. Aqu\u00ed es cuando entran en juego los relojes myreplicawatches.io y proporcionan esa sensaci\u00f3n a sus clientes.<\/li>\n<li>\u00bf Tienes ya un aut\u00e9ntico reloj de alta gama que no quieres llevar por motivos de seguridad o por razones de devaluaci\u00f3n en algunas ocasiones ? Lleva tu Reloj Omega Seamaster NO TIME TO DIE James Bond de alta calidad &#8211; ReplicaWatch y si\u00e9ntete m\u00e1s seguro, ten la misma confianza, protege tus objetos de valor<\/li>\n<\/ul>\n<table class=\"ke-zeroborder\" border=\"0\" cellspacing=\"1\">\n<tbody>\n<tr>\n<td>Colecci\u00f3n<\/td>\n<td>Reloj Replica Omega Seamaster NO TIME TO DIE<\/td>\n<\/tr>\n<tr>\n<td>Talla<\/td>\n<td>42*13.7mm Reloj Omega Seamaster Suizo Tama\u00f1o Caballero<\/td>\n<\/tr>\n<tr>\n<td>Movimiento<\/td>\n<td>Movimiento suizo 8806, muy parecido al original, muy detallado. segundero de barrido suave<\/td>\n<\/tr>\n<tr>\n<td>Color de la correa<\/td>\n<td>Pulsera de malla de acero de titanio de alta calidad con hebilla desplegable<\/td>\n<\/tr>\n<tr>\n<td>Color de la esfera<\/td>\n<td>Estilo tropical Esfera negra estilo vintage con marcadores de lume patinados<\/td>\n<\/tr>\n<tr>\n<td>Bisel<\/td>\n<td>Bisel de cer\u00e1mica negra<\/td>\n<\/tr>\n<tr>\n<td>Cristal<\/td>\n<td>Cristal de zafiro a prueba de ara\u00f1azos<\/td>\n<\/tr>\n<tr>\n<td>Material de la caja<\/td>\n<td>Caja del reloj de acero al titanio<\/td>\n<\/tr>\n<tr>\n<td>Caja trasera<\/td>\n<td>Caja trasera de titanio con grabado detallado y serie aleatoria<\/td>\n<\/tr>\n<\/tbody>\n<\/table>\n<p>Todas las marcas y grabados correctos. Peso y tacto perfectos. Exactamente igual que la aut\u00e9ntica construcci\u00f3n Omega Strong. La carcasa impermeable resiste la penetraci\u00f3n del agua<\/p>\n","protected":false},"excerpt":{"rendered":"<p>Mejor calidad Reloj Omega Seamaster NO TIME TO DIE James Bond &#8211; R\u00e9plica &nbsp; &nbsp; Ventajas de poseer el Reloj Omega Seamaster NO TIME TO DIE James Bond &#8211; R\u00e9plica: Una r\u00e9plica puede comprarse a un precio mucho m\u00e1s barato que uno aut\u00e9ntico, sin embargo, un reloj r\u00e9plica parecer\u00e1 y se sentir\u00e1 igual que el<\/p>\n","protected":false},"featured_media":6717,"comment_status":"open","ping_status":"closed","template":"","meta":{"_uag_custom_page_level_css":"","site-sidebar-layout":"default","site-content-layout":"","ast-site-content-layout":"default","site-content-style":"default","site-sidebar-style":"default","ast-global-header-display":"","ast-banner-title-visibility":"","ast-main-header-display":"","ast-hfb-above-header-display":"","ast-hfb-below-header-display":"","ast-hfb-mobile-header-display":"","site-post-title":"","ast-breadcrumbs-content":"","ast-featured-img":"","footer-sml-layout":"","theme-transparent-header-meta":"default","adv-header-id-meta":"","stick-header-meta":"default","header-above-stick-meta":"","header-main-stick-meta":"","header-below-stick-meta":"","astra-migrate-meta-layouts":"set","ast-page-background-enabled":"default","ast-page-background-meta":{"desktop":{"background-color":"var(--ast-global-color-4)","background-image":"","background-repeat":"repeat","background-position":"center center","background-size":"auto","background-attachment":"scroll","background-type":"","background-media":"","overlay-type":"","overlay-color":"","overlay-opacity":"","overlay-gradient":""},"tablet":{"background-color":"","background-image":"","background-repeat":"repeat","background-position":"center center","background-size":"auto","background-attachment":"scroll","background-type":"","background-media":"","overlay-type":"","overlay-color":"","overlay-opacity":"","overlay-gradient":""},"mobile":{"background-color":"","background-image":"","background-repeat":"repeat","background-position":"center center","background-size":"auto","background-attachment":"scroll","background-type":"","background-media":"","overlay-type":"","overlay-color":"","overlay-opacity":"","overlay-gradient":""}},"ast-content-background-meta":{"desktop":{"background-color":"var(--ast-global-color-5)","background-image":"","background-repeat":"repeat","background-position":"center center","background-size":"auto","background-attachment":"scroll","background-type":"","background-media":"","overlay-type":"","overlay-color":"","overlay-opacity":"","overlay-gradient":""},"tablet":{"background-color":"var(--ast-global-color-5)","background-image":"","background-repeat":"repeat","background-position":"center center","background-size":"auto","background-attachment":"scroll","background-type":"","background-media":"","overlay-type":"","overlay-color":"","overlay-opacity":"","overlay-gradient":""},"mobile":{"background-color":"var(--ast-global-color-5)","background-image":"","background-repeat":"repeat","background-position":"center center","background-size":"auto","background-attachment":"scroll","background-type":"","background-media":"","overlay-type":"","overlay-color":"","overlay-opacity":"","overlay-gradient":""}}},"product_brand":[],"product_cat":[168,150,226,154,163,158],"product_tag":[],"class_list":{"0":"post-11532","1":"product","2":"type-product","3":"status-publish","4":"has-post-thumbnail","6":"product_cat-productos-mas-nuevos","7":"product_cat-relojes-replica-omega-de-la-mej","8":"product_cat-replica-omega-seamaster","9":"product_cat-replicas-de-relojes-mas-vendidas","10":"product_cat-super-clon-omega","11":"product_cat-superclones","12":"desktop-align-left","13":"tablet-align-left","14":"mobile-align-left","15":"ast-product-gallery-layout-vertical-slider","17":"first","18":"instock","19":"sale","20":"shipping-taxable","21":"purchasable","22":"product-type-simple"},"uagb_featured_image_src":{"full":["https:\/\/myreplicawatches.io\/wp-content\/uploads\/2023\/10\/Screenshot2021-08-02at8.56.17PM.png",818,1048,false],"thumbnail":["https:\/\/myreplicawatches.io\/wp-content\/uploads\/2023\/10\/Screenshot2021-08-02at8.56.17PM-150x150.png",150,150,true],"medium":["https:\/\/myreplicawatches.io\/wp-content\/uploads\/2023\/10\/Screenshot2021-08-02at8.56.17PM-234x300.png",234,300,true],"medium_large":["https:\/\/myreplicawatches.io\/wp-content\/uploads\/2023\/10\/Screenshot2021-08-02at8.56.17PM-768x984.png",768,984,true],"large":["https:\/\/myreplicawatches.io\/wp-content\/uploads\/2023\/10\/Screenshot2021-08-02at8.56.17PM-799x1024.png",799,1024,true],"1536x1536":["https:\/\/myreplicawatches.io\/wp-content\/uploads\/2023\/10\/Screenshot2021-08-02at8.56.17PM.png",818,1048,false],"2048x2048":["https:\/\/myreplicawatches.io\/wp-content\/uploads\/2023\/10\/Screenshot2021-08-02at8.56.17PM.png",818,1048,false],"woocommerce_thumbnail":["https:\/\/myreplicawatches.io\/wp-content\/uploads\/2023\/10\/Screenshot2021-08-02at8.56.17PM-300x300.png",300,300,true],"woocommerce_single":["https:\/\/myreplicawatches.io\/wp-content\/uploads\/2023\/10\/Screenshot2021-08-02at8.56.17PM-600x769.png",600,769,true],"woocommerce_gallery_thumbnail":["https:\/\/myreplicawatches.io\/wp-content\/uploads\/2023\/10\/Screenshot2021-08-02at8.56.17PM-100x100.png",100,100,true],"variation_swatches_image_size":["https:\/\/myreplicawatches.io\/wp-content\/uploads\/2023\/10\/Screenshot2021-08-02at8.56.17PM.png",39,50,false],"variation_swatches_tooltip_size":["https:\/\/myreplicawatches.io\/wp-content\/uploads\/2023\/10\/Screenshot2021-08-02at8.56.17PM.png",78,100,false],"dgwt-wcas-product-suggestion":["https:\/\/myreplicawatches.io\/wp-content\/uploads\/2023\/10\/Screenshot2021-08-02at8.56.17PM-64x82.png",64,82,true]},"uagb_author_info":{"display_name":"admin","author_link":"https:\/\/myreplicawatches.io\/es\/author\/"},"uagb_comment_info":0,"uagb_excerpt":"Mejor calidad Reloj Omega Seamaster NO TIME TO DIE James Bond &#8211; R\u00e9plica &nbsp; &nbsp; Ventajas de poseer el Reloj Omega Seamaster NO TIME TO DIE James Bond &#8211; R\u00e9plica: Una r\u00e9plica puede comprarse a un precio mucho m\u00e1s barato que uno aut\u00e9ntico, sin embargo, un reloj r\u00e9plica parecer\u00e1 y se sentir\u00e1 igual que el","jetpack_sharing_enabled":true,"_links":{"self":[{"href":"https:\/\/myreplicawatches.io\/es\/wp-json\/wp\/v2\/product\/11532","targetHints":{"allow":["GET"]}}],"collection":[{"href":"https:\/\/myreplicawatches.io\/es\/wp-json\/wp\/v2\/product"}],"about":[{"href":"https:\/\/myreplicawatches.io\/es\/wp-json\/wp\/v2\/types\/product"}],"replies":[{"embeddable":true,"href":"https:\/\/myreplicawatches.io\/es\/wp-json\/wp\/v2\/comments?post=11532"}],"wp:featuredmedia":[{"embeddable":true,"href":"https:\/\/myreplicawatches.io\/es\/wp-json\/wp\/v2\/media\/6717"}],"wp:attachment":[{"href":"https:\/\/myreplicawatches.io\/es\/wp-json\/wp\/v2\/media?parent=11532"}],"wp:term":[{"taxonomy":"product_brand","embeddable":true,"href":"https:\/\/myreplicawatches.io\/es\/wp-json\/wp\/v2\/product_brand?post=11532"},{"taxonomy":"product_cat","embeddable":true,"href":"https:\/\/myreplicawatches.io\/es\/wp-json\/wp\/v2\/product_cat?post=11532"},{"taxonomy":"product_tag","embeddable":true,"href":"https:\/\/myreplicawatches.io\/es\/wp-json\/wp\/v2\/product_tag?post=11532"}],"curies":[{"name":"wp","href":"https:\/\/api.w.org\/{rel}","templated":true}]}}