{"id":11522,"date":"2023-10-03T21:34:22","date_gmt":"2023-10-03T21:34:22","guid":{"rendered":"https:\/\/myreplicawatches.io\/product\/nuevo-modelo-rolex-celebration-oyster-perpetual-2023-replica\/"},"modified":"2025-11-16T12:38:54","modified_gmt":"2025-11-16T12:38:54","slug":"nuevo-modelo-rolex-celebration-oyster-perpetual-2023-replica","status":"publish","type":"product","link":"https:\/\/myreplicawatches.io\/es\/product\/nuevo-modelo-rolex-celebration-oyster-perpetual-2023-replica\/","title":{"rendered":"Nuevo modelo Rolex \u00abCelebration\u00bb Oyster Perpetual 2023 Replica"},"content":{"rendered":"<p>El ic\u00f3nico Nuevo modelo Rolex \u00abCelebration\u00bb Oyster Perpetual 2023 Replica es un reloj exquisito con un dise\u00f1o sofisticado.<br \/>\nSu movimiento de precisi\u00f3n y su fiable caja Oyster resistente al agua lo convierten en una elecci\u00f3n fiable y lujosa para cualquiera.<br \/>\nAhora disponible en Clon R\u00e9plica y Clon Suizo<\/p>\n<p data-mce-fragment=\"1\"><strong data-mce-fragment=\"1\">Movimiento<\/strong>: Movimiento Autom\u00e1tico 3230 con segundero de barrido muy suave, 25 Joyas y 28800bph.<\/p>\n<p data-mce-fragment=\"1\"><strong data-mce-fragment=\"1\">Tama\u00f1o<\/strong>: 41 mm, 31 mm, 36 mm Reloj Rolex Oyster Perpetual Replica.<\/p>\n<p data-mce-fragment=\"1\"><strong data-mce-fragment=\"1\">Caja del<\/strong> reloj: Caja del reloj de acero inoxidable 904L macizo<\/p>\n<p data-mce-fragment=\"1\"><strong data-mce-fragment=\"1\">Esfera del reloj<\/strong>: Rolex Celebration Esfera azul<\/p>\n<p data-mce-fragment=\"1\"><strong data-mce-fragment=\"1\">Bisel del reloj<\/strong>: Bisel liso plateado<\/p>\n<p data-mce-fragment=\"1\"><strong data-mce-fragment=\"1\">Cristal<\/strong>: Cristal de zafiro a prueba de ara\u00f1azos.<\/p>\n<p data-mce-fragment=\"1\"><strong data-mce-fragment=\"1\">Caja posterior<\/strong>: Caja posterior de acero macizo<\/p>\n<p data-mce-fragment=\"1\"><strong data-mce-fragment=\"1\">Correa de<\/strong> reloj: Correa de reloj de acero inoxidable macizo 904L de la mejor calidad con logotipo Rolex en la hebilla<\/p>\n<p data-mce-fragment=\"1\"><strong data-mce-fragment=\"1\">Hebilla<\/strong>: Hebilla desplegable Rolex con grabado Rolex adecuado<\/p>\n<p data-mce-fragment=\"1\">Peso, grabado y dimensiones exactos de los aut\u00e9nticos relojes Rolex<\/p>\n","protected":false},"excerpt":{"rendered":"<p>El ic\u00f3nico Nuevo modelo Rolex \u00abCelebration\u00bb Oyster Perpetual 2023 Replica es un reloj exquisito con un dise\u00f1o sofisticado. Su movimiento de precisi\u00f3n y su fiable caja Oyster resistente al agua lo convierten en una elecci\u00f3n fiable y lujosa para cualquiera. Ahora disponible en Clon R\u00e9plica y Clon Suizo Movimiento: Movimiento Autom\u00e1tico 3230 con segundero de<\/p>\n","protected":false},"featured_media":6696,"comment_status":"open","ping_status":"closed","template":"","meta":{"_uag_custom_page_level_css":"","site-sidebar-layout":"default","site-content-layout":"","ast-site-content-layout":"default","site-content-style":"default","site-sidebar-style":"default","ast-global-header-display":"","ast-banner-title-visibility":"","ast-main-header-display":"","ast-hfb-above-header-display":"","ast-hfb-below-header-display":"","ast-hfb-mobile-header-display":"","site-post-title":"","ast-breadcrumbs-content":"","ast-featured-img":"","footer-sml-layout":"","theme-transparent-header-meta":"default","adv-header-id-meta":"","stick-header-meta":"default","header-above-stick-meta":"","header-main-stick-meta":"","header-below-stick-meta":"","astra-migrate-meta-layouts":"set","ast-page-background-enabled":"default","ast-page-background-meta":{"desktop":{"background-color":"var(--ast-global-color-4)","background-image":"","background-repeat":"repeat","background-position":"center center","background-size":"auto","background-attachment":"scroll","background-type":"","background-media":"","overlay-type":"","overlay-color":"","overlay-opacity":"","overlay-gradient":""},"tablet":{"background-color":"","background-image":"","background-repeat":"repeat","background-position":"center center","background-size":"auto","background-attachment":"scroll","background-type":"","background-media":"","overlay-type":"","overlay-color":"","overlay-opacity":"","overlay-gradient":""},"mobile":{"background-color":"","background-image":"","background-repeat":"repeat","background-position":"center center","background-size":"auto","background-attachment":"scroll","background-type":"","background-media":"","overlay-type":"","overlay-color":"","overlay-opacity":"","overlay-gradient":""}},"ast-content-background-meta":{"desktop":{"background-color":"var(--ast-global-color-5)","background-image":"","background-repeat":"repeat","background-position":"center center","background-size":"auto","background-attachment":"scroll","background-type":"","background-media":"","overlay-type":"","overlay-color":"","overlay-opacity":"","overlay-gradient":""},"tablet":{"background-color":"var(--ast-global-color-5)","background-image":"","background-repeat":"repeat","background-position":"center center","background-size":"auto","background-attachment":"scroll","background-type":"","background-media":"","overlay-type":"","overlay-color":"","overlay-opacity":"","overlay-gradient":""},"mobile":{"background-color":"var(--ast-global-color-5)","background-image":"","background-repeat":"repeat","background-position":"center center","background-size":"auto","background-attachment":"scroll","background-type":"","background-media":"","overlay-type":"","overlay-color":"","overlay-opacity":"","overlay-gradient":""}}},"product_brand":[],"product_cat":[152,168,161,162,154],"product_tag":[1663,1873,2082,1961,1944,1963],"class_list":{"0":"post-11522","1":"product","2":"type-product","3":"status-publish","4":"has-post-thumbnail","6":"product_cat-nueva-coleccion-2024","7":"product_cat-productos-mas-nuevos","8":"product_cat-replica-date-just","9":"product_cat-replica-super-clon-rolex-aaa","10":"product_cat-replicas-de-relojes-mas-vendidas","11":"product_tag-2023-es","12":"product_tag-automatic-movement","13":"product_tag-new-rolex","14":"product_tag-stylish-timepiece-es","15":"product_tag-swiss-clone-es","16":"product_tag-swiss-made-clone","17":"desktop-align-left","18":"tablet-align-left","19":"mobile-align-left","20":"ast-product-gallery-layout-vertical-slider","21":"ast-product-single-variable","23":"first","24":"instock","25":"shipping-taxable","26":"purchasable","27":"product-type-variable"},"uagb_featured_image_src":{"full":["https:\/\/myreplicawatches.io\/wp-content\/uploads\/2023\/10\/Screenshot2023-05-15at11.39.56AM.png",932,1312,false],"thumbnail":["https:\/\/myreplicawatches.io\/wp-content\/uploads\/2023\/10\/Screenshot2023-05-15at11.39.56AM-150x150.png",150,150,true],"medium":["https:\/\/myreplicawatches.io\/wp-content\/uploads\/2023\/10\/Screenshot2023-05-15at11.39.56AM-213x300.png",213,300,true],"medium_large":["https:\/\/myreplicawatches.io\/wp-content\/uploads\/2023\/10\/Screenshot2023-05-15at11.39.56AM-768x1081.png",768,1081,true],"large":["https:\/\/myreplicawatches.io\/wp-content\/uploads\/2023\/10\/Screenshot2023-05-15at11.39.56AM-727x1024.png",727,1024,true],"1536x1536":["https:\/\/myreplicawatches.io\/wp-content\/uploads\/2023\/10\/Screenshot2023-05-15at11.39.56AM.png",932,1312,false],"2048x2048":["https:\/\/myreplicawatches.io\/wp-content\/uploads\/2023\/10\/Screenshot2023-05-15at11.39.56AM.png",932,1312,false],"woocommerce_thumbnail":["https:\/\/myreplicawatches.io\/wp-content\/uploads\/2023\/10\/Screenshot2023-05-15at11.39.56AM-300x300.png",300,300,true],"woocommerce_single":["https:\/\/myreplicawatches.io\/wp-content\/uploads\/2023\/10\/Screenshot2023-05-15at11.39.56AM-600x845.png",600,845,true],"woocommerce_gallery_thumbnail":["https:\/\/myreplicawatches.io\/wp-content\/uploads\/2023\/10\/Screenshot2023-05-15at11.39.56AM-100x100.png",100,100,true],"variation_swatches_image_size":["https:\/\/myreplicawatches.io\/wp-content\/uploads\/2023\/10\/Screenshot2023-05-15at11.39.56AM.png",36,50,false],"variation_swatches_tooltip_size":["https:\/\/myreplicawatches.io\/wp-content\/uploads\/2023\/10\/Screenshot2023-05-15at11.39.56AM.png",71,100,false],"dgwt-wcas-product-suggestion":["https:\/\/myreplicawatches.io\/wp-content\/uploads\/2023\/10\/Screenshot2023-05-15at11.39.56AM-64x90.png",64,90,true]},"uagb_author_info":{"display_name":"admin","author_link":"https:\/\/myreplicawatches.io\/es\/author\/"},"uagb_comment_info":0,"uagb_excerpt":"El ic\u00f3nico Nuevo modelo Rolex \u00abCelebration\u00bb Oyster Perpetual 2023 Replica es un reloj exquisito con un dise\u00f1o sofisticado. Su movimiento de precisi\u00f3n y su fiable caja Oyster resistente al agua lo convierten en una elecci\u00f3n fiable y lujosa para cualquiera. Ahora disponible en Clon R\u00e9plica y Clon Suizo Movimiento: Movimiento Autom\u00e1tico 3230 con segundero de","jetpack_sharing_enabled":true,"_links":{"self":[{"href":"https:\/\/myreplicawatches.io\/es\/wp-json\/wp\/v2\/product\/11522","targetHints":{"allow":["GET"]}}],"collection":[{"href":"https:\/\/myreplicawatches.io\/es\/wp-json\/wp\/v2\/product"}],"about":[{"href":"https:\/\/myreplicawatches.io\/es\/wp-json\/wp\/v2\/types\/product"}],"replies":[{"embeddable":true,"href":"https:\/\/myreplicawatches.io\/es\/wp-json\/wp\/v2\/comments?post=11522"}],"wp:featuredmedia":[{"embeddable":true,"href":"https:\/\/myreplicawatches.io\/es\/wp-json\/wp\/v2\/media\/6696"}],"wp:attachment":[{"href":"https:\/\/myreplicawatches.io\/es\/wp-json\/wp\/v2\/media?parent=11522"}],"wp:term":[{"taxonomy":"product_brand","embeddable":true,"href":"https:\/\/myreplicawatches.io\/es\/wp-json\/wp\/v2\/product_brand?post=11522"},{"taxonomy":"product_cat","embeddable":true,"href":"https:\/\/myreplicawatches.io\/es\/wp-json\/wp\/v2\/product_cat?post=11522"},{"taxonomy":"product_tag","embeddable":true,"href":"https:\/\/myreplicawatches.io\/es\/wp-json\/wp\/v2\/product_tag?post=11522"}],"curies":[{"name":"wp","href":"https:\/\/api.w.org\/{rel}","templated":true}]}}