{"id":11510,"date":"2023-10-03T21:34:05","date_gmt":"2023-10-03T21:34:05","guid":{"rendered":"https:\/\/myreplicawatches.io\/product\/reloj-clon-replica-gmt-master-2-oro-plateado-2023\/"},"modified":"2026-01-11T00:30:14","modified_gmt":"2026-01-11T00:30:14","slug":"reloj-clon-replica-gmt-master-2-oro-plateado-2023","status":"publish","type":"product","link":"https:\/\/myreplicawatches.io\/es\/product\/reloj-clon-replica-gmt-master-2-oro-plateado-2023\/","title":{"rendered":"Reloj Clon R\u00e9plica GMT-Master 2 Oro Plateado 2023"},"content":{"rendered":"<p>La r\u00e9plica de oro plateado del GMT-Master 2 2023 est\u00e1 dise\u00f1ada para el viajero de todo el mundo.<br \/>\nIncorpora un nuevo movimiento Rolex GMT-Master 2023, con una construcci\u00f3n de acero inoxidable 904L resistente a los ara\u00f1azos.<br \/>\nDisfruta de la comodidad y conveniencia de los ajustes inmediatos de la zona horaria, as\u00ed como de la fiabilidad de un movimiento autom\u00e1tico con una reserva de marcha de 70 horas.<br \/>\nNuevo modelo 2023 GMT Master 2 <strong>2023 GMT-Master 2 R\u00e9plica de oro plateado AAAA+ 1:1 Calidad Descripci\u00f3n : <\/strong><\/p>\n<ul>\n<li>Di\u00e1metro: 40 mm R\u00e9plica de reloj Rolex GMT Master II para caballero de nuevo estilo<\/li>\n<li>Correa de reloj: Correa de reloj JUBILEE de acero inoxidable 316L macizo de nuevo estilo con <em>NUEVO cierre Fliplock Oyster.<\/em><\/li>\n<li>Esfera del reloj: Negra<\/li>\n<li>Bisel del reloj: Bisel graduado bidireccional giratorio de 24 horas. Inserto Cerachrom bicolor negro y dorado en cer\u00e1mica, n\u00fameros y graduaciones grabados.<\/li>\n<li>Movimiento: Autom\u00e1tico<\/li>\n<li>Caja del reloj: Caja y pulsera del reloj de acero inoxidable 316L de nuevo estilo.<\/li>\n<li>Impermeable<\/li>\n<\/ul>\n<p><strong>2023 GMT-Master 2 Plata Oro R\u00e9plica Clon Suizo Calidad Descripci\u00f3n : <\/strong><\/p>\n<ul>\n<li>Funcionalidad de doble huso horario<\/li>\n<li>Caja de 40 mm de acero inoxidable o metales preciosos de alta calidad<\/li>\n<li>Bisel bidireccional con escala de 24 horas<\/li>\n<li>Esfera negra, blanca o azul con \u00edndices y agujas luminiscentes<\/li>\n<li>Movimiento autom\u00e1tico fiable y preciso con una reserva de marcha de aproximadamente 48 horas<\/li>\n<li>Resistente al agua hasta 100 metros (330 pies)<\/li>\n<li>Pulsera de material de alta calidad con cierre desplegable<\/li>\n<li>Dise\u00f1o ic\u00f3nico y atemporal<\/li>\n<li>Muy buscada por coleccionistas y aficionados<\/li>\n<\/ul>\n<ul>\n<li>Se ve y se siente exactamente igual. \u2714<\/li>\n<\/ul>\n<ul>\n<li>No se puede diferenciar entre el verdadero \u2714<\/li>\n<li>Resistente al agua 300 m \u2714<\/li>\n<li>Cristal de zafiro antirrayado con revestimiento AR \u2714<\/li>\n<li>Relojes de acero 904L y oro aut\u00e9ntico. \u2714<\/li>\n<li>Mismo peso que el original. \u2714<\/li>\n<li>Mismo Mecanismo que el Real \u2714 ( MISMO Movimiento SUIZO, Exactamente igual que el real )<\/li>\n<\/ul>\n<ul>\n<li>Movimiento autom\u00e1tico \u2714 ( El segundero no hace tictac, se mueve suavemente como el original<\/li>\n<li><\/li>\n<li>Incluye caja de reloj Rolex con todos los papeles y documentaciones<\/li>\n<\/ul>\n<table class=\"woocommerce-product-attributes shop_attributes\" width=\"928\">\n<tbody>\n<tr class=\"woocommerce-product-attributes-item woocommerce-product-attributes-item--attribute_model\">\n<th class=\"woocommerce-product-attributes-item__label\">Modelo<\/th>\n<td class=\"woocommerce-product-attributes-item__value\">2023 GMT-Master 2 R\u00e9plica Oro Plateado<\/td>\n<\/tr>\n<tr class=\"woocommerce-product-attributes-item woocommerce-product-attributes-item--attribute_case-diameter\">\n<th class=\"woocommerce-product-attributes-item__label\">Di\u00e1metro de la caja<\/th>\n<td class=\"woocommerce-product-attributes-item__value\">40 Mm Exactamente id\u00e9ntico al original<\/td>\n<\/tr>\n<tr class=\"woocommerce-product-attributes-item woocommerce-product-attributes-item--attribute_case-material\">\n<th class=\"woocommerce-product-attributes-item__label\">Material de la caja<\/th>\n<td class=\"woocommerce-product-attributes-item__value\">Acero inoxidable puro 904L Acero Oyster Que Le Da Brillo Y Aspecto Premium Como El Original<\/td>\n<\/tr>\n<tr class=\"woocommerce-product-attributes-item woocommerce-product-attributes-item--attribute_bezel\">\n<th class=\"woocommerce-product-attributes-item__label\">Bisel<\/th>\n<td class=\"woocommerce-product-attributes-item__value\">Bisel graduado bidireccional giratorio de 24 horas. Inserto de cer\u00e1mica bicolor verde y negro con n\u00fameros y graduaciones moldeados. La r\u00e9plica de oro plateado del GMT-Master 2 de 2023 tiene un bisel de cer\u00e1mica de alta calidad con los n\u00fameros grabados en relieve y no s\u00f3lo impresos<\/td>\n<\/tr>\n<tr class=\"woocommerce-product-attributes-item woocommerce-product-attributes-item--attribute_structure\">\n<th class=\"woocommerce-product-attributes-item__label\">Estructura<\/th>\n<td class=\"woocommerce-product-attributes-item__value\">Caja central monobloque, fondo atornillado y corona de cuerda<\/td>\n<\/tr>\n<tr class=\"woocommerce-product-attributes-item woocommerce-product-attributes-item--attribute_front-crystal\">\n<th class=\"woocommerce-product-attributes-item__label\">Cristal Frontal<\/th>\n<td class=\"woocommerce-product-attributes-item__value\">De zafiro, lo que hace que esta r\u00e9plica de oro plateado del GMT-Master 2 2023 sea a prueba de ara\u00f1azos<\/td>\n<\/tr>\n<tr class=\"woocommerce-product-attributes-item woocommerce-product-attributes-item--attribute_winding-crown\">\n<th class=\"woocommerce-product-attributes-item__label\">Corona sinuosa<\/th>\n<td class=\"woocommerce-product-attributes-item__value\">Igual que la aut\u00e9ntica<\/td>\n<\/tr>\n<tr class=\"woocommerce-product-attributes-item woocommerce-product-attributes-item--attribute_cyclop\">\n<th class=\"woocommerce-product-attributes-item__label\">C\u00edclope<\/th>\n<td class=\"woocommerce-product-attributes-item__value\">S\u00ed, presente con 2,5 aumentos<\/td>\n<\/tr>\n<tr class=\"woocommerce-product-attributes-item woocommerce-product-attributes-item--attribute_movementcalibre\">\n<th class=\"woocommerce-product-attributes-item__label\">Movimiento\/Calibre<\/th>\n<td class=\"woocommerce-product-attributes-item__value\">En esta r\u00e9plica de oro plateado 1:1 2023 GMT-Master 2 est\u00e1 equipado un movimiento suizo cl\u00f3nico Rolex 3285 perpetuo, mec\u00e1nico, autom\u00e1tico y con funci\u00f3n GMT<\/td>\n<\/tr>\n<tr class=\"woocommerce-product-attributes-item woocommerce-product-attributes-item--attribute_functions\">\n<th class=\"woocommerce-product-attributes-item__label\">Funciones<\/th>\n<td class=\"woocommerce-product-attributes-item__value\">Esta R\u00e9plica S\u00faper Perfecta De Oro Plateado 2023 GMT-Master 2 Es Totalmente Funcional Realiza Funciones Como Manecillas Centrales De Horas, Minutos Y Segundos. Pantalla de 24 horas. Segundo huso horario con puesta en hora r\u00e1pida independiente de la aguja horaria. Fecha instant\u00e1nea. Segundos de parada para ajustar la hora con precisi\u00f3n.<\/td>\n<\/tr>\n<tr class=\"woocommerce-product-attributes-item woocommerce-product-attributes-item--attribute_power-reserve\">\n<th class=\"woocommerce-product-attributes-item__label\">Reserva de potencia<\/th>\n<td class=\"woocommerce-product-attributes-item__value\">Al menos 48 horas garantizadas<\/td>\n<\/tr>\n<tr class=\"woocommerce-product-attributes-item woocommerce-product-attributes-item--attribute_bracelet\">\n<th class=\"woocommerce-product-attributes-item__label\">Pulsera<\/th>\n<td class=\"woocommerce-product-attributes-item__value\">Pulsera Jubilee de acero inoxidable 904L ( eslabones de cinco piezas )<\/td>\n<\/tr>\n<tr class=\"woocommerce-product-attributes-item woocommerce-product-attributes-item--attribute_clasp\">\n<th class=\"woocommerce-product-attributes-item__label\">Cierre<\/th>\n<td class=\"woocommerce-product-attributes-item__value\">Cierre desplegable como se muestra en las fotos con marcas 1:1 perfectas.<\/td>\n<\/tr>\n<tr class=\"woocommerce-product-attributes-item woocommerce-product-attributes-item--attribute_waterproof\">\n<th class=\"woocommerce-product-attributes-item__label\">Impermeable<\/th>\n<td class=\"woocommerce-product-attributes-item__value\">100 metros<\/td>\n<\/tr>\n<\/tbody>\n<\/table>\n<p>&#8212; <strong>Plazo de env\u00edo : <\/strong><\/p>\n<p><strong>Env\u00edo gratuito Fedex Express, despu\u00e9s de realizar tu pedido necesitamos 1-3 d\u00edas para enviar tu paquete.<br \/>\nDespu\u00e9s te enviaremos toda la informaci\u00f3n de seguimiento por correo electr\u00f3nico y texto, (el plazo de entrega es de 4-12 d\u00edas despu\u00e9s del env\u00edo) <\/strong><\/p>\n","protected":false},"excerpt":{"rendered":"<p>La r\u00e9plica de oro plateado del GMT-Master 2 2023 est\u00e1 dise\u00f1ada para el viajero de todo el mundo. Incorpora un nuevo movimiento Rolex GMT-Master 2023, con una construcci\u00f3n de acero inoxidable 904L resistente a los ara\u00f1azos. Disfruta de la comodidad y conveniencia de los ajustes inmediatos de la zona horaria, as\u00ed como de la fiabilidad<\/p>\n","protected":false},"featured_media":8541,"comment_status":"open","ping_status":"closed","template":"","meta":{"_uag_custom_page_level_css":"","site-sidebar-layout":"default","site-content-layout":"","ast-site-content-layout":"default","site-content-style":"default","site-sidebar-style":"default","ast-global-header-display":"","ast-banner-title-visibility":"","ast-main-header-display":"","ast-hfb-above-header-display":"","ast-hfb-below-header-display":"","ast-hfb-mobile-header-display":"","site-post-title":"","ast-breadcrumbs-content":"","ast-featured-img":"","footer-sml-layout":"","theme-transparent-header-meta":"default","adv-header-id-meta":"","stick-header-meta":"default","header-above-stick-meta":"","header-main-stick-meta":"","header-below-stick-meta":"","astra-migrate-meta-layouts":"set","ast-page-background-enabled":"default","ast-page-background-meta":{"desktop":{"background-color":"var(--ast-global-color-4)","background-image":"","background-repeat":"repeat","background-position":"center center","background-size":"auto","background-attachment":"scroll","background-type":"","background-media":"","overlay-type":"","overlay-color":"","overlay-opacity":"","overlay-gradient":""},"tablet":{"background-color":"","background-image":"","background-repeat":"repeat","background-position":"center center","background-size":"auto","background-attachment":"scroll","background-type":"","background-media":"","overlay-type":"","overlay-color":"","overlay-opacity":"","overlay-gradient":""},"mobile":{"background-color":"","background-image":"","background-repeat":"repeat","background-position":"center center","background-size":"auto","background-attachment":"scroll","background-type":"","background-media":"","overlay-type":"","overlay-color":"","overlay-opacity":"","overlay-gradient":""}},"ast-content-background-meta":{"desktop":{"background-color":"var(--ast-global-color-5)","background-image":"","background-repeat":"repeat","background-position":"center center","background-size":"auto","background-attachment":"scroll","background-type":"","background-media":"","overlay-type":"","overlay-color":"","overlay-opacity":"","overlay-gradient":""},"tablet":{"background-color":"var(--ast-global-color-5)","background-image":"","background-repeat":"repeat","background-position":"center center","background-size":"auto","background-attachment":"scroll","background-type":"","background-media":"","overlay-type":"","overlay-color":"","overlay-opacity":"","overlay-gradient":""},"mobile":{"background-color":"var(--ast-global-color-5)","background-image":"","background-repeat":"repeat","background-position":"center center","background-size":"auto","background-attachment":"scroll","background-type":"","background-media":"","overlay-type":"","overlay-color":"","overlay-opacity":"","overlay-gradient":""}}},"product_brand":[],"product_cat":[152,168,162,154,174,170,158],"product_tag":[1633,647,1602,1948,1635,561,648,559,1637,565,555,440,474,560,465,488,1634,882,567,441,1636],"class_list":{"0":"post-11510","1":"product","2":"type-product","3":"status-publish","4":"has-post-thumbnail","6":"product_cat-nueva-coleccion-2024","7":"product_cat-productos-mas-nuevos","8":"product_cat-replica-super-clon-rolex-aaa","9":"product_cat-replicas-de-relojes-mas-vendidas","10":"product_cat-replica-de-rolex-gmt-master-aaa","11":"product_cat-super-clon-rolex","12":"product_cat-superclones","13":"product_tag-2023-gmt-master-2","14":"product_tag-automatic-watch-es","15":"product_tag-best-replica","16":"product_tag-classic-design-es","17":"product_tag-clone-watch","18":"product_tag-collectible","19":"product_tag-elegant-es","20":"product_tag-exclusive","21":"product_tag-gmt-function","22":"product_tag-high-quality-es","23":"product_tag-limited-edition","24":"product_tag-luxury-watch","25":"product_tag-mens-watch","26":"product_tag-premium","27":"product_tag-replica","28":"product_tag-rolex-clone","29":"product_tag-silver-gold","30":"product_tag-sporty-es","31":"product_tag-stylish-es","32":"product_tag-swiss-movement","33":"product_tag-two-tone-watch","34":"desktop-align-left","35":"tablet-align-left","36":"mobile-align-left","37":"ast-product-gallery-layout-vertical-slider","38":"ast-product-single-variable","40":"first","41":"instock","42":"shipping-taxable","43":"purchasable","44":"product-type-variable"},"uagb_featured_image_src":{"full":["https:\/\/myreplicawatches.io\/wp-content\/uploads\/2023\/10\/Replica-rolex-Sky-dweller-rose-gold-54.jpg",1080,1080,false],"thumbnail":["https:\/\/myreplicawatches.io\/wp-content\/uploads\/2023\/10\/Replica-rolex-Sky-dweller-rose-gold-54-150x150.jpg",150,150,true],"medium":["https:\/\/myreplicawatches.io\/wp-content\/uploads\/2023\/10\/Replica-rolex-Sky-dweller-rose-gold-54-300x300.jpg",300,300,true],"medium_large":["https:\/\/myreplicawatches.io\/wp-content\/uploads\/2023\/10\/Replica-rolex-Sky-dweller-rose-gold-54-768x768.jpg",768,768,true],"large":["https:\/\/myreplicawatches.io\/wp-content\/uploads\/2023\/10\/Replica-rolex-Sky-dweller-rose-gold-54-1024x1024.jpg",1024,1024,true],"1536x1536":["https:\/\/myreplicawatches.io\/wp-content\/uploads\/2023\/10\/Replica-rolex-Sky-dweller-rose-gold-54.jpg",1080,1080,false],"2048x2048":["https:\/\/myreplicawatches.io\/wp-content\/uploads\/2023\/10\/Replica-rolex-Sky-dweller-rose-gold-54.jpg",1080,1080,false],"woocommerce_thumbnail":["https:\/\/myreplicawatches.io\/wp-content\/uploads\/2023\/10\/Replica-rolex-Sky-dweller-rose-gold-54-300x300.jpg",300,300,true],"woocommerce_single":["https:\/\/myreplicawatches.io\/wp-content\/uploads\/2023\/10\/Replica-rolex-Sky-dweller-rose-gold-54-600x600.jpg",600,600,true],"woocommerce_gallery_thumbnail":["https:\/\/myreplicawatches.io\/wp-content\/uploads\/2023\/10\/Replica-rolex-Sky-dweller-rose-gold-54-100x100.jpg",100,100,true],"variation_swatches_image_size":["https:\/\/myreplicawatches.io\/wp-content\/uploads\/2023\/10\/Replica-rolex-Sky-dweller-rose-gold-54-50x50.jpg",50,50,true],"variation_swatches_tooltip_size":["https:\/\/myreplicawatches.io\/wp-content\/uploads\/2023\/10\/Replica-rolex-Sky-dweller-rose-gold-54-100x100.jpg",100,100,true],"dgwt-wcas-product-suggestion":["https:\/\/myreplicawatches.io\/wp-content\/uploads\/2023\/10\/Replica-rolex-Sky-dweller-rose-gold-54-64x64.jpg",64,64,true]},"uagb_author_info":{"display_name":"admin","author_link":"https:\/\/myreplicawatches.io\/es\/author\/"},"uagb_comment_info":0,"uagb_excerpt":"La r\u00e9plica de oro plateado del GMT-Master 2 2023 est\u00e1 dise\u00f1ada para el viajero de todo el mundo. Incorpora un nuevo movimiento Rolex GMT-Master 2023, con una construcci\u00f3n de acero inoxidable 904L resistente a los ara\u00f1azos. Disfruta de la comodidad y conveniencia de los ajustes inmediatos de la zona horaria, as\u00ed como de la fiabilidad","jetpack_sharing_enabled":true,"_links":{"self":[{"href":"https:\/\/myreplicawatches.io\/es\/wp-json\/wp\/v2\/product\/11510","targetHints":{"allow":["GET"]}}],"collection":[{"href":"https:\/\/myreplicawatches.io\/es\/wp-json\/wp\/v2\/product"}],"about":[{"href":"https:\/\/myreplicawatches.io\/es\/wp-json\/wp\/v2\/types\/product"}],"replies":[{"embeddable":true,"href":"https:\/\/myreplicawatches.io\/es\/wp-json\/wp\/v2\/comments?post=11510"}],"wp:featuredmedia":[{"embeddable":true,"href":"https:\/\/myreplicawatches.io\/es\/wp-json\/wp\/v2\/media\/8541"}],"wp:attachment":[{"href":"https:\/\/myreplicawatches.io\/es\/wp-json\/wp\/v2\/media?parent=11510"}],"wp:term":[{"taxonomy":"product_brand","embeddable":true,"href":"https:\/\/myreplicawatches.io\/es\/wp-json\/wp\/v2\/product_brand?post=11510"},{"taxonomy":"product_cat","embeddable":true,"href":"https:\/\/myreplicawatches.io\/es\/wp-json\/wp\/v2\/product_cat?post=11510"},{"taxonomy":"product_tag","embeddable":true,"href":"https:\/\/myreplicawatches.io\/es\/wp-json\/wp\/v2\/product_tag?post=11510"}],"curies":[{"name":"wp","href":"https:\/\/api.w.org\/{rel}","templated":true}]}}