{"id":11508,"date":"2023-10-03T21:33:47","date_gmt":"2023-10-03T21:33:47","guid":{"rendered":"https:\/\/myreplicawatches.io\/product\/jaeger-lecoultre-esfera-lacada-azul-oro-rosa-y-piel\/"},"modified":"2025-11-16T12:38:04","modified_gmt":"2025-11-16T12:38:04","slug":"jaeger-lecoultre-esfera-lacada-azul-oro-rosa-y-piel","status":"publish","type":"product","link":"https:\/\/myreplicawatches.io\/es\/product\/jaeger-lecoultre-esfera-lacada-azul-oro-rosa-y-piel\/","title":{"rendered":"Jaeger-LeCoultre &#8211; Esfera Lacada Azul, Oro Rosa y Piel"},"content":{"rendered":"<p>&nbsp;<\/p>\n<h2><img decoding=\"async\" src=\"\/\/cdn.shopify.com\/s\/files\/1\/0074\/6776\/1723\/files\/checkout_icon_large_9198cbd9-28e4-47f8-a1b4-510bb115bdc6_large.png?v=1539348458\" alt=\"\" title=\"\">Descripci\u00f3n<\/h2>\n<p>&nbsp;<\/p>\n<table>\n<tbody>\n<tr>\n<td colspan=\"2\">\n<p class=\"h3 text-left m-b-0\">Informaci\u00f3n b\u00e1sica<\/p>\n<\/td>\n<\/tr>\n<tr>\n<td><\/td>\n<td><\/td>\n<\/tr>\n<tr>\n<td><\/td>\n<td><\/td>\n<\/tr>\n<tr>\n<td><\/td>\n<td><\/td>\n<\/tr>\n<tr>\n<td><strong>Movimiento<\/strong><\/td>\n<td>Autom\u00e1tico<\/td>\n<\/tr>\n<tr>\n<td><strong>Material de la caja<\/strong><\/td>\n<td>Oro rosa<\/td>\n<\/tr>\n<tr>\n<td><strong>Material de la pulsera<\/strong><\/td>\n<td>Cuero<\/td>\n<\/tr>\n<tr>\n<td><strong>A\u00f1o<\/strong><\/td>\n<td>2018<\/td>\n<\/tr>\n<tr>\n<td><strong>Estado<\/strong><\/td>\n<td>Nuevo<\/td>\n<\/tr>\n<tr>\n<td><\/td>\n<td><\/td>\n<\/tr>\n<tr>\n<td><strong>G\u00e9nero<\/strong><\/td>\n<td>Reloj hombre\/Unisexo<\/td>\n<\/tr>\n<tr>\n<td><\/td>\n<td><\/td>\n<\/tr>\n<\/tbody>\n<tbody>\n<tr>\n<td colspan=\"2\">\n<p class=\"h3 text-left m-b-0\">Calibre<\/p>\n<\/td>\n<\/tr>\n<tr>\n<td><strong>Movimiento<\/strong><\/td>\n<td>Autom\u00e1tico<\/td>\n<\/tr>\n<tr>\n<td><strong>Movimiento\/Calibre<\/strong><\/td>\n<td>772<\/td>\n<\/tr>\n<tr>\n<td><strong>Reserva de marcha<\/strong><\/td>\n<td>40 h<\/td>\n<\/tr>\n<\/tbody>\n<tbody>\n<tr>\n<td colspan=\"2\">\n<p class=\"h3 text-left m-b-0\">Caso<\/p>\n<\/td>\n<\/tr>\n<tr>\n<td><strong>Material de la caja<\/strong><\/td>\n<td>Oro rosa<\/td>\n<\/tr>\n<tr>\n<td><strong>Di\u00e1metro de la caja<\/strong><\/td>\n<td>41,6 mm<\/td>\n<\/tr>\n<tr>\n<td><strong>Resistencia al agua<\/strong><\/td>\n<td>5 ATM<\/td>\n<\/tr>\n<tr>\n<td><strong>Material del bisel<\/strong><\/td>\n<td>Oro rosa<\/td>\n<\/tr>\n<tr>\n<td><strong>Cristal<\/strong><\/td>\n<td>Cristal Zafiro<\/td>\n<\/tr>\n<tr>\n<td><strong>Marca<\/strong><\/td>\n<td>Azul<\/td>\n<\/tr>\n<\/tbody>\n<tbody>\n<tr>\n<td colspan=\"2\">\n<p class=\"h3 text-left m-b-0\">Brazalete\/correa<\/p>\n<\/td>\n<\/tr>\n<tr>\n<td><strong>Material de la pulsera<\/strong><\/td>\n<td>Cuero<\/td>\n<\/tr>\n<tr>\n<td><strong>Color de la pulsera<\/strong><\/td>\n<td>Marr\u00f3n<\/td>\n<\/tr>\n<tr>\n<td><strong>Cierre<\/strong><\/td>\n<td>Hebilla<\/td>\n<\/tr>\n<\/tbody>\n<\/table>\n<p>&nbsp;<\/p>\n<h2>Garant\u00eda<\/h2>\n<p>100% de satisfacci\u00f3n garantizada Si no quedas satisfecho al 100% con tu primer reloj Eleven Clocks, nos comprometemos a arreglarlo todo.<\/p>\n<h2>Entrega<\/h2>\n<p>Env\u00edo DHL a todo el mundo &#8211; De 10 a 15 d\u00edas de plazo estimado de llegada (cargo adicional). Env\u00edo gratuito a todo el mundo &#8211; 20-30 d\u00edas de plazo estimado de llegada. Una vez realizado el pedido, el env\u00edo del producto tardar\u00e1 de 2 a 3 d\u00edas. Recibir\u00e1s tu n\u00famero de seguimiento inmediatamente despu\u00e9s de que enviemos tu producto. <img decoding=\"async\" src=\"\/\/cdn.shopify.com\/s\/files\/1\/0074\/6776\/1723\/files\/product_desc_below_large_large_a32e7262-b9bf-4a85-ac82-2638c1f67ae1_large_1_large.png?v=1539348476\" alt=\"\" title=\"\"><\/p>\n","protected":false},"excerpt":{"rendered":"<p>&nbsp; Descripci\u00f3n &nbsp; Informaci\u00f3n b\u00e1sica Movimiento Autom\u00e1tico Material de la caja Oro rosa Material de la pulsera Cuero A\u00f1o 2018 Estado Nuevo G\u00e9nero Reloj hombre\/Unisexo Calibre Movimiento Autom\u00e1tico Movimiento\/Calibre 772 Reserva de marcha 40 h Caso Material de la caja Oro rosa Di\u00e1metro de la caja 41,6 mm Resistencia al agua 5 ATM Material del<\/p>\n","protected":false},"featured_media":6638,"comment_status":"open","ping_status":"closed","template":"","meta":{"_uag_custom_page_level_css":"","site-sidebar-layout":"default","site-content-layout":"","ast-site-content-layout":"default","site-content-style":"default","site-sidebar-style":"default","ast-global-header-display":"","ast-banner-title-visibility":"","ast-main-header-display":"","ast-hfb-above-header-display":"","ast-hfb-below-header-display":"","ast-hfb-mobile-header-display":"","site-post-title":"","ast-breadcrumbs-content":"","ast-featured-img":"","footer-sml-layout":"","theme-transparent-header-meta":"default","adv-header-id-meta":"","stick-header-meta":"default","header-above-stick-meta":"","header-main-stick-meta":"","header-below-stick-meta":"","astra-migrate-meta-layouts":"set","ast-page-background-enabled":"default","ast-page-background-meta":{"desktop":{"background-color":"var(--ast-global-color-4)","background-image":"","background-repeat":"repeat","background-position":"center center","background-size":"auto","background-attachment":"scroll","background-type":"","background-media":"","overlay-type":"","overlay-color":"","overlay-opacity":"","overlay-gradient":""},"tablet":{"background-color":"","background-image":"","background-repeat":"repeat","background-position":"center center","background-size":"auto","background-attachment":"scroll","background-type":"","background-media":"","overlay-type":"","overlay-color":"","overlay-opacity":"","overlay-gradient":""},"mobile":{"background-color":"","background-image":"","background-repeat":"repeat","background-position":"center center","background-size":"auto","background-attachment":"scroll","background-type":"","background-media":"","overlay-type":"","overlay-color":"","overlay-opacity":"","overlay-gradient":""}},"ast-content-background-meta":{"desktop":{"background-color":"var(--ast-global-color-5)","background-image":"","background-repeat":"repeat","background-position":"center center","background-size":"auto","background-attachment":"scroll","background-type":"","background-media":"","overlay-type":"","overlay-color":"","overlay-opacity":"","overlay-gradient":""},"tablet":{"background-color":"var(--ast-global-color-5)","background-image":"","background-repeat":"repeat","background-position":"center center","background-size":"auto","background-attachment":"scroll","background-type":"","background-media":"","overlay-type":"","overlay-color":"","overlay-opacity":"","overlay-gradient":""},"mobile":{"background-color":"var(--ast-global-color-5)","background-image":"","background-repeat":"repeat","background-position":"center center","background-size":"auto","background-attachment":"scroll","background-type":"","background-media":"","overlay-type":"","overlay-color":"","overlay-opacity":"","overlay-gradient":""}}},"product_brand":[],"product_cat":[168,259,154],"product_tag":[854,2363],"class_list":{"0":"post-11508","1":"product","2":"type-product","3":"status-publish","4":"has-post-thumbnail","6":"product_cat-productos-mas-nuevos","7":"product_cat-replica-jaeger-lecoultre","8":"product_cat-replicas-de-relojes-mas-vendidas","9":"product_tag-leather-strap-es","10":"product_tag-sophisticated-es","11":"desktop-align-left","12":"tablet-align-left","13":"mobile-align-left","14":"ast-product-gallery-layout-vertical-slider","16":"first","17":"outofstock","18":"shipping-taxable","19":"purchasable","20":"product-type-simple"},"uagb_featured_image_src":{"full":["https:\/\/myreplicawatches.io\/wp-content\/uploads\/2023\/10\/jaeger-lecoultre-blue-lacquer-dial-pink-gold-and-leather.png",800,1024,false],"thumbnail":["https:\/\/myreplicawatches.io\/wp-content\/uploads\/2023\/10\/jaeger-lecoultre-blue-lacquer-dial-pink-gold-and-leather-150x150.png",150,150,true],"medium":["https:\/\/myreplicawatches.io\/wp-content\/uploads\/2023\/10\/jaeger-lecoultre-blue-lacquer-dial-pink-gold-and-leather-234x300.png",234,300,true],"medium_large":["https:\/\/myreplicawatches.io\/wp-content\/uploads\/2023\/10\/jaeger-lecoultre-blue-lacquer-dial-pink-gold-and-leather-768x983.png",768,983,true],"large":["https:\/\/myreplicawatches.io\/wp-content\/uploads\/2023\/10\/jaeger-lecoultre-blue-lacquer-dial-pink-gold-and-leather.png",800,1024,false],"1536x1536":["https:\/\/myreplicawatches.io\/wp-content\/uploads\/2023\/10\/jaeger-lecoultre-blue-lacquer-dial-pink-gold-and-leather.png",800,1024,false],"2048x2048":["https:\/\/myreplicawatches.io\/wp-content\/uploads\/2023\/10\/jaeger-lecoultre-blue-lacquer-dial-pink-gold-and-leather.png",800,1024,false],"woocommerce_thumbnail":["https:\/\/myreplicawatches.io\/wp-content\/uploads\/2023\/10\/jaeger-lecoultre-blue-lacquer-dial-pink-gold-and-leather-300x300.png",300,300,true],"woocommerce_single":["https:\/\/myreplicawatches.io\/wp-content\/uploads\/2023\/10\/jaeger-lecoultre-blue-lacquer-dial-pink-gold-and-leather-600x768.png",600,768,true],"woocommerce_gallery_thumbnail":["https:\/\/myreplicawatches.io\/wp-content\/uploads\/2023\/10\/jaeger-lecoultre-blue-lacquer-dial-pink-gold-and-leather-100x100.png",100,100,true],"variation_swatches_image_size":["https:\/\/myreplicawatches.io\/wp-content\/uploads\/2023\/10\/jaeger-lecoultre-blue-lacquer-dial-pink-gold-and-leather.png",39,50,false],"variation_swatches_tooltip_size":["https:\/\/myreplicawatches.io\/wp-content\/uploads\/2023\/10\/jaeger-lecoultre-blue-lacquer-dial-pink-gold-and-leather.png",78,100,false],"dgwt-wcas-product-suggestion":["https:\/\/myreplicawatches.io\/wp-content\/uploads\/2023\/10\/jaeger-lecoultre-blue-lacquer-dial-pink-gold-and-leather-64x82.png",64,82,true]},"uagb_author_info":{"display_name":"admin","author_link":"https:\/\/myreplicawatches.io\/es\/author\/"},"uagb_comment_info":0,"uagb_excerpt":"&nbsp; Descripci\u00f3n &nbsp; Informaci\u00f3n b\u00e1sica Movimiento Autom\u00e1tico Material de la caja Oro rosa Material de la pulsera Cuero A\u00f1o 2018 Estado Nuevo G\u00e9nero Reloj hombre\/Unisexo Calibre Movimiento Autom\u00e1tico Movimiento\/Calibre 772 Reserva de marcha 40 h Caso Material de la caja Oro rosa Di\u00e1metro de la caja 41,6 mm Resistencia al agua 5 ATM Material del","jetpack_sharing_enabled":true,"_links":{"self":[{"href":"https:\/\/myreplicawatches.io\/es\/wp-json\/wp\/v2\/product\/11508","targetHints":{"allow":["GET"]}}],"collection":[{"href":"https:\/\/myreplicawatches.io\/es\/wp-json\/wp\/v2\/product"}],"about":[{"href":"https:\/\/myreplicawatches.io\/es\/wp-json\/wp\/v2\/types\/product"}],"replies":[{"embeddable":true,"href":"https:\/\/myreplicawatches.io\/es\/wp-json\/wp\/v2\/comments?post=11508"}],"wp:featuredmedia":[{"embeddable":true,"href":"https:\/\/myreplicawatches.io\/es\/wp-json\/wp\/v2\/media\/6638"}],"wp:attachment":[{"href":"https:\/\/myreplicawatches.io\/es\/wp-json\/wp\/v2\/media?parent=11508"}],"wp:term":[{"taxonomy":"product_brand","embeddable":true,"href":"https:\/\/myreplicawatches.io\/es\/wp-json\/wp\/v2\/product_brand?post=11508"},{"taxonomy":"product_cat","embeddable":true,"href":"https:\/\/myreplicawatches.io\/es\/wp-json\/wp\/v2\/product_cat?post=11508"},{"taxonomy":"product_tag","embeddable":true,"href":"https:\/\/myreplicawatches.io\/es\/wp-json\/wp\/v2\/product_tag?post=11508"}],"curies":[{"name":"wp","href":"https:\/\/api.w.org\/{rel}","templated":true}]}}