{"id":11480,"date":"2023-10-03T22:09:16","date_gmt":"2023-10-03T22:09:16","guid":{"rendered":"https:\/\/myreplicawatches.io\/product\/replica-top-copy-supreme-sudadera-con-capucha\/"},"modified":"2025-02-21T03:53:00","modified_gmt":"2025-02-21T03:53:00","slug":"replica-top-copy-supreme-sudadera-con-capucha","status":"publish","type":"product","link":"https:\/\/myreplicawatches.io\/es\/product\/replica-top-copy-supreme-sudadera-con-capucha\/","title":{"rendered":"R\u00e9plica Top Copy Supreme Sudadera con capucha"},"content":{"rendered":"<h4 style=\"text-align: center;\">R\u00e9plica Top Copy Supreme Hoodie &#8211; R\u00e9plica de la mejor calidad<\/h4>\n<p style=\"text-align: center;\"><span style=\"text-decoration: underline;\">Descripci\u00f3n de la sudadera Supreme <\/span><\/p>\n<p><strong>Algod\u00f3n 100% de alta calidad<\/strong><\/p>\n<p><strong>Elige el color de la sudadera <\/strong><\/p>\n<p><strong>Logotipo original impreso <\/strong><\/p>\n<p><strong>Unisex<\/strong><\/p>\n<div style=\"text-align: center;\"><\/div>\n<p><img fetchpriority=\"high\" decoding=\"async\" style=\"display: block; margin-left: auto; margin-right: auto;\" src=\"\/\/cdn.shopify.com\/s\/files\/1\/0254\/2570\/7092\/files\/Screenshot_2019-08-07_at_11.12.18_PM_large.png?v=1565208751\" alt=\"\" width=\"367\" height=\"335\" title=\"\"><\/p>\n<p>&nbsp;<\/p>\n<h2>Garant\u00eda<\/h2>\n<p>100% de satisfacci\u00f3n garantizada Si no est\u00e1s satisfecho al 100% con tu primer producto myreplicawatches.io, prometemos arreglarlo todo.<\/p>\n<h2>Entrega<\/h2>\n<p>Env\u00edo DHL a todo el mundo &#8211; De 3 a 10 d\u00edas estimaci\u00f3n de llegada Despu\u00e9s de hacer tu pedido, por favor, deja pasar 2-3 d\u00edas para el env\u00edo de tu producto. Recibir\u00e1s tu n\u00famero de seguimiento inmediatamente despu\u00e9s de que enviemos tu producto. <img decoding=\"async\" style=\"display: block; margin-left: auto; margin-right: auto;\" src=\"\/\/cdn.shopify.com\/s\/files\/1\/0254\/2570\/7092\/files\/c8604b60-d2ad-4fde-a64a-3a8ea01524a9_large_d0659cbd-b3a0-4f46-a115-c237cd523a77_large.png?v=1559846647\" alt=\"\" width=\"457\" height=\"99\" title=\"\"><\/p>\n","protected":false},"excerpt":{"rendered":"<p>R\u00e9plica Top Copy Supreme Hoodie &#8211; R\u00e9plica de la mejor calidad Descripci\u00f3n de la sudadera Supreme Algod\u00f3n 100% de alta calidad Elige el color de la sudadera Logotipo original impreso Unisex &nbsp; Garant\u00eda 100% de satisfacci\u00f3n garantizada Si no est\u00e1s satisfecho al 100% con tu primer producto myreplicawatches.io, prometemos arreglarlo todo. Entrega Env\u00edo DHL a<\/p>\n","protected":false},"featured_media":8171,"comment_status":"open","ping_status":"closed","template":"","meta":{"_uag_custom_page_level_css":"","site-sidebar-layout":"default","site-content-layout":"","ast-site-content-layout":"default","site-content-style":"default","site-sidebar-style":"default","ast-global-header-display":"","ast-banner-title-visibility":"","ast-main-header-display":"","ast-hfb-above-header-display":"","ast-hfb-below-header-display":"","ast-hfb-mobile-header-display":"","site-post-title":"","ast-breadcrumbs-content":"","ast-featured-img":"","footer-sml-layout":"","theme-transparent-header-meta":"default","adv-header-id-meta":"","stick-header-meta":"default","header-above-stick-meta":"","header-main-stick-meta":"","header-below-stick-meta":"","astra-migrate-meta-layouts":"set","ast-page-background-enabled":"default","ast-page-background-meta":{"desktop":{"background-color":"var(--ast-global-color-4)","background-image":"","background-repeat":"repeat","background-position":"center center","background-size":"auto","background-attachment":"scroll","background-type":"","background-media":"","overlay-type":"","overlay-color":"","overlay-opacity":"","overlay-gradient":""},"tablet":{"background-color":"","background-image":"","background-repeat":"repeat","background-position":"center center","background-size":"auto","background-attachment":"scroll","background-type":"","background-media":"","overlay-type":"","overlay-color":"","overlay-opacity":"","overlay-gradient":""},"mobile":{"background-color":"","background-image":"","background-repeat":"repeat","background-position":"center center","background-size":"auto","background-attachment":"scroll","background-type":"","background-media":"","overlay-type":"","overlay-color":"","overlay-opacity":"","overlay-gradient":""}},"ast-content-background-meta":{"desktop":{"background-color":"var(--ast-global-color-5)","background-image":"","background-repeat":"repeat","background-position":"center center","background-size":"auto","background-attachment":"scroll","background-type":"","background-media":"","overlay-type":"","overlay-color":"","overlay-opacity":"","overlay-gradient":""},"tablet":{"background-color":"var(--ast-global-color-5)","background-image":"","background-repeat":"repeat","background-position":"center center","background-size":"auto","background-attachment":"scroll","background-type":"","background-media":"","overlay-type":"","overlay-color":"","overlay-opacity":"","overlay-gradient":""},"mobile":{"background-color":"var(--ast-global-color-5)","background-image":"","background-repeat":"repeat","background-position":"center center","background-size":"auto","background-attachment":"scroll","background-type":"","background-media":"","overlay-type":"","overlay-color":"","overlay-opacity":"","overlay-gradient":""}}},"product_brand":[],"product_cat":[168,154],"product_tag":[984,988,559,564,565,2748,465,557,2745,2744,566,1409,2604],"class_list":{"0":"post-11480","1":"product","2":"type-product","3":"status-publish","4":"has-post-thumbnail","6":"product_cat-productos-mas-nuevos","7":"product_cat-replicas-de-relojes-mas-vendidas","8":"product_tag-casual-wear","9":"product_tag-comfortable-es","10":"product_tag-exclusive","11":"product_tag-fashion-es","12":"product_tag-high-quality-es","13":"product_tag-hoodie-es","14":"product_tag-replica","15":"product_tag-streetwear","16":"product_tag-supreme-es","17":"product_tag-top-copy-es","18":"product_tag-trendy-es","19":"product_tag-unisex-es","20":"product_tag-urban-style","21":"desktop-align-left","22":"tablet-align-left","23":"mobile-align-left","24":"ast-product-gallery-layout-vertical-slider","25":"ast-product-single-variable","27":"first","28":"instock","29":"shipping-taxable","30":"purchasable","31":"product-type-variable"},"uagb_featured_image_src":{"full":["https:\/\/myreplicawatches.io\/wp-content\/uploads\/2023\/10\/sup-hoodie-8.png",984,1210,false],"thumbnail":["https:\/\/myreplicawatches.io\/wp-content\/uploads\/2023\/10\/sup-hoodie-8-150x150.png",150,150,true],"medium":["https:\/\/myreplicawatches.io\/wp-content\/uploads\/2023\/10\/sup-hoodie-8-244x300.png",244,300,true],"medium_large":["https:\/\/myreplicawatches.io\/wp-content\/uploads\/2023\/10\/sup-hoodie-8-768x944.png",768,944,true],"large":["https:\/\/myreplicawatches.io\/wp-content\/uploads\/2023\/10\/sup-hoodie-8-833x1024.png",833,1024,true],"1536x1536":["https:\/\/myreplicawatches.io\/wp-content\/uploads\/2023\/10\/sup-hoodie-8.png",984,1210,false],"2048x2048":["https:\/\/myreplicawatches.io\/wp-content\/uploads\/2023\/10\/sup-hoodie-8.png",984,1210,false],"woocommerce_thumbnail":["https:\/\/myreplicawatches.io\/wp-content\/uploads\/2023\/10\/sup-hoodie-8-300x300.png",300,300,true],"woocommerce_single":["https:\/\/myreplicawatches.io\/wp-content\/uploads\/2023\/10\/sup-hoodie-8-600x738.png",600,738,true],"woocommerce_gallery_thumbnail":["https:\/\/myreplicawatches.io\/wp-content\/uploads\/2023\/10\/sup-hoodie-8-100x100.png",100,100,true],"variation_swatches_image_size":["https:\/\/myreplicawatches.io\/wp-content\/uploads\/2023\/10\/sup-hoodie-8.png",41,50,false],"variation_swatches_tooltip_size":["https:\/\/myreplicawatches.io\/wp-content\/uploads\/2023\/10\/sup-hoodie-8.png",81,100,false],"dgwt-wcas-product-suggestion":["https:\/\/myreplicawatches.io\/wp-content\/uploads\/2023\/10\/sup-hoodie-8-64x79.png",64,79,true]},"uagb_author_info":{"display_name":"admin","author_link":"https:\/\/myreplicawatches.io\/es\/author\/"},"uagb_comment_info":0,"uagb_excerpt":"R\u00e9plica Top Copy Supreme Hoodie &#8211; R\u00e9plica de la mejor calidad Descripci\u00f3n de la sudadera Supreme Algod\u00f3n 100% de alta calidad Elige el color de la sudadera Logotipo original impreso Unisex &nbsp; Garant\u00eda 100% de satisfacci\u00f3n garantizada Si no est\u00e1s satisfecho al 100% con tu primer producto myreplicawatches.io, prometemos arreglarlo todo. Entrega Env\u00edo DHL a","jetpack_sharing_enabled":true,"_links":{"self":[{"href":"https:\/\/myreplicawatches.io\/es\/wp-json\/wp\/v2\/product\/11480","targetHints":{"allow":["GET"]}}],"collection":[{"href":"https:\/\/myreplicawatches.io\/es\/wp-json\/wp\/v2\/product"}],"about":[{"href":"https:\/\/myreplicawatches.io\/es\/wp-json\/wp\/v2\/types\/product"}],"replies":[{"embeddable":true,"href":"https:\/\/myreplicawatches.io\/es\/wp-json\/wp\/v2\/comments?post=11480"}],"wp:featuredmedia":[{"embeddable":true,"href":"https:\/\/myreplicawatches.io\/es\/wp-json\/wp\/v2\/media\/8171"}],"wp:attachment":[{"href":"https:\/\/myreplicawatches.io\/es\/wp-json\/wp\/v2\/media?parent=11480"}],"wp:term":[{"taxonomy":"product_brand","embeddable":true,"href":"https:\/\/myreplicawatches.io\/es\/wp-json\/wp\/v2\/product_brand?post=11480"},{"taxonomy":"product_cat","embeddable":true,"href":"https:\/\/myreplicawatches.io\/es\/wp-json\/wp\/v2\/product_cat?post=11480"},{"taxonomy":"product_tag","embeddable":true,"href":"https:\/\/myreplicawatches.io\/es\/wp-json\/wp\/v2\/product_tag?post=11480"}],"curies":[{"name":"wp","href":"https:\/\/api.w.org\/{rel}","templated":true}]}}